{"id":34832,"date":"2025-03-26T09:05:22","date_gmt":"2025-03-26T08:05:22","guid":{"rendered":"https:\/\/projectes.xtec.cat\/digital\/?page_id=34832"},"modified":"2025-03-26T09:59:42","modified_gmt":"2025-03-26T08:59:42","slug":"creacio-dunitats-organitzatives-segons-tipus-dusuaris","status":"publish","type":"page","link":"https:\/\/projectes.xtec.cat\/digital\/google-workspace-de-centre-educatiu\/bones-practiques\/creacio-dunitats-organitzatives-segons-tipus-dusuaris\/","title":{"rendered":"Creaci\u00f3 d&#8217;unitats organitzatives segons tipus d&#8217;usuaris"},"content":{"rendered":"\n<div class=\"wp-block-getwid-section alignwide alignwide\"><div class=\"wp-block-getwid-section__wrapper\"><div class=\"wp-block-getwid-section__inner-wrapper\"><div class=\"wp-block-getwid-section__background-holder\"><div class=\"wp-block-getwid-section__background\"><\/div><div class=\"wp-block-getwid-section__foreground\"><\/div><\/div><div class=\"wp-block-getwid-section__content\"><div class=\"wp-block-getwid-section__inner-content\">\n<div class=\"wp-block-columns alignwide is-layout-flex wp-container-core-columns-is-layout-1 wp-block-columns-is-layout-flex\">\n<div class=\"wp-block-column is-layout-flow wp-block-column-is-layout-flow\" style=\"flex-basis:60%\">\n<p>La creaci\u00f3 d&#8217;Unitats Organitzatives (UO) permeten organitzar els usuaris i aplicar regles d&#8217;acc\u00e9s i seguretat diferenciades. Les unitats organitzatives permeten anidaci\u00f3 (unitats dins d&#8217;unitats) cosa que permet aplicar pol\u00edtiques encara m\u00e9s espec\u00edfiques per col\u00b7lectiu. <\/p>\n<\/div>\n\n\n\n<div class=\"wp-block-column is-layout-flow wp-block-column-is-layout-flow\">\n<p>\u251c\u2500\u2500 \ud83d\udcc1 Alumnat<br>\u2502 \u251c\u2500\u2500 \ud83d\udcc1 ESO<br>\u2502 \u251c\u2500\u2500 \ud83d\udcc1 Batxillerat<br>\u2502 \u2514\u2500\u2500 \ud83d\udcc1 Cicles Formatius<br>\u2502<br>\u2514\u2500\u2500 \ud83d\udcc1 Docents<\/p>\n<\/div>\n<\/div>\n\n\n\n<p>Com a m\u00ednim, haur\u00edeu de tenir una estructura on podeu aplicar algunes pol\u00edtiques b\u00e0siques:<\/p>\n\n\n\n<p>UO <strong>Alumnat:<\/strong><\/p>\n\n\n\n<ul class=\"wp-block-list\">\n<li>Restringir l\u2019acc\u00e9s a serveis addicionals com Google Chat.<\/li>\n\n\n\n<li>Restringir l\u2019enviament i la recepci\u00f3 de correus a usuaris de dominis externs.<\/li>\n\n\n\n<li>Restringir l&#8217;acc\u00e9s i la compartici\u00f3 de fitxers amb usuaris de dominis externs. <\/li>\n<\/ul>\n\n\n\n<p>UO <strong>Docents:<\/strong><\/p>\n\n\n\n<ul class=\"wp-block-list\">\n<li>Permet l&#8217;acc\u00e9s a tots els serveis de Google. <\/li>\n\n\n\n<li>Permetre l&#8217;enviament i la recepci\u00f3 de correus a usuaris de dominis<\/li>\n\n\n\n<li>Permet l&#8217;acc\u00e9s i la compartici\u00f3 de fitxers amb usuaris de dominis externs. <\/li>\n<\/ul>\n\n\n\n<h2 class=\"wp-block-heading has-medium-font-size\">Resum de l&#8217;operativa<\/h2>\n\n\n\n<p><strong>1. Accedir a la Consola d\u2019Administraci\u00f3 de Google:<\/strong><\/p>\n\n\n\n<ul class=\"wp-block-list\">\n<li>Obre el teu navegador web i ves a&nbsp;<a href=\"https:\/\/admin.google.com\/\" target=\"_blank\" rel=\"noreferrer noopener\">admin.google.com<\/a>.<\/li>\n\n\n\n<li>Inicia sessi\u00f3 amb el teu compte d\u2019administrador de Google Workspace.<\/li>\n<\/ul>\n\n\n\n<p><strong>2. Navegar a Unitats Organitzatives:<\/strong><\/p>\n\n\n\n<ul class=\"wp-block-list\">\n<li>A la consola d\u2019administraci\u00f3, fes clic a \u201cDirectori\u201d i despr\u00e9s a \u201cUnitats organitzatives\u201d.<\/li>\n<\/ul>\n\n\n\n<p><strong>3. Crear una Nova Unitat Organitzativa:<\/strong><\/p>\n\n\n\n<ul class=\"wp-block-list\">\n<li>Fes clic a \u201cCrear unitat organitzativa\u201d.<\/li>\n\n\n\n<li>Introdueix un nom. <\/li>\n\n\n\n<li>Si vols crear una sub-unitat organitzativa, selecciona la unitat organitzativa superior abans de fer clic a \u201cCrear unitat organitzativa\u201d. <\/li>\n<\/ul>\n\n\n\n<div class=\"wp-block-buttons is-layout-flex wp-block-buttons-is-layout-flex\">\n<div class=\"wp-block-button\"><a class=\"wp-block-button__link has-text-align-center wp-element-button\" href=\"https:\/\/support.google.com\/a\/topic\/2799425?hl=es&amp;ref_topic=1227584&amp;sjid=139419652831672037-EU\" target=\"_blank\" rel=\"noreferrer noopener\">M\u00e9s informaci\u00f3<\/a><\/div>\n<\/div>\n\n\n\n<div style=\"height:100px\" aria-hidden=\"true\" class=\"wp-block-spacer\"><\/div>\n<\/div><\/div><\/div><\/div><\/div>\n","protected":false},"excerpt":{"rendered":"","protected":false},"author":2,"featured_media":0,"parent":34444,"menu_order":0,"comment_status":"closed","ping_status":"close","template":"","meta":{"site-sidebar-layout":"left-sidebar","site-content-layout":"","ast-site-content-layout":"default","site-content-style":"default","site-sidebar-style":"default","ast-global-header-display":"","ast-banner-title-visibility":"","ast-main-header-display":"","ast-hfb-above-header-display":"","ast-hfb-below-header-display":"","ast-hfb-mobile-header-display":"","site-post-title":"","ast-breadcrumbs-content":"","ast-featured-img":"","footer-sml-layout":"","theme-transparent-header-meta":"","adv-header-id-meta":"","stick-header-meta":"","header-above-stick-meta":"","header-main-stick-meta":"","header-below-stick-meta":"","astra-migrate-meta-layouts":"set","ast-page-background-enabled":"default","ast-page-background-meta":{"desktop":{"background-color":"var(--ast-global-color-4)","background-image":"","background-repeat":"repeat","background-position":"center center","background-size":"auto","background-attachment":"scroll","background-type":"","background-media":"","overlay-type":"","overlay-color":"","overlay-opacity":"","overlay-gradient":""},"tablet":{"background-color":"","background-image":"","background-repeat":"repeat","background-position":"center center","background-size":"auto","background-attachment":"scroll","background-type":"","background-media":"","overlay-type":"","overlay-color":"","overlay-opacity":"","overlay-gradient":""},"mobile":{"background-color":"","background-image":"","background-repeat":"repeat","background-position":"center center","background-size":"auto","background-attachment":"scroll","background-type":"","background-media":"","overlay-type":"","overlay-color":"","overlay-opacity":"","overlay-gradient":""}},"ast-content-background-meta":{"desktop":{"background-color":"var(--ast-global-color-5)","background-image":"","background-repeat":"repeat","background-position":"center center","background-size":"auto","background-attachment":"scroll","background-type":"","background-media":"","overlay-type":"","overlay-color":"","overlay-opacity":"","overlay-gradient":""},"tablet":{"background-color":"var(--ast-global-color-5)","background-image":"","background-repeat":"repeat","background-position":"center center","background-size":"auto","background-attachment":"scroll","background-type":"","background-media":"","overlay-type":"","overlay-color":"","overlay-opacity":"","overlay-gradient":""},"mobile":{"background-color":"var(--ast-global-color-5)","background-image":"","background-repeat":"repeat","background-position":"center center","background-size":"auto","background-attachment":"scroll","background-type":"","background-media":"","overlay-type":"","overlay-color":"","overlay-opacity":"","overlay-gradient":""}},"footnotes":""},"class_list":["post-34832","page","type-page","status-publish","hentry"],"post_mailing_queue_ids":[],"_links":{"self":[{"href":"https:\/\/projectes.xtec.cat\/digital\/wp-json\/wp\/v2\/pages\/34832","targetHints":{"allow":["GET"]}}],"collection":[{"href":"https:\/\/projectes.xtec.cat\/digital\/wp-json\/wp\/v2\/pages"}],"about":[{"href":"https:\/\/projectes.xtec.cat\/digital\/wp-json\/wp\/v2\/types\/page"}],"author":[{"embeddable":true,"href":"https:\/\/projectes.xtec.cat\/digital\/wp-json\/wp\/v2\/users\/2"}],"replies":[{"embeddable":true,"href":"https:\/\/projectes.xtec.cat\/digital\/wp-json\/wp\/v2\/comments?post=34832"}],"version-history":[{"count":6,"href":"https:\/\/projectes.xtec.cat\/digital\/wp-json\/wp\/v2\/pages\/34832\/revisions"}],"predecessor-version":[{"id":34849,"href":"https:\/\/projectes.xtec.cat\/digital\/wp-json\/wp\/v2\/pages\/34832\/revisions\/34849"}],"up":[{"embeddable":true,"href":"https:\/\/projectes.xtec.cat\/digital\/wp-json\/wp\/v2\/pages\/34444"}],"wp:attachment":[{"href":"https:\/\/projectes.xtec.cat\/digital\/wp-json\/wp\/v2\/media?parent=34832"}],"curies":[{"name":"wp","href":"https:\/\/api.w.org\/{rel}","templated":true}]}}