{"id":35600,"date":"2025-04-22T13:30:31","date_gmt":"2025-04-22T11:30:31","guid":{"rendered":"https:\/\/projectes.xtec.cat\/digital\/?page_id=35600"},"modified":"2025-05-06T09:43:22","modified_gmt":"2025-05-06T07:43:22","slug":"3-3-obrir-fitxers-des-del-nuvol-o-des-dun-llapis-digital","status":"publish","type":"page","link":"https:\/\/projectes.xtec.cat\/digital\/equipaments-i-infraestructures\/panells-digitals\/panell-newline\/manual-dus-del-panell-digital-newline\/3-3-obrir-fitxers-des-del-nuvol-o-des-dun-llapis-digital\/","title":{"rendered":"3.3. Obrir fitxers des del n\u00favol o des d&#8217;un llapis digital"},"content":{"rendered":"\n<p class=\"has-text-align-center has-background has-medium-font-size\" style=\"background-color:#ffcdcd\"><img loading=\"lazy\" decoding=\"async\" width=\"30\" height=\"30\" class=\"wp-image-36156\" style=\"width: 30px;\" src=\"https:\/\/projectes.xtec.cat\/digital\/wp-content\/uploads\/usu2317\/2025\/05\/ChatGPT-Image-6-de-maig-del-2025-09_17_38.png\" alt=\"\" srcset=\"https:\/\/projectes.xtec.cat\/digital\/wp-content\/uploads\/usu2317\/2025\/05\/ChatGPT-Image-6-de-maig-del-2025-09_17_38.png 1024w, https:\/\/projectes.xtec.cat\/digital\/wp-content\/uploads\/usu2317\/2025\/05\/ChatGPT-Image-6-de-maig-del-2025-09_17_38-300x300.png 300w, https:\/\/projectes.xtec.cat\/digital\/wp-content\/uploads\/usu2317\/2025\/05\/ChatGPT-Image-6-de-maig-del-2025-09_17_38-150x150.png 150w, https:\/\/projectes.xtec.cat\/digital\/wp-content\/uploads\/usu2317\/2025\/05\/ChatGPT-Image-6-de-maig-del-2025-09_17_38-768x768.png 768w\" sizes=\"auto, (max-width: 30px) 100vw, 30px\" \/> Aquesta informaci\u00f3 aplica a partir de la versi\u00f3 V2.2.33 (20250326091719)<\/p>\n\n\n\n<div class=\"wp-block-getwid-table-of-contents is-style-default\"><ul class=\"wp-block-getwid-table-of-contents__list\"><li><a href=\"#g854b93c7008a\">3.3.1. Obrir fitxers des d&#8217;un llapis<\/a><\/li><li><a href=\"#g665a7e038eee\">3.3.2. Obrir fitxers des del n\u00favol<\/a><ul><li><a href=\"#gdbdc6d094bcd\">A. &#8220;File Comander&#8221;<\/a><\/li><li><a href=\"#g18d70c2bf8b7\">B. Mitjan\u00e7ant aplicacions d\u2019emmagatzematge al n\u00favol com \u201cGoogle Drive\u201d, \u201cOneDrive\u201d o \u201cDropbox\u201d<\/a><\/li><\/ul><\/li><\/ul><\/div>\n\n\n\n<div class=\"wp-block-getwid-section alignfull alignfull\"><div class=\"wp-block-getwid-section__wrapper\"><div class=\"wp-block-getwid-section__inner-wrapper\"><div class=\"wp-block-getwid-section__background-holder\"><div class=\"wp-block-getwid-section__background\"><\/div><div class=\"wp-block-getwid-section__foreground\"><\/div><\/div><div class=\"wp-block-getwid-section__content\"><div class=\"wp-block-getwid-section__inner-content\">\n<p>L\u2019aplicaci\u00f3 recomanada per accedir als fitxers del llapis o en local \u00e9s \u201c<strong>File Commander\u201d<\/strong>,&nbsp;que es troba dins del men\u00fa d\u2019aplicacions:<\/p>\n\n\n\n<figure class=\"wp-block-image aligncenter size-full has-custom-border is-style-default\"><img loading=\"lazy\" decoding=\"async\" width=\"633\" height=\"278\" src=\"https:\/\/projectes.xtec.cat\/digital\/wp-content\/uploads\/usu2317\/2025\/04\/image-19.png\" alt=\"\" class=\"has-border-color has-cyan-bluish-gray-border-color wp-image-35601\" style=\"border-width:1px\" srcset=\"https:\/\/projectes.xtec.cat\/digital\/wp-content\/uploads\/usu2317\/2025\/04\/image-19.png 633w, https:\/\/projectes.xtec.cat\/digital\/wp-content\/uploads\/usu2317\/2025\/04\/image-19-300x132.png 300w\" sizes=\"auto, (max-width: 633px) 100vw, 633px\" \/><\/figure>\n\n\n\n<div style=\"height:10px\" aria-hidden=\"true\" class=\"wp-block-spacer\"><\/div>\n\n\n\n<p>Aquesta aplicaci\u00f3 mostra al seu men\u00fa esquerre tots els espais de mem\u00f2ria del panell.&nbsp;<\/p>\n\n\n\n<p>Els panells disposen de <strong>64\u2009GB d\u2019emmagatzematge local<\/strong>, 16\u2009GB dels quals s\u00f3n consumits pel sistema operatiu. Tamb\u00e9 incorporen una <strong>targeta SD interna<\/strong> per ampliar 256\u2009GB la mem\u00f2ria loca<strong>l<\/strong> del panell.&nbsp;<\/p>\n\n\n\n<p>En accedir a \u201cFile Commander\u201d, es visualitza un<strong> resum de tot l\u2019emmagatzematge<\/strong>.&nbsp;<\/p>\n\n\n\n<figure data-wp-context=\"{&quot;imageId&quot;:&quot;69f252070743d&quot;}\" data-wp-interactive=\"core\/image\" class=\"wp-block-image aligncenter size-full has-custom-border is-style-default wp-lightbox-container\"><img loading=\"lazy\" decoding=\"async\" width=\"531\" height=\"281\" data-wp-class--hide=\"state.isContentHidden\" data-wp-class--show=\"state.isContentVisible\" data-wp-init=\"callbacks.setButtonStyles\" data-wp-on-async--click=\"actions.showLightbox\" data-wp-on-async--load=\"callbacks.setButtonStyles\" data-wp-on-async-window--resize=\"callbacks.setButtonStyles\" src=\"https:\/\/projectes.xtec.cat\/digital\/wp-content\/uploads\/usu2317\/2025\/04\/image-38.png\" alt=\"\" class=\"has-border-color has-cyan-bluish-gray-border-color wp-image-35682\" style=\"border-width:1px\" srcset=\"https:\/\/projectes.xtec.cat\/digital\/wp-content\/uploads\/usu2317\/2025\/04\/image-38.png 531w, https:\/\/projectes.xtec.cat\/digital\/wp-content\/uploads\/usu2317\/2025\/04\/image-38-300x159.png 300w\" sizes=\"auto, (max-width: 531px) 100vw, 531px\" \/><button\n\t\t\tclass=\"lightbox-trigger\"\n\t\t\ttype=\"button\"\n\t\t\taria-haspopup=\"dialog\"\n\t\t\taria-label=\"Amplia la imatge\"\n\t\t\tdata-wp-init=\"callbacks.initTriggerButton\"\n\t\t\tdata-wp-on-async--click=\"actions.showLightbox\"\n\t\t\tdata-wp-style--right=\"state.imageButtonRight\"\n\t\t\tdata-wp-style--top=\"state.imageButtonTop\"\n\t\t>\n\t\t\t<svg xmlns=\"http:\/\/www.w3.org\/2000\/svg\" width=\"12\" height=\"12\" fill=\"none\" viewBox=\"0 0 12 12\">\n\t\t\t\t<path fill=\"#fff\" d=\"M2 0a2 2 0 0 0-2 2v2h1.5V2a.5.5 0 0 1 .5-.5h2V0H2Zm2 10.5H2a.5.5 0 0 1-.5-.5V8H0v2a2 2 0 0 0 2 2h2v-1.5ZM8 12v-1.5h2a.5.5 0 0 0 .5-.5V8H12v2a2 2 0 0 1-2 2H8Zm2-12a2 2 0 0 1 2 2v2h-1.5V2a.5.5 0 0 0-.5-.5H8V0h2Z\" \/>\n\t\t\t<\/svg>\n\t\t<\/button><\/figure>\n\n\n\n<div style=\"height:10px\" aria-hidden=\"true\" class=\"wp-block-spacer\"><\/div>\n\n\n\n<p>Si s\u2019accedeix a un dels espais, es visualitzen les carpetes i fitxers que es poden obrir, moure i editar.&nbsp;<\/p>\n\n\n\n<div style=\"height:10px\" aria-hidden=\"true\" class=\"wp-block-spacer\"><\/div>\n\n\n\n<h2 class=\"wp-block-heading\" id=\"g854b93c7008a\">3.3.1. Obrir fitxers des d&#8217;un llapis<\/h2>\n\n\n\n<p>Per fer-ho cal seguir les seg\u00fcents indicacions: connectar el llapis al port USB del panell. Tot seguit, s\u2019ha d\u2019obrir l\u2019aplicaci\u00f3 <strong>\u201cFile Commander\u201d <\/strong>i cercar la mem\u00f2ria USB a la zona esquerra, per poder visualitzar-ne el contingut.&nbsp;<\/p>\n\n\n\n<div style=\"height:20px\" aria-hidden=\"true\" class=\"wp-block-spacer\"><\/div>\n<\/div><\/div><\/div><\/div><\/div>\n\n\n\n<div class=\"wp-block-getwid-section alignfull alignfull\"><div class=\"wp-block-getwid-section__wrapper\"><div class=\"wp-block-getwid-section__inner-wrapper\"><div class=\"wp-block-getwid-section__background-holder\"><div class=\"wp-block-getwid-section__background has-background has-ast-global-color-4-background-color\"><\/div><div class=\"wp-block-getwid-section__foreground\"><\/div><\/div><div class=\"wp-block-getwid-section__content\"><div class=\"wp-block-getwid-section__inner-content\">\n<h2 class=\"wp-block-heading\" id=\"g665a7e038eee\">3.3.2. Obrir fitxers des del n\u00favol<\/h2>\n\n\n\n<p>Per poder obrir fitxers des del n\u00favol hi ha dues opcions:&nbsp;<\/p>\n\n\n\n<h3 class=\"wp-block-heading\" id=\"gdbdc6d094bcd\">A. &#8220;File Comander&#8221;<\/h3>\n\n\n\n<p>Cal obrir l\u2019aplicaci\u00f3 <strong>\u201cFile Commander\u201d <\/strong>i anar a l\u2019apartat de l\u2019esquerra: \u201cAfegir cloud\u201d.&nbsp;<\/p>\n\n\n\n<p>Tot seguit, cal seleccionar el <em>cloud<\/em> i iniciar sessi\u00f3. Cal tenir en compte que aquesta sessi\u00f3, si es tracta d\u2019un compte Google, se sincronitzar\u00e0 amb la resta d\u2019aplicacions del panell de Google.&nbsp;<\/p>\n\n\n\n<p>\u201cFile Commander\u201d ens permet obrir, navegar, moure, canviar el nom del fitxer i esborrar arxius.&nbsp;<\/p>\n\n\n\n<p>Cada document s\u2019obre amb l\u2019aplicaci\u00f3 adequada per a cada tipus d\u2019arxiu. En clicar-hi,&nbsp; se sol\u00b7licita amb quina de les opcions recomanades es vol obrir el fitxer.&nbsp;&nbsp;<\/p>\n\n\n\n<div style=\"height:10px\" aria-hidden=\"true\" class=\"wp-block-spacer\"><\/div>\n\n\n\n<h3 class=\"wp-block-heading\" id=\"g18d70c2bf8b7\">B. Mitjan\u00e7ant aplicacions d\u2019emmagatzematge al n\u00favol com \u201cGoogle Drive\u201d, \u201cOneDrive\u201d o \u201cDropbox\u201d<\/h3>\n\n\n\n<p>Cal obrir l\u2019aplicaci\u00f3 i iniciar sessi\u00f3 en el compte del servei de n\u00favol que s\u2019utilitza, amb el nom d\u2019usuari i contrasenya corresponents. Un cop iniciada la sessi\u00f3, apareixen tots els fitxers i les carpetes emmagatzemades al n\u00favol. A continuaci\u00f3, cal navegar fins a la ubicaci\u00f3 de l\u2019arxiu que es desitja obrir i fer-hi clic.&nbsp;&nbsp;&nbsp;<\/p>\n\n\n\n<p>Cal tenir en compte que l\u2019aplicaci\u00f3 \u201cGoogle Drive\u201d permet m\u00e9s opcions que \u201cFile Commander\u201d (cercar, filtrar, compartir arxius i previsualitzar).&nbsp;<\/p>\n\n\n\n<p><strong>Observacions: <\/strong>per seguretat, cal recordar que en ambd\u00f3s casos hem de tancar la sessi\u00f3 iniciada (\u201cFile Commander\u201d, \u201cGoogle Drive\u201d o \u201cDropbox\u201d).&nbsp;<\/p>\n<\/div><\/div><\/div><\/div><\/div>\n","protected":false},"excerpt":{"rendered":"","protected":false},"author":1,"featured_media":0,"parent":28546,"menu_order":0,"comment_status":"closed","ping_status":"close","template":"","meta":{"site-sidebar-layout":"left-sidebar","site-content-layout":"","ast-site-content-layout":"default","site-content-style":"default","site-sidebar-style":"default","ast-global-header-display":"","ast-banner-title-visibility":"","ast-main-header-display":"","ast-hfb-above-header-display":"","ast-hfb-below-header-display":"","ast-hfb-mobile-header-display":"","site-post-title":"","ast-breadcrumbs-content":"","ast-featured-img":"","footer-sml-layout":"","theme-transparent-header-meta":"","adv-header-id-meta":"","stick-header-meta":"","header-above-stick-meta":"","header-main-stick-meta":"","header-below-stick-meta":"","astra-migrate-meta-layouts":"set","ast-page-background-enabled":"default","ast-page-background-meta":{"desktop":{"background-color":"var(--ast-global-color-4)","background-image":"","background-repeat":"repeat","background-position":"center center","background-size":"auto","background-attachment":"scroll","background-type":"","background-media":"","overlay-type":"","overlay-color":"","overlay-opacity":"","overlay-gradient":""},"tablet":{"background-color":"","background-image":"","background-repeat":"repeat","background-position":"center center","background-size":"auto","background-attachment":"scroll","background-type":"","background-media":"","overlay-type":"","overlay-color":"","overlay-opacity":"","overlay-gradient":""},"mobile":{"background-color":"","background-image":"","background-repeat":"repeat","background-position":"center center","background-size":"auto","background-attachment":"scroll","background-type":"","background-media":"","overlay-type":"","overlay-color":"","overlay-opacity":"","overlay-gradient":""}},"ast-content-background-meta":{"desktop":{"background-color":"var(--ast-global-color-5)","background-image":"","background-repeat":"repeat","background-position":"center center","background-size":"auto","background-attachment":"scroll","background-type":"","background-media":"","overlay-type":"","overlay-color":"","overlay-opacity":"","overlay-gradient":""},"tablet":{"background-color":"var(--ast-global-color-5)","background-image":"","background-repeat":"repeat","background-position":"center center","background-size":"auto","background-attachment":"scroll","background-type":"","background-media":"","overlay-type":"","overlay-color":"","overlay-opacity":"","overlay-gradient":""},"mobile":{"background-color":"var(--ast-global-color-5)","background-image":"","background-repeat":"repeat","background-position":"center center","background-size":"auto","background-attachment":"scroll","background-type":"","background-media":"","overlay-type":"","overlay-color":"","overlay-opacity":"","overlay-gradient":""}},"footnotes":""},"class_list":["post-35600","page","type-page","status-publish","hentry"],"post_mailing_queue_ids":[],"_links":{"self":[{"href":"https:\/\/projectes.xtec.cat\/digital\/wp-json\/wp\/v2\/pages\/35600","targetHints":{"allow":["GET"]}}],"collection":[{"href":"https:\/\/projectes.xtec.cat\/digital\/wp-json\/wp\/v2\/pages"}],"about":[{"href":"https:\/\/projectes.xtec.cat\/digital\/wp-json\/wp\/v2\/types\/page"}],"author":[{"embeddable":true,"href":"https:\/\/projectes.xtec.cat\/digital\/wp-json\/wp\/v2\/users\/1"}],"replies":[{"embeddable":true,"href":"https:\/\/projectes.xtec.cat\/digital\/wp-json\/wp\/v2\/comments?post=35600"}],"version-history":[{"count":6,"href":"https:\/\/projectes.xtec.cat\/digital\/wp-json\/wp\/v2\/pages\/35600\/revisions"}],"predecessor-version":[{"id":36171,"href":"https:\/\/projectes.xtec.cat\/digital\/wp-json\/wp\/v2\/pages\/35600\/revisions\/36171"}],"up":[{"embeddable":true,"href":"https:\/\/projectes.xtec.cat\/digital\/wp-json\/wp\/v2\/pages\/28546"}],"wp:attachment":[{"href":"https:\/\/projectes.xtec.cat\/digital\/wp-json\/wp\/v2\/media?parent=35600"}],"curies":[{"name":"wp","href":"https:\/\/api.w.org\/{rel}","templated":true}]}}