{"id":35609,"date":"2025-04-22T13:50:44","date_gmt":"2025-04-22T11:50:44","guid":{"rendered":"https:\/\/projectes.xtec.cat\/digital\/?page_id=35609"},"modified":"2025-04-22T13:52:00","modified_gmt":"2025-04-22T11:52:00","slug":"4-recomanacions-dus","status":"publish","type":"page","link":"https:\/\/projectes.xtec.cat\/digital\/equipaments-i-infraestructures\/panells-digitals\/panell-newline\/manual-dus-del-panell-digital-newline\/4-recomanacions-dus\/","title":{"rendered":"4. Recomanacions d&#8217;\u00fas"},"content":{"rendered":"\n<h2 class=\"wp-block-heading\">Recomanacions de seguretat\u00a0<\/h2>\n\n\n\n<ul class=\"wp-block-list\">\n<li><strong>Tancar sessi\u00f3 en \u201cmode identificat\u201d: <\/strong>\u00e9s fonamental tancar sessi\u00f3 quan s\u2019ha accedit a la pantalla en \u201cmode identificat\u201d amb dades personals per evitar l\u2019acc\u00e9s no autoritzat a la sessi\u00f3 i protegir la privadesa del compte.\u00a0<\/li>\n<\/ul>\n\n\n\n<ul class=\"wp-block-list\">\n<li><strong>Bloqueig de seguretat<\/strong>: si es deixa de fer servir la pissarra temporalment, cal pr\u00e9mer el bot\u00f3 frontal per bloquejar el panell. Tamb\u00e9 es pot lliscar cap avall per desplegar el men\u00fa superior, i clicar al bot\u00f3 d\u2019encesa per seleccionar l\u2019opci\u00f3 \u201cbloqueig de seguretat\u201d per tal d\u2019impedir l\u2019acc\u00e9s al panell. Per desbloquejar la pissarra, nom\u00e9s cal introduir de nou la clau d\u2019acc\u00e9s.\u00a0<\/li>\n<\/ul>\n\n\n\n<ul class=\"wp-block-list\">\n<li><strong>Utilitza contrasenyes segures: <\/strong>en cas que es requereixi l\u2019\u00fas de contrasenyes per a l\u2019acc\u00e9s o la protecci\u00f3 de dades, cal garantir l\u2019\u00fas de contrasenyes segures. Aix\u00f2 ajuda a prevenir l\u2019acc\u00e9s no autoritzat.\u00a0<\/li>\n<\/ul>\n\n\n\n<ul class=\"wp-block-list\">\n<li><strong>Educaci\u00f3 en seguretat:<\/strong> cal proporcionar educaci\u00f3 i formaci\u00f3 en seguretat als usuaris del panell digital per garantir que siguin conscients de les pr\u00e0ctiques de seguretat i es facin responsables de l&#8217;\u00fas del dispositiu.\u00a0<\/li>\n<\/ul>\n\n\n\n<h2 class=\"wp-block-heading\">Recomanacions de neteja\u00a0<\/h2>\n\n\n\n<ul class=\"wp-block-list\">\n<li>Si es fa servir el dit en comptes del llapis, cal netejar sovint les ditades. Per tal de no malmetre la pantalla t\u00e0ctil, es recomana l\u2019\u00fas de productes de neteja i draps indicats per a pantalles.\u00a0<\/li>\n<\/ul>\n","protected":false},"excerpt":{"rendered":"<p>Recomanacions de seguretat\u00a0 Recomanacions de neteja\u00a0<\/p>\n","protected":false},"author":1,"featured_media":0,"parent":28546,"menu_order":0,"comment_status":"closed","ping_status":"close","template":"","meta":{"site-sidebar-layout":"left-sidebar","site-content-layout":"","ast-site-content-layout":"default","site-content-style":"default","site-sidebar-style":"default","ast-global-header-display":"","ast-banner-title-visibility":"","ast-main-header-display":"","ast-hfb-above-header-display":"","ast-hfb-below-header-display":"","ast-hfb-mobile-header-display":"","site-post-title":"","ast-breadcrumbs-content":"","ast-featured-img":"","footer-sml-layout":"","theme-transparent-header-meta":"","adv-header-id-meta":"","stick-header-meta":"","header-above-stick-meta":"","header-main-stick-meta":"","header-below-stick-meta":"","astra-migrate-meta-layouts":"set","ast-page-background-enabled":"default","ast-page-background-meta":{"desktop":{"background-color":"var(--ast-global-color-4)","background-image":"","background-repeat":"repeat","background-position":"center center","background-size":"auto","background-attachment":"scroll","background-type":"","background-media":"","overlay-type":"","overlay-color":"","overlay-opacity":"","overlay-gradient":""},"tablet":{"background-color":"","background-image":"","background-repeat":"repeat","background-position":"center center","background-size":"auto","background-attachment":"scroll","background-type":"","background-media":"","overlay-type":"","overlay-color":"","overlay-opacity":"","overlay-gradient":""},"mobile":{"background-color":"","background-image":"","background-repeat":"repeat","background-position":"center center","background-size":"auto","background-attachment":"scroll","background-type":"","background-media":"","overlay-type":"","overlay-color":"","overlay-opacity":"","overlay-gradient":""}},"ast-content-background-meta":{"desktop":{"background-color":"var(--ast-global-color-5)","background-image":"","background-repeat":"repeat","background-position":"center center","background-size":"auto","background-attachment":"scroll","background-type":"","background-media":"","overlay-type":"","overlay-color":"","overlay-opacity":"","overlay-gradient":""},"tablet":{"background-color":"var(--ast-global-color-5)","background-image":"","background-repeat":"repeat","background-position":"center center","background-size":"auto","background-attachment":"scroll","background-type":"","background-media":"","overlay-type":"","overlay-color":"","overlay-opacity":"","overlay-gradient":""},"mobile":{"background-color":"var(--ast-global-color-5)","background-image":"","background-repeat":"repeat","background-position":"center center","background-size":"auto","background-attachment":"scroll","background-type":"","background-media":"","overlay-type":"","overlay-color":"","overlay-opacity":"","overlay-gradient":""}},"footnotes":""},"class_list":["post-35609","page","type-page","status-publish","hentry"],"post_mailing_queue_ids":[],"_links":{"self":[{"href":"https:\/\/projectes.xtec.cat\/digital\/wp-json\/wp\/v2\/pages\/35609","targetHints":{"allow":["GET"]}}],"collection":[{"href":"https:\/\/projectes.xtec.cat\/digital\/wp-json\/wp\/v2\/pages"}],"about":[{"href":"https:\/\/projectes.xtec.cat\/digital\/wp-json\/wp\/v2\/types\/page"}],"author":[{"embeddable":true,"href":"https:\/\/projectes.xtec.cat\/digital\/wp-json\/wp\/v2\/users\/1"}],"replies":[{"embeddable":true,"href":"https:\/\/projectes.xtec.cat\/digital\/wp-json\/wp\/v2\/comments?post=35609"}],"version-history":[{"count":3,"href":"https:\/\/projectes.xtec.cat\/digital\/wp-json\/wp\/v2\/pages\/35609\/revisions"}],"predecessor-version":[{"id":35613,"href":"https:\/\/projectes.xtec.cat\/digital\/wp-json\/wp\/v2\/pages\/35609\/revisions\/35613"}],"up":[{"embeddable":true,"href":"https:\/\/projectes.xtec.cat\/digital\/wp-json\/wp\/v2\/pages\/28546"}],"wp:attachment":[{"href":"https:\/\/projectes.xtec.cat\/digital\/wp-json\/wp\/v2\/media?parent=35609"}],"curies":[{"name":"wp","href":"https:\/\/api.w.org\/{rel}","templated":true}]}}