{"id":35687,"date":"2025-04-25T09:51:31","date_gmt":"2025-04-25T07:51:31","guid":{"rendered":"https:\/\/projectes.xtec.cat\/digital\/?page_id=35687"},"modified":"2025-05-06T09:20:56","modified_gmt":"2025-05-06T07:20:56","slug":"manual-dus-de-synetech","status":"publish","type":"page","link":"https:\/\/projectes.xtec.cat\/digital\/equipaments-i-infraestructures\/panells-digitals\/panell-synetech\/manual-dus-de-synetech\/","title":{"rendered":"Manual d&#8217;\u00fas de Synetech"},"content":{"rendered":"\n<figure class=\"wp-block-image aligncenter size-full is-resized\"><img loading=\"lazy\" decoding=\"async\" width=\"608\" height=\"378\" src=\"https:\/\/projectes.xtec.cat\/digital\/wp-content\/uploads\/usu2317\/2023\/10\/synetech.png\" alt=\"synetech\" class=\"wp-image-18809\" style=\"width:auto;height:300px\" srcset=\"https:\/\/projectes.xtec.cat\/digital\/wp-content\/uploads\/usu2317\/2023\/10\/synetech.png 608w, https:\/\/projectes.xtec.cat\/digital\/wp-content\/uploads\/usu2317\/2023\/10\/synetech-300x187.png 300w\" sizes=\"auto, (max-width: 608px) 100vw, 608px\" \/><\/figure>\n\n\n\n<p class=\"has-text-align-center has-background has-medium-font-size\" style=\"background-color:#ffcdcd\"><img loading=\"lazy\" decoding=\"async\" width=\"30\" height=\"30\" class=\"wp-image-36156\" style=\"width: 30px;\" src=\"https:\/\/projectes.xtec.cat\/digital\/wp-content\/uploads\/usu2317\/2025\/05\/ChatGPT-Image-6-de-maig-del-2025-09_17_38.png\" alt=\"\" srcset=\"https:\/\/projectes.xtec.cat\/digital\/wp-content\/uploads\/usu2317\/2025\/05\/ChatGPT-Image-6-de-maig-del-2025-09_17_38.png 1024w, https:\/\/projectes.xtec.cat\/digital\/wp-content\/uploads\/usu2317\/2025\/05\/ChatGPT-Image-6-de-maig-del-2025-09_17_38-300x300.png 300w, https:\/\/projectes.xtec.cat\/digital\/wp-content\/uploads\/usu2317\/2025\/05\/ChatGPT-Image-6-de-maig-del-2025-09_17_38-150x150.png 150w, https:\/\/projectes.xtec.cat\/digital\/wp-content\/uploads\/usu2317\/2025\/05\/ChatGPT-Image-6-de-maig-del-2025-09_17_38-768x768.png 768w\" sizes=\"auto, (max-width: 30px) 100vw, 30px\" \/> Aquesta informaci\u00f3 aplica a partir de la versi\u00f3 202503211039<\/p>\n\n\n\n<div class=\"wp-block-columns is-layout-flex wp-container-core-columns-is-layout-1 wp-block-columns-is-layout-flex\">\n<div class=\"wp-block-column caixa-link is-layout-flow wp-block-column-is-layout-flow\" id=\"https:\/\/projectes.xtec.cat\/digital\/equipaments-i-infraestructures\/panells-digitals\/panell-synetech\/manual-dus-de-synetech\/introduccio\/\">\n<h2 class=\"wp-block-heading\">Introducci\u00f3<\/h2>\n\n\n\n<p>Qu\u00e8 \u00e9s un panell digital? Quins connectors incorpora? <\/p>\n<\/div>\n\n\n\n<div class=\"wp-block-column caixa-link is-layout-flow wp-block-column-is-layout-flow\" id=\"https:\/\/projectes.xtec.cat\/digital\/equipaments-i-infraestructures\/panells-digitals\/panell-synetech\/manual-dus-de-synetech\/1-acces-al-panell\/\">\n<h2 class=\"wp-block-heading\">1. Acc\u00e9s al panell<\/h2>\n\n\n\n<p>Quins rols d&#8217;acc\u00e9s hi ha? Com crear usuaris nous? Com desbloquejar la pantalla?<\/p>\n<\/div>\n<\/div>\n\n\n\n<div style=\"height:20px\" aria-hidden=\"true\" class=\"wp-block-spacer\"><\/div>\n\n\n\n<div class=\"wp-block-columns is-layout-flex wp-container-core-columns-is-layout-2 wp-block-columns-is-layout-flex\">\n<div class=\"wp-block-column caixa-link is-layout-flow wp-block-column-is-layout-flow\" id=\"https:\/\/projectes.xtec.cat\/digital\/equipaments-i-infraestructures\/panells-digitals\/panell-synetech\/manual-dus-de-synetech\/2-interficie-basica-del-panell\/\">\n<h2 class=\"wp-block-heading\">2. Interf\u00edcie b\u00e0sica del panell<\/h2>\n\n\n\n<p>Escriptori &#8220;lliscant&#8221;, configuraci\u00f3 de les aplicacions i barres d&#8217;eines.<\/p>\n<\/div>\n\n\n\n<div class=\"wp-block-column caixa-link is-layout-flow wp-block-column-is-layout-flow\" id=\"https:\/\/projectes.xtec.cat\/digital\/equipaments-i-infraestructures\/panells-digitals\/panell-synetech\/manual-dus-de-synetech\/3-funcions-mes-habituals-per-al-professorat\/\">\n<h2 class=\"wp-block-heading\">3. Funcions m\u00e9s habituals per al professorat<\/h2>\n\n\n\n<p>Com utilitzar la pissarra? Com compartir pantalla? Com obrir fitxers?<\/p>\n<\/div>\n<\/div>\n\n\n\n<div style=\"height:20px\" aria-hidden=\"true\" class=\"wp-block-spacer\"><\/div>\n\n\n\n<div class=\"wp-block-columns is-layout-flex wp-container-core-columns-is-layout-3 wp-block-columns-is-layout-flex\">\n<div class=\"wp-block-column caixa-link is-layout-flow wp-block-column-is-layout-flow\" id=\"https:\/\/projectes.xtec.cat\/digital\/equipaments-i-infraestructures\/panells-digitals\/panell-synetech\/manual-dus-de-synetech\/4-recomanacions-de-seguretat\/\">\n<h2 class=\"wp-block-heading\">4. Recomanacions de seguretat<\/h2>\n\n\n\n<p>Quines recomanacions de seguretat i de neteja hem de tenir en compte? <\/p>\n<\/div>\n\n\n\n<div class=\"wp-block-column caixa-link is-layout-flow wp-block-column-is-layout-flow\" id=\"https:\/\/projectes.xtec.cat\/digital\/equipaments-i-infraestructures\/panells-digitals\/panell-synetech\/manual-dus-de-synetech\/5-periferics\/\">\n<h2 class=\"wp-block-heading\">5. Perif\u00e8rics<\/h2>\n\n\n\n<p>Podeu connectar perif\u00e8rics al panell ja sigui per cable o Bluetooth. <\/p>\n<\/div>\n<\/div>\n","protected":false},"excerpt":{"rendered":"<p>Introducci\u00f3 Qu\u00e8 \u00e9s un panell digital? Quins connectors incorpora? 1. Acc\u00e9s al panell Quins rols d&#8217;acc\u00e9s hi ha? Com crear usuaris nous? Com desbloquejar la pantalla? 2. Interf\u00edcie b\u00e0sica del panell Escriptori &#8220;lliscant&#8221;, configuraci\u00f3 de les aplicacions i barres d&#8217;eines. 3. Funcions m\u00e9s habituals per al professorat Com utilitzar la pissarra? Com compartir pantalla? Com [&hellip;]<\/p>\n","protected":false},"author":1,"featured_media":0,"parent":30175,"menu_order":0,"comment_status":"closed","ping_status":"close","template":"","meta":{"site-sidebar-layout":"left-sidebar","site-content-layout":"","ast-site-content-layout":"default","site-content-style":"default","site-sidebar-style":"default","ast-global-header-display":"","ast-banner-title-visibility":"","ast-main-header-display":"","ast-hfb-above-header-display":"","ast-hfb-below-header-display":"","ast-hfb-mobile-header-display":"","site-post-title":"","ast-breadcrumbs-content":"","ast-featured-img":"","footer-sml-layout":"","theme-transparent-header-meta":"","adv-header-id-meta":"","stick-header-meta":"","header-above-stick-meta":"","header-main-stick-meta":"","header-below-stick-meta":"","astra-migrate-meta-layouts":"set","ast-page-background-enabled":"default","ast-page-background-meta":{"desktop":{"background-color":"var(--ast-global-color-4)","background-image":"","background-repeat":"repeat","background-position":"center center","background-size":"auto","background-attachment":"scroll","background-type":"","background-media":"","overlay-type":"","overlay-color":"","overlay-opacity":"","overlay-gradient":""},"tablet":{"background-color":"","background-image":"","background-repeat":"repeat","background-position":"center center","background-size":"auto","background-attachment":"scroll","background-type":"","background-media":"","overlay-type":"","overlay-color":"","overlay-opacity":"","overlay-gradient":""},"mobile":{"background-color":"","background-image":"","background-repeat":"repeat","background-position":"center center","background-size":"auto","background-attachment":"scroll","background-type":"","background-media":"","overlay-type":"","overlay-color":"","overlay-opacity":"","overlay-gradient":""}},"ast-content-background-meta":{"desktop":{"background-color":"var(--ast-global-color-5)","background-image":"","background-repeat":"repeat","background-position":"center center","background-size":"auto","background-attachment":"scroll","background-type":"","background-media":"","overlay-type":"","overlay-color":"","overlay-opacity":"","overlay-gradient":""},"tablet":{"background-color":"var(--ast-global-color-5)","background-image":"","background-repeat":"repeat","background-position":"center center","background-size":"auto","background-attachment":"scroll","background-type":"","background-media":"","overlay-type":"","overlay-color":"","overlay-opacity":"","overlay-gradient":""},"mobile":{"background-color":"var(--ast-global-color-5)","background-image":"","background-repeat":"repeat","background-position":"center center","background-size":"auto","background-attachment":"scroll","background-type":"","background-media":"","overlay-type":"","overlay-color":"","overlay-opacity":"","overlay-gradient":""}},"footnotes":""},"class_list":["post-35687","page","type-page","status-publish","hentry"],"post_mailing_queue_ids":[],"_links":{"self":[{"href":"https:\/\/projectes.xtec.cat\/digital\/wp-json\/wp\/v2\/pages\/35687","targetHints":{"allow":["GET"]}}],"collection":[{"href":"https:\/\/projectes.xtec.cat\/digital\/wp-json\/wp\/v2\/pages"}],"about":[{"href":"https:\/\/projectes.xtec.cat\/digital\/wp-json\/wp\/v2\/types\/page"}],"author":[{"embeddable":true,"href":"https:\/\/projectes.xtec.cat\/digital\/wp-json\/wp\/v2\/users\/1"}],"replies":[{"embeddable":true,"href":"https:\/\/projectes.xtec.cat\/digital\/wp-json\/wp\/v2\/comments?post=35687"}],"version-history":[{"count":6,"href":"https:\/\/projectes.xtec.cat\/digital\/wp-json\/wp\/v2\/pages\/35687\/revisions"}],"predecessor-version":[{"id":36160,"href":"https:\/\/projectes.xtec.cat\/digital\/wp-json\/wp\/v2\/pages\/35687\/revisions\/36160"}],"up":[{"embeddable":true,"href":"https:\/\/projectes.xtec.cat\/digital\/wp-json\/wp\/v2\/pages\/30175"}],"wp:attachment":[{"href":"https:\/\/projectes.xtec.cat\/digital\/wp-json\/wp\/v2\/media?parent=35687"}],"curies":[{"name":"wp","href":"https:\/\/api.w.org\/{rel}","templated":true}]}}