{"id":35904,"date":"2025-04-28T12:39:43","date_gmt":"2025-04-28T10:39:43","guid":{"rendered":"https:\/\/projectes.xtec.cat\/digital\/?page_id=35904"},"modified":"2025-06-16T10:10:19","modified_gmt":"2025-06-16T08:10:19","slug":"3-3-obrir-fitxers","status":"publish","type":"page","link":"https:\/\/projectes.xtec.cat\/digital\/equipaments-i-infraestructures\/panells-digitals\/panell-synetech\/manual-dus-de-synetech\/3-3-obrir-fitxers\/","title":{"rendered":"3.3. Obrir fitxers"},"content":{"rendered":"\n<p class=\"has-text-align-center has-background has-medium-font-size\" style=\"background-color:#ffcdcd\"><img loading=\"lazy\" decoding=\"async\" width=\"30\" height=\"30\" class=\"wp-image-36156\" style=\"width: 30px;\" src=\"https:\/\/projectes.xtec.cat\/digital\/wp-content\/uploads\/usu2317\/2025\/05\/ChatGPT-Image-6-de-maig-del-2025-09_17_38.png\" alt=\"\" srcset=\"https:\/\/projectes.xtec.cat\/digital\/wp-content\/uploads\/usu2317\/2025\/05\/ChatGPT-Image-6-de-maig-del-2025-09_17_38.png 1024w, https:\/\/projectes.xtec.cat\/digital\/wp-content\/uploads\/usu2317\/2025\/05\/ChatGPT-Image-6-de-maig-del-2025-09_17_38-300x300.png 300w, https:\/\/projectes.xtec.cat\/digital\/wp-content\/uploads\/usu2317\/2025\/05\/ChatGPT-Image-6-de-maig-del-2025-09_17_38-150x150.png 150w, https:\/\/projectes.xtec.cat\/digital\/wp-content\/uploads\/usu2317\/2025\/05\/ChatGPT-Image-6-de-maig-del-2025-09_17_38-768x768.png 768w\" sizes=\"auto, (max-width: 30px) 100vw, 30px\" \/> Aquesta informaci\u00f3 aplica a partir de la versi\u00f3 202503211039<\/p>\n\n\n\n<div class=\"wp-block-getwid-table-of-contents is-style-default\"><ul class=\"wp-block-getwid-table-of-contents__list\"><li><a href=\"#g20328eec5c9f\">3.3.1. Obrir fitxers des de la unitat local<\/a><\/li><li><a href=\"#gc9a3e8cb7ac0\">3.3.2. Obrir fitxers des del n\u00favol<\/a><ul><li><a href=\"#g5f3587d9efdc\">A. Cercador<\/a><\/li><li><a href=\"#g8a75d92cf26c\">B. Mitjan\u00e7ant l\u2019aplicaci\u00f3 Google Drive, OneDrive o la corresponent<\/a><\/li><\/ul><\/li><li><a href=\"#g36fb6968b405\">3.3.3. Obrir fitxers des d&#8217;un llapis digital<\/a><\/li><li><a href=\"#g6e3503eda190\">3.3.4. Penjar un arxiu a l&#8217;EVA<\/a><\/li><\/ul><\/div>\n\n\n\n<div class=\"wp-block-getwid-section alignfull alignfull\"><div class=\"wp-block-getwid-section__wrapper\"><div class=\"wp-block-getwid-section__inner-wrapper\"><div class=\"wp-block-getwid-section__background-holder\"><div class=\"wp-block-getwid-section__background\"><\/div><div class=\"wp-block-getwid-section__foreground\"><\/div><\/div><div class=\"wp-block-getwid-section__content\"><div class=\"wp-block-getwid-section__inner-content\">\n<p>L\u2019aplicaci\u00f3 recomanada per accedir als fitxers en local, n\u00favol o del llapis (si aquest est\u00e0 connectat al panell) \u00e9s el <strong>cercador<\/strong>. Es troba al men\u00fa d\u2019aplicacions:<\/p>\n\n\n\n<figure data-wp-context=\"{&quot;imageId&quot;:&quot;69d1132579fa5&quot;}\" data-wp-interactive=\"core\/image\" class=\"wp-block-image aligncenter size-large is-resized is-style-default wp-lightbox-container\"><img loading=\"lazy\" decoding=\"async\" width=\"1024\" height=\"574\" data-wp-class--hide=\"state.isContentHidden\" data-wp-class--show=\"state.isContentVisible\" data-wp-init=\"callbacks.setButtonStyles\" data-wp-on-async--click=\"actions.showLightbox\" data-wp-on-async--load=\"callbacks.setButtonStyles\" data-wp-on-async-window--resize=\"callbacks.setButtonStyles\" src=\"https:\/\/projectes.xtec.cat\/digital\/wp-content\/uploads\/usu2317\/2025\/06\/2.totes-aplicacions-1-1024x574.png\" alt=\"\" class=\"wp-image-36563\" style=\"width:483px;height:auto\" srcset=\"https:\/\/projectes.xtec.cat\/digital\/wp-content\/uploads\/usu2317\/2025\/06\/2.totes-aplicacions-1-1024x574.png 1024w, https:\/\/projectes.xtec.cat\/digital\/wp-content\/uploads\/usu2317\/2025\/06\/2.totes-aplicacions-1-300x168.png 300w, https:\/\/projectes.xtec.cat\/digital\/wp-content\/uploads\/usu2317\/2025\/06\/2.totes-aplicacions-1-768x431.png 768w, https:\/\/projectes.xtec.cat\/digital\/wp-content\/uploads\/usu2317\/2025\/06\/2.totes-aplicacions-1.png 1489w\" sizes=\"auto, (max-width: 1024px) 100vw, 1024px\" \/><button\n\t\t\tclass=\"lightbox-trigger\"\n\t\t\ttype=\"button\"\n\t\t\taria-haspopup=\"dialog\"\n\t\t\taria-label=\"Amplia la imatge\"\n\t\t\tdata-wp-init=\"callbacks.initTriggerButton\"\n\t\t\tdata-wp-on-async--click=\"actions.showLightbox\"\n\t\t\tdata-wp-style--right=\"state.imageButtonRight\"\n\t\t\tdata-wp-style--top=\"state.imageButtonTop\"\n\t\t>\n\t\t\t<svg xmlns=\"http:\/\/www.w3.org\/2000\/svg\" width=\"12\" height=\"12\" fill=\"none\" viewBox=\"0 0 12 12\">\n\t\t\t\t<path fill=\"#fff\" d=\"M2 0a2 2 0 0 0-2 2v2h1.5V2a.5.5 0 0 1 .5-.5h2V0H2Zm2 10.5H2a.5.5 0 0 1-.5-.5V8H0v2a2 2 0 0 0 2 2h2v-1.5ZM8 12v-1.5h2a.5.5 0 0 0 .5-.5V8H12v2a2 2 0 0 1-2 2H8Zm2-12a2 2 0 0 1 2 2v2h-1.5V2a.5.5 0 0 0-.5-.5H8V0h2Z\" \/>\n\t\t\t<\/svg>\n\t\t<\/button><\/figure>\n\n\n\n<div style=\"height:10px\" aria-hidden=\"true\" class=\"wp-block-spacer\"><\/div>\n\n\n\n<p>Aquesta aplicaci\u00f3 mostra al seu men\u00fa lateral esquerre totes les opcions possibles d\u2019emmagatzematge del panell (emmagatzematge local, Cloud Drive, en cas d\u2019estar connectat, llapis de mem\u00f2ria, etc.)<\/p>\n\n\n\n<div style=\"height:20px\" aria-hidden=\"true\" class=\"wp-block-spacer\"><\/div>\n\n\n\n<h2 class=\"wp-block-heading\" id=\"g20328eec5c9f\">3.3.1. Obrir fitxers des de la unitat local<\/h2>\n\n\n\n<p>D\u2019entrada, accedeix a l\u2019emmagatzematge local. Cal tenir present que els panells tenen per defecte 64 GB d\u2019emmagatzematge, dels quals aproximadament 16 GB ja estan ocupats pel sistema operatiu.<\/p>\n\n\n\n<figure data-wp-context=\"{&quot;imageId&quot;:&quot;69d113257a6c5&quot;}\" data-wp-interactive=\"core\/image\" class=\"wp-block-image aligncenter size-large is-resized has-custom-border is-style-default wp-lightbox-container\"><img loading=\"lazy\" decoding=\"async\" width=\"1024\" height=\"577\" data-wp-class--hide=\"state.isContentHidden\" data-wp-class--show=\"state.isContentVisible\" data-wp-init=\"callbacks.setButtonStyles\" data-wp-on-async--click=\"actions.showLightbox\" data-wp-on-async--load=\"callbacks.setButtonStyles\" data-wp-on-async-window--resize=\"callbacks.setButtonStyles\" src=\"https:\/\/projectes.xtec.cat\/digital\/wp-content\/uploads\/usu2317\/2025\/06\/5.cercador-local-1024x577.png\" alt=\"\" class=\"has-border-color has-cyan-bluish-gray-border-color wp-image-36564\" style=\"border-width:1px;width:445px;height:auto\" srcset=\"https:\/\/projectes.xtec.cat\/digital\/wp-content\/uploads\/usu2317\/2025\/06\/5.cercador-local-1024x577.png 1024w, https:\/\/projectes.xtec.cat\/digital\/wp-content\/uploads\/usu2317\/2025\/06\/5.cercador-local-300x169.png 300w, https:\/\/projectes.xtec.cat\/digital\/wp-content\/uploads\/usu2317\/2025\/06\/5.cercador-local-768x433.png 768w, https:\/\/projectes.xtec.cat\/digital\/wp-content\/uploads\/usu2317\/2025\/06\/5.cercador-local.png 1490w\" sizes=\"auto, (max-width: 1024px) 100vw, 1024px\" \/><button\n\t\t\tclass=\"lightbox-trigger\"\n\t\t\ttype=\"button\"\n\t\t\taria-haspopup=\"dialog\"\n\t\t\taria-label=\"Amplia la imatge\"\n\t\t\tdata-wp-init=\"callbacks.initTriggerButton\"\n\t\t\tdata-wp-on-async--click=\"actions.showLightbox\"\n\t\t\tdata-wp-style--right=\"state.imageButtonRight\"\n\t\t\tdata-wp-style--top=\"state.imageButtonTop\"\n\t\t>\n\t\t\t<svg xmlns=\"http:\/\/www.w3.org\/2000\/svg\" width=\"12\" height=\"12\" fill=\"none\" viewBox=\"0 0 12 12\">\n\t\t\t\t<path fill=\"#fff\" d=\"M2 0a2 2 0 0 0-2 2v2h1.5V2a.5.5 0 0 1 .5-.5h2V0H2Zm2 10.5H2a.5.5 0 0 1-.5-.5V8H0v2a2 2 0 0 0 2 2h2v-1.5ZM8 12v-1.5h2a.5.5 0 0 0 .5-.5V8H12v2a2 2 0 0 1-2 2H8Zm2-12a2 2 0 0 1 2 2v2h-1.5V2a.5.5 0 0 0-.5-.5H8V0h2Z\" \/>\n\t\t\t<\/svg>\n\t\t<\/button><\/figure>\n\n\n\n<div style=\"height:10px\" aria-hidden=\"true\" class=\"wp-block-spacer\"><\/div>\n\n\n\n<p>En accedir a l\u2019espai d\u2019emmagatzematge es mostren les carpetes i fitxers que es poden obrir, moure o editar. Entre aquestes carpetes, destaquen:<\/p>\n\n\n\n<ul class=\"wp-block-list\">\n<li><strong>Downloads<\/strong>: recull totes les desc\u00e0rregues.<\/li>\n\n\n\n<li><strong>Mark<\/strong>: cont\u00e9 les captures de pantalla i les anotacions fetes amb l\u2019eina llapis.<\/li>\n\n\n\n<li><strong>Notes<\/strong>: emmagatzema els diferents arxius creats amb l&#8217;aplicaci\u00f3 \u201cNotes\u201d (pissarra).<\/li>\n\n\n\n<li><strong>Recordings<\/strong>: desa les gravacions de la pantalla.<\/li>\n<\/ul>\n\n\n\n<p>A sota a l\u2019esquerra, hi ha un men\u00fa amb diferents opcions que permeten visualitzar els arxius en quadr\u00edcula o llista, ordenar els arxius (per nom, data, mida o tipus), seleccionar-los o crear noves carpetes. A m\u00e9s, si se selecciona un arxiu o carpeta, apareixen m\u00e9s opcions com copiar, enganxar, retallar, eliminar, etc.<\/p>\n\n\n\n<figure data-wp-context=\"{&quot;imageId&quot;:&quot;69d113257b5c7&quot;}\" data-wp-interactive=\"core\/image\" class=\"wp-block-image aligncenter size-large is-resized has-custom-border is-style-default wp-lightbox-container\"><img loading=\"lazy\" decoding=\"async\" width=\"1024\" height=\"351\" data-wp-class--hide=\"state.isContentHidden\" data-wp-class--show=\"state.isContentVisible\" data-wp-init=\"callbacks.setButtonStyles\" data-wp-on-async--click=\"actions.showLightbox\" data-wp-on-async--load=\"callbacks.setButtonStyles\" data-wp-on-async-window--resize=\"callbacks.setButtonStyles\" src=\"https:\/\/projectes.xtec.cat\/digital\/wp-content\/uploads\/usu2317\/2025\/05\/image-12-1024x351.png\" alt=\"\" class=\"has-border-color has-cyan-bluish-gray-border-color wp-image-36010\" style=\"border-width:1px;width:548px;height:auto\" srcset=\"https:\/\/projectes.xtec.cat\/digital\/wp-content\/uploads\/usu2317\/2025\/05\/image-12-1024x351.png 1024w, https:\/\/projectes.xtec.cat\/digital\/wp-content\/uploads\/usu2317\/2025\/05\/image-12-300x103.png 300w, https:\/\/projectes.xtec.cat\/digital\/wp-content\/uploads\/usu2317\/2025\/05\/image-12-768x263.png 768w, https:\/\/projectes.xtec.cat\/digital\/wp-content\/uploads\/usu2317\/2025\/05\/image-12.png 1280w\" sizes=\"auto, (max-width: 1024px) 100vw, 1024px\" \/><button\n\t\t\tclass=\"lightbox-trigger\"\n\t\t\ttype=\"button\"\n\t\t\taria-haspopup=\"dialog\"\n\t\t\taria-label=\"Amplia la imatge\"\n\t\t\tdata-wp-init=\"callbacks.initTriggerButton\"\n\t\t\tdata-wp-on-async--click=\"actions.showLightbox\"\n\t\t\tdata-wp-style--right=\"state.imageButtonRight\"\n\t\t\tdata-wp-style--top=\"state.imageButtonTop\"\n\t\t>\n\t\t\t<svg xmlns=\"http:\/\/www.w3.org\/2000\/svg\" width=\"12\" height=\"12\" fill=\"none\" viewBox=\"0 0 12 12\">\n\t\t\t\t<path fill=\"#fff\" d=\"M2 0a2 2 0 0 0-2 2v2h1.5V2a.5.5 0 0 1 .5-.5h2V0H2Zm2 10.5H2a.5.5 0 0 1-.5-.5V8H0v2a2 2 0 0 0 2 2h2v-1.5ZM8 12v-1.5h2a.5.5 0 0 0 .5-.5V8H12v2a2 2 0 0 1-2 2H8Zm2-12a2 2 0 0 1 2 2v2h-1.5V2a.5.5 0 0 0-.5-.5H8V0h2Z\" \/>\n\t\t\t<\/svg>\n\t\t<\/button><\/figure>\n\n\n\n<div style=\"height:20px\" aria-hidden=\"true\" class=\"wp-block-spacer\"><\/div>\n<\/div><\/div><\/div><\/div><\/div>\n\n\n\n<div class=\"wp-block-getwid-section alignfull alignfull\"><div class=\"wp-block-getwid-section__wrapper\"><div class=\"wp-block-getwid-section__inner-wrapper\"><div class=\"wp-block-getwid-section__background-holder\"><div class=\"wp-block-getwid-section__background has-background has-ast-global-color-4-background-color\"><\/div><div class=\"wp-block-getwid-section__foreground\"><\/div><\/div><div class=\"wp-block-getwid-section__content\"><div class=\"wp-block-getwid-section__inner-content\">\n<h2 class=\"wp-block-heading\" id=\"gc9a3e8cb7ac0\">3.3.2. Obrir fitxers des del n\u00favol<\/h2>\n\n\n\n<p>Hi ha dues opcions:<\/p>\n\n\n\n<h3 class=\"wp-block-heading\" id=\"g5f3587d9efdc\">A. Cercador<\/h3>\n\n\n\n<p>Obrir l\u2019aplicaci\u00f3 Cercador i anar a l\u2019apartat de l\u2019esquerra: <strong>N\u00favol P\u00fablic<\/strong>. Tot seguit, afegir un nou compte de Google Drive o OneDrive; o seleccionar un compte ja existent i iniciar sessi\u00f3.<\/p>\n\n\n\n<p>Cal tenir present que <strong>si aquesta sessi\u00f3 \u00e9s un compte de Google, se sincronitzar\u00e0 amb la resta d\u2019aplicacions del panell de Google<\/strong>. D\u2019aquesta manera s\u2019accedir\u00e0 als fitxers com si estiguessin emmagatzemats localment.<\/p>\n\n\n\n<p>Des del cercador es pot navegar, moure, canviar el nom i esborrar fitxers, a m\u00e9s d&#8217;obrir-los.<\/p>\n\n\n\n<figure class=\"wp-block-image aligncenter size-full is-resized has-custom-border is-style-default\"><img loading=\"lazy\" decoding=\"async\" width=\"592\" height=\"430\" src=\"https:\/\/projectes.xtec.cat\/digital\/wp-content\/uploads\/usu2317\/2025\/05\/image-13.png\" alt=\"\" class=\"has-border-color has-cyan-bluish-gray-border-color wp-image-36011\" style=\"border-width:1px;width:277px;height:auto\" srcset=\"https:\/\/projectes.xtec.cat\/digital\/wp-content\/uploads\/usu2317\/2025\/05\/image-13.png 592w, https:\/\/projectes.xtec.cat\/digital\/wp-content\/uploads\/usu2317\/2025\/05\/image-13-300x218.png 300w\" sizes=\"auto, (max-width: 592px) 100vw, 592px\" \/><\/figure>\n\n\n\n<div style=\"height:20px\" aria-hidden=\"true\" class=\"wp-block-spacer\"><\/div>\n\n\n\n<h3 class=\"wp-block-heading\" id=\"g8a75d92cf26c\">B. Mitjan\u00e7ant l\u2019aplicaci\u00f3 Google Drive, OneDrive o la corresponent<\/h3>\n\n\n\n<p>Obrir l\u2019aplicaci\u00f3 corresponent i iniciar sessi\u00f3 en el compte del servei de n\u00favol que s\u2019utilitzi, com Google Drive, OneDrive, Dropbox o altres opcions. Aix\u00f2 normalment es fa amb un nom d&#8217;usuari i una clau d\u2019acc\u00e9s.<\/p>\n\n\n\n<p>Un cop s\u2019hagi iniciat sessi\u00f3, es podran veure tots els fitxers i carpetes emmagatzemats al n\u00favol. Navegar fins a la ubicaci\u00f3 de l&#8217;arxiu desitjat i clicar per obrir-lo.<\/p>\n\n\n\n<p>Obrir el n\u00favol des de les aplicacions Google Drive, OneDrive o altres, \u00e9s m\u00e9s potent i permet m\u00e9s opcions (cercar, filtrar, compartir arxius, previsualitzar\u2026) que fer-ho des del cercador d\u2019arxius del panell.<\/p>\n\n\n\n<p><strong>Per seguretat<\/strong>: cal recordar que en ambd\u00f3s casos caldr\u00e0 tancar la sessi\u00f3 al panell o desconnectar el compte de Google per q\u00fcestions de seguretat.<\/p>\n\n\n\n<p>Per tancar la sessi\u00f3 des de l\u2019aplicaci\u00f3 Google Drive s\u2019ha de fer clic a \u201c<strong>Afegir<\/strong>\u201d i seguidament a \u201c<strong>Tancar sessi\u00f3<\/strong>\u201d.<\/p>\n\n\n\n<figure data-wp-context=\"{&quot;imageId&quot;:&quot;69d113257c8e0&quot;}\" data-wp-interactive=\"core\/image\" class=\"wp-block-image aligncenter size-full is-resized has-custom-border is-style-default wp-lightbox-container\"><img loading=\"lazy\" decoding=\"async\" width=\"897\" height=\"625\" data-wp-class--hide=\"state.isContentHidden\" data-wp-class--show=\"state.isContentVisible\" data-wp-init=\"callbacks.setButtonStyles\" data-wp-on-async--click=\"actions.showLightbox\" data-wp-on-async--load=\"callbacks.setButtonStyles\" data-wp-on-async-window--resize=\"callbacks.setButtonStyles\" src=\"https:\/\/projectes.xtec.cat\/digital\/wp-content\/uploads\/usu2317\/2025\/05\/image-14.png\" alt=\"\" class=\"has-border-color has-cyan-bluish-gray-border-color wp-image-36022\" style=\"border-width:1px;width:327px;height:auto\" srcset=\"https:\/\/projectes.xtec.cat\/digital\/wp-content\/uploads\/usu2317\/2025\/05\/image-14.png 897w, https:\/\/projectes.xtec.cat\/digital\/wp-content\/uploads\/usu2317\/2025\/05\/image-14-300x209.png 300w, https:\/\/projectes.xtec.cat\/digital\/wp-content\/uploads\/usu2317\/2025\/05\/image-14-768x535.png 768w\" sizes=\"auto, (max-width: 897px) 100vw, 897px\" \/><button\n\t\t\tclass=\"lightbox-trigger\"\n\t\t\ttype=\"button\"\n\t\t\taria-haspopup=\"dialog\"\n\t\t\taria-label=\"Amplia la imatge\"\n\t\t\tdata-wp-init=\"callbacks.initTriggerButton\"\n\t\t\tdata-wp-on-async--click=\"actions.showLightbox\"\n\t\t\tdata-wp-style--right=\"state.imageButtonRight\"\n\t\t\tdata-wp-style--top=\"state.imageButtonTop\"\n\t\t>\n\t\t\t<svg xmlns=\"http:\/\/www.w3.org\/2000\/svg\" width=\"12\" height=\"12\" fill=\"none\" viewBox=\"0 0 12 12\">\n\t\t\t\t<path fill=\"#fff\" d=\"M2 0a2 2 0 0 0-2 2v2h1.5V2a.5.5 0 0 1 .5-.5h2V0H2Zm2 10.5H2a.5.5 0 0 1-.5-.5V8H0v2a2 2 0 0 0 2 2h2v-1.5ZM8 12v-1.5h2a.5.5 0 0 0 .5-.5V8H12v2a2 2 0 0 1-2 2H8Zm2-12a2 2 0 0 1 2 2v2h-1.5V2a.5.5 0 0 0-.5-.5H8V0h2Z\" \/>\n\t\t\t<\/svg>\n\t\t<\/button><\/figure>\n\n\n\n<div style=\"height:20px\" aria-hidden=\"true\" class=\"wp-block-spacer\"><\/div>\n<\/div><\/div><\/div><\/div><\/div>\n\n\n\n<div class=\"wp-block-getwid-section alignfull alignfull\"><div class=\"wp-block-getwid-section__wrapper\"><div class=\"wp-block-getwid-section__inner-wrapper\"><div class=\"wp-block-getwid-section__background-holder\"><div class=\"wp-block-getwid-section__background\"><\/div><div class=\"wp-block-getwid-section__foreground\"><\/div><\/div><div class=\"wp-block-getwid-section__content\"><div class=\"wp-block-getwid-section__inner-content\">\n<h2 class=\"wp-block-heading\" id=\"g36fb6968b405\">3.3.3. Obrir fitxers des d&#8217;un llapis digital<\/h2>\n\n\n\n<p>Per fer-ho, cal connectar el llapis de mem\u00f2ria al port USB del panell i obrir l\u2019aplicaci\u00f3 <strong>Cercador<\/strong>. A la barra lateral esquerra, apareixer\u00e0 un nou dispositiu. En clicar, s\u2019accedir\u00e0 als arxius que contingui el llapis de mem\u00f2ria.<\/p>\n\n\n\n<figure data-wp-context=\"{&quot;imageId&quot;:&quot;69d113257d39b&quot;}\" data-wp-interactive=\"core\/image\" class=\"wp-block-image aligncenter size-large is-resized has-custom-border is-style-default wp-lightbox-container\"><img loading=\"lazy\" decoding=\"async\" width=\"1024\" height=\"576\" data-wp-class--hide=\"state.isContentHidden\" data-wp-class--show=\"state.isContentVisible\" data-wp-init=\"callbacks.setButtonStyles\" data-wp-on-async--click=\"actions.showLightbox\" data-wp-on-async--load=\"callbacks.setButtonStyles\" data-wp-on-async-window--resize=\"callbacks.setButtonStyles\" src=\"https:\/\/projectes.xtec.cat\/digital\/wp-content\/uploads\/usu2317\/2025\/06\/5.cercador-usb-1024x576.png\" alt=\"\" class=\"has-border-color has-cyan-bluish-gray-border-color wp-image-36580\" style=\"border-width:1px;width:491px;height:auto\" srcset=\"https:\/\/projectes.xtec.cat\/digital\/wp-content\/uploads\/usu2317\/2025\/06\/5.cercador-usb-1024x576.png 1024w, https:\/\/projectes.xtec.cat\/digital\/wp-content\/uploads\/usu2317\/2025\/06\/5.cercador-usb-300x169.png 300w, https:\/\/projectes.xtec.cat\/digital\/wp-content\/uploads\/usu2317\/2025\/06\/5.cercador-usb-768x432.png 768w, https:\/\/projectes.xtec.cat\/digital\/wp-content\/uploads\/usu2317\/2025\/06\/5.cercador-usb.png 1489w\" sizes=\"auto, (max-width: 1024px) 100vw, 1024px\" \/><button\n\t\t\tclass=\"lightbox-trigger\"\n\t\t\ttype=\"button\"\n\t\t\taria-haspopup=\"dialog\"\n\t\t\taria-label=\"Amplia la imatge\"\n\t\t\tdata-wp-init=\"callbacks.initTriggerButton\"\n\t\t\tdata-wp-on-async--click=\"actions.showLightbox\"\n\t\t\tdata-wp-style--right=\"state.imageButtonRight\"\n\t\t\tdata-wp-style--top=\"state.imageButtonTop\"\n\t\t>\n\t\t\t<svg xmlns=\"http:\/\/www.w3.org\/2000\/svg\" width=\"12\" height=\"12\" fill=\"none\" viewBox=\"0 0 12 12\">\n\t\t\t\t<path fill=\"#fff\" d=\"M2 0a2 2 0 0 0-2 2v2h1.5V2a.5.5 0 0 1 .5-.5h2V0H2Zm2 10.5H2a.5.5 0 0 1-.5-.5V8H0v2a2 2 0 0 0 2 2h2v-1.5ZM8 12v-1.5h2a.5.5 0 0 0 .5-.5V8H12v2a2 2 0 0 1-2 2H8Zm2-12a2 2 0 0 1 2 2v2h-1.5V2a.5.5 0 0 0-.5-.5H8V0h2Z\" \/>\n\t\t\t<\/svg>\n\t\t<\/button><\/figure>\n\n\n\n<div style=\"height:20px\" aria-hidden=\"true\" class=\"wp-block-spacer\"><\/div>\n\n\n\n<p><strong>AV\u00cdS DE FORMAT:<\/strong> Perqu\u00e8 el llapis de mem\u00f2ria USB sigui v\u00e0lid per utilitzar amb el panell Synetech, cal que estigui en el <strong>format FAT32<\/strong>. \u00c9s un format compatible amb tots els sistemes operatius i \u00e9s el format m\u00e9s com\u00fa. Si el llapis digital est\u00e0 en format NTFS, nom\u00e9s es podr\u00e0 llegir des del panell, per\u00f2 no s\u2019hi podr\u00e0 escriure. Si el llapis digital est\u00e0 en un altre format diferent, quan es connecti al port USB es demanar\u00e0 que es canvi\u00ef el format.<\/p>\n\n\n\n<p><strong>ATENCI\u00d3<\/strong>: Si es clica \u201cformatar\u201d, aquesta acci\u00f3 elimina tots els arxius que hi hagi dins del llapis digital i el converteix en format FAT32 perqu\u00e8 pugui ser utilitzat pel panell. Aquesta opci\u00f3 no es pot desfer.<\/p>\n<\/div><\/div><\/div><\/div><\/div>\n\n\n\n<div class=\"wp-block-getwid-section alignfull alignfull\"><div class=\"wp-block-getwid-section__wrapper\"><div class=\"wp-block-getwid-section__inner-wrapper\"><div class=\"wp-block-getwid-section__background-holder\"><div class=\"wp-block-getwid-section__background has-background has-ast-global-color-4-background-color\"><\/div><div class=\"wp-block-getwid-section__foreground\"><\/div><\/div><div class=\"wp-block-getwid-section__content\"><div class=\"wp-block-getwid-section__inner-content\">\n<h2 class=\"wp-block-heading\" id=\"g6e3503eda190\">3.3.4. Penjar un arxiu a l&#8217;EVA<\/h2>\n\n\n\n<p>Es pot compartir un fitxer amb l\u2019alumnat mitjan\u00e7ant l\u2019EVA (com per exemple Google Classroom). Per fer-ho, es recomana obrir l\u2019EVA, i des de la web o l\u2019aplicaci\u00f3 pujar el fitxer, com es faria des de l\u2019ordinador. D\u2019aquesta manera, es poden configurar les caracter\u00edstiques de l\u2019arxiu (visibilitat, dates, posici\u00f3 dins del curs, etc.) i l\u2019alumnat pot accedir-hi des del seu dispositiu.<\/p>\n<\/div><\/div><\/div><\/div><\/div>\n","protected":false},"excerpt":{"rendered":"","protected":false},"author":1,"featured_media":0,"parent":35687,"menu_order":0,"comment_status":"closed","ping_status":"close","template":"","meta":{"site-sidebar-layout":"left-sidebar","site-content-layout":"","ast-site-content-layout":"normal-width-container","site-content-style":"default","site-sidebar-style":"default","ast-global-header-display":"","ast-banner-title-visibility":"","ast-main-header-display":"","ast-hfb-above-header-display":"","ast-hfb-below-header-display":"","ast-hfb-mobile-header-display":"","site-post-title":"","ast-breadcrumbs-content":"","ast-featured-img":"","footer-sml-layout":"","theme-transparent-header-meta":"","adv-header-id-meta":"","stick-header-meta":"","header-above-stick-meta":"","header-main-stick-meta":"","header-below-stick-meta":"","astra-migrate-meta-layouts":"set","ast-page-background-enabled":"default","ast-page-background-meta":{"desktop":{"background-color":"var(--ast-global-color-4)","background-image":"","background-repeat":"repeat","background-position":"center center","background-size":"auto","background-attachment":"scroll","background-type":"","background-media":"","overlay-type":"","overlay-color":"","overlay-opacity":"","overlay-gradient":""},"tablet":{"background-color":"","background-image":"","background-repeat":"repeat","background-position":"center center","background-size":"auto","background-attachment":"scroll","background-type":"","background-media":"","overlay-type":"","overlay-color":"","overlay-opacity":"","overlay-gradient":""},"mobile":{"background-color":"","background-image":"","background-repeat":"repeat","background-position":"center center","background-size":"auto","background-attachment":"scroll","background-type":"","background-media":"","overlay-type":"","overlay-color":"","overlay-opacity":"","overlay-gradient":""}},"ast-content-background-meta":{"desktop":{"background-color":"var(--ast-global-color-5)","background-image":"","background-repeat":"repeat","background-position":"center center","background-size":"auto","background-attachment":"scroll","background-type":"","background-media":"","overlay-type":"","overlay-color":"","overlay-opacity":"","overlay-gradient":""},"tablet":{"background-color":"var(--ast-global-color-5)","background-image":"","background-repeat":"repeat","background-position":"center center","background-size":"auto","background-attachment":"scroll","background-type":"","background-media":"","overlay-type":"","overlay-color":"","overlay-opacity":"","overlay-gradient":""},"mobile":{"background-color":"var(--ast-global-color-5)","background-image":"","background-repeat":"repeat","background-position":"center center","background-size":"auto","background-attachment":"scroll","background-type":"","background-media":"","overlay-type":"","overlay-color":"","overlay-opacity":"","overlay-gradient":""}},"footnotes":""},"class_list":["post-35904","page","type-page","status-publish","hentry"],"post_mailing_queue_ids":[],"_links":{"self":[{"href":"https:\/\/projectes.xtec.cat\/digital\/wp-json\/wp\/v2\/pages\/35904","targetHints":{"allow":["GET"]}}],"collection":[{"href":"https:\/\/projectes.xtec.cat\/digital\/wp-json\/wp\/v2\/pages"}],"about":[{"href":"https:\/\/projectes.xtec.cat\/digital\/wp-json\/wp\/v2\/types\/page"}],"author":[{"embeddable":true,"href":"https:\/\/projectes.xtec.cat\/digital\/wp-json\/wp\/v2\/users\/1"}],"replies":[{"embeddable":true,"href":"https:\/\/projectes.xtec.cat\/digital\/wp-json\/wp\/v2\/comments?post=35904"}],"version-history":[{"count":6,"href":"https:\/\/projectes.xtec.cat\/digital\/wp-json\/wp\/v2\/pages\/35904\/revisions"}],"predecessor-version":[{"id":36581,"href":"https:\/\/projectes.xtec.cat\/digital\/wp-json\/wp\/v2\/pages\/35904\/revisions\/36581"}],"up":[{"embeddable":true,"href":"https:\/\/projectes.xtec.cat\/digital\/wp-json\/wp\/v2\/pages\/35687"}],"wp:attachment":[{"href":"https:\/\/projectes.xtec.cat\/digital\/wp-json\/wp\/v2\/media?parent=35904"}],"curies":[{"name":"wp","href":"https:\/\/api.w.org\/{rel}","templated":true}]}}