{"id":36811,"date":"2025-07-17T09:36:52","date_gmt":"2025-07-17T07:36:52","guid":{"rendered":"https:\/\/projectes.xtec.cat\/digital\/?page_id=36811"},"modified":"2025-12-16T12:52:55","modified_gmt":"2025-12-16T11:52:55","slug":"tauler-resum-dequips","status":"publish","type":"page","link":"https:\/\/projectes.xtec.cat\/digital\/serveis-digitals\/indic\/manual-indic\/inventari-equipaments\/tauler-resum-dequips\/","title":{"rendered":"Tauler resum d&#8217;equips"},"content":{"rendered":"\n<p>L&#8217;objecti d&#8217;aquest quadre de comptadors \u00e9s visualitzar r\u00e0pidament la disponibilitat d&#8217;equips en el centre: <\/p>\n\n\n\n<figure class=\"wp-block-image size-full\"><a href=\"https:\/\/projectes.xtec.cat\/digital\/wp-content\/uploads\/usu2317\/2025\/09\/Captura-de-pantalla-2025-09-03-a-les-10.29.45.png\"><img loading=\"lazy\" decoding=\"async\" width=\"859\" height=\"591\" src=\"https:\/\/projectes.xtec.cat\/digital\/wp-content\/uploads\/usu2317\/2025\/09\/Captura-de-pantalla-2025-09-03-a-les-10.29.45.png\" alt=\"\" class=\"wp-image-37238\" srcset=\"https:\/\/projectes.xtec.cat\/digital\/wp-content\/uploads\/usu2317\/2025\/09\/Captura-de-pantalla-2025-09-03-a-les-10.29.45.png 859w, https:\/\/projectes.xtec.cat\/digital\/wp-content\/uploads\/usu2317\/2025\/09\/Captura-de-pantalla-2025-09-03-a-les-10.29.45-300x206.png 300w, https:\/\/projectes.xtec.cat\/digital\/wp-content\/uploads\/usu2317\/2025\/09\/Captura-de-pantalla-2025-09-03-a-les-10.29.45-768x528.png 768w\" sizes=\"auto, (max-width: 859px) 100vw, 859px\" \/><\/a><\/figure>\n\n\n\n<ul class=\"wp-block-list\">\n<li><strong>Correspon:<\/strong> nombre de docent si altres col\u00b7lectius als que els hi correspon ordinador seguint els criteris establerts. Podeu consultar els criteris a la pregunta freq\u00fcent <em>A qui li correspon un ordinador de dotaci\u00f3?<\/em><strong>,<\/strong> en aquesta <a href=\"https:\/\/projectes.xtec.cat\/digital\/equipaments-i-infraestructures\/ordinadors\/ordinadors-docents\/\">p\u00e0gina de refer\u00e8ncia<\/a>.&nbsp;<\/li>\n\n\n\n<li><strong>Equips desplegats: <\/strong>nombre d&#8217;ordinadors repartits en el centre des de l&#8217;inici del Pla d&#8217;Educaci\u00f3 digital (any 2020) m\u00e9s les peticions acceptades que s&#8217;estan desplegant (en tr\u00e0nsit).  <\/li>\n\n\n\n<li><strong>Equips excedents: <\/strong>nombre d&#8217;equips en estoc (si es positiu) o nombre d&#8217;equips que falten (si es negatiu). Es calcula restant el nombre d&#8217;equips distribu\u00efts i el nombre d&#8217;alumnes matriculats. Si el nombre \u00e9s positiu i gran, el Departament es posar\u00e0 en contacte per fer una recollida parcial dels equips. <\/li>\n\n\n\n<li><strong>Equips sense \u00fas: <\/strong>nombre d&#8217;equips que no s&#8217;han connectat en els darrers 30 dies. \u00c9s un comptador nom\u00e9s informatiu i no es t\u00e9 en compte per calcular els excedents ni els equips m\u00e0xims que es poden demanar. <br><\/li>\n<\/ul>\n\n\n\n<p class=\"has-ast-global-color-4-background-color has-background\">En cas que trobeu alguna discrep\u00e0ncia, contacteu amb el vostre <a href=\"https:\/\/espai.educacio.gencat.cat\/Recursos\/Solucions-suport-TIC\/qui-som\/Pagines\/default.aspx\">assessor\/a digital o gestor\/a TIC<\/a>.  <\/p>\n\n\n\n<div style=\"height:100px\" aria-hidden=\"true\" class=\"wp-block-spacer\"><\/div>\n","protected":false},"excerpt":{"rendered":"<p>L&#8217;objecti d&#8217;aquest quadre de comptadors \u00e9s visualitzar r\u00e0pidament la disponibilitat d&#8217;equips en el centre: En cas que trobeu alguna discrep\u00e0ncia, contacteu amb el vostre assessor\/a digital o gestor\/a TIC.<\/p>\n","protected":false},"author":1,"featured_media":0,"parent":18780,"menu_order":0,"comment_status":"closed","ping_status":"close","template":"","meta":{"site-sidebar-layout":"default","site-content-layout":"","ast-site-content-layout":"default","site-content-style":"default","site-sidebar-style":"default","ast-global-header-display":"","ast-banner-title-visibility":"","ast-main-header-display":"","ast-hfb-above-header-display":"","ast-hfb-below-header-display":"","ast-hfb-mobile-header-display":"","site-post-title":"","ast-breadcrumbs-content":"","ast-featured-img":"","footer-sml-layout":"","theme-transparent-header-meta":"","adv-header-id-meta":"","stick-header-meta":"","header-above-stick-meta":"","header-main-stick-meta":"","header-below-stick-meta":"","astra-migrate-meta-layouts":"set","ast-page-background-enabled":"default","ast-page-background-meta":{"desktop":{"background-color":"var(--ast-global-color-4)","background-image":"","background-repeat":"repeat","background-position":"center center","background-size":"auto","background-attachment":"scroll","background-type":"","background-media":"","overlay-type":"","overlay-color":"","overlay-opacity":"","overlay-gradient":""},"tablet":{"background-color":"","background-image":"","background-repeat":"repeat","background-position":"center center","background-size":"auto","background-attachment":"scroll","background-type":"","background-media":"","overlay-type":"","overlay-color":"","overlay-opacity":"","overlay-gradient":""},"mobile":{"background-color":"","background-image":"","background-repeat":"repeat","background-position":"center center","background-size":"auto","background-attachment":"scroll","background-type":"","background-media":"","overlay-type":"","overlay-color":"","overlay-opacity":"","overlay-gradient":""}},"ast-content-background-meta":{"desktop":{"background-color":"var(--ast-global-color-5)","background-image":"","background-repeat":"repeat","background-position":"center center","background-size":"auto","background-attachment":"scroll","background-type":"","background-media":"","overlay-type":"","overlay-color":"","overlay-opacity":"","overlay-gradient":""},"tablet":{"background-color":"var(--ast-global-color-5)","background-image":"","background-repeat":"repeat","background-position":"center center","background-size":"auto","background-attachment":"scroll","background-type":"","background-media":"","overlay-type":"","overlay-color":"","overlay-opacity":"","overlay-gradient":""},"mobile":{"background-color":"var(--ast-global-color-5)","background-image":"","background-repeat":"repeat","background-position":"center center","background-size":"auto","background-attachment":"scroll","background-type":"","background-media":"","overlay-type":"","overlay-color":"","overlay-opacity":"","overlay-gradient":""}},"footnotes":""},"class_list":["post-36811","page","type-page","status-publish","hentry"],"post_mailing_queue_ids":[],"_links":{"self":[{"href":"https:\/\/projectes.xtec.cat\/digital\/wp-json\/wp\/v2\/pages\/36811","targetHints":{"allow":["GET"]}}],"collection":[{"href":"https:\/\/projectes.xtec.cat\/digital\/wp-json\/wp\/v2\/pages"}],"about":[{"href":"https:\/\/projectes.xtec.cat\/digital\/wp-json\/wp\/v2\/types\/page"}],"author":[{"embeddable":true,"href":"https:\/\/projectes.xtec.cat\/digital\/wp-json\/wp\/v2\/users\/1"}],"replies":[{"embeddable":true,"href":"https:\/\/projectes.xtec.cat\/digital\/wp-json\/wp\/v2\/comments?post=36811"}],"version-history":[{"count":6,"href":"https:\/\/projectes.xtec.cat\/digital\/wp-json\/wp\/v2\/pages\/36811\/revisions"}],"predecessor-version":[{"id":38142,"href":"https:\/\/projectes.xtec.cat\/digital\/wp-json\/wp\/v2\/pages\/36811\/revisions\/38142"}],"up":[{"embeddable":true,"href":"https:\/\/projectes.xtec.cat\/digital\/wp-json\/wp\/v2\/pages\/18780"}],"wp:attachment":[{"href":"https:\/\/projectes.xtec.cat\/digital\/wp-json\/wp\/v2\/media?parent=36811"}],"curies":[{"name":"wp","href":"https:\/\/api.w.org\/{rel}","templated":true}]}}