{"id":36865,"date":"2025-07-23T10:20:54","date_gmt":"2025-07-23T08:20:54","guid":{"rendered":"https:\/\/projectes.xtec.cat\/digital\/?page_id=36865"},"modified":"2025-07-23T10:32:01","modified_gmt":"2025-07-23T08:32:01","slug":"proteccio-de-dades","status":"publish","type":"page","link":"https:\/\/projectes.xtec.cat\/digital\/proteccio-de-dades\/","title":{"rendered":"Protecci\u00f3 de dades"},"content":{"rendered":"\n<p>D\u2019acord amb el que estableix el Reglament (UE) 2016\/679, del Parlament Europeu i del Consell, de 27 d\u2019abril de 2016 (RGPD), i la Llei Org\u00e0nica 3\/2018, de 5 de desembre, de Protecci\u00f3 de Dades Personals i garantia dels drets digitals, us informem del seg\u00fcent:<\/p>\n\n\n\n<ul class=\"wp-block-list\">\n<li><strong>Responsable:<\/strong>&nbsp;Secretaria de Pol\u00edtiques Educatives<\/li>\n\n\n\n<li><strong>Finalitat:<\/strong>\u00a0Tractem les dades personals esmentades anteriorment amb les finalitats seg\u00fcents: \n<ul class=\"wp-block-list\">\n<li>Per enviar-vos actualitzacions, butlletins i materials promocionals relacionats amb els vostres interessos seleccionats. <\/li>\n\n\n\n<li>Per personalitzar i millorar la teva experi\u00e8ncia al nostre lloc web. <\/li>\n\n\n\n<li>Complir amb les obligacions legals i donar resposta a les sol\u00b7licituds l\u00edcites de les autoritats competents.<\/li>\n<\/ul>\n<\/li>\n\n\n\n<li><strong>Drets:<\/strong>&nbsp;Accedir a les dades, rectificar-les, suprimir-les, oposar-se\u2019n al tractament i sol\u00b7licitar-ne la limitaci\u00f3. Podeu trobar tota la informaci\u00f3 relativa als drets de les persones interessades i comexercir-los en el web del&nbsp;<a href=\"https:\/\/educacio.gencat.cat\/ca\/departament\/proteccio-dades\/drets-persones-interessades\/\" target=\"_blank\" rel=\"noreferrer noopener\">Departament d\u2019Educaci\u00f3<\/a>.<\/li>\n<\/ul>\n\n\n\n<p><strong>Informaci\u00f3 addicional:&nbsp;<\/strong>Podeu consultar la informaci\u00f3 addicional i detallada del tractament a trav\u00e9s del seg\u00fcent enlla\u00e7:&nbsp;<a href=\"https:\/\/educacio.gencat.cat\/ca\/departament\/proteccio-dades\/informacio-addicional-tractaments\/gestio-activitats-formacio-personal\" target=\"_blank\" rel=\"noreferrer noopener\">https:\/\/educacio.gencat.cat\/ca\/departament\/proteccio-dades\/informacio-addicional-tractaments\/gestio-activitats-formacio-personal<\/a><\/p>\n\n\n\n<div style=\"height:76px\" aria-hidden=\"true\" class=\"wp-block-spacer\"><\/div>\n","protected":false},"excerpt":{"rendered":"<p>D\u2019acord amb el que estableix el Reglament (UE) 2016\/679, del Parlament Europeu i del Consell, de 27 d\u2019abril de 2016 (RGPD), i la Llei Org\u00e0nica 3\/2018, de 5 de desembre, de Protecci\u00f3 de Dades Personals i garantia dels drets digitals, us informem del seg\u00fcent: Informaci\u00f3 addicional:&nbsp;Podeu consultar la informaci\u00f3 addicional i detallada del tractament a [&hellip;]<\/p>\n","protected":false},"author":2,"featured_media":0,"parent":0,"menu_order":0,"comment_status":"closed","ping_status":"close","template":"","meta":{"site-sidebar-layout":"default","site-content-layout":"","ast-site-content-layout":"default","site-content-style":"default","site-sidebar-style":"default","ast-global-header-display":"","ast-banner-title-visibility":"","ast-main-header-display":"","ast-hfb-above-header-display":"","ast-hfb-below-header-display":"","ast-hfb-mobile-header-display":"","site-post-title":"","ast-breadcrumbs-content":"","ast-featured-img":"","footer-sml-layout":"","theme-transparent-header-meta":"","adv-header-id-meta":"","stick-header-meta":"","header-above-stick-meta":"","header-main-stick-meta":"","header-below-stick-meta":"","astra-migrate-meta-layouts":"set","ast-page-background-enabled":"default","ast-page-background-meta":{"desktop":{"background-color":"var(--ast-global-color-4)","background-image":"","background-repeat":"repeat","background-position":"center center","background-size":"auto","background-attachment":"scroll","background-type":"","background-media":"","overlay-type":"","overlay-color":"","overlay-opacity":"","overlay-gradient":""},"tablet":{"background-color":"","background-image":"","background-repeat":"repeat","background-position":"center center","background-size":"auto","background-attachment":"scroll","background-type":"","background-media":"","overlay-type":"","overlay-color":"","overlay-opacity":"","overlay-gradient":""},"mobile":{"background-color":"","background-image":"","background-repeat":"repeat","background-position":"center center","background-size":"auto","background-attachment":"scroll","background-type":"","background-media":"","overlay-type":"","overlay-color":"","overlay-opacity":"","overlay-gradient":""}},"ast-content-background-meta":{"desktop":{"background-color":"var(--ast-global-color-5)","background-image":"","background-repeat":"repeat","background-position":"center center","background-size":"auto","background-attachment":"scroll","background-type":"","background-media":"","overlay-type":"","overlay-color":"","overlay-opacity":"","overlay-gradient":""},"tablet":{"background-color":"var(--ast-global-color-5)","background-image":"","background-repeat":"repeat","background-position":"center center","background-size":"auto","background-attachment":"scroll","background-type":"","background-media":"","overlay-type":"","overlay-color":"","overlay-opacity":"","overlay-gradient":""},"mobile":{"background-color":"var(--ast-global-color-5)","background-image":"","background-repeat":"repeat","background-position":"center center","background-size":"auto","background-attachment":"scroll","background-type":"","background-media":"","overlay-type":"","overlay-color":"","overlay-opacity":"","overlay-gradient":""}},"footnotes":""},"class_list":["post-36865","page","type-page","status-publish","hentry"],"post_mailing_queue_ids":[],"_links":{"self":[{"href":"https:\/\/projectes.xtec.cat\/digital\/wp-json\/wp\/v2\/pages\/36865","targetHints":{"allow":["GET"]}}],"collection":[{"href":"https:\/\/projectes.xtec.cat\/digital\/wp-json\/wp\/v2\/pages"}],"about":[{"href":"https:\/\/projectes.xtec.cat\/digital\/wp-json\/wp\/v2\/types\/page"}],"author":[{"embeddable":true,"href":"https:\/\/projectes.xtec.cat\/digital\/wp-json\/wp\/v2\/users\/2"}],"replies":[{"embeddable":true,"href":"https:\/\/projectes.xtec.cat\/digital\/wp-json\/wp\/v2\/comments?post=36865"}],"version-history":[{"count":5,"href":"https:\/\/projectes.xtec.cat\/digital\/wp-json\/wp\/v2\/pages\/36865\/revisions"}],"predecessor-version":[{"id":36872,"href":"https:\/\/projectes.xtec.cat\/digital\/wp-json\/wp\/v2\/pages\/36865\/revisions\/36872"}],"wp:attachment":[{"href":"https:\/\/projectes.xtec.cat\/digital\/wp-json\/wp\/v2\/media?parent=36865"}],"curies":[{"name":"wp","href":"https:\/\/api.w.org\/{rel}","templated":true}]}}