{"id":37135,"date":"2025-08-29T20:30:21","date_gmt":"2025-08-29T18:30:21","guid":{"rendered":"https:\/\/projectes.xtec.cat\/digital\/?page_id=37135"},"modified":"2025-10-13T09:18:27","modified_gmt":"2025-10-13T07:18:27","slug":"alliberar-espai-del-meu-compte-xtec","status":"publish","type":"page","link":"https:\/\/projectes.xtec.cat\/digital\/perfils\/docents\/alliberar-espai-del-meu-compte-xtec\/","title":{"rendered":"Alliberar espai del meu compte XTEC"},"content":{"rendered":"\n<div class=\"wp-block-getwid-section alignwide alignwide\"><div class=\"wp-block-getwid-section__wrapper\"><div class=\"wp-block-getwid-section__inner-wrapper\"><div class=\"wp-block-getwid-section__background-holder\"><div class=\"wp-block-getwid-section__background\"><\/div><div class=\"wp-block-getwid-section__foreground\"><\/div><\/div><div class=\"wp-block-getwid-section__content\"><div class=\"wp-block-getwid-section__inner-content\">\n<p class=\"has-ast-global-color-5-color has-vivid-red-background-color has-text-color has-background has-link-color has-medium-font-size wp-elements-b4899724ea6d9df34cec6d85eeb39c30\">Us recordem que NO podeu fer servir el compte XTEC com a repositori de arxius, documents, v\u00eddeos i fotografies personals.<\/p>\n\n\n\n<h2 class=\"wp-block-heading\">1. Google Fotos<\/h2>\n\n\n\n<p>La primera acci\u00f3 que heu de fer abans d&#8217;eliminar qualsevol v\u00eddeo o fotografia \u00e9s comprovar si teniu el servei de Google Fotos del vostre compte XTEC sincronitzat amb el m\u00f2bil. <\/p>\n\n\n\n<div class=\"wp-block-getwid-accordion has-icon-left\" data-active-element=\"none\">\n<div class=\"wp-block-getwid-accordion__header-wrapper\"><span class=\"wp-block-getwid-accordion__header\"><a href=\"#\"><span class=\"wp-block-getwid-accordion__header-title\">Com puc saber si tinc Google Fotos de XTEC sincronitzat amb el meu m\u00f2bil? <\/span><span class=\"wp-block-getwid-accordion__icon is-active\"><i class=\"fas fa-chevron-down\"><\/i><\/span><span class=\"wp-block-getwid-accordion__icon is-passive\"><i class=\"fas fa-chevron-up\"><\/i><\/span><\/a><\/span><\/div><div class=\"wp-block-getwid-accordion__content-wrapper\"><div class=\"wp-block-getwid-accordion__content\">\n<figure class=\"wp-block-image alignright size-full is-resized\"><a href=\"https:\/\/projectes.xtec.cat\/digital\/wp-content\/uploads\/usu2317\/2025\/09\/google-fotos.png\"><img loading=\"lazy\" decoding=\"async\" width=\"648\" height=\"648\" src=\"https:\/\/projectes.xtec.cat\/digital\/wp-content\/uploads\/usu2317\/2025\/09\/google-fotos.png\" alt=\"\" class=\"wp-image-37380\" style=\"width:83px;height:auto\" srcset=\"https:\/\/projectes.xtec.cat\/digital\/wp-content\/uploads\/usu2317\/2025\/09\/google-fotos.png 648w, https:\/\/projectes.xtec.cat\/digital\/wp-content\/uploads\/usu2317\/2025\/09\/google-fotos-300x300.png 300w, https:\/\/projectes.xtec.cat\/digital\/wp-content\/uploads\/usu2317\/2025\/09\/google-fotos-150x150.png 150w\" sizes=\"auto, (max-width: 648px) 100vw, 648px\" \/><\/a><\/figure>\n\n\n\n<ol class=\"wp-block-list\">\n<li>Busca l&#8217;aplicaci\u00f3 <strong>Google Fotos<\/strong> al teu m\u00f2bil. <\/li>\n\n\n\n<li>Obre l&#8217;aplicaci\u00f3 i fes clic a la foto o inicial del nom, a dalt a la dreta. <\/li>\n\n\n\n<li>Revisa si entre els comptes vinculats apareix el teu compte XTEC. <\/li>\n<\/ol>\n\n\n\n<p>Si apareix, mira el seg\u00fcent apartat per desvincular-ho.<\/p>\n<\/div><\/div>\n\n\n\n<div class=\"wp-block-getwid-accordion__header-wrapper\"><span class=\"wp-block-getwid-accordion__header\"><a href=\"#\"><span class=\"wp-block-getwid-accordion__header-title\">Desvincular el teu compte XTEC de Google Fotos al teu m\u00f2bil.<\/span><span class=\"wp-block-getwid-accordion__icon is-active\"><i class=\"fas fa-chevron-down\"><\/i><\/span><span class=\"wp-block-getwid-accordion__icon is-passive\"><i class=\"fas fa-chevron-up\"><\/i><\/span><\/a><\/span><\/div><div class=\"wp-block-getwid-accordion__content-wrapper\"><div class=\"wp-block-getwid-accordion__content\">\n<p class=\"has-ast-global-color-4-background-color has-background\">\ud83d\udc49 La desvinculaci\u00f3 no esborrar\u00e0 les fotos al m\u00f2bil ni al n\u00favol XTEC. L&#8217;objectiu de la desvinculaci\u00f3 \u00e9s garantir que, si esborres les fotos al n\u00favol XTEC, no s&#8217;esborrin del m\u00f2bil. <\/p>\n\n\n\n<ol class=\"wp-block-list\">\n<li>Dins de Google Fotos, feu clic sobre el teu compte XTEC (a dalt a la dreta)<\/li>\n\n\n\n<li>Feu clic en el bot\u00f3&nbsp;<strong>Desactivar c\u00f2pia de seguretat<\/strong>.<\/li>\n\n\n\n<li>Comprovar que mostra <strong>C\u00f2pia de seguretat desactivada<\/strong>. <\/li>\n<\/ol>\n\n\n\n<figure class=\"wp-block-image aligncenter size-full is-resized\"><a href=\"https:\/\/projectes.xtec.cat\/digital\/wp-content\/uploads\/usu2317\/2025\/09\/Desincronizar_fotos-473x1024-1.jpg\"><img loading=\"lazy\" decoding=\"async\" width=\"473\" height=\"1024\" src=\"https:\/\/projectes.xtec.cat\/digital\/wp-content\/uploads\/usu2317\/2025\/09\/Desincronizar_fotos-473x1024-1.jpg\" alt=\"\" class=\"wp-image-37382\" style=\"width:251px;height:auto\" srcset=\"https:\/\/projectes.xtec.cat\/digital\/wp-content\/uploads\/usu2317\/2025\/09\/Desincronizar_fotos-473x1024-1.jpg 473w, https:\/\/projectes.xtec.cat\/digital\/wp-content\/uploads\/usu2317\/2025\/09\/Desincronizar_fotos-473x1024-1-139x300.jpg 139w\" sizes=\"auto, (max-width: 473px) 100vw, 473px\" \/><\/a><\/figure>\n\n\n\n<p>Al trencar la desvinculaci\u00f3, ja pots esborrar les fotos al compte XTEC en el n\u00favol sense que s&#8217;esborrin del m\u00f2bil. <\/p>\n<\/div><\/div>\n<\/div>\n\n\n\n<div style=\"height:32px\" aria-hidden=\"true\" class=\"wp-block-spacer\"><\/div>\n\n\n\n<div class=\"wp-block-getwid-tabs\" data-active-tab=\"0\"><ul class=\"wp-block-getwid-tabs__nav-links\"><\/ul>\n<div class=\"wp-block-getwid-tabs__nav-link\"><span class=\"wp-block-getwid-tabs__title-wrapper\"><a href=\"#\"><span class=\"wp-block-getwid-tabs__title\">Revisi\u00f3 manual dels arxius grans<\/span><\/a><\/span><\/div><div class=\"wp-block-getwid-tabs__tab-content-wrapper\"><div class=\"wp-block-getwid-tabs__tab-content\">\n<p>Podeu revisar quins v\u00eddeos i fotografies estan ocupant m\u00e9s espai anant a: <\/p>\n\n\n\n<p><a href=\"https:\/\/photos.google.com\/quotamanagement\">https:\/\/photos.google.com\/quotamanagement<\/a><br><br>Aneu a <strong>Emmagatzematge<\/strong> i feu clic a <strong>Fotos i v\u00eddeos grans<\/strong>. <\/p>\n\n\n\n<ol class=\"wp-block-list\">\n<li><strong>Reviseu<\/strong> quins v\u00eddeos i fotografies estan ocupant m\u00e9s espai.<\/li>\n\n\n\n<li><strong>Descarregueu<\/strong> les fotografies\/v\u00eddeos i deseu-les en un disc dur o espai al n\u00favol (diferent d&#8217;XTEC).<\/li>\n\n\n\n<li><strong>Elimineu<\/strong> les fotografies (revisades i desades) del vostre compte XTEC. <br>\u26a0\ufe0f Si teniu sincronitzat el m\u00f2bil, els v\u00eddeos i fotografies s&#8217;esborraran tamb\u00e9 del m\u00f2bil. Si voleu mantenir-les en el m\u00f2bil, heu de dessincronitzar el m\u00f2bil amb el vostre compte (vegeu procediment a la part superior d&#8217;aquesta p\u00e0gina).<\/li>\n\n\n\n<li>Les fotos s&#8217;esborraran definitivament de la paperera en 60 dies. <\/li>\n<\/ol>\n<\/div><\/div>\n\n\n\n<div class=\"wp-block-getwid-tabs__nav-link\"><span class=\"wp-block-getwid-tabs__title-wrapper\"><a href=\"#\"><span class=\"wp-block-getwid-tabs__title\">C\u00f2pia de seguretat i eliminaci\u00f3 massiva<\/span><\/a><\/span><\/div><div class=\"wp-block-getwid-tabs__tab-content-wrapper\"><div class=\"wp-block-getwid-tabs__tab-content\">\n<h3 class=\"wp-block-heading\">Fer c\u00f2pia de seguretat de totes les fotografies<\/h3>\n\n\n\n<ol class=\"wp-block-list\">\n<li>Aneu a <a href=\"https:\/\/takeout.google.com\/\">Google Takeout<\/a>.<\/li>\n\n\n\n<li>Desseleccioneu tots els serveis.<\/li>\n\n\n\n<li>Seleccioneu el servei <strong>Google Fotos<\/strong>.<\/li>\n\n\n\n<li>Si teniu un ordinador antic, mantingueu a 2 GB la mida m\u00e0xima de fitxer. Si no, augmenteu a 16 GB o m\u00e9s. Com m\u00e9s gran sigui la mida m\u00e0xima de fitxer, menys fitxers haureu de descarregar i descomprimir despr\u00e9s.<\/li>\n<\/ol>\n\n\n\n<figure class=\"wp-block-video\"><video controls src=\"https:\/\/projectes.xtec.cat\/digital\/wp-content\/uploads\/usu2317\/2025\/08\/Google-Takeout.mp4\"><\/video><\/figure>\n\n\n\n<div style=\"height:22px\" aria-hidden=\"true\" class=\"wp-block-spacer\"><\/div>\n\n\n\n<ol start=\"5\" class=\"wp-block-list\">\n<li>Feu clic en <strong>Crea una exportaci\u00f3<\/strong>.<\/li>\n\n\n\n<li>El sistema us avisar\u00e0 per correu electr\u00f2nic quan s&#8217;hagi fet la c\u00f2pia i us proporcionar\u00e0 una p\u00e0gina per fer la desc\u00e0rrega. <\/li>\n\n\n\n<li>Una vegada generada la c\u00f2pia de seguretat, descarregueu cada fitxer i deseu-lo en un sistema d&#8217;emmagatzematge extern o en el n\u00favol (que no sigui XTEC).<\/li>\n<\/ol>\n\n\n\n<h3 class=\"wp-block-heading\">Eliminar les fotografies personals del vostre compte XTEC<\/h3>\n\n\n\n<p class=\"has-ast-global-color-4-background-color has-background\">\u26a0\ufe0f Abans d&#8217;eliminar qualsevol fotografia al n\u00favol XTEC, <strong>assegureu-vos de dessincronitzar el Google Fotos al m\u00f2bil<\/strong>. Si esborreu les fotos del Google Fotos des de l&#8217;ordinador, s&#8217;esborrar\u00e0 tamb\u00e9 del vostre m\u00f2bil. Podeu trobar el procediment a la part superior d&#8217;aquesta mateixa p\u00e0gina.<\/p>\n\n\n\n<ul class=\"wp-block-list\">\n<li>Tanqueu qualsevol compte que no sigui el vostre compte XTEC.<\/li>\n\n\n\n<li>Aneu a <a>Google Fotos<\/a> des del navegador.<\/li>\n\n\n\n<li>Seleccioneu totes les fotos que vulgueu esborrar. Podeu fer-ho manualment o b\u00e9 pr\u00e9mer <strong>Ctrl + A<\/strong> (Windows) o <strong>Cmd + A<\/strong> (Mac) per seleccionar-les totes.<\/li>\n\n\n\n<li>Feu clic a la icona de la <strong>paperera<\/strong> \ud83d\uddd1\ufe0f. Les fotos aniran a la <strong>Paperera<\/strong> i hi romandran durant <strong>60 dies<\/strong>.<\/li>\n\n\n\n<li>\u26a0\ufe0f\u26a0\ufe0f\u26a0\ufe0f Si esteu segurs que teniu les fotografies accessibles en l&#8217;espai on heu fet la c\u00f2pia de seguretat (disc dur extern o n\u00favol diferent a XTEC), entreu a la <strong>Paperera<\/strong> (men\u00fa lateral esquerre) del vostre Google Fotos XTEC i seleccioneu <strong>Buida la paperera<\/strong>. D&#8217;aquesta manera recuperareu l&#8217;espai immediatament (pot trigar unes poques hores en actualitzar-se el comptador).<\/li>\n<\/ul>\n<\/div><\/div>\n<\/div>\n\n\n\n<div style=\"height:43px\" aria-hidden=\"true\" class=\"wp-block-spacer\"><\/div>\n\n\n\n<h2 class=\"wp-block-heading\">2. Google Drive<\/h2>\n\n\n\n<figure class=\"wp-block-image alignright size-full is-resized\"><a href=\"https:\/\/projectes.xtec.cat\/digital\/wp-content\/uploads\/usu2317\/2025\/09\/Captura-de-pantalla-2025-09-22-a-les-15.02.07.png\"><img loading=\"lazy\" decoding=\"async\" width=\"299\" height=\"270\" src=\"https:\/\/projectes.xtec.cat\/digital\/wp-content\/uploads\/usu2317\/2025\/09\/Captura-de-pantalla-2025-09-22-a-les-15.02.07.png\" alt=\"\" class=\"wp-image-37388\" style=\"width:200px;height:auto\"\/><\/a><\/figure>\n\n\n\n<ol class=\"wp-block-list\">\n<li>Buideu la paperera a <a href=\"https:\/\/drive.google.com\/drive\/trash\">https:\/\/drive.google.com\/drive\/trash<\/a> (enlla\u00e7 a dalt a la dreta: Buida la paperera).<\/li>\n\n\n\n<li>Aneu a <a href=\"https:\/\/drive.google.com\/drive\/quota\">https:\/\/drive.google.com\/drive\/quota<\/a> i ordeneu per la mida dels fitxers en ordre descendent. <\/li>\n\n\n\n<li>Esborreu els fitxers personals. <\/li>\n<\/ol>\n\n\n\n<p>Si teniu arxius que siguin d&#8217;inter\u00e8s pel centre, contacteu amb el centre per moure els arxius. Us han de donar permisos temporalment de gestor de contingut en alguna unitat compartida del centre. <\/p>\n<\/div><\/div><\/div><\/div><\/div>\n\n\n\n<div style=\"height:79px\" aria-hidden=\"true\" class=\"wp-block-spacer\"><\/div>\n","protected":false},"excerpt":{"rendered":"","protected":false},"author":2,"featured_media":0,"parent":14671,"menu_order":0,"comment_status":"closed","ping_status":"close","template":"","meta":{"site-sidebar-layout":"default","site-content-layout":"","ast-site-content-layout":"default","site-content-style":"default","site-sidebar-style":"default","ast-global-header-display":"","ast-banner-title-visibility":"","ast-main-header-display":"","ast-hfb-above-header-display":"","ast-hfb-below-header-display":"","ast-hfb-mobile-header-display":"","site-post-title":"","ast-breadcrumbs-content":"","ast-featured-img":"","footer-sml-layout":"","theme-transparent-header-meta":"","adv-header-id-meta":"","stick-header-meta":"","header-above-stick-meta":"","header-main-stick-meta":"","header-below-stick-meta":"","astra-migrate-meta-layouts":"set","ast-page-background-enabled":"default","ast-page-background-meta":{"desktop":{"background-color":"var(--ast-global-color-4)","background-image":"","background-repeat":"repeat","background-position":"center center","background-size":"auto","background-attachment":"scroll","background-type":"","background-media":"","overlay-type":"","overlay-color":"","overlay-opacity":"","overlay-gradient":""},"tablet":{"background-color":"","background-image":"","background-repeat":"repeat","background-position":"center center","background-size":"auto","background-attachment":"scroll","background-type":"","background-media":"","overlay-type":"","overlay-color":"","overlay-opacity":"","overlay-gradient":""},"mobile":{"background-color":"","background-image":"","background-repeat":"repeat","background-position":"center center","background-size":"auto","background-attachment":"scroll","background-type":"","background-media":"","overlay-type":"","overlay-color":"","overlay-opacity":"","overlay-gradient":""}},"ast-content-background-meta":{"desktop":{"background-color":"var(--ast-global-color-5)","background-image":"","background-repeat":"repeat","background-position":"center center","background-size":"auto","background-attachment":"scroll","background-type":"","background-media":"","overlay-type":"","overlay-color":"","overlay-opacity":"","overlay-gradient":""},"tablet":{"background-color":"var(--ast-global-color-5)","background-image":"","background-repeat":"repeat","background-position":"center center","background-size":"auto","background-attachment":"scroll","background-type":"","background-media":"","overlay-type":"","overlay-color":"","overlay-opacity":"","overlay-gradient":""},"mobile":{"background-color":"var(--ast-global-color-5)","background-image":"","background-repeat":"repeat","background-position":"center center","background-size":"auto","background-attachment":"scroll","background-type":"","background-media":"","overlay-type":"","overlay-color":"","overlay-opacity":"","overlay-gradient":""}},"footnotes":""},"class_list":["post-37135","page","type-page","status-publish","hentry"],"post_mailing_queue_ids":[],"_links":{"self":[{"href":"https:\/\/projectes.xtec.cat\/digital\/wp-json\/wp\/v2\/pages\/37135","targetHints":{"allow":["GET"]}}],"collection":[{"href":"https:\/\/projectes.xtec.cat\/digital\/wp-json\/wp\/v2\/pages"}],"about":[{"href":"https:\/\/projectes.xtec.cat\/digital\/wp-json\/wp\/v2\/types\/page"}],"author":[{"embeddable":true,"href":"https:\/\/projectes.xtec.cat\/digital\/wp-json\/wp\/v2\/users\/2"}],"replies":[{"embeddable":true,"href":"https:\/\/projectes.xtec.cat\/digital\/wp-json\/wp\/v2\/comments?post=37135"}],"version-history":[{"count":6,"href":"https:\/\/projectes.xtec.cat\/digital\/wp-json\/wp\/v2\/pages\/37135\/revisions"}],"predecessor-version":[{"id":37745,"href":"https:\/\/projectes.xtec.cat\/digital\/wp-json\/wp\/v2\/pages\/37135\/revisions\/37745"}],"up":[{"embeddable":true,"href":"https:\/\/projectes.xtec.cat\/digital\/wp-json\/wp\/v2\/pages\/14671"}],"wp:attachment":[{"href":"https:\/\/projectes.xtec.cat\/digital\/wp-json\/wp\/v2\/media?parent=37135"}],"curies":[{"name":"wp","href":"https:\/\/api.w.org\/{rel}","templated":true}]}}