{"id":37539,"date":"2025-10-02T14:58:12","date_gmt":"2025-10-02T12:58:12","guid":{"rendered":"https:\/\/projectes.xtec.cat\/digital\/?page_id=37539"},"modified":"2025-10-02T22:48:13","modified_gmt":"2025-10-02T20:48:13","slug":"sobre-digital","status":"publish","type":"page","link":"https:\/\/projectes.xtec.cat\/digital\/sobre-digital\/","title":{"rendered":"Sobre Digital"},"content":{"rendered":"\n<p>Aquest web \u00e9s un web de <strong>suport al proc\u00e9s de digitalitzaci\u00f3<\/strong> dels centres educatius de Catalunya. Inclou molta informaci\u00f3 \u00fatil i espec\u00edfica sobre plataformes, tecnologies, projectes per\u00f2 sempre circunscrit a l&#8217;\u00e0mbit digital i audiovisual.<\/p>\n\n\n\n<ul class=\"wp-block-list\">\n<li>Per informacions generals sobre el Departament d&#8217;Educaci\u00f3 i Formaci\u00f3 professional (tr\u00e0mits, processos d&#8217;inscripci\u00f3, ofertes de treball, proves, etc) aneu a <a href=\"https:\/\/educacio.gencat.cat\/\">https:\/\/educacio.gencat.cat\/<\/a><\/li>\n\n\n\n<li>Per accedir a la informaci\u00f3 sobre plans, programes, projectes i formaci\u00f3 de tota mena d&#8217;\u00e0mbits (no nom\u00e9s el digital) amb una orientaci\u00f3 pedag\u00f2gica, aneu a <a href=\"https:\/\/xtec.gencat.cat\/\">https:\/\/xtec.gencat.cat\/<\/a><\/li>\n<\/ul>\n\n\n\n<div style=\"height:100px\" aria-hidden=\"true\" class=\"wp-block-spacer\"><\/div>\n","protected":false},"excerpt":{"rendered":"<p>Aquest web \u00e9s un web de suport al proc\u00e9s de digitalitzaci\u00f3 dels centres educatius de Catalunya. Inclou molta informaci\u00f3 \u00fatil i espec\u00edfica sobre plataformes, tecnologies, projectes per\u00f2 sempre circunscrit a l&#8217;\u00e0mbit digital i audiovisual.<\/p>\n","protected":false},"author":2,"featured_media":0,"parent":0,"menu_order":0,"comment_status":"closed","ping_status":"close","template":"","meta":{"site-sidebar-layout":"default","site-content-layout":"","ast-site-content-layout":"default","site-content-style":"default","site-sidebar-style":"default","ast-global-header-display":"","ast-banner-title-visibility":"","ast-main-header-display":"","ast-hfb-above-header-display":"","ast-hfb-below-header-display":"","ast-hfb-mobile-header-display":"","site-post-title":"","ast-breadcrumbs-content":"","ast-featured-img":"","footer-sml-layout":"","theme-transparent-header-meta":"","adv-header-id-meta":"","stick-header-meta":"","header-above-stick-meta":"","header-main-stick-meta":"","header-below-stick-meta":"","astra-migrate-meta-layouts":"set","ast-page-background-enabled":"default","ast-page-background-meta":{"desktop":{"background-color":"var(--ast-global-color-4)","background-image":"","background-repeat":"repeat","background-position":"center center","background-size":"auto","background-attachment":"scroll","background-type":"","background-media":"","overlay-type":"","overlay-color":"","overlay-opacity":"","overlay-gradient":""},"tablet":{"background-color":"","background-image":"","background-repeat":"repeat","background-position":"center center","background-size":"auto","background-attachment":"scroll","background-type":"","background-media":"","overlay-type":"","overlay-color":"","overlay-opacity":"","overlay-gradient":""},"mobile":{"background-color":"","background-image":"","background-repeat":"repeat","background-position":"center center","background-size":"auto","background-attachment":"scroll","background-type":"","background-media":"","overlay-type":"","overlay-color":"","overlay-opacity":"","overlay-gradient":""}},"ast-content-background-meta":{"desktop":{"background-color":"var(--ast-global-color-5)","background-image":"","background-repeat":"repeat","background-position":"center center","background-size":"auto","background-attachment":"scroll","background-type":"","background-media":"","overlay-type":"","overlay-color":"","overlay-opacity":"","overlay-gradient":""},"tablet":{"background-color":"var(--ast-global-color-5)","background-image":"","background-repeat":"repeat","background-position":"center center","background-size":"auto","background-attachment":"scroll","background-type":"","background-media":"","overlay-type":"","overlay-color":"","overlay-opacity":"","overlay-gradient":""},"mobile":{"background-color":"var(--ast-global-color-5)","background-image":"","background-repeat":"repeat","background-position":"center center","background-size":"auto","background-attachment":"scroll","background-type":"","background-media":"","overlay-type":"","overlay-color":"","overlay-opacity":"","overlay-gradient":""}},"footnotes":""},"class_list":["post-37539","page","type-page","status-publish","hentry"],"post_mailing_queue_ids":[],"_links":{"self":[{"href":"https:\/\/projectes.xtec.cat\/digital\/wp-json\/wp\/v2\/pages\/37539","targetHints":{"allow":["GET"]}}],"collection":[{"href":"https:\/\/projectes.xtec.cat\/digital\/wp-json\/wp\/v2\/pages"}],"about":[{"href":"https:\/\/projectes.xtec.cat\/digital\/wp-json\/wp\/v2\/types\/page"}],"author":[{"embeddable":true,"href":"https:\/\/projectes.xtec.cat\/digital\/wp-json\/wp\/v2\/users\/2"}],"replies":[{"embeddable":true,"href":"https:\/\/projectes.xtec.cat\/digital\/wp-json\/wp\/v2\/comments?post=37539"}],"version-history":[{"count":6,"href":"https:\/\/projectes.xtec.cat\/digital\/wp-json\/wp\/v2\/pages\/37539\/revisions"}],"predecessor-version":[{"id":37657,"href":"https:\/\/projectes.xtec.cat\/digital\/wp-json\/wp\/v2\/pages\/37539\/revisions\/37657"}],"wp:attachment":[{"href":"https:\/\/projectes.xtec.cat\/digital\/wp-json\/wp\/v2\/media?parent=37539"}],"curies":[{"name":"wp","href":"https:\/\/api.w.org\/{rel}","templated":true}]}}