{"id":37759,"date":"2025-10-21T13:50:47","date_gmt":"2025-10-21T11:50:47","guid":{"rendered":"https:\/\/projectes.xtec.cat\/digital\/?page_id=37759"},"modified":"2026-01-21T09:36:22","modified_gmt":"2026-01-21T08:36:22","slug":"wifi-gencat_ens_edu_lab","status":"publish","type":"page","link":"https:\/\/projectes.xtec.cat\/digital\/equipaments-i-infraestructures\/infraestructures-digitals\/wifi-gencat_ens_edu_lab\/","title":{"rendered":"WIFI gencat_ENS_EDU_LAB"},"content":{"rendered":"\n<div class=\"wp-block-columns alignwide is-layout-flex wp-container-core-columns-is-layout-1 wp-block-columns-is-layout-flex\">\n<div class=\"wp-block-column is-layout-flow wp-block-column-is-layout-flow\" style=\"flex-basis:33.33%\">\n<p style=\"font-size:18px\">La xarxa <strong>gencat_ENS_EDU_LAB<\/strong>, s&#8217;ha creat per poder connectar equips educatius no compatibles amb la xarxa <strong>gencat_ENS_EDU<\/strong>, o sigui dispositius que nom\u00e9s poden connectar a wifis WPA2 PSK (amb validaci\u00f3 per contrasenya).<\/p>\n\n\n\n<p style=\"font-size:18px\">Aquesta xarxa tamb\u00e9 ha de servir per poder tenir una alternativa per als equips educatius que fins ara estaven connectats a l&#8217;antiga wifi &#8216;Docent&#8217;.<\/p>\n\n\n\n<p style=\"font-size:18px\">Us passem un resum de requisits i operativa d&#8217;aquesta xarxa:<\/p>\n\n\n\n<ul class=\"wp-block-list\">\n<li style=\"font-size:18px\">\u00c9s una xarxa wifi WPA2 PSK per a elements educatius, amb els que s&#8217;hagi d&#8217;interactuar des dels equips connectats a les wifis <strong>gencat_ENS_EDU<\/strong>, <strong>gencat_ENS_EDU_PORTAL<\/strong> o a la xarxa de cable Educativa. Per exemple, plaques de rob\u00f2tica, aut\u00f2mats industrials, panells digitals antics, TV, Apple TV, Chromecast, etc.<\/li>\n<\/ul>\n\n\n\n<ul class=\"wp-block-list\">\n<li style=\"font-size:18px\">Aquesta xarxa valida les adreces MAC dels equips. Per poder afegir elements, cal donar d&#8217;alta els equips, fent petici\u00f3 via ATOM, l&#8217;opci\u00f3 \u00e9s <strong>Gesti\u00f3 i control de dispositius<\/strong> d&#8217;acc\u00e9s a la xarxa. Heu de descarregar el formulari d&#8217;Educaci\u00f3 que hi ha dins l&#8217;opci\u00f3 &#8216;Plantilles&#8217; i omplir les dades que demana.<\/li>\n<\/ul>\n\n\n\n<p>Feu la petici\u00f3 d&#8217;alta dels equips via <strong>ATOM<\/strong> i quan s&#8217;hagin validat, els configureu, afegint la xarxa de forma manual <strong>gencat_ENS_EDU_LAB<\/strong> (\u00e9s un SSID ocult, no apareixer\u00e0 autom\u00e0ticament, cal respectar les maj\u00fascules i min\u00fascules) i la contrasenya.<br><br>Teniu disponible <a href=\"https:\/\/docs.google.com\/document\/d\/1uPnRFhL4TKEi0RiFZEv2kwoy268u_yPw6zpJhDMOZio\/edit?usp=sharing\">aquesta guia<\/a> per fer les peticions d&#8217;alta de connectivitat de nous equipaments.<\/p>\n<\/div>\n\n\n\n<div class=\"wp-block-column is-layout-flow wp-block-column-is-layout-flow\" style=\"flex-basis:66.66%\">\n<div class=\"video-responsive\"><iframe src=\"https:\/\/docs.google.com\/presentation\/d\/11trWtvq3Je_4_Qpl86vdb2q-txNIoiFDT62gvaWmaUs\/preview?slide=id.g23f1462ad3b_6_1\"><\/iframe><\/div>\n\n\n\n<div style=\"height:15px\" aria-hidden=\"true\" class=\"wp-block-spacer\"><\/div>\n\n\n\n<p class=\"has-ast-global-color-5-color has-vivid-red-background-color has-text-color has-background has-link-color wp-elements-929f6d195e642c014337fc8b0cfeb12a\">En cas de no con\u00e8ixer la contrasenya de la wifi <strong>gencat_ENS_EDU_LAB <\/strong>, els centres educatius la poden demanar fent una <strong>consulta via \u00c0tom<\/strong> o <strong>contactant amb al Gestor TIC<\/strong> de territori.<br><\/p>\n<\/div>\n<\/div>\n\n\n\n<div style=\"height:100px\" aria-hidden=\"true\" class=\"wp-block-spacer\"><\/div>\n","protected":false},"excerpt":{"rendered":"<p>La xarxa gencat_ENS_EDU_LAB, s&#8217;ha creat per poder connectar equips educatius no compatibles amb la xarxa gencat_ENS_EDU, o sigui dispositius que nom\u00e9s poden connectar a wifis WPA2 PSK (amb validaci\u00f3 per contrasenya). Aquesta xarxa tamb\u00e9 ha de servir per poder tenir una alternativa per als equips educatius que fins ara estaven connectats a l&#8217;antiga wifi &#8216;Docent&#8217;. [&hellip;]<\/p>\n","protected":false},"author":366,"featured_media":0,"parent":12695,"menu_order":0,"comment_status":"closed","ping_status":"close","template":"","meta":{"site-sidebar-layout":"default","site-content-layout":"","ast-site-content-layout":"default","site-content-style":"default","site-sidebar-style":"default","ast-global-header-display":"","ast-banner-title-visibility":"","ast-main-header-display":"","ast-hfb-above-header-display":"","ast-hfb-below-header-display":"","ast-hfb-mobile-header-display":"","site-post-title":"","ast-breadcrumbs-content":"","ast-featured-img":"","footer-sml-layout":"","theme-transparent-header-meta":"","adv-header-id-meta":"","stick-header-meta":"","header-above-stick-meta":"","header-main-stick-meta":"","header-below-stick-meta":"","astra-migrate-meta-layouts":"set","ast-page-background-enabled":"default","ast-page-background-meta":{"desktop":{"background-color":"var(--ast-global-color-4)","background-image":"","background-repeat":"repeat","background-position":"center center","background-size":"auto","background-attachment":"scroll","background-type":"","background-media":"","overlay-type":"","overlay-color":"","overlay-opacity":"","overlay-gradient":""},"tablet":{"background-color":"","background-image":"","background-repeat":"repeat","background-position":"center center","background-size":"auto","background-attachment":"scroll","background-type":"","background-media":"","overlay-type":"","overlay-color":"","overlay-opacity":"","overlay-gradient":""},"mobile":{"background-color":"","background-image":"","background-repeat":"repeat","background-position":"center center","background-size":"auto","background-attachment":"scroll","background-type":"","background-media":"","overlay-type":"","overlay-color":"","overlay-opacity":"","overlay-gradient":""}},"ast-content-background-meta":{"desktop":{"background-color":"var(--ast-global-color-5)","background-image":"","background-repeat":"repeat","background-position":"center center","background-size":"auto","background-attachment":"scroll","background-type":"","background-media":"","overlay-type":"","overlay-color":"","overlay-opacity":"","overlay-gradient":""},"tablet":{"background-color":"var(--ast-global-color-5)","background-image":"","background-repeat":"repeat","background-position":"center center","background-size":"auto","background-attachment":"scroll","background-type":"","background-media":"","overlay-type":"","overlay-color":"","overlay-opacity":"","overlay-gradient":""},"mobile":{"background-color":"var(--ast-global-color-5)","background-image":"","background-repeat":"repeat","background-position":"center center","background-size":"auto","background-attachment":"scroll","background-type":"","background-media":"","overlay-type":"","overlay-color":"","overlay-opacity":"","overlay-gradient":""}},"footnotes":""},"class_list":["post-37759","page","type-page","status-publish","hentry"],"post_mailing_queue_ids":[],"_links":{"self":[{"href":"https:\/\/projectes.xtec.cat\/digital\/wp-json\/wp\/v2\/pages\/37759","targetHints":{"allow":["GET"]}}],"collection":[{"href":"https:\/\/projectes.xtec.cat\/digital\/wp-json\/wp\/v2\/pages"}],"about":[{"href":"https:\/\/projectes.xtec.cat\/digital\/wp-json\/wp\/v2\/types\/page"}],"author":[{"embeddable":true,"href":"https:\/\/projectes.xtec.cat\/digital\/wp-json\/wp\/v2\/users\/366"}],"replies":[{"embeddable":true,"href":"https:\/\/projectes.xtec.cat\/digital\/wp-json\/wp\/v2\/comments?post=37759"}],"version-history":[{"count":6,"href":"https:\/\/projectes.xtec.cat\/digital\/wp-json\/wp\/v2\/pages\/37759\/revisions"}],"predecessor-version":[{"id":38199,"href":"https:\/\/projectes.xtec.cat\/digital\/wp-json\/wp\/v2\/pages\/37759\/revisions\/38199"}],"up":[{"embeddable":true,"href":"https:\/\/projectes.xtec.cat\/digital\/wp-json\/wp\/v2\/pages\/12695"}],"wp:attachment":[{"href":"https:\/\/projectes.xtec.cat\/digital\/wp-json\/wp\/v2\/media?parent=37759"}],"curies":[{"name":"wp","href":"https:\/\/api.w.org\/{rel}","templated":true}]}}