{"id":38262,"date":"2026-01-26T15:56:34","date_gmt":"2026-01-26T14:56:34","guid":{"rendered":"https:\/\/projectes.xtec.cat\/digital\/?page_id=38262"},"modified":"2026-01-28T09:04:00","modified_gmt":"2026-01-28T08:04:00","slug":"wifi-gencat_ens_adm","status":"publish","type":"page","link":"https:\/\/projectes.xtec.cat\/digital\/equipaments-i-infraestructures\/infraestructures-digitals\/wifi-gencat_ens_adm\/","title":{"rendered":"WIFI gencat_ENS_ADM"},"content":{"rendered":"\n<div class=\"wp-block-columns alignwide is-layout-flex wp-container-core-columns-is-layout-1 wp-block-columns-is-layout-flex\">\n<div class=\"wp-block-column is-layout-flow wp-block-column-is-layout-flow\" style=\"flex-basis:33.33%\">\n<p style=\"font-size:18px\">La xarxa wifi <strong>gencat_ENS_ADM<\/strong> \u00e9s la xarxa sense fils pensada per a l&#8217;\u00e0mbit administratiu.<\/p>\n\n\n\n<p class=\"has-ast-global-color-4-background-color has-background\" style=\"font-size:18px\">Els docents poden fer servir aquesta xarxa de <strong><span style=\"text-decoration: underline;\">forma puntual<\/span><\/strong> <strong>sempre que hi connectin <span style=\"text-decoration: underline;\">equips del PEDC<\/span><\/strong>.<br>No \u00e9s una xarxa per connectar-s&#8217;hi de <strong>forma regular<\/strong>, per aix\u00f2 el centre educatiu disposa de les xarxes wifi gencat_ENS_EDU i gencat_ENS_EDU_PORTAL (centres amb antenes ARUBA).<\/p>\n\n\n\n<p style=\"font-size:18px\">El nom de la xarxa <strong>gencat_ENS_ADM no \u00e9s visible<\/strong> (est\u00e0 configurat com &#8220;amagat&#8221; perqu\u00e8 no sigui visible al p\u00fablic en general).<br><br>Des d&#8217;aquesta xarxa es t\u00e9 <strong>nom\u00e9s<\/strong> acc\u00e9s a Internet, al servidor de centre i al servei d&#8217;impressi\u00f3.<br><br>Des de la xarxa <strong>gencat_ENS_ADM no es t\u00e9 acc\u00e9s <\/strong>als dispositius connectats a les xarxes seg\u00fcents:<br><br>gencat_ENS_EDU, gencat_ENS_EDU_PORTAL, gencat_ENS_EDU_LAB.<br><\/p>\n<\/div>\n\n\n\n<div class=\"wp-block-column has-ast-global-color-6-background-color has-background is-layout-flow wp-block-column-is-layout-flow\" style=\"padding-top:var(--wp--preset--spacing--30);padding-right:var(--wp--preset--spacing--50);padding-bottom:var(--wp--preset--spacing--30);padding-left:var(--wp--preset--spacing--50);flex-basis:66.66%\">\n<div class=\"wp-block-getwid-images-slider has-arrows-inside has-dots-inside has-images-center has-fitted-images\"><div class=\"wp-block-getwid-images-slider__wrapper\" data-effect=\"slide\" data-slides-show=\"1\" data-slides-show-laptop=\"1\" data-slides-show-tablet=\"1\" data-slides-show-mobile=\"1\" data-slides-scroll=\"1\" data-autoplay=\"false\" data-pause-hover=\"false\" data-autoplay-speed=\"6000\" data-infinite=\"false\" data-animation-speed=\"800\" data-center-mode=\"false\" data-variable-width=\"false\" data-arrows=\"inside\" data-dots=\"inside\" data-spacing=\"none\"><div class=\"wp-block-getwid-images-slider__item\"><figure><img loading=\"lazy\" decoding=\"async\" width=\"274\" height=\"300\" src=\"https:\/\/projectes.xtec.cat\/digital\/wp-content\/uploads\/usu2317\/2026\/01\/01_WIFI_ADMIN-274x300.png\" data-id=\"38272\" data-link=\"https:\/\/projectes.xtec.cat\/digital\/equipaments-i-infraestructures\/infraestructures-digitals\/wifi-gencat_ens_adm\/attachment\/01_wifi_admin\/\" data-original-link=\"https:\/\/projectes.xtec.cat\/digital\/wp-content\/uploads\/usu2317\/2026\/01\/01_WIFI_ADMIN.png\" class=\"wp-block-getwid-images-slider__image wp-image-38272\" srcset=\"https:\/\/projectes.xtec.cat\/digital\/wp-content\/uploads\/usu2317\/2026\/01\/01_WIFI_ADMIN-274x300.png 274w, https:\/\/projectes.xtec.cat\/digital\/wp-content\/uploads\/usu2317\/2026\/01\/01_WIFI_ADMIN.png 630w\" sizes=\"auto, (max-width: 274px) 100vw, 274px\" \/><\/figure><\/div><div class=\"wp-block-getwid-images-slider__item\"><figure><img loading=\"lazy\" decoding=\"async\" width=\"270\" height=\"300\" src=\"https:\/\/projectes.xtec.cat\/digital\/wp-content\/uploads\/usu2317\/2026\/01\/02_WIFI_ADMIN-270x300.png\" data-id=\"38274\" data-link=\"https:\/\/projectes.xtec.cat\/digital\/equipaments-i-infraestructures\/infraestructures-digitals\/wifi-gencat_ens_adm\/attachment\/02_wifi_admin\/\" data-original-link=\"https:\/\/projectes.xtec.cat\/digital\/wp-content\/uploads\/usu2317\/2026\/01\/02_WIFI_ADMIN.png\" class=\"wp-block-getwid-images-slider__image wp-image-38274\" srcset=\"https:\/\/projectes.xtec.cat\/digital\/wp-content\/uploads\/usu2317\/2026\/01\/02_WIFI_ADMIN-270x300.png 270w, https:\/\/projectes.xtec.cat\/digital\/wp-content\/uploads\/usu2317\/2026\/01\/02_WIFI_ADMIN.png 618w\" sizes=\"auto, (max-width: 270px) 100vw, 270px\" \/><\/figure><\/div><div class=\"wp-block-getwid-images-slider__item\"><figure><img loading=\"lazy\" decoding=\"async\" width=\"265\" height=\"300\" src=\"https:\/\/projectes.xtec.cat\/digital\/wp-content\/uploads\/usu2317\/2026\/01\/05_WIFI_ADMIN-265x300.png\" data-id=\"38275\" data-link=\"https:\/\/projectes.xtec.cat\/digital\/equipaments-i-infraestructures\/infraestructures-digitals\/wifi-gencat_ens_adm\/attachment\/05_wifi_admin\/\" data-original-link=\"https:\/\/projectes.xtec.cat\/digital\/wp-content\/uploads\/usu2317\/2026\/01\/05_WIFI_ADMIN.png\" class=\"wp-block-getwid-images-slider__image wp-image-38275\" srcset=\"https:\/\/projectes.xtec.cat\/digital\/wp-content\/uploads\/usu2317\/2026\/01\/05_WIFI_ADMIN-265x300.png 265w, https:\/\/projectes.xtec.cat\/digital\/wp-content\/uploads\/usu2317\/2026\/01\/05_WIFI_ADMIN.png 606w\" sizes=\"auto, (max-width: 265px) 100vw, 265px\" \/><\/figure><\/div><div class=\"wp-block-getwid-images-slider__item\"><figure><img loading=\"lazy\" decoding=\"async\" width=\"267\" height=\"300\" src=\"https:\/\/projectes.xtec.cat\/digital\/wp-content\/uploads\/usu2317\/2026\/01\/06_WIFI_ADM-267x300.png\" data-id=\"38276\" data-link=\"https:\/\/projectes.xtec.cat\/digital\/equipaments-i-infraestructures\/infraestructures-digitals\/wifi-gencat_ens_adm\/attachment\/06_wifi_adm\/\" data-original-link=\"https:\/\/projectes.xtec.cat\/digital\/wp-content\/uploads\/usu2317\/2026\/01\/06_WIFI_ADM.png\" class=\"wp-block-getwid-images-slider__image wp-image-38276\" srcset=\"https:\/\/projectes.xtec.cat\/digital\/wp-content\/uploads\/usu2317\/2026\/01\/06_WIFI_ADM-267x300.png 267w, https:\/\/projectes.xtec.cat\/digital\/wp-content\/uploads\/usu2317\/2026\/01\/06_WIFI_ADM.png 624w\" sizes=\"auto, (max-width: 267px) 100vw, 267px\" \/><\/figure><\/div><div class=\"wp-block-getwid-images-slider__item\"><figure><img loading=\"lazy\" decoding=\"async\" width=\"268\" height=\"300\" src=\"https:\/\/projectes.xtec.cat\/digital\/wp-content\/uploads\/usu2317\/2026\/01\/03_WIFI_ADMIN-268x300.png\" data-id=\"38277\" data-link=\"https:\/\/projectes.xtec.cat\/digital\/equipaments-i-infraestructures\/infraestructures-digitals\/wifi-gencat_ens_adm\/attachment\/03_wifi_admin\/\" data-original-link=\"https:\/\/projectes.xtec.cat\/digital\/wp-content\/uploads\/usu2317\/2026\/01\/03_WIFI_ADMIN.png\" class=\"wp-block-getwid-images-slider__image wp-image-38277\" srcset=\"https:\/\/projectes.xtec.cat\/digital\/wp-content\/uploads\/usu2317\/2026\/01\/03_WIFI_ADMIN-268x300.png 268w, https:\/\/projectes.xtec.cat\/digital\/wp-content\/uploads\/usu2317\/2026\/01\/03_WIFI_ADMIN.png 614w\" sizes=\"auto, (max-width: 268px) 100vw, 268px\" \/><\/figure><\/div><div class=\"wp-block-getwid-images-slider__item\"><figure><img loading=\"lazy\" decoding=\"async\" width=\"300\" height=\"231\" src=\"https:\/\/projectes.xtec.cat\/digital\/wp-content\/uploads\/usu2317\/2026\/01\/07_WIFI_ADMIN-300x231.png\" data-id=\"38273\" data-link=\"https:\/\/projectes.xtec.cat\/digital\/equipaments-i-infraestructures\/infraestructures-digitals\/wifi-gencat_ens_adm\/attachment\/07_wifi_admin\/\" data-original-link=\"https:\/\/projectes.xtec.cat\/digital\/wp-content\/uploads\/usu2317\/2026\/01\/07_WIFI_ADMIN.png\" class=\"wp-block-getwid-images-slider__image wp-image-38273\" srcset=\"https:\/\/projectes.xtec.cat\/digital\/wp-content\/uploads\/usu2317\/2026\/01\/07_WIFI_ADMIN-300x231.png 300w, https:\/\/projectes.xtec.cat\/digital\/wp-content\/uploads\/usu2317\/2026\/01\/07_WIFI_ADMIN.png 602w\" sizes=\"auto, (max-width: 300px) 100vw, 300px\" \/><\/figure><\/div><\/div><\/div>\n\n\n\n<p><strong>RECORDEU QUE:<\/strong><\/p>\n\n\n\n<ul class=\"wp-block-list\">\n<li>el nom d&#8217;usuari que heu de fer servir consta del prefix &#8220;<strong>GCA\\&#8221;<\/strong> seguit del DNI (ex: <strong>GCA\\12345678Z<\/strong>). La contrasenya que caldr\u00e0 escriure \u00e9s la que correspon al vostre usuari\/a <strong>GICAR\/ATRI<\/strong>.<\/li>\n\n\n\n<li>si al vostre centre teniu les wifis educatives que acaben amb el sufix <strong>_bis<\/strong> (gencat_ENS_EDU_bis, gencat_ENS_EDU_PORTAL_bis, etc), el nom de la xarxa administrativa oculta acabar\u00e0 tamb\u00e9 en _bis: <strong>gencat_ENS_EDU_ADM_bis<\/strong>.<\/li>\n<\/ul>\n<\/div>\n<\/div>\n\n\n\n<div style=\"height:100px\" aria-hidden=\"true\" class=\"wp-block-spacer\"><\/div>\n","protected":false},"excerpt":{"rendered":"<p>La xarxa wifi gencat_ENS_ADM \u00e9s la xarxa sense fils pensada per a l&#8217;\u00e0mbit administratiu. Els docents poden fer servir aquesta xarxa de forma puntual sempre que hi connectin equips del PEDC.No \u00e9s una xarxa per connectar-s&#8217;hi de forma regular, per aix\u00f2 el centre educatiu disposa de les xarxes wifi gencat_ENS_EDU i gencat_ENS_EDU_PORTAL (centres amb antenes [&hellip;]<\/p>\n","protected":false},"author":366,"featured_media":0,"parent":12695,"menu_order":0,"comment_status":"closed","ping_status":"close","template":"","meta":{"site-sidebar-layout":"default","site-content-layout":"","ast-site-content-layout":"default","site-content-style":"default","site-sidebar-style":"default","ast-global-header-display":"","ast-banner-title-visibility":"","ast-main-header-display":"","ast-hfb-above-header-display":"","ast-hfb-below-header-display":"","ast-hfb-mobile-header-display":"","site-post-title":"","ast-breadcrumbs-content":"","ast-featured-img":"","footer-sml-layout":"","theme-transparent-header-meta":"","adv-header-id-meta":"","stick-header-meta":"","header-above-stick-meta":"","header-main-stick-meta":"","header-below-stick-meta":"","astra-migrate-meta-layouts":"set","ast-page-background-enabled":"default","ast-page-background-meta":{"desktop":{"background-color":"var(--ast-global-color-4)","background-image":"","background-repeat":"repeat","background-position":"center center","background-size":"auto","background-attachment":"scroll","background-type":"","background-media":"","overlay-type":"","overlay-color":"","overlay-opacity":"","overlay-gradient":""},"tablet":{"background-color":"","background-image":"","background-repeat":"repeat","background-position":"center center","background-size":"auto","background-attachment":"scroll","background-type":"","background-media":"","overlay-type":"","overlay-color":"","overlay-opacity":"","overlay-gradient":""},"mobile":{"background-color":"","background-image":"","background-repeat":"repeat","background-position":"center center","background-size":"auto","background-attachment":"scroll","background-type":"","background-media":"","overlay-type":"","overlay-color":"","overlay-opacity":"","overlay-gradient":""}},"ast-content-background-meta":{"desktop":{"background-color":"var(--ast-global-color-5)","background-image":"","background-repeat":"repeat","background-position":"center center","background-size":"auto","background-attachment":"scroll","background-type":"","background-media":"","overlay-type":"","overlay-color":"","overlay-opacity":"","overlay-gradient":""},"tablet":{"background-color":"var(--ast-global-color-5)","background-image":"","background-repeat":"repeat","background-position":"center center","background-size":"auto","background-attachment":"scroll","background-type":"","background-media":"","overlay-type":"","overlay-color":"","overlay-opacity":"","overlay-gradient":""},"mobile":{"background-color":"var(--ast-global-color-5)","background-image":"","background-repeat":"repeat","background-position":"center center","background-size":"auto","background-attachment":"scroll","background-type":"","background-media":"","overlay-type":"","overlay-color":"","overlay-opacity":"","overlay-gradient":""}},"footnotes":""},"class_list":["post-38262","page","type-page","status-publish","hentry"],"post_mailing_queue_ids":[],"_links":{"self":[{"href":"https:\/\/projectes.xtec.cat\/digital\/wp-json\/wp\/v2\/pages\/38262","targetHints":{"allow":["GET"]}}],"collection":[{"href":"https:\/\/projectes.xtec.cat\/digital\/wp-json\/wp\/v2\/pages"}],"about":[{"href":"https:\/\/projectes.xtec.cat\/digital\/wp-json\/wp\/v2\/types\/page"}],"author":[{"embeddable":true,"href":"https:\/\/projectes.xtec.cat\/digital\/wp-json\/wp\/v2\/users\/366"}],"replies":[{"embeddable":true,"href":"https:\/\/projectes.xtec.cat\/digital\/wp-json\/wp\/v2\/comments?post=38262"}],"version-history":[{"count":6,"href":"https:\/\/projectes.xtec.cat\/digital\/wp-json\/wp\/v2\/pages\/38262\/revisions"}],"predecessor-version":[{"id":38299,"href":"https:\/\/projectes.xtec.cat\/digital\/wp-json\/wp\/v2\/pages\/38262\/revisions\/38299"}],"up":[{"embeddable":true,"href":"https:\/\/projectes.xtec.cat\/digital\/wp-json\/wp\/v2\/pages\/12695"}],"wp:attachment":[{"href":"https:\/\/projectes.xtec.cat\/digital\/wp-json\/wp\/v2\/media?parent=38262"}],"curies":[{"name":"wp","href":"https:\/\/api.w.org\/{rel}","templated":true}]}}