{"id":8310,"date":"2022-07-16T21:19:31","date_gmt":"2022-07-16T19:19:31","guid":{"rendered":"https:\/\/projectes.xtec.cat\/digital\/?page_id=8310"},"modified":"2025-12-10T12:16:38","modified_gmt":"2025-12-10T11:16:38","slug":"competencia-digital","status":"publish","type":"page","link":"https:\/\/projectes.xtec.cat\/digital\/competencia-digital\/","title":{"rendered":"Compet\u00e8ncia digital"},"content":{"rendered":"\n<p class=\"has-background\" style=\"background-color:#fdefbe\">03.02.23 &#8211; Publicada la resoluci\u00f3 sobre l&#8217;<a href=\"https:\/\/projectes.xtec.cat\/digital\/competencia-digital\/competencia-digital-docent\/#acreditacio\">acreditaci\u00f3 digital docent<\/a><\/p>\n\n\n\n<div class=\"inherit-container-width wp-block-group alignwide is-layout-constrained wp-block-group-is-layout-constrained\">\n<div class=\"wp-block-columns alignwide is-layout-flex wp-container-core-columns-is-layout-3 wp-block-columns-is-layout-flex\">\n<div class=\"wp-block-column is-vertically-aligned-top is-layout-flow wp-block-column-is-layout-flow\" style=\"flex-basis:40%\">\n<p class=\"has-normal-font-size\">La <strong>compet\u00e8ncia digital<\/strong> implica l&#8217;\u00fas actiu, confiat, cr\u00edtic i responsable de les tecnologies digitals per a l&#8217;aprenentatge, el treball i la participaci\u00f3 en la societat. Consisteix en una combinaci\u00f3 de coneixements, habilitats i actituds lligades al domini estrat\u00e8gic de cinc grans \u00e0rees:<\/p>\n\n\n\n<ol id=\"block-2e776d54-e952-4a4f-a918-bc4528577e31\" class=\"wp-block-list\">\n<li>Alfabetitzaci\u00f3 informacional<\/li>\n\n\n\n<li>Creaci\u00f3 de contingut digital<\/li>\n\n\n\n<li>Participaci\u00f3 i col\u00b7laboraci\u00f3 en l\u00ednia<\/li>\n\n\n\n<li>Seguretat<\/li>\n\n\n\n<li>Desenvolupament de solucions digitals<\/li>\n<\/ol>\n\n\n\n<p>El Departament d&#8217;Educaci\u00f3 ha dissenyat el <a href=\"https:\/\/projectes.xtec.cat\/digital\/pla-educacio-digital-de-catalunya\/\" data-type=\"link\" data-id=\"https:\/\/projectes.xtec.cat\/digital\/pla-educacio-digital-de-catalunya\/\">Pla d&#8217;Educaci\u00f3 digital de Catalunya <\/a>(PEDC) per aconseguir l&#8217;adquisici\u00f3 de la compet\u00e8ncia digital en la comunitat educativa.<\/p>\n<\/div>\n\n\n\n<div class=\"wp-block-column is-layout-flow wp-block-column-is-layout-flow\">\n<div class=\"wp-block-columns is-layout-flex wp-container-core-columns-is-layout-1 wp-block-columns-is-layout-flex\">\n<div class=\"wp-block-column caixa-link is-layout-flow wp-block-column-is-layout-flow\" id=\"https:\/\/projectes.xtec.cat\/digital\/competencia-digital\/competencia-digital-docent\">\n<h2 class=\"wp-block-heading\">Docents<\/h2>\n\n\n\n<figure class=\"wp-block-image alignleft size-large is-resized\"><img loading=\"lazy\" decoding=\"async\" width=\"400\" height=\"400\" src=\"https:\/\/projectes.xtec.cat\/digital\/wp-content\/uploads\/usu2317\/2023\/02\/teacher.png\" alt=\"Docent a la pissarra\" class=\"wp-image-11985\" style=\"width:76px;height:76px\" srcset=\"https:\/\/projectes.xtec.cat\/digital\/wp-content\/uploads\/usu2317\/2023\/02\/teacher.png 400w, https:\/\/projectes.xtec.cat\/digital\/wp-content\/uploads\/usu2317\/2023\/02\/teacher-300x300.png 300w, https:\/\/projectes.xtec.cat\/digital\/wp-content\/uploads\/usu2317\/2023\/02\/teacher-150x150.png 150w\" sizes=\"auto, (max-width: 400px) 100vw, 400px\" \/><\/figure>\n\n\n\n<p>Tot el relatiu a l&#8217;adquisici\u00f3 i acreditaci\u00f3 de la compet\u00e8ncia digital docent<\/p>\n<\/div>\n\n\n\n<div class=\"wp-block-column caixa-link is-layout-flow wp-block-column-is-layout-flow\" id=\"https:\/\/projectes.xtec.cat\/digital\/competencia-digital\/competencia-digital-alumnat\/\">\n<h2 class=\"wp-block-heading\">Alumnat<\/h2>\n\n\n\n<figure class=\"wp-block-image alignleft size-large is-resized\"><img loading=\"lazy\" decoding=\"async\" width=\"400\" height=\"400\" src=\"https:\/\/projectes.xtec.cat\/digital\/wp-content\/uploads\/usu2317\/2023\/02\/student-activity.png\" alt=\"Alumnes muntant un puzzle\" class=\"wp-image-11823\" style=\"width:80px;height:80px\" srcset=\"https:\/\/projectes.xtec.cat\/digital\/wp-content\/uploads\/usu2317\/2023\/02\/student-activity.png 400w, https:\/\/projectes.xtec.cat\/digital\/wp-content\/uploads\/usu2317\/2023\/02\/student-activity-300x300.png 300w, https:\/\/projectes.xtec.cat\/digital\/wp-content\/uploads\/usu2317\/2023\/02\/student-activity-150x150.png 150w\" sizes=\"auto, (max-width: 400px) 100vw, 400px\" \/><\/figure>\n\n\n\n<p>Orientacions i projectes per desenvolupar la compet\u00e8ncia digital de l&#8217;alumnat<\/p>\n<\/div>\n<\/div>\n\n\n\n<div class=\"wp-block-columns is-layout-flex wp-container-core-columns-is-layout-2 wp-block-columns-is-layout-flex\">\n<div class=\"wp-block-column caixa-link is-layout-flow wp-block-column-is-layout-flow\" id=\"https:\/\/projectes.xtec.cat\/digital\/competencia-digital\/competencia-digital-centre\">\n<h2 class=\"wp-block-heading\">Centres educatius<\/h2>\n\n\n\n<figure class=\"wp-block-image alignleft size-large is-resized\"><img loading=\"lazy\" decoding=\"async\" width=\"200\" height=\"200\" src=\"https:\/\/projectes.xtec.cat\/digital\/wp-content\/uploads\/usu2317\/2023\/02\/department.png\" alt=\"Edifici que representa una escola\" class=\"wp-image-11822\" style=\"width:69px;height:69px\" srcset=\"https:\/\/projectes.xtec.cat\/digital\/wp-content\/uploads\/usu2317\/2023\/02\/department.png 200w, https:\/\/projectes.xtec.cat\/digital\/wp-content\/uploads\/usu2317\/2023\/02\/department-150x150.png 150w\" sizes=\"auto, (max-width: 200px) 100vw, 200px\" \/><\/figure>\n\n\n\n<p>L&#8217;estrat\u00e8gia digital per aconseguir centres digitalment competents <\/p>\n<\/div>\n\n\n\n<div class=\"wp-block-column caixa-link is-layout-flow wp-block-column-is-layout-flow\" id=\"https:\/\/projectes.xtec.cat\/digital\/competencia-digital\/families-digitalment-competents\/\">\n<h2 class=\"wp-block-heading\">Fam\u00edlies<\/h2>\n\n\n\n<figure class=\"wp-block-image alignleft size-large is-resized\"><img loading=\"lazy\" decoding=\"async\" width=\"200\" height=\"200\" src=\"https:\/\/projectes.xtec.cat\/digital\/wp-content\/uploads\/usu2317\/2023\/03\/mom.png\" alt=\"Una adult i un nen llegint un llibre\" class=\"wp-image-12318\" style=\"width:80px;height:80px\" srcset=\"https:\/\/projectes.xtec.cat\/digital\/wp-content\/uploads\/usu2317\/2023\/03\/mom.png 200w, https:\/\/projectes.xtec.cat\/digital\/wp-content\/uploads\/usu2317\/2023\/03\/mom-150x150.png 150w\" sizes=\"auto, (max-width: 200px) 100vw, 200px\" \/><\/figure>\n\n\n\n<p>Recursos per millorar la compet\u00e8ncia digital de les fam\u00edlies<\/p>\n<\/div>\n<\/div>\n<\/div>\n<\/div>\n<\/div>\n\n\n\n<div style=\"height:54px\" aria-hidden=\"true\" class=\"wp-block-spacer\"><\/div>\n","protected":false},"excerpt":{"rendered":"<p>03.02.23 &#8211; Publicada la resoluci\u00f3 sobre l&#8217;acreditaci\u00f3 digital docent La compet\u00e8ncia digital implica l&#8217;\u00fas actiu, confiat, cr\u00edtic i responsable de les tecnologies digitals per a l&#8217;aprenentatge, el treball i la participaci\u00f3 en la societat. Consisteix en una combinaci\u00f3 de coneixements, habilitats i actituds lligades al domini estrat\u00e8gic de cinc grans \u00e0rees: El Departament d&#8217;Educaci\u00f3 ha [&hellip;]<\/p>\n","protected":false},"author":2,"featured_media":0,"parent":0,"menu_order":20,"comment_status":"closed","ping_status":"closed","template":"","meta":{"site-sidebar-layout":"no-sidebar","site-content-layout":"plain-container","ast-site-content-layout":"default","site-content-style":"unboxed","site-sidebar-style":"unboxed","ast-global-header-display":"","ast-banner-title-visibility":"","ast-main-header-display":"","ast-hfb-above-header-display":"","ast-hfb-below-header-display":"","ast-hfb-mobile-header-display":"","site-post-title":"","ast-breadcrumbs-content":"","ast-featured-img":"","footer-sml-layout":"","theme-transparent-header-meta":"default","adv-header-id-meta":"","stick-header-meta":"default","header-above-stick-meta":"","header-main-stick-meta":"","header-below-stick-meta":"","astra-migrate-meta-layouts":"set","ast-page-background-enabled":"default","ast-page-background-meta":{"desktop":{"background-color":"var(--ast-global-color-4)","background-image":"","background-repeat":"repeat","background-position":"center center","background-size":"auto","background-attachment":"scroll","background-type":"","background-media":"","overlay-type":"","overlay-color":"","overlay-opacity":"","overlay-gradient":""},"tablet":{"background-color":"","background-image":"","background-repeat":"repeat","background-position":"center center","background-size":"auto","background-attachment":"scroll","background-type":"","background-media":"","overlay-type":"","overlay-color":"","overlay-opacity":"","overlay-gradient":""},"mobile":{"background-color":"","background-image":"","background-repeat":"repeat","background-position":"center center","background-size":"auto","background-attachment":"scroll","background-type":"","background-media":"","overlay-type":"","overlay-color":"","overlay-opacity":"","overlay-gradient":""}},"ast-content-background-meta":{"desktop":{"background-color":"var(--ast-global-color-5)","background-image":"","background-repeat":"repeat","background-position":"center center","background-size":"auto","background-attachment":"scroll","background-type":"","background-media":"","overlay-type":"","overlay-color":"","overlay-opacity":"","overlay-gradient":""},"tablet":{"background-color":"var(--ast-global-color-5)","background-image":"","background-repeat":"repeat","background-position":"center center","background-size":"auto","background-attachment":"scroll","background-type":"","background-media":"","overlay-type":"","overlay-color":"","overlay-opacity":"","overlay-gradient":""},"mobile":{"background-color":"var(--ast-global-color-5)","background-image":"","background-repeat":"repeat","background-position":"center center","background-size":"auto","background-attachment":"scroll","background-type":"","background-media":"","overlay-type":"","overlay-color":"","overlay-opacity":"","overlay-gradient":""}},"footnotes":""},"class_list":["post-8310","page","type-page","status-publish","hentry"],"post_mailing_queue_ids":[],"_links":{"self":[{"href":"https:\/\/projectes.xtec.cat\/digital\/wp-json\/wp\/v2\/pages\/8310","targetHints":{"allow":["GET"]}}],"collection":[{"href":"https:\/\/projectes.xtec.cat\/digital\/wp-json\/wp\/v2\/pages"}],"about":[{"href":"https:\/\/projectes.xtec.cat\/digital\/wp-json\/wp\/v2\/types\/page"}],"author":[{"embeddable":true,"href":"https:\/\/projectes.xtec.cat\/digital\/wp-json\/wp\/v2\/users\/2"}],"replies":[{"embeddable":true,"href":"https:\/\/projectes.xtec.cat\/digital\/wp-json\/wp\/v2\/comments?post=8310"}],"version-history":[{"count":6,"href":"https:\/\/projectes.xtec.cat\/digital\/wp-json\/wp\/v2\/pages\/8310\/revisions"}],"predecessor-version":[{"id":38125,"href":"https:\/\/projectes.xtec.cat\/digital\/wp-json\/wp\/v2\/pages\/8310\/revisions\/38125"}],"wp:attachment":[{"href":"https:\/\/projectes.xtec.cat\/digital\/wp-json\/wp\/v2\/media?parent=8310"}],"curies":[{"name":"wp","href":"https:\/\/api.w.org\/{rel}","templated":true}]}}