{"id":8690,"date":"2022-07-19T14:46:09","date_gmt":"2022-07-19T12:46:09","guid":{"rendered":"https:\/\/projectes.xtec.cat\/digital\/?page_id=8690"},"modified":"2026-03-15T09:22:01","modified_gmt":"2026-03-15T08:22:01","slug":"projectes","status":"publish","type":"page","link":"https:\/\/projectes.xtec.cat\/digital\/projectes\/","title":{"rendered":"Projectes"},"content":{"rendered":"\n<div class=\"wp-block-columns alignwide is-layout-flex wp-container-core-columns-is-layout-1 wp-block-columns-is-layout-flex\">\n<div class=\"wp-block-column caixa-link kb is-layout-flow wp-block-column-is-layout-flow\" id=\"https:\/\/projectes.xtec.cat\/pensament-computacional\/\">\n<h3 class=\"wp-block-heading\">Pensament computacional i rob\u00f2tica<\/h3>\n\n\n\n<figure class=\"wp-block-image alignleft size-large is-resized\"><img loading=\"lazy\" decoding=\"async\" width=\"126\" height=\"125\" src=\"https:\/\/projectes.xtec.cat\/digital\/wp-content\/uploads\/usu2317\/2023\/02\/blue.png\" alt=\"\" class=\"wp-image-11552\" style=\"width:86px;height:85px\"\/><\/figure>\n\n\n\n<p>Aquest projecte ofereix formaci\u00f3 i materials did\u00e0ctics per a treballar el pensament computacional a les aules, sigui de manera desendollada o fent servir tecnologies com <strong>App Inventor<\/strong>, <strong>Scratch<\/strong> o <strong>Micro:bit<\/strong><\/p>\n<\/div>\n\n\n\n<div class=\"wp-block-column caixa-link kb is-layout-flow wp-block-column-is-layout-flow\" id=\"https:\/\/projectes.xtec.cat\/canaldereporters\">\n<h3 class=\"wp-block-heading\">Canal de reporters<\/h3>\n\n\n\n<figure class=\"wp-block-image alignleft size-large is-resized\"><img loading=\"lazy\" decoding=\"async\" width=\"200\" height=\"200\" src=\"https:\/\/projectes.xtec.cat\/digital\/wp-content\/uploads\/usu2317\/2023\/02\/canal-reporters-1.png\" alt=\"\" class=\"wp-image-11511\" style=\"width:70px;height:70px\" srcset=\"https:\/\/projectes.xtec.cat\/digital\/wp-content\/uploads\/usu2317\/2023\/02\/canal-reporters-1.png 200w, https:\/\/projectes.xtec.cat\/digital\/wp-content\/uploads\/usu2317\/2023\/02\/canal-reporters-1-150x150.png 150w\" sizes=\"auto, (max-width: 200px) 100vw, 200px\" \/><\/figure>\n\n\n\n<p style=\"font-size:15px\">Projecte que t\u00e9 com a objectiu fomentar l\u2019esperit cr\u00edtic i l\u2019alfabetitzaci\u00f3 mitjan\u00e7ant activitats de periodisme escolar als centres educatius. La proposta vol aprofitar activitats que ja realitzen el centres i enriquir-les, afavorint el treball en xarxa i col\u00b7laboratiu i, a la vegada, fomentar l\u2019autonomia de l\u2019alumnat dins i fora del centre a partir d\u2019activitats period\u00edstiques de diferent tipologia.<\/p>\n<\/div>\n\n\n\n<div class=\"wp-block-column caixa-link is-layout-flow wp-block-column-is-layout-flow\" id=\"https:\/\/projectes.xtec.cat\/ia\/\">\n<h2 class=\"wp-block-heading\">IA en educaci\u00f3<\/h2>\n\n\n\n<figure class=\"wp-block-image alignleft size-large is-resized\"><img loading=\"lazy\" decoding=\"async\" width=\"300\" height=\"300\" src=\"https:\/\/projectes.xtec.cat\/digital\/wp-content\/uploads\/usu2317\/2023\/06\/ia.png\" alt=\"\" class=\"wp-image-17142\" style=\"width:80px;height:80px\" srcset=\"https:\/\/projectes.xtec.cat\/digital\/wp-content\/uploads\/usu2317\/2023\/06\/ia.png 300w, https:\/\/projectes.xtec.cat\/digital\/wp-content\/uploads\/usu2317\/2023\/06\/ia-150x150.png 150w\" sizes=\"auto, (max-width: 300px) 100vw, 300px\" \/><\/figure>\n\n\n\n<p class=\"has-normal-font-size\">En aquest web trobareu recursos, experi\u00e8ncies d\u2019aula i formaci\u00f3 que us ajudaran a incorporar la intel\u00b7lig\u00e8ncia artificial a la teva aula.<\/p>\n<\/div>\n<\/div>\n\n\n\n<div style=\"height:26px\" aria-hidden=\"true\" class=\"wp-block-spacer\"><\/div>\n\n\n\n<div class=\"wp-block-columns alignwide is-layout-flex wp-container-core-columns-is-layout-2 wp-block-columns-is-layout-flex\">\n<div class=\"wp-block-column caixa-link is-layout-flow wp-block-column-is-layout-flow\" id=\"https:\/\/projectes.xtec.cat\/focus\">\n<h2 class=\"wp-block-heading\">Focus<\/h2>\n\n\n\n<figure class=\"wp-block-image alignleft size-large is-resized\"><img loading=\"lazy\" decoding=\"async\" width=\"200\" height=\"200\" src=\"https:\/\/projectes.xtec.cat\/digital\/wp-content\/uploads\/usu2317\/2023\/02\/logo_grana_200.png\" alt=\"\" class=\"wp-image-11515\" style=\"width:75px;height:75px\" srcset=\"https:\/\/projectes.xtec.cat\/digital\/wp-content\/uploads\/usu2317\/2023\/02\/logo_grana_200.png 200w, https:\/\/projectes.xtec.cat\/digital\/wp-content\/uploads\/usu2317\/2023\/02\/logo_grana_200-150x150.png 150w\" sizes=\"auto, (max-width: 200px) 100vw, 200px\" \/><\/figure>\n\n\n\n<p>El projecte <strong>Focus<\/strong> t\u00e9 com a finalitat el desenvolupament la compet\u00e8ncia digital de docents i alumnat i l\u2019establiment d\u2019una xarxa per compartir coneixement on l\u2019alumnat esdev\u00e9 consumidor i creador de continguts audiovisuals a partir de l\u2019elaboraci\u00f3 de v\u00eddeos, de 2-3 minuts de durada, amb sabers curriculars com a base narrativa.<\/p>\n<\/div>\n\n\n\n<div class=\"wp-block-column caixa-link kb is-layout-flow wp-block-column-is-layout-flow\" id=\"https:\/\/serveiseducatius.xtec.cat\/cesire\/faig-fent-per-aprendre-imaginant-globalment\/\">\n<h3 class=\"wp-block-heading\" id=\"https:\/\/projectes.xtec.cat\/exelearning\">FAIG<\/h3>\n\n\n\n<figure class=\"wp-block-image alignleft size-large is-resized\"><img loading=\"lazy\" decoding=\"async\" width=\"292\" height=\"316\" src=\"https:\/\/projectes.xtec.cat\/digital\/wp-content\/uploads\/usu2317\/2023\/03\/logo-faig.png\" alt=\"\" class=\"wp-image-12222\" style=\"width:73px;height:79px\" srcset=\"https:\/\/projectes.xtec.cat\/digital\/wp-content\/uploads\/usu2317\/2023\/03\/logo-faig.png 292w, https:\/\/projectes.xtec.cat\/digital\/wp-content\/uploads\/usu2317\/2023\/03\/logo-faig-277x300.png 277w\" sizes=\"auto, (max-width: 292px) 100vw, 292px\" \/><\/figure>\n\n\n\n<p>Programa amb un fort component tecnol\u00f2gic que fa servir les possibilitats creatives de la&nbsp;fabricaci\u00f3 digital (cultura maker) per desenvolupar projectes d\u2019aprenentatge amb sentit per a l\u2019alumnat, que doni respostes innovadores a les necessitats i reptes de l\u2019entorn.<\/p>\n<\/div>\n\n\n\n<div class=\"wp-block-column caixa-link kb is-layout-flow wp-block-column-is-layout-flow\" id=\"https:\/\/projectes.xtec.cat\/stem-espai\/\">\n<h2 class=\"wp-block-heading\">STEM a l&#8217;espai<\/h2>\n\n\n\n<figure class=\"wp-block-image alignleft size-large is-resized\"><img loading=\"lazy\" decoding=\"async\" width=\"512\" height=\"512\" src=\"https:\/\/projectes.xtec.cat\/digital\/wp-content\/uploads\/usu2317\/2023\/03\/steam-espai.png\" alt=\"satel\u00b7lit\" class=\"wp-image-13263\" style=\"width:98px;height:98px\" srcset=\"https:\/\/projectes.xtec.cat\/digital\/wp-content\/uploads\/usu2317\/2023\/03\/steam-espai.png 512w, https:\/\/projectes.xtec.cat\/digital\/wp-content\/uploads\/usu2317\/2023\/03\/steam-espai-300x300.png 300w, https:\/\/projectes.xtec.cat\/digital\/wp-content\/uploads\/usu2317\/2023\/03\/steam-espai-150x150.png 150w\" sizes=\"auto, (max-width: 512px) 100vw, 512px\" \/><\/figure>\n\n\n\n<p>Les tecnologies de l\u2019espai s\u00f3n un centre d\u2019inter\u00e8s excel\u00b7lent per motivar l\u2019alumnat en la realitzaci\u00f3 d\u2019activitats educatives. En aquest projecte podeu trobar situacions d\u2019aprenentatge, recursos educatius i jornades STEAM centrades en l&#8217;espai i la seva exploraci\u00f3.  <\/p>\n<\/div>\n<\/div>\n\n\n\n<div style=\"height:20px\" aria-hidden=\"true\" class=\"wp-block-spacer\"><\/div>\n\n\n\n<h3 class=\"wp-block-heading alignwide\">M\u00e9s projectes<\/h3>\n\n\n\n<div class=\"wp-block-columns alignwide is-layout-flex wp-container-core-columns-is-layout-3 wp-block-columns-is-layout-flex\">\n<div class=\"wp-block-column is-layout-flow wp-block-column-is-layout-flow\">\n<p class=\"digital-item kb\"><a rel=\"noreferrer noopener\" href=\"https:\/\/projectes.xtec.cat\/families-digitals\/\" target=\"_blank\"><strong>Fam\u00edlies digitals<\/strong><\/a><br>Projecte que t\u00e9 com a objectiu facilitar l\u2019adquisici\u00f3 de la compet\u00e8ncia digital per part de les fam\u00edlies i donar resposta des de l\u2019acompanyament a les seves necessitats.<\/p>\n\n\n\n<p class=\"digital-item kb\"><strong><a rel=\"noreferrer noopener\" href=\"https:\/\/projectes.xtec.cat\/zenit\/\" target=\"_blank\" data-type=\"URL\" data-id=\"https:\/\/projectes.xtec.cat\/zenit\/\">Zenit<\/a><\/strong><br>Activitats did\u00e0ctiques centrades en&nbsp;els principals sistemes i tecnologies d\u2019observaci\u00f3 de la Terra. Col\u00b7laboraci\u00f3 amb l\u2019institut Cartogr\u00e0fic i Geol\u00f2gic de Catalunya. <\/p>\n\n\n\n<p class=\"digital-item kb\"><strong><a rel=\"noreferrer noopener\" href=\"https:\/\/edumet.cat\/\" target=\"_blank\">Edumet<\/a><\/strong><br>Xarxa meteorol\u00f2gica educativa de Catalunya amb dades recollides a estacions situades arreu de Catalunya<\/p>\n<\/div>\n\n\n\n<div class=\"wp-block-column is-layout-flow wp-block-column-is-layout-flow\">\n<p class=\"digital-item\"><strong><a rel=\"noreferrer noopener\" href=\"https:\/\/mhm.mobileworldcapital.com\/\" target=\"_blank\"><strong>mSchools: Mobile History Map<\/strong><\/a><\/strong><br>Plataforma i app on els alumnes incorporen indrets patrimonials de manera col\u00b7laborativa. <\/p>\n\n\n\n<p class=\"digital-item kb has-ast-global-color-3-color has-text-color has-normal-font-size\"><a rel=\"noreferrer noopener\" href=\"http:\/\/agora.xtec.cat\/mobilsedu\" data-type=\"URL\" data-id=\"http:\/\/agora.xtec.cat\/mobilsedu\" target=\"_blank\"><strong>Mobils.edu (20<\/strong><\/a><a rel=\"noreferrer noopener\" href=\"http:\/\/agora.xtec.cat\/mobilsedu\/(s'obre en una pestanya nova)\" target=\"_blank\"><strong>19-22)<\/strong><\/a><br>Programa d&#8217;innovaci\u00f3 pedag\u00f2gica basada en l&#8217;\u00fas dels m\u00f2bils a les aules<\/p>\n\n\n\n<p class=\"digital-item kb has-ast-global-color-7-color has-text-color\"><a rel=\"noreferrer noopener\" href=\"https:\/\/projectes.xtec.cat\/transformaciodigital\/\" data-type=\"URL\" data-id=\"https:\/\/projectes.xtec.cat\/transformaciodigital\/\" target=\"_blank\"><strong>Transformaci\u00f3 digital (2017-20)<\/strong><\/a><br>El web inclou m\u00e9s de 500 projectes desenvolupats pels centres educatius dins del pla de transformaci\u00f3 digital 2017-20. <\/p>\n\n\n\n<p class=\"digital-item has-ast-global-color-8-color has-text-color\"><strong><a href=\"https:\/\/projectes.xtec.cat\/eduhack\/\" data-type=\"URL\" data-id=\"https:\/\/projectes.xtec.cat\/eduhack\/\">mSchools: Eduhack (2016-17)<\/a><\/strong><br>Cocreaci\u00f3 a gran escala per identificar i dissenyar experi\u00e8ncies innovadores, amb <em>Design Thinking<\/em>. <\/p>\n<\/div>\n<\/div>\n\n\n\n<div style=\"height:57px\" aria-hidden=\"true\" class=\"wp-block-spacer\"><\/div>\n","protected":false},"excerpt":{"rendered":"<p>Pensament computacional i rob\u00f2tica Aquest projecte ofereix formaci\u00f3 i materials did\u00e0ctics per a treballar el pensament computacional a les aules, sigui de manera desendollada o fent servir tecnologies com App Inventor, Scratch o Micro:bit Canal de reporters Projecte que t\u00e9 com a objectiu fomentar l\u2019esperit cr\u00edtic i l\u2019alfabetitzaci\u00f3 mitjan\u00e7ant activitats de periodisme escolar als centres [&hellip;]<\/p>\n","protected":false},"author":2,"featured_media":0,"parent":0,"menu_order":0,"comment_status":"closed","ping_status":"closed","template":"","meta":{"site-sidebar-layout":"no-sidebar","site-content-layout":"plain-container","ast-site-content-layout":"default","site-content-style":"unboxed","site-sidebar-style":"unboxed","ast-global-header-display":"","ast-banner-title-visibility":"","ast-main-header-display":"","ast-hfb-above-header-display":"","ast-hfb-below-header-display":"","ast-hfb-mobile-header-display":"","site-post-title":"","ast-breadcrumbs-content":"","ast-featured-img":"","footer-sml-layout":"","theme-transparent-header-meta":"default","adv-header-id-meta":"","stick-header-meta":"default","header-above-stick-meta":"","header-main-stick-meta":"","header-below-stick-meta":"","astra-migrate-meta-layouts":"set","ast-page-background-enabled":"default","ast-page-background-meta":{"desktop":{"background-color":"var(--ast-global-color-4)","background-image":"","background-repeat":"repeat","background-position":"center center","background-size":"auto","background-attachment":"scroll","background-type":"","background-media":"","overlay-type":"","overlay-color":"","overlay-opacity":"","overlay-gradient":""},"tablet":{"background-color":"","background-image":"","background-repeat":"repeat","background-position":"center center","background-size":"auto","background-attachment":"scroll","background-type":"","background-media":"","overlay-type":"","overlay-color":"","overlay-opacity":"","overlay-gradient":""},"mobile":{"background-color":"","background-image":"","background-repeat":"repeat","background-position":"center center","background-size":"auto","background-attachment":"scroll","background-type":"","background-media":"","overlay-type":"","overlay-color":"","overlay-opacity":"","overlay-gradient":""}},"ast-content-background-meta":{"desktop":{"background-color":"var(--ast-global-color-5)","background-image":"","background-repeat":"repeat","background-position":"center center","background-size":"auto","background-attachment":"scroll","background-type":"","background-media":"","overlay-type":"","overlay-color":"","overlay-opacity":"","overlay-gradient":""},"tablet":{"background-color":"var(--ast-global-color-5)","background-image":"","background-repeat":"repeat","background-position":"center center","background-size":"auto","background-attachment":"scroll","background-type":"","background-media":"","overlay-type":"","overlay-color":"","overlay-opacity":"","overlay-gradient":""},"mobile":{"background-color":"var(--ast-global-color-5)","background-image":"","background-repeat":"repeat","background-position":"center center","background-size":"auto","background-attachment":"scroll","background-type":"","background-media":"","overlay-type":"","overlay-color":"","overlay-opacity":"","overlay-gradient":""}},"footnotes":""},"class_list":["post-8690","page","type-page","status-publish","hentry"],"post_mailing_queue_ids":[],"_links":{"self":[{"href":"https:\/\/projectes.xtec.cat\/digital\/wp-json\/wp\/v2\/pages\/8690","targetHints":{"allow":["GET"]}}],"collection":[{"href":"https:\/\/projectes.xtec.cat\/digital\/wp-json\/wp\/v2\/pages"}],"about":[{"href":"https:\/\/projectes.xtec.cat\/digital\/wp-json\/wp\/v2\/types\/page"}],"author":[{"embeddable":true,"href":"https:\/\/projectes.xtec.cat\/digital\/wp-json\/wp\/v2\/users\/2"}],"replies":[{"embeddable":true,"href":"https:\/\/projectes.xtec.cat\/digital\/wp-json\/wp\/v2\/comments?post=8690"}],"version-history":[{"count":6,"href":"https:\/\/projectes.xtec.cat\/digital\/wp-json\/wp\/v2\/pages\/8690\/revisions"}],"predecessor-version":[{"id":38503,"href":"https:\/\/projectes.xtec.cat\/digital\/wp-json\/wp\/v2\/pages\/8690\/revisions\/38503"}],"wp:attachment":[{"href":"https:\/\/projectes.xtec.cat\/digital\/wp-json\/wp\/v2\/media?parent=8690"}],"curies":[{"name":"wp","href":"https:\/\/api.w.org\/{rel}","templated":true}]}}