{"id":8229,"date":"2020-12-18T12:50:58","date_gmt":"2020-12-18T11:50:58","guid":{"rendered":"https:\/\/projectes.xtec.cat\/edc-suport\/?page_id=8229"},"modified":"2022-01-11T09:31:40","modified_gmt":"2022-01-11T08:31:40","slug":"objectius","status":"publish","type":"page","link":"https:\/\/projectes.xtec.cat\/edc-suport\/objectius\/","title":{"rendered":"Objectius"},"content":{"rendered":"<p>Despr\u00e9s de realitzar la diagnosi, per poder concretar els objectius de l&#8217;EDC, cal determinar la visi\u00f3 del centre en l&#8217;\u00e0mbit digital i tenir en compte els objectius del PEC i del projecte de direcci\u00f3, sense perdre de vista els objectius del <a href=\"https:\/\/educacio.gencat.cat\/web\/.content\/home\/departament\/publicacions\/colleccions\/pla-educacio-digital\/pla-educacio-digital-catalunya\/pla-educacio-digital.pdf\" target=\"_blank\" rel=\"noopener noreferrer\">PEDC<\/a>. La conjunci\u00f3 d&#8217;aquests aspectes determinar\u00e0 els objectius de l&#8217;EDC.<\/p>\n<p><img loading=\"lazy\" decoding=\"async\" class=\"wp-image-8767  aligncenter\" src=\"https:\/\/projectes.xtec.cat\/edc-suport\/wp-content\/uploads\/usu2435\/2021\/03\/img_EDC_graph_04-1024x637-1.png\" alt=\"Objectius de l'EDC\" width=\"773\" height=\"285\" srcset=\"https:\/\/projectes.xtec.cat\/edc-suport\/wp-content\/uploads\/usu2435\/2021\/03\/img_EDC_graph_04-1024x637-1.png 1024w, https:\/\/projectes.xtec.cat\/edc-suport\/wp-content\/uploads\/usu2435\/2021\/03\/img_EDC_graph_04-1024x637-1-300x111.png 300w, https:\/\/projectes.xtec.cat\/edc-suport\/wp-content\/uploads\/usu2435\/2021\/03\/img_EDC_graph_04-1024x637-1-768x284.png 768w\" sizes=\"auto, (max-width: 773px) 100vw, 773px\" \/><\/p>\n\t\t\t\t\t\t<style>\r\n\t\t\t\t\r\n\t\t\t\t\t#tab_container_8261 {\r\n\toverflow:hidden;\r\n\tdisplay:block;\r\n\twidth:100%;\r\n\tborder:0px solid #ddd;\r\n\tmargin-bottom:30px;\r\n\t}\r\n\r\n#tab_container_8261 .tab-content{\r\n\tpadding:20px;\r\n\tborder: 1px solid #e6e6e6 !important;\r\n\tmargin-top: 0px;\r\n\tbackground-color:#ffffff !important;\r\n\tcolor: 444444 !important;\r\n\tfont-size:16px !important;\r\n\tfont-family: Arial !important;\r\n\t\r\n\t\tborder: 1px solid #e6e6e6 !important;\r\n\t}\r\n#tab_container_8261 .wpsm_nav-tabs {\r\n    border-bottom: 0px solid #ddd;\r\n}\r\n#tab_container_8261 .wpsm_nav-tabs > li.active > a, #tab_container_8261 .wpsm_nav-tabs > li.active > a:hover, #tab_container_8261 .wpsm_nav-tabs > li.active > a:focus {\r\n\tcolor: #ffffff !important;\r\n\tcursor: default;\r\n\tbackground-color: #6c6c6c !important;\r\n\tborder: 1px solid #535353 !important;\r\n}\r\n\r\n#tab_container_8261 .wpsm_nav-tabs > li > a {\r\n    margin-right: 0px !important; \r\n    line-height: 1.42857143 !important;\r\n    border: 1px solid #e7cecf !important;\r\n    border-radius: 0px 0px 0 0 !important; \r\n\tbackground-color: #fae1e2 !important;\r\n\tcolor: #000000 !important;\r\n\tpadding: 15px 18px 15px 18px !important;\r\n\ttext-decoration: none !important;\r\n\tfont-size: 16px !important;\r\n\ttext-align:center !important;\r\n\tfont-family: Arial !important;\r\n}\r\n#tab_container_8261 .wpsm_nav-tabs > li > a:focus {\r\noutline: 0px !important;\r\n}\r\n\r\n#tab_container_8261 .wpsm_nav-tabs > li > a:before {\r\n\tdisplay:none !important;\r\n}\r\n#tab_container_8261 .wpsm_nav-tabs > li > a:after {\r\n\tdisplay:none !important ;\r\n}\r\n#tab_container_8261 .wpsm_nav-tabs > li{\r\npadding:0px !important ;\r\nmargin:0px;\r\n}\r\n\r\n#tab_container_8261 .wpsm_nav-tabs > li > a:hover , #tab_container_8261 .wpsm_nav-tabs > li > a:focus {\r\n    color: #000000 !important;\r\n    background-color: #fae1e2 !important;\r\n\tborder: 1px solid #e7cecf !important;\r\n\t\r\n}\r\n#tab_container_8261 .wpsm_nav-tabs > li > a .fa{\r\n\r\nmargin-right:5px !important;\r\n\r\nmargin-left:5px !important;\r\n\r\n\r\n}\r\n\r\n\t\t#tab_container_8261 .wpsm_nav-tabs a{\r\n\t\t\tbackground-image: none;\r\n\t\t\tbackground-position: 0 0;\r\n\t\t\tbackground-repeat: repeat-x;\r\n\t\t}\r\n\t\t\t\r\n\r\n\r\n#tab_container_8261 .wpsm_nav-tabs > li {\r\n    float: left;\r\n    margin-bottom: -1px !important;\r\n\tmargin-right:0px !important; \r\n}\r\n\r\n\r\n#tab_container_8261 .tab-content{\r\noverflow:hidden !important;\r\n}\r\n\r\n\r\n@media (min-width: 769px) {\r\n\r\n\t#tab_container_8261 .wpsm_nav-tabs > li{\r\n\t\tfloat:left !important ;\r\n\t\t\t\tmargin-right:-1px !important;\r\n\t\t\t\t\t}\r\n\t#tab_container_8261 .wpsm_nav-tabs{\r\n\t\tfloat:none !important;\r\n\t\tmargin:0px !important;\r\n\t}\r\n\r\n\t#tab_container_8261 .wpsm_nav-tabs > li {\r\n\t\t\t\t\r\n\t}\r\n\t#tab_container_8261 .wpsm_nav{\r\n\t\t\t}\r\n\r\n}\r\n\r\n\r\n\r\n@media (max-width: 768px) {\r\n\t#tab_container_8261 .wpsm_nav-tabs > li {\r\n\t\t\t\t\r\n\t}\r\n\t#tab_container_8261 .wpsm_nav{\r\n\t\t\t}\r\n}\r\n\r\n\r\n\t.wpsm_nav-tabs li:before{\r\n\t\tdisplay:none !important;\r\n\t}\r\n\r\n\t@media (max-width: 768px) {\r\n\t\t\t\t\r\n\t\t\t\t.wpsm_nav-tabs{\r\n\t\t\tmargin-left:0px !important;\r\n\t\t\tmargin-right:0px !important; \r\n\t\t\t\r\n\t\t}\r\n\t\t\t\t#tab_container_8261 .wpsm_nav-tabs > li{\r\n\t\t\tfloat:none !important;\r\n\t\t}\r\n\t\t\t\r\n\t}\t\t\t\t<\/style>\r\n\t\t\t\t<div id=\"tab_container_8261\" >\r\n\t \r\n\t\t\t\t\t<ul class=\"wpsm_nav wpsm_nav-tabs\" role=\"tablist\" id=\"myTab_8261\">\r\n\t\t\t\t\t\t\t\r\n\t\t\t\t\t\t\t<li role=\"presentation\"  class=\"active\"  onclick=\"do_resize()\">\r\n\r\n\t\t\t\t\t\t\t\t<!-- XTEC ************ MODIFICAT - Disable scrolling on tab change. Fixes error in option \"Tabs Description Animation\" -->\r\n\t\t\t\t\t\t\t\t<!-- 2021.12.01 @aginard -->\r\n\t\t\t\t\t\t\t\t<a href=\"javascript:void(0);\" aria-controls=\"tabs_desc_8261_1\" role=\"tab\" data-toggle=\"tab\" data-target=\"#tabs_desc_8261_1\">\r\n\t\t\t\t\t\t\t\t<!-- ORIGINAL\r\n\t\t\t\t\t\t\t\t<a href=\"#tabs_desc_8261_1\" aria-controls=\"tabs_desc_8261_1\" role=\"tab\" data-toggle=\"tab\">\r\n\t\t\t\t\t\t\t\t-->\r\n\t\t\t\t\t\t\t\t<!-- ************ FI -->\r\n\t\t\t\t\t\t\t\t\t\r\n\t\t\t\t\t\t\t\t\t\t\t\t\t\t\t\t\t\t\t\t\t\t\t\t\t\t\t\t\t\t\t<i class=\"fa fa-laptop\"><\/i> \t\t\t\t\t\t\t\t\t\t\t\t\t\t\t\t\t\t\t\r\n\t\t\t\t\t\t\t\t\t\t\t\t\t\t\t\t\t\t\r\n\t\t\t\t\t\t\t\t\t<span>Visi\u00f3 i objectius del PEC<\/span>\r\n\t\t\t\t\t\t\t\t\t\r\n\t\t\t\t\t\t\t\t\t\t\t\t\t\t\t\t\t\t\r\n\t\t\t\t\t\t\t\t\t\t\t\t\t\t\t\t\t\t\t\t\r\n\t\t\t\t\t\t\t\t\t\r\n\t\t\t\t\t\t\t\t<\/a>\r\n\t\t\t\t\t\t\t<\/li>\r\n\t\t\t\t\t\t\t\r\n\t\t\t\t\t\t\t<li role=\"presentation\"  onclick=\"do_resize()\">\r\n\r\n\t\t\t\t\t\t\t\t<!-- XTEC ************ MODIFICAT - Disable scrolling on tab change. Fixes error in option \"Tabs Description Animation\" -->\r\n\t\t\t\t\t\t\t\t<!-- 2021.12.01 @aginard -->\r\n\t\t\t\t\t\t\t\t<a href=\"javascript:void(0);\" aria-controls=\"tabs_desc_8261_2\" role=\"tab\" data-toggle=\"tab\" data-target=\"#tabs_desc_8261_2\">\r\n\t\t\t\t\t\t\t\t<!-- ORIGINAL\r\n\t\t\t\t\t\t\t\t<a href=\"#tabs_desc_8261_2\" aria-controls=\"tabs_desc_8261_2\" role=\"tab\" data-toggle=\"tab\">\r\n\t\t\t\t\t\t\t\t-->\r\n\t\t\t\t\t\t\t\t<!-- ************ FI -->\r\n\t\t\t\t\t\t\t\t\t\r\n\t\t\t\t\t\t\t\t\t\t\t\t\t\t\t\t\t\t\t\t\t\t\t\t\t\t\t\t\t\t\t<i class=\"fa fa-laptop\"><\/i> \t\t\t\t\t\t\t\t\t\t\t\t\t\t\t\t\t\t\t\r\n\t\t\t\t\t\t\t\t\t\t\t\t\t\t\t\t\t\t\r\n\t\t\t\t\t\t\t\t\t<span>Definici\u00f3<\/span>\r\n\t\t\t\t\t\t\t\t\t\r\n\t\t\t\t\t\t\t\t\t\t\t\t\t\t\t\t\t\t\r\n\t\t\t\t\t\t\t\t\t\t\t\t\t\t\t\t\t\t\t\t\r\n\t\t\t\t\t\t\t\t\t\r\n\t\t\t\t\t\t\t\t<\/a>\r\n\t\t\t\t\t\t\t<\/li>\r\n\t\t\t\t\t\t\t\r\n\t\t\t\t\t\t\t<li role=\"presentation\"  onclick=\"do_resize()\">\r\n\r\n\t\t\t\t\t\t\t\t<!-- XTEC ************ MODIFICAT - Disable scrolling on tab change. Fixes error in option \"Tabs Description Animation\" -->\r\n\t\t\t\t\t\t\t\t<!-- 2021.12.01 @aginard -->\r\n\t\t\t\t\t\t\t\t<a href=\"javascript:void(0);\" aria-controls=\"tabs_desc_8261_3\" role=\"tab\" data-toggle=\"tab\" data-target=\"#tabs_desc_8261_3\">\r\n\t\t\t\t\t\t\t\t<!-- ORIGINAL\r\n\t\t\t\t\t\t\t\t<a href=\"#tabs_desc_8261_3\" aria-controls=\"tabs_desc_8261_3\" role=\"tab\" data-toggle=\"tab\">\r\n\t\t\t\t\t\t\t\t-->\r\n\t\t\t\t\t\t\t\t<!-- ************ FI -->\r\n\t\t\t\t\t\t\t\t\t\r\n\t\t\t\t\t\t\t\t\t\t\t\t\t\t\t\t\t\t\t\t\t\t\t\t\t\t\t\t\t\t\t<i class=\"fa fa-laptop\"><\/i> \t\t\t\t\t\t\t\t\t\t\t\t\t\t\t\t\t\t\t\r\n\t\t\t\t\t\t\t\t\t\t\t\t\t\t\t\t\t\t\r\n\t\t\t\t\t\t\t\t\t<span>Selecci\u00f3<\/span>\r\n\t\t\t\t\t\t\t\t\t\r\n\t\t\t\t\t\t\t\t\t\t\t\t\t\t\t\t\t\t\r\n\t\t\t\t\t\t\t\t\t\t\t\t\t\t\t\t\t\t\t\t\r\n\t\t\t\t\t\t\t\t\t\r\n\t\t\t\t\t\t\t\t<\/a>\r\n\t\t\t\t\t\t\t<\/li>\r\n\t\t\t\t\t\t\t\r\n\t\t\t\t\t\t\t<li role=\"presentation\"  onclick=\"do_resize()\">\r\n\r\n\t\t\t\t\t\t\t\t<!-- XTEC ************ MODIFICAT - Disable scrolling on tab change. Fixes error in option \"Tabs Description Animation\" -->\r\n\t\t\t\t\t\t\t\t<!-- 2021.12.01 @aginard -->\r\n\t\t\t\t\t\t\t\t<a href=\"javascript:void(0);\" aria-controls=\"tabs_desc_8261_4\" role=\"tab\" data-toggle=\"tab\" data-target=\"#tabs_desc_8261_4\">\r\n\t\t\t\t\t\t\t\t<!-- ORIGINAL\r\n\t\t\t\t\t\t\t\t<a href=\"#tabs_desc_8261_4\" aria-controls=\"tabs_desc_8261_4\" role=\"tab\" data-toggle=\"tab\">\r\n\t\t\t\t\t\t\t\t-->\r\n\t\t\t\t\t\t\t\t<!-- ************ FI -->\r\n\t\t\t\t\t\t\t\t\t\r\n\t\t\t\t\t\t\t\t\t\t\t\t\t\t\t\t\t\t\t\t\t\t\t\t\t\t\t\t\t\t\t<i class=\"fa fa-laptop\"><\/i> \t\t\t\t\t\t\t\t\t\t\t\t\t\t\t\t\t\t\t\r\n\t\t\t\t\t\t\t\t\t\t\t\t\t\t\t\t\t\t\r\n\t\t\t\t\t\t\t\t\t<span>Temporitzaci\u00f3<\/span>\r\n\t\t\t\t\t\t\t\t\t\r\n\t\t\t\t\t\t\t\t\t\t\t\t\t\t\t\t\t\t\r\n\t\t\t\t\t\t\t\t\t\t\t\t\t\t\t\t\t\t\t\t\r\n\t\t\t\t\t\t\t\t\t\r\n\t\t\t\t\t\t\t\t<\/a>\r\n\t\t\t\t\t\t\t<\/li>\r\n\t\t\t\t\t\t\t\r\n\t\t\t\t\t\t\t<li role=\"presentation\"  onclick=\"do_resize()\">\r\n\r\n\t\t\t\t\t\t\t\t<!-- XTEC ************ MODIFICAT - Disable scrolling on tab change. Fixes error in option \"Tabs Description Animation\" -->\r\n\t\t\t\t\t\t\t\t<!-- 2021.12.01 @aginard -->\r\n\t\t\t\t\t\t\t\t<a href=\"javascript:void(0);\" aria-controls=\"tabs_desc_8261_5\" role=\"tab\" data-toggle=\"tab\" data-target=\"#tabs_desc_8261_5\">\r\n\t\t\t\t\t\t\t\t<!-- ORIGINAL\r\n\t\t\t\t\t\t\t\t<a href=\"#tabs_desc_8261_5\" aria-controls=\"tabs_desc_8261_5\" role=\"tab\" data-toggle=\"tab\">\r\n\t\t\t\t\t\t\t\t-->\r\n\t\t\t\t\t\t\t\t<!-- ************ FI -->\r\n\t\t\t\t\t\t\t\t\t\r\n\t\t\t\t\t\t\t\t\t\t\t\t\t\t\t\t\t\t\t\t\t\t\t\t\t\t\t\t\t\t\t<i class=\"fa fa-laptop\"><\/i> \t\t\t\t\t\t\t\t\t\t\t\t\t\t\t\t\t\t\t\r\n\t\t\t\t\t\t\t\t\t\t\t\t\t\t\t\t\t\t\r\n\t\t\t\t\t\t\t\t\t<span>Indicadors<\/span>\r\n\t\t\t\t\t\t\t\t\t\r\n\t\t\t\t\t\t\t\t\t\t\t\t\t\t\t\t\t\t\r\n\t\t\t\t\t\t\t\t\t\t\t\t\t\t\t\t\t\t\t\t\r\n\t\t\t\t\t\t\t\t\t\r\n\t\t\t\t\t\t\t\t<\/a>\r\n\t\t\t\t\t\t\t<\/li>\r\n\t\t\t\t\t\t\t\t\t\t\t <\/ul>\r\n\r\n\t\t\t\t\t  <!-- Tab panes -->\r\n\t\t\t\t\t  <div class=\"tab-content\" id=\"tab-content_8261\">\r\n\t\t\t\t\t\t\t\t\t\t\t\t <div role=\"tabpanel\" class=\"tab-pane  in active \" id=\"tabs_desc_8261_1\">\r\n\t\t\t\t\t\t\t\t<p style=\"text-align: justify;\"><img loading=\"lazy\" decoding=\"async\" class=\"alignright wp-image-8305 size-full\" src=\"https:\/\/projectes.xtec.cat\/edc-suport\/wp-content\/uploads\/usu2435\/2020\/12\/EDC8-300x262.png\" alt=\"Imatge PEDC\" width=\"300\" height=\"262\" \/>Com ens imaginem el nostre centre en un futur en relaci\u00f3 amb la cultura digital? Quin \u00e9s el grau de maduresa que considerem \u00f2ptim? Qu\u00e8 diu el PEC i el projecte de direcci\u00f3 respecte a l'\u00e0mbit digital?<\/p>\n<p style=\"text-align: justify;\">La visi\u00f3 de centre en relaci\u00f3 amb la cultura digital ens ajudar\u00e0 a definir i planificar objectius. Si en el PEC o en el projecte de direcci\u00f3 ja s'indiquen objectius digitals, caldr\u00e0 tenir-los molt en compte. D'altra banda, el Pla d'Educaci\u00f3 Digital de Catalunya ens marca com a objectiu l'assoliment de la m\u00e0xima compet\u00e8ncia digital pel que fa a l'alumnat, el professorat i els centres.<\/p>\n<p><strong>Pautes per definir una visi\u00f3 de centre:<\/strong><\/p>\n<ul>\n<li style=\"text-align: justify;\"><span style=\"font-weight: 400;\">Revisar si el PEC, en la visi\u00f3 de centre, incorpora aspectes digitals.<\/span><\/li>\n<li style=\"text-align: justify;\">Crear un equip de treball, integrat per professorat, fam\u00edlies i alumnat, per definir una proposta de visi\u00f3. \u00c9s molt important que la visi\u00f3 de centre sigui consensuada amb tota la comunitat educativa.<\/li>\n<li style=\"text-align: justify;\">Fer una concreci\u00f3 escrita en un document que permeti tenir present i donar a con\u00e8ixer el comprom\u00eds del centre amb l'objectiu de l'assoliment del m\u00e0xim nivell de compet\u00e8ncia digital.<\/li>\n<\/ul>\n<p style=\"text-align: justify;\">Si en voleu saber m\u00e9s, us enllacem <a href=\"http:\/\/transformacioeducativa.cat\/visiodecentre\" target=\"_blank\" rel=\"noopener noreferrer\">La Visi\u00f3 de Centre,<\/a> elaborat per la <a href=\"http:\/\/transformacioeducativa.cat\/\" target=\"_blank\" rel=\"noopener noreferrer\">Xarxa de transformaci\u00f3 educativa<\/a>.<\/p>\n\t\t\t\t\t\t <\/div>\r\n\t\t\t\t\t\t\t\t\t\t\t\t <div role=\"tabpanel\" class=\"tab-pane \" id=\"tabs_desc_8261_2\">\r\n\t\t\t\t\t\t\t\t<p>En un primer moment, conv\u00e9 no descartar cap objectiu. Cal anotar-los tots per poder tenir una visi\u00f3 global d'on ha d'arribar el centre a mitj\u00e0 termini.<br \/>\nEls objectius haurien de complir les seg\u00fcents caracter\u00edstiques:<\/p>\n<ul>\n<li>Estan redactats en infinitiu.<\/li>\n<li>S\u00f3n clars.<\/li>\n<li>S\u00f3n ambiciosos per\u00f2 abastables.<\/li>\n<li>Poden portar associats indicadors mesurables.<\/li>\n<\/ul>\n<p style=\"text-align: justify;\">Alguns d'ells seran objectius a assolir en un trimestre i d'altres en tot el que duri l'Estrat\u00e8gia Digital de Centre. De moment no cal temporitzar-los. <strong>En aquesta fase cal determinar-los a partir del que s'ha detectat al centre.<\/strong><\/p>\n\t\t\t\t\t\t <\/div>\r\n\t\t\t\t\t\t\t\t\t\t\t\t <div role=\"tabpanel\" class=\"tab-pane \" id=\"tabs_desc_8261_3\">\r\n\t\t\t\t\t\t\t\t<p style=\"text-align: justify;\">El segon pas ser\u00e0 la selecci\u00f3 dels objectius. No \u00e9s un proc\u00e9s senzill, ja que de la bona selecci\u00f3 en dependr\u00e0 l'\u00e8xit de l'estrat\u00e8gia. Habitualment els centres detecten molts aspectes a consolidar i a millorar i, per aquest motiu, identifiquen molts objectius a assolir. Cal ser realistes i decidir quins objectius s'establiran i quins quedaran descartats en el primer disseny de l'EDC.<\/p>\n<p>Alguns criteris per a la tria dels objectius s\u00f3n:<\/p>\n<ul>\n<li style=\"text-align: justify;\"><strong>Necessitat:<\/strong> urg\u00e8ncia que el centre ha detectat.<\/li>\n<li style=\"text-align: justify;\"><strong>Viabilitat:<\/strong> possibilitat que el centre acabi assolint l'objectiu.<\/li>\n<li style=\"text-align: justify;\"><strong>Recursos:<\/strong> disponibilitat dels recursos necessaris per a l'assoliment.<\/li>\n<li style=\"text-align: justify;\"><strong>Grau d'impacte:<\/strong> transformaci\u00f3 que produeix en el centre l'assoliment de l'objectiu.<\/li>\n<\/ul>\n<p>\u00c9s recomanable fer una <strong>llista prioritzada d'objectius<\/strong>. A cada objectiu inicial, se li assigna una puntuaci\u00f3 de 0 a 3 per cada un dels aspectes. D'aquesta manera s'obt\u00e9 una puntuaci\u00f3 per objectiu.<\/p>\n<p>Per l'aspecte <strong>Necessitat<\/strong>, 0 significar\u00e0 que no \u00e9s gens necessari i 3 que \u00e9s molt necessari. Per l'aspecte <strong>Viabilitat<\/strong>, 0 significar\u00e0 que ser\u00e0 pr\u00e0cticament impossible assolir-lo i 3 que ser\u00e0 assolit amb molta facilitat. Per l'aspecte <strong>Recursos<\/strong>, 0 significar\u00e0 que el centre no pot aconseguir els recursos per assolir l'objectiu i 3 que el centre no cal que faci res per aconseguir els recursos, ja que ja els disposa. Per l'aspecte <strong>Grau d'impacte<\/strong>, 0 significar\u00e0 que l'assoliment no millorar\u00e0 el centre en l'\u00e0mbit digital i 3 que ser\u00e0 una millora molt significativa.<\/p>\n<p>En la seg\u00fcent imatge en teniu un exemple.<\/p>\n<p><img loading=\"lazy\" decoding=\"async\" class=\"alignnone wp-image-8353 size-full\" src=\"https:\/\/projectes.xtec.cat\/edc-suport\/wp-content\/uploads\/usu2435\/2021\/01\/lpo.png\" alt=\"Llista prioritzada d'objectius\" width=\"995\" height=\"207\" srcset=\"https:\/\/projectes.xtec.cat\/edc-suport\/wp-content\/uploads\/usu2435\/2021\/01\/lpo.png 995w, https:\/\/projectes.xtec.cat\/edc-suport\/wp-content\/uploads\/usu2435\/2021\/01\/lpo-300x62.png 300w, https:\/\/projectes.xtec.cat\/edc-suport\/wp-content\/uploads\/usu2435\/2021\/01\/lpo-768x160.png 768w\" sizes=\"auto, (max-width: 995px) 100vw, 995px\" \/><\/p>\n<p>Aquestes puntuacions ens poden orientar per fer la selecci\u00f3 dels objectius a incloure en l'EDC.<\/p>\n<p><a href=\"https:\/\/docs.google.com\/spreadsheets\/d\/1CKOBpK60Xfl0eESLP5KEJ4i8gznBb8XYOpXYN79ZtVE\/copy\"><img loading=\"lazy\" decoding=\"async\" class=\"alignleft wp-image-8341\" src=\"https:\/\/projectes.xtec.cat\/edc-suport\/wp-content\/uploads\/usu2435\/2020\/12\/copy-150x150.png\" alt=\"\" width=\"30\" height=\"30\" srcset=\"https:\/\/projectes.xtec.cat\/edc-suport\/wp-content\/uploads\/usu2435\/2020\/12\/copy-150x150.png 150w, https:\/\/projectes.xtec.cat\/edc-suport\/wp-content\/uploads\/usu2435\/2020\/12\/copy-300x300.png 300w, https:\/\/projectes.xtec.cat\/edc-suport\/wp-content\/uploads\/usu2435\/2020\/12\/copy.png 512w\" sizes=\"auto, (max-width: 30px) 100vw, 30px\" \/><\/a><a href=\"https:\/\/docs.google.com\/spreadsheets\/d\/1CKOBpK60Xfl0eESLP5KEJ4i8gznBb8XYOpXYN79ZtVE\/copy\">Plantilla llista prioritzada d'objectius<\/a><\/p>\n\t\t\t\t\t\t <\/div>\r\n\t\t\t\t\t\t\t\t\t\t\t\t <div role=\"tabpanel\" class=\"tab-pane \" id=\"tabs_desc_8261_4\">\r\n\t\t\t\t\t\t\t\t<p>El tercer pas ser\u00e0 la Temporitzaci\u00f3. L'EDC \u00e9s a mitj\u00e0 termini (3 o 4 anys), per tant, cal establir els objectius dins d'aquest per\u00edode de temps.<\/p>\n<p style=\"text-align: justify;\">Alguns objectius cal planificar-los pel primer curs, per\u00f2 d'altres caldr\u00e0 esperar que el centre vagi madurant digitalment per desenvolupar-los. Per tant, cal indicar quins objectius s'abordaran durant cada un dels cursos que duri l'EDC.<\/p>\n<p style=\"text-align: justify;\">\u00c9s una bona idea establir un cronograma d'objectius per tenir una visi\u00f3 global.<\/p>\n<p align=\"center\"><img loading=\"lazy\" decoding=\"async\" class=\"alignnone wp-image-8306 size-full\" src=\"https:\/\/projectes.xtec.cat\/edc-suport\/wp-content\/uploads\/usu2435\/2020\/12\/EDC9.png\" alt=\"Taula d'indicadors\" width=\"941\" height=\"478\" srcset=\"https:\/\/projectes.xtec.cat\/edc-suport\/wp-content\/uploads\/usu2435\/2020\/12\/EDC9.png 941w, https:\/\/projectes.xtec.cat\/edc-suport\/wp-content\/uploads\/usu2435\/2020\/12\/EDC9-300x152.png 300w, https:\/\/projectes.xtec.cat\/edc-suport\/wp-content\/uploads\/usu2435\/2020\/12\/EDC9-768x390.png 768w\" sizes=\"auto, (max-width: 941px) 100vw, 941px\" \/><\/p>\n\t\t\t\t\t\t <\/div>\r\n\t\t\t\t\t\t\t\t\t\t\t\t <div role=\"tabpanel\" class=\"tab-pane \" id=\"tabs_desc_8261_5\">\r\n\t\t\t\t\t\t\t\t<p style=\"text-align: justify;\">Un indicador \u00e9s una variable que ens permet mesurar el grau d'acompliment d'un objectiu. Poden ser quantitatius o qualitatius.<\/p>\n<p style=\"text-align: justify;\">Els indicadors es poden classificar en diferents tipus, per\u00f2 en el cas dels objectius de l'EDC, els indicadors que m\u00e9s poden ajudar a establir-ne l'assoliment s\u00f3n els anomenats <strong>indicadors d'impacte<\/strong>. S\u00f3n els indicadors que mesuren la transformaci\u00f3 aconseguida per un objectiu.<\/p>\n<p style=\"text-align: justify;\">Per exemple, un bon indicador per l'objectiu <em>Millorar l'acollida digital del professorat nou <\/em>seria el <em>grau de satisfacci\u00f3 d'aquest professorat<\/em> despr\u00e9s de dos mesos de la seva incorporaci\u00f3 al centre. Aquest grau es podria mesurar en un % de professorat que, en una enquesta, indica una puntuaci\u00f3 superior a un determinat valor. L'indicador no mesura quines accions s'han fet ni com s'han fet. L'indicador d'impacte mesura si hem assolit el que l'objectiu marcava.<\/p>\n<p>A m\u00e9s de l'indicador, tamb\u00e9 cal fixar el <strong>criteri d'acompliment<\/strong> o est\u00e0ndard. \u00c9s el valor a partir del qual es considera que l'objectiu s'ha assolit. En l'exemple anterior, el criteri d'acompliment podria ser un <em>80%<\/em>.<\/p>\n\t\t\t\t\t\t <\/div>\r\n\t\t\t\t\t\t\t\r\n\t\t\t\t\t <\/div>\r\n\t\t\t\t\t \r\n\t\t\t\t <\/div>\r\n <script>\r\n\t\tjQuery(function () {\r\n\t\t\tjQuery('#myTab_8261 a:first').tab('show')\r\n\t\t});\r\n\t\t\r\n\t\t\t\tjQuery(function(){\r\n\t\t\tvar b=\"fadeIn\";\r\n\t\t\tvar c;\r\n\t\t\tvar a;\r\n\t\t\td(jQuery(\"#myTab_8261 a\"),jQuery(\"#tab-content_8261\"));function d(e,f,g){\r\n\t\t\t\te.click(function(i){\r\n\t\t\t\t\ti.preventDefault();\r\n\t\t\t\t\tjQuery(this).tab(\"show\");\r\n\t\t\t\t\tvar h=jQuery(this).data(\"easein\");\r\n\t\t\t\t\tif(c){c.removeClass(a);}\r\n\t\t\t\t\tif(h){f.find(\"div.active\").addClass(\"animated \"+h);a=h;}\r\n\t\t\t\t\telse{if(g){f.find(\"div.active\").addClass(\"animated \"+g);a=g;}else{f.find(\"div.active\").addClass(\"animated \"+b);a=b;}}c=f.find(\"div.active\");\r\n\t\t\t\t});\r\n\t\t\t}\r\n\t\t});\r\n\t\t\r\n\r\n\t\tfunction do_resize(){\r\n\r\n\t\t\tvar width=jQuery( '.tab-content .tab-pane iframe' ).width();\r\n\t\t\tvar height=jQuery( '.tab-content .tab-pane iframe' ).height();\r\n\r\n\t\t\tvar toggleSize = true;\r\n\t\t\tjQuery('iframe').animate({\r\n\t\t\t    width: toggleSize ? width : 640,\r\n\t\t\t    height: toggleSize ? height : 360\r\n\t\t\t  }, 250);\r\n\r\n\t\t\t  toggleSize = !toggleSize;\r\n\t\t}\r\n\r\n\r\n\t<\/script>\r\n\t\t\t\t\r\n\t\t\t\n","protected":false},"excerpt":{"rendered":"","protected":false},"author":4,"featured_media":0,"parent":0,"menu_order":1,"comment_status":"closed","ping_status":"closed","template":"","meta":{"_bbp_topic_count":0,"_bbp_reply_count":0,"_bbp_total_topic_count":0,"_bbp_total_reply_count":0,"_bbp_voice_count":0,"_bbp_anonymous_reply_count":0,"_bbp_topic_count_hidden":0,"_bbp_reply_count_hidden":0,"_bbp_forum_subforum_count":0,"footnotes":""},"class_list":["post-8229","page","type-page","status-publish","hentry"],"post_mailing_queue_ids":[],"_links":{"self":[{"href":"https:\/\/projectes.xtec.cat\/edc-suport\/wp-json\/wp\/v2\/pages\/8229","targetHints":{"allow":["GET"]}}],"collection":[{"href":"https:\/\/projectes.xtec.cat\/edc-suport\/wp-json\/wp\/v2\/pages"}],"about":[{"href":"https:\/\/projectes.xtec.cat\/edc-suport\/wp-json\/wp\/v2\/types\/page"}],"author":[{"embeddable":true,"href":"https:\/\/projectes.xtec.cat\/edc-suport\/wp-json\/wp\/v2\/users\/4"}],"replies":[{"embeddable":true,"href":"https:\/\/projectes.xtec.cat\/edc-suport\/wp-json\/wp\/v2\/comments?post=8229"}],"version-history":[{"count":3,"href":"https:\/\/projectes.xtec.cat\/edc-suport\/wp-json\/wp\/v2\/pages\/8229\/revisions"}],"predecessor-version":[{"id":9686,"href":"https:\/\/projectes.xtec.cat\/edc-suport\/wp-json\/wp\/v2\/pages\/8229\/revisions\/9686"}],"wp:attachment":[{"href":"https:\/\/projectes.xtec.cat\/edc-suport\/wp-json\/wp\/v2\/media?parent=8229"}],"curies":[{"name":"wp","href":"https:\/\/api.w.org\/{rel}","templated":true}]}}