{"id":8231,"date":"2020-12-18T12:51:28","date_gmt":"2020-12-18T11:51:28","guid":{"rendered":"https:\/\/projectes.xtec.cat\/edc-suport\/?page_id=8231"},"modified":"2021-03-17T17:41:49","modified_gmt":"2021-03-17T16:41:49","slug":"planificacio-i-seguiment","status":"publish","type":"page","link":"https:\/\/projectes.xtec.cat\/edc-suport\/planificacio-i-seguiment\/","title":{"rendered":"Planificaci\u00f3 i seguiment"},"content":{"rendered":"<p align=\"center\"><img loading=\"lazy\" decoding=\"async\" class=\"aligncenter wp-image-8691\" src=\"https:\/\/projectes.xtec.cat\/edc-suport\/wp-content\/uploads\/usu2435\/2021\/03\/EDC10@3x-1024x682.png\" alt=\"\" width=\"673\" height=\"448\" srcset=\"https:\/\/projectes.xtec.cat\/edc-suport\/wp-content\/uploads\/usu2435\/2021\/03\/EDC10@3x-1024x682.png 1024w, https:\/\/projectes.xtec.cat\/edc-suport\/wp-content\/uploads\/usu2435\/2021\/03\/EDC10@3x-300x200.png 300w, https:\/\/projectes.xtec.cat\/edc-suport\/wp-content\/uploads\/usu2435\/2021\/03\/EDC10@3x-768x512.png 768w, https:\/\/projectes.xtec.cat\/edc-suport\/wp-content\/uploads\/usu2435\/2021\/03\/EDC10@3x.png 1726w\" sizes=\"auto, (max-width: 673px) 100vw, 673px\" \/><\/p>\n<p>&nbsp;<\/p>\n\t\t\t\t\t\t<style>\r\n\t\t\t\t\r\n\t\t\t\t\t#tab_container_8258 {\r\n\toverflow:hidden;\r\n\tdisplay:block;\r\n\twidth:100%;\r\n\tborder:0px solid #ddd;\r\n\tmargin-bottom:30px;\r\n\t}\r\n\r\n#tab_container_8258 .tab-content{\r\n\tpadding:20px;\r\n\tborder: 1px solid #e6e6e6 !important;\r\n\tmargin-top: 0px;\r\n\tbackground-color:#ffffff !important;\r\n\tcolor: #444444 !important;\r\n\tfont-size:16px !important;\r\n\tfont-family: Arial !important;\r\n\t\r\n\t\tborder: 1px solid #e6e6e6 !important;\r\n\t}\r\n#tab_container_8258 .wpsm_nav-tabs {\r\n    border-bottom: 0px solid #ddd;\r\n}\r\n#tab_container_8258 .wpsm_nav-tabs > li.active > a, #tab_container_8258 .wpsm_nav-tabs > li.active > a:hover, #tab_container_8258 .wpsm_nav-tabs > li.active > a:focus {\r\n\tcolor: #ffffff !important;\r\n\tcursor: default;\r\n\tbackground-color: #6c6c6c !important;\r\n\tborder: 1px solid #535353 !important;\r\n}\r\n\r\n#tab_container_8258 .wpsm_nav-tabs > li > a {\r\n    margin-right: 0px !important; \r\n    line-height: 1.42857143 !important;\r\n    border: 1px solid #e7cecf !important;\r\n    border-radius: 0px 0px 0 0 !important; \r\n\tbackground-color: #fae1e2 !important;\r\n\tcolor: #000000 !important;\r\n\tpadding: 15px 18px 15px 18px !important;\r\n\ttext-decoration: none !important;\r\n\tfont-size: 16px !important;\r\n\ttext-align:center !important;\r\n\tfont-family: Arial !important;\r\n}\r\n#tab_container_8258 .wpsm_nav-tabs > li > a:focus {\r\noutline: 0px !important;\r\n}\r\n\r\n#tab_container_8258 .wpsm_nav-tabs > li > a:before {\r\n\tdisplay:none !important;\r\n}\r\n#tab_container_8258 .wpsm_nav-tabs > li > a:after {\r\n\tdisplay:none !important ;\r\n}\r\n#tab_container_8258 .wpsm_nav-tabs > li{\r\npadding:0px !important ;\r\nmargin:0px;\r\n}\r\n\r\n#tab_container_8258 .wpsm_nav-tabs > li > a:hover , #tab_container_8258 .wpsm_nav-tabs > li > a:focus {\r\n    color: #000000 !important;\r\n    background-color: #fae1e2 !important;\r\n\tborder: 1px solid #e7cecf !important;\r\n\t\r\n}\r\n#tab_container_8258 .wpsm_nav-tabs > li > a .fa{\r\n\r\nmargin-right:5px !important;\r\n\r\nmargin-left:5px !important;\r\n\r\n\r\n}\r\n\r\n\t\t#tab_container_8258 .wpsm_nav-tabs a{\r\n\t\t\tbackground-image: none;\r\n\t\t\tbackground-position: 0 0;\r\n\t\t\tbackground-repeat: repeat-x;\r\n\t\t}\r\n\t\t\t\r\n\r\n\r\n#tab_container_8258 .wpsm_nav-tabs > li {\r\n    float: left;\r\n    margin-bottom: -1px !important;\r\n\tmargin-right:0px !important; \r\n}\r\n\r\n\r\n#tab_container_8258 .tab-content{\r\noverflow:hidden !important;\r\n}\r\n\r\n\r\n@media (min-width: 769px) {\r\n\r\n\t#tab_container_8258 .wpsm_nav-tabs > li{\r\n\t\tfloat:left !important ;\r\n\t\t\t\tmargin-right:-1px !important;\r\n\t\t\t\t\t}\r\n\t#tab_container_8258 .wpsm_nav-tabs{\r\n\t\tfloat:none !important;\r\n\t\tmargin:0px !important;\r\n\t}\r\n\r\n\t#tab_container_8258 .wpsm_nav-tabs > li {\r\n\t\t\t\t\r\n\t}\r\n\t#tab_container_8258 .wpsm_nav{\r\n\t\t\t}\r\n\r\n}\r\n\r\n\r\n\r\n@media (max-width: 768px) {\r\n\t#tab_container_8258 .wpsm_nav-tabs > li {\r\n\t\t\t\t\r\n\t}\r\n\t#tab_container_8258 .wpsm_nav{\r\n\t\t\t}\r\n}\r\n\r\n\r\n\t.wpsm_nav-tabs li:before{\r\n\t\tdisplay:none !important;\r\n\t}\r\n\r\n\t@media (max-width: 768px) {\r\n\t\t\t\t\r\n\t\t\t\t.wpsm_nav-tabs{\r\n\t\t\tmargin-left:0px !important;\r\n\t\t\tmargin-right:0px !important; \r\n\t\t\t\r\n\t\t}\r\n\t\t\t\t#tab_container_8258 .wpsm_nav-tabs > li{\r\n\t\t\tfloat:none !important;\r\n\t\t}\r\n\t\t\t\r\n\t}\t\t\t\t<\/style>\r\n\t\t\t\t<div id=\"tab_container_8258\" >\r\n\t \r\n\t\t\t\t\t<ul class=\"wpsm_nav wpsm_nav-tabs\" role=\"tablist\" id=\"myTab_8258\">\r\n\t\t\t\t\t\t\t\r\n\t\t\t\t\t\t\t<li role=\"presentation\"  class=\"active\"  onclick=\"do_resize()\">\r\n\r\n\t\t\t\t\t\t\t\t<!-- XTEC ************ MODIFICAT - Disable scrolling on tab change. Fixes error in option \"Tabs Description Animation\" -->\r\n\t\t\t\t\t\t\t\t<!-- 2021.12.01 @aginard -->\r\n\t\t\t\t\t\t\t\t<a href=\"javascript:void(0);\" aria-controls=\"tabs_desc_8258_1\" role=\"tab\" data-toggle=\"tab\" data-target=\"#tabs_desc_8258_1\">\r\n\t\t\t\t\t\t\t\t<!-- ORIGINAL\r\n\t\t\t\t\t\t\t\t<a href=\"#tabs_desc_8258_1\" aria-controls=\"tabs_desc_8258_1\" role=\"tab\" data-toggle=\"tab\">\r\n\t\t\t\t\t\t\t\t-->\r\n\t\t\t\t\t\t\t\t<!-- ************ FI -->\r\n\t\t\t\t\t\t\t\t\t\r\n\t\t\t\t\t\t\t\t\t\t\t\t\t\t\t\t\t\t\t\t\t\t\t\t\t\t\t\t\t\t\t<i class=\"fa fa-laptop\"><\/i> \t\t\t\t\t\t\t\t\t\t\t\t\t\t\t\t\t\t\t\r\n\t\t\t\t\t\t\t\t\t\t\t\t\t\t\t\t\t\t\r\n\t\t\t\t\t\t\t\t\t<span>Planificaci\u00f3<\/span>\r\n\t\t\t\t\t\t\t\t\t\r\n\t\t\t\t\t\t\t\t\t\t\t\t\t\t\t\t\t\t\r\n\t\t\t\t\t\t\t\t\t\t\t\t\t\t\t\t\t\t\t\t\r\n\t\t\t\t\t\t\t\t\t\r\n\t\t\t\t\t\t\t\t<\/a>\r\n\t\t\t\t\t\t\t<\/li>\r\n\t\t\t\t\t\t\t\r\n\t\t\t\t\t\t\t<li role=\"presentation\"  onclick=\"do_resize()\">\r\n\r\n\t\t\t\t\t\t\t\t<!-- XTEC ************ MODIFICAT - Disable scrolling on tab change. Fixes error in option \"Tabs Description Animation\" -->\r\n\t\t\t\t\t\t\t\t<!-- 2021.12.01 @aginard -->\r\n\t\t\t\t\t\t\t\t<a href=\"javascript:void(0);\" aria-controls=\"tabs_desc_8258_2\" role=\"tab\" data-toggle=\"tab\" data-target=\"#tabs_desc_8258_2\">\r\n\t\t\t\t\t\t\t\t<!-- ORIGINAL\r\n\t\t\t\t\t\t\t\t<a href=\"#tabs_desc_8258_2\" aria-controls=\"tabs_desc_8258_2\" role=\"tab\" data-toggle=\"tab\">\r\n\t\t\t\t\t\t\t\t-->\r\n\t\t\t\t\t\t\t\t<!-- ************ FI -->\r\n\t\t\t\t\t\t\t\t\t\r\n\t\t\t\t\t\t\t\t\t\t\t\t\t\t\t\t\t\t\t\t\t\t\t\t\t\t\t\t\t\t\t<i class=\"fa fa-laptop\"><\/i> \t\t\t\t\t\t\t\t\t\t\t\t\t\t\t\t\t\t\t\r\n\t\t\t\t\t\t\t\t\t\t\t\t\t\t\t\t\t\t\r\n\t\t\t\t\t\t\t\t\t<span>Seguiment<\/span>\r\n\t\t\t\t\t\t\t\t\t\r\n\t\t\t\t\t\t\t\t\t\t\t\t\t\t\t\t\t\t\r\n\t\t\t\t\t\t\t\t\t\t\t\t\t\t\t\t\t\t\t\t\r\n\t\t\t\t\t\t\t\t\t\r\n\t\t\t\t\t\t\t\t<\/a>\r\n\t\t\t\t\t\t\t<\/li>\r\n\t\t\t\t\t\t\t\t\t\t\t <\/ul>\r\n\r\n\t\t\t\t\t  <!-- Tab panes -->\r\n\t\t\t\t\t  <div class=\"tab-content\" id=\"tab-content_8258\">\r\n\t\t\t\t\t\t\t\t\t\t\t\t <div role=\"tabpanel\" class=\"tab-pane  in active \" id=\"tabs_desc_8258_1\">\r\n\t\t\t\t\t\t\t\t<p style=\"text-align: justify;\">Entenem per planificaci\u00f3 l'organitzaci\u00f3 i seguiment d'aquelles actuacions destinades a assolir els objectius que h\u00e0gim determinat en l'apartat anterior. La planificaci\u00f3 \u00e9s una tasca necess\u00e0ria per aconseguir avan\u00e7ar cap als objectius que ens hem marcat i que es pot dur a terme dins la <strong>Comissi\u00f3 d'Estrat\u00e8gia Digital de Centre.<\/strong><\/p>\n<p style=\"text-align: justify;\">Per cada objectiu, ser\u00e0 necessari dissenyar activitats que permetin el seu assoliment. Igual que passava amb la selecci\u00f3 d'objectius, cal ser realista a l'hora de determinar les activitats que es realitzaran i cal prioritzar aquelles que m\u00e9s poden apropar-nos a l'objectiu.<\/p>\n<p>Un cop dissenyades les activitats, cal planificar el seu desenvolupament. Per cada activitat, seria convenient determinar:<\/p>\n<ul>\n<li>Recursos necessaris pel que fa a infraestructures, maquinari, recursos humans i temporals (reunions, hores destinades a organitzar i implementar les actuacions, etc.)<\/li>\n<li>Distribuci\u00f3 de responsabilitats de tasques.<\/li>\n<li>Temporitzaci\u00f3.<\/li>\n<li style=\"text-align: justify;\">Indicadors: en el cas de les activitats \u00e9s recomanable definir indicadors que mesurin la quantitat del que s'ha fet (<strong>abast<\/strong>), com ara el nombre de participants, % d'alumne implicats, etc. i indicadors que mesurin la <strong>qualitat<\/strong> d'aquestes activitats. Conv\u00e9 que cada indicador vagi acompanyat del seu criteri d'acompliment.<\/li>\n<li>Tasques associades: si l'activitat \u00e9s complexa, \u00e9s \u00fatil dividir-la en diferents tasques.<\/li>\n<\/ul>\n<p>Una bona manera de tenir les activitats ben dissenyades i fer-ne el seguiment \u00e9s utilitzar un full de c\u00e0lcul amb una pestanya per a cada activitat. A continuaci\u00f3 teniu <a href=\"https:\/\/docs.google.com\/spreadsheets\/d\/1ubUa5oFK-LQ4uOpViqXPdLcO2ksZbz9org3K17k8AZA\/copy\" target=\"_blank\" rel=\"noopener\">un fitxer<\/a> que pot servir de model.<\/p>\n<p style=\"text-align: center;\"><img loading=\"lazy\" decoding=\"async\" class=\"alignnone wp-image-8309 size-large\" src=\"https:\/\/projectes.xtec.cat\/edc-suport\/wp-content\/uploads\/usu2435\/2020\/12\/EDC11-1024x401.png\" alt=\"Fitxa d'activitat\" width=\"1024\" height=\"401\" srcset=\"https:\/\/projectes.xtec.cat\/edc-suport\/wp-content\/uploads\/usu2435\/2020\/12\/EDC11.png 1024w, https:\/\/projectes.xtec.cat\/edc-suport\/wp-content\/uploads\/usu2435\/2020\/12\/EDC11-300x117.png 300w, https:\/\/projectes.xtec.cat\/edc-suport\/wp-content\/uploads\/usu2435\/2020\/12\/EDC11-768x301.png 768w\" sizes=\"auto, (max-width: 1024px) 100vw, 1024px\" \/><\/p>\n<p><a href=\"https:\/\/docs.google.com\/spreadsheets\/d\/1ubUa5oFK-LQ4uOpViqXPdLcO2ksZbz9org3K17k8AZA\/copy\"><img loading=\"lazy\" decoding=\"async\" class=\"alignleft wp-image-8341\" src=\"https:\/\/projectes.xtec.cat\/edc-suport\/wp-content\/uploads\/usu2435\/2020\/12\/copy.png\" alt=\"\" width=\"30\" height=\"30\" srcset=\"https:\/\/projectes.xtec.cat\/edc-suport\/wp-content\/uploads\/usu2435\/2020\/12\/copy.png 512w, https:\/\/projectes.xtec.cat\/edc-suport\/wp-content\/uploads\/usu2435\/2020\/12\/copy-150x150.png 150w, https:\/\/projectes.xtec.cat\/edc-suport\/wp-content\/uploads\/usu2435\/2020\/12\/copy-300x300.png 300w\" sizes=\"auto, (max-width: 30px) 100vw, 30px\" \/><\/a><a href=\"https:\/\/docs.google.com\/spreadsheets\/d\/1ubUa5oFK-LQ4uOpViqXPdLcO2ksZbz9org3K17k8AZA\/copy\">Model de fitxa d'activitat<\/a><\/p>\n\t\t\t\t\t\t <\/div>\r\n\t\t\t\t\t\t\t\t\t\t\t\t <div role=\"tabpanel\" class=\"tab-pane \" id=\"tabs_desc_8258_2\">\r\n\t\t\t\t\t\t\t\t<p style=\"text-align: justify;\">Un cop es comen\u00e7a a implementar l'EDC \u00e9s molt important fer un seguiment de les activitats planificades. Existeixen moltes opcions per fer aquest seguiment i cada centre pot optar per la que m\u00e9s li convingui.<\/p>\n<p>En tot cas, hi ha un parell d'instruments que poden ser d'utilitat: el diagrama de Gantt i la gesti\u00f3 de tasques.<\/p>\n<p style=\"text-align: justify;\">Un <strong>diagrama de Gantt<\/strong>\u00a0no \u00e9s res m\u00e9s que la representaci\u00f3 de les activitats i de les tasques que requereixen en una l\u00ednia del temps. D'aquesta manera, en tot moment podem saber quines activitats han ven\u00e7ut, quines estan en desenvolupament i quines encara no han comen\u00e7at.<\/p>\n<p style=\"text-align: center;\"><img loading=\"lazy\" decoding=\"async\" class=\"alignnone wp-image-8310 size-full\" src=\"https:\/\/projectes.xtec.cat\/edc-suport\/wp-content\/uploads\/usu2435\/2020\/12\/EDC12.png\" alt=\"Diagrama de Gantt\" width=\"700\" height=\"349\" srcset=\"https:\/\/projectes.xtec.cat\/edc-suport\/wp-content\/uploads\/usu2435\/2020\/12\/EDC12.png 700w, https:\/\/projectes.xtec.cat\/edc-suport\/wp-content\/uploads\/usu2435\/2020\/12\/EDC12-300x150.png 300w\" sizes=\"auto, (max-width: 700px) 100vw, 700px\" \/><\/p>\n<p style=\"text-align: justify;\">La <strong>gesti\u00f3 de tasques<\/strong> se sol fer amb tres categories. Activitats que estan<em> per fer,<\/em> les que estan <em>en curs<\/em> i les que ja s'han <em>fet. <\/em>Es representen les tres columnes i en cada una s'hi van col\u00b7locant les activitats segons el seu estat. Dins de cada activitat, s'hi indiquen les tasques concretes si \u00e9s necessari. Quan una activitat canvia d'estat, es mou de columna. D'aquesta manera, amb un cop d'ull es pot saber en quin punt es troba cada una de les activitats planificades.<\/p>\n<p style=\"text-align: justify;\">Aquests instruments es poden construir amb aplicacions ofim\u00e0tiques b\u00e0siques (editors de textos i fulls de c\u00e0lcul), per\u00f2 existeixen diferents aplicacions especialitzades que permeten fer aquesta gesti\u00f3 de projectes de manera \u00e0gil i compartida. Moltes d'elles tenen plans gratu\u00efts, funcionals per\u00f2 amb possibilitats limitades. Nom\u00e9s a tall d'exemple citem tres d'aquestes aplicacions: <a href=\"https:\/\/trello.com\/\" target=\"_blank\" rel=\"noopener\">Trello<\/a>, <a href=\"https:\/\/www.notion.so\/\" target=\"_blank\" rel=\"noopener\">Notion<\/a> i <a href=\"https:\/\/asana.com\/\" target=\"_blank\" rel=\"noopener\">Asana<\/a><\/p>\n<p><img loading=\"lazy\" decoding=\"async\" class=\"aligncenter wp-image-8311 size-large\" src=\"https:\/\/projectes.xtec.cat\/edc-suport\/wp-content\/uploads\/usu2435\/2020\/12\/EDC13-1024x254.png\" alt=\"Imatge del programa Trello\" width=\"1024\" height=\"254\" srcset=\"https:\/\/projectes.xtec.cat\/edc-suport\/wp-content\/uploads\/usu2435\/2020\/12\/EDC13.png 1024w, https:\/\/projectes.xtec.cat\/edc-suport\/wp-content\/uploads\/usu2435\/2020\/12\/EDC13-300x74.png 300w, https:\/\/projectes.xtec.cat\/edc-suport\/wp-content\/uploads\/usu2435\/2020\/12\/EDC13-768x191.png 768w\" sizes=\"auto, (max-width: 1024px) 100vw, 1024px\" \/><br \/>\n<img loading=\"lazy\" decoding=\"async\" class=\"aligncenter wp-image-8312 size-large\" src=\"https:\/\/projectes.xtec.cat\/edc-suport\/wp-content\/uploads\/usu2435\/2020\/12\/EDC14-1024x427.png\" alt=\"Imatge del programa Asana\" width=\"1024\" height=\"427\" srcset=\"https:\/\/projectes.xtec.cat\/edc-suport\/wp-content\/uploads\/usu2435\/2020\/12\/EDC14.png 1024w, https:\/\/projectes.xtec.cat\/edc-suport\/wp-content\/uploads\/usu2435\/2020\/12\/EDC14-300x125.png 300w, https:\/\/projectes.xtec.cat\/edc-suport\/wp-content\/uploads\/usu2435\/2020\/12\/EDC14-768x320.png 768w\" sizes=\"auto, (max-width: 1024px) 100vw, 1024px\" \/><\/p>\n<p><a href=\"https:\/\/docs.google.com\/spreadsheets\/d\/1gp_9yCsw24AinBBk3dRmmJ5yKmbpREpyjgfQ8NzJYYo\/copy\"><img loading=\"lazy\" decoding=\"async\" class=\"alignleft wp-image-8341\" src=\"https:\/\/projectes.xtec.cat\/edc-suport\/wp-content\/uploads\/usu2435\/2020\/12\/copy-150x150.png\" alt=\"\" width=\"30\" height=\"30\" srcset=\"https:\/\/projectes.xtec.cat\/edc-suport\/wp-content\/uploads\/usu2435\/2020\/12\/copy-150x150.png 150w, https:\/\/projectes.xtec.cat\/edc-suport\/wp-content\/uploads\/usu2435\/2020\/12\/copy-300x300.png 300w, https:\/\/projectes.xtec.cat\/edc-suport\/wp-content\/uploads\/usu2435\/2020\/12\/copy.png 512w\" sizes=\"auto, (max-width: 30px) 100vw, 30px\" \/><\/a><a href=\"https:\/\/docs.google.com\/spreadsheets\/d\/1gp_9yCsw24AinBBk3dRmmJ5yKmbpREpyjgfQ8NzJYYo\/copy\">Plantilla cronograma d'activitats<\/a><\/p>\n\t\t\t\t\t\t <\/div>\r\n\t\t\t\t\t\t\t\r\n\t\t\t\t\t <\/div>\r\n\t\t\t\t\t \r\n\t\t\t\t <\/div>\r\n <script>\r\n\t\tjQuery(function () {\r\n\t\t\tjQuery('#myTab_8258 a:first').tab('show')\r\n\t\t});\r\n\t\t\r\n\t\t\t\tjQuery(function(){\r\n\t\t\tvar b=\"fadeIn\";\r\n\t\t\tvar c;\r\n\t\t\tvar a;\r\n\t\t\td(jQuery(\"#myTab_8258 a\"),jQuery(\"#tab-content_8258\"));function d(e,f,g){\r\n\t\t\t\te.click(function(i){\r\n\t\t\t\t\ti.preventDefault();\r\n\t\t\t\t\tjQuery(this).tab(\"show\");\r\n\t\t\t\t\tvar h=jQuery(this).data(\"easein\");\r\n\t\t\t\t\tif(c){c.removeClass(a);}\r\n\t\t\t\t\tif(h){f.find(\"div.active\").addClass(\"animated \"+h);a=h;}\r\n\t\t\t\t\telse{if(g){f.find(\"div.active\").addClass(\"animated \"+g);a=g;}else{f.find(\"div.active\").addClass(\"animated \"+b);a=b;}}c=f.find(\"div.active\");\r\n\t\t\t\t});\r\n\t\t\t}\r\n\t\t});\r\n\t\t\r\n\r\n\t\tfunction do_resize(){\r\n\r\n\t\t\tvar width=jQuery( '.tab-content .tab-pane iframe' ).width();\r\n\t\t\tvar height=jQuery( '.tab-content .tab-pane iframe' ).height();\r\n\r\n\t\t\tvar toggleSize = true;\r\n\t\t\tjQuery('iframe').animate({\r\n\t\t\t    width: toggleSize ? width : 640,\r\n\t\t\t    height: toggleSize ? height : 360\r\n\t\t\t  }, 250);\r\n\r\n\t\t\t  toggleSize = !toggleSize;\r\n\t\t}\r\n\r\n\r\n\t<\/script>\r\n\t\t\t\t\r\n\t\t\t\n","protected":false},"excerpt":{"rendered":"","protected":false},"author":4,"featured_media":0,"parent":0,"menu_order":2,"comment_status":"closed","ping_status":"closed","template":"","meta":{"_bbp_topic_count":0,"_bbp_reply_count":0,"_bbp_total_topic_count":0,"_bbp_total_reply_count":0,"_bbp_voice_count":0,"_bbp_anonymous_reply_count":0,"_bbp_topic_count_hidden":0,"_bbp_reply_count_hidden":0,"_bbp_forum_subforum_count":0,"footnotes":""},"class_list":["post-8231","page","type-page","status-publish","hentry"],"post_mailing_queue_ids":[],"_links":{"self":[{"href":"https:\/\/projectes.xtec.cat\/edc-suport\/wp-json\/wp\/v2\/pages\/8231","targetHints":{"allow":["GET"]}}],"collection":[{"href":"https:\/\/projectes.xtec.cat\/edc-suport\/wp-json\/wp\/v2\/pages"}],"about":[{"href":"https:\/\/projectes.xtec.cat\/edc-suport\/wp-json\/wp\/v2\/types\/page"}],"author":[{"embeddable":true,"href":"https:\/\/projectes.xtec.cat\/edc-suport\/wp-json\/wp\/v2\/users\/4"}],"replies":[{"embeddable":true,"href":"https:\/\/projectes.xtec.cat\/edc-suport\/wp-json\/wp\/v2\/comments?post=8231"}],"version-history":[{"count":3,"href":"https:\/\/projectes.xtec.cat\/edc-suport\/wp-json\/wp\/v2\/pages\/8231\/revisions"}],"predecessor-version":[{"id":8773,"href":"https:\/\/projectes.xtec.cat\/edc-suport\/wp-json\/wp\/v2\/pages\/8231\/revisions\/8773"}],"wp:attachment":[{"href":"https:\/\/projectes.xtec.cat\/edc-suport\/wp-json\/wp\/v2\/media?parent=8231"}],"curies":[{"name":"wp","href":"https:\/\/api.w.org\/{rel}","templated":true}]}}