{"id":8235,"date":"2020-12-18T12:52:24","date_gmt":"2020-12-18T11:52:24","guid":{"rendered":"https:\/\/projectes.xtec.cat\/edc-suport\/?page_id=8235"},"modified":"2021-03-17T17:38:50","modified_gmt":"2021-03-17T16:38:50","slug":"cultura-digital","status":"publish","type":"page","link":"https:\/\/projectes.xtec.cat\/edc-suport\/cultura-digital\/","title":{"rendered":"Cultura Digital"},"content":{"rendered":"<p style=\"text-align: justify;\"><img loading=\"lazy\" decoding=\"async\" class=\"aligncenter wp-image-8709\" src=\"https:\/\/projectes.xtec.cat\/edc-suport\/wp-content\/uploads\/usu2435\/2021\/03\/img_EDC_graph_07-1024x729.png\" alt=\"\" width=\"666\" height=\"474\" srcset=\"https:\/\/projectes.xtec.cat\/edc-suport\/wp-content\/uploads\/usu2435\/2021\/03\/img_EDC_graph_07-1024x729.png 1024w, https:\/\/projectes.xtec.cat\/edc-suport\/wp-content\/uploads\/usu2435\/2021\/03\/img_EDC_graph_07-300x214.png 300w, https:\/\/projectes.xtec.cat\/edc-suport\/wp-content\/uploads\/usu2435\/2021\/03\/img_EDC_graph_07-768x547.png 768w, https:\/\/projectes.xtec.cat\/edc-suport\/wp-content\/uploads\/usu2435\/2021\/03\/img_EDC_graph_07.png 1682w\" sizes=\"auto, (max-width: 666px) 100vw, 666px\" \/><\/p>\n<p style=\"text-align: justify;\">El document de l&#8217;EDC ser\u00e0 la refer\u00e8ncia del centre en l&#8217;\u00e0mbit de tecnologies digitals. Per tant, \u00e9s important que aquest document tamb\u00e9 reculli <span style=\"font-weight: 400;\">la gesti\u00f3 di\u00e0ria de l\u2019organitzaci\u00f3 digital del centre. Qu\u00e8 est\u00e0 fent el centre en temes digitals? Quines accions el centre ja t\u00e9 consolidades i funcionen? \u00c9s possible que el centre ja hagi desenvolupat i escrit plans, procediments, normatives, protocols, etc. L&#8217;EDC ha de recopilar-ne, almenys, les refer\u00e8ncies per poder trobar-los de manera f\u00e0cil i \u00e0gil.<\/span><\/p>\n<p style=\"text-align: justify;\"><span style=\"font-weight: 400;\">El desplegament de l&#8217;EDC al llarg dels cursos tamb\u00e9 generar\u00e0 m\u00e9s activitats que \u00e9s important afegir a l\u2019EDC. Per exemple, si un centre realitza la diagnosi i detecta que el professorat de nova incorporaci\u00f3 t\u00e9 dificultats en adaptar-se en temes digitals, la part estrat\u00e8gica de l&#8217;EDC indicar\u00e0 un objectiu en aquest sentit. I molt probablement, una de les accions per assolir aquest objectiu ser\u00e0 la creaci\u00f3 d&#8217;un pla d&#8217;acollida digital de nou professorat. Quan l&#8217;acci\u00f3 ja s&#8217;hagi dut a terme, aquest pla d&#8217;acollida digital s&#8217;incorporar\u00e0 a la part de cultura digital del document de l&#8217;EDC. <\/span><span style=\"font-weight: 400;\">D&#8217;aquesta manera, l\u2019EDC recollir\u00e0 tots els aspectes digitals del centre.<\/span><\/p>\n<p>En aquesta part de cultura digital de l&#8217;EDC s&#8217;hi poden incorporar refer\u00e8ncies a les NOFC, refer\u00e8ncies a procediments del sistema de qualitat que tingui el centre, acords de claustre o de Consell Escolar, plans espec\u00edfics dissenyats per millorar aspectes concrets, protocols a seguir per la gesti\u00f3 dels serveis, autoritzacions que les fam\u00edlies han de signar, descripcions dels serveis que s&#8217;utilitzen al centre, refer\u00e8ncies al PEC per la part metodol\u00f2gica de l&#8217;\u00fas de les tecnologies, etc.<\/p>\n<p>En tot cas, seria recomanable que contingu\u00e9s, almenys, els seg\u00fcents aspectes:<\/p>\n<ul>\n<li style=\"text-align: justify;\"><strong>Desplegament curricular de la compet\u00e8ncia digital de l\u2019alumnat<br \/>\n<\/strong>L\u2019assoliment de la compet\u00e8ncia digital de l\u2019alumnat \u00e9s un dels objectius principals de l\u2019EDC. Aquest assoliment s\u2019ha d\u2019aconseguir de forma transversal amb la implicaci\u00f3 de totes les mat\u00e8ries o \u00e0mbits. Per aquesta ra\u00f3 cal que el centre planifiqui el seu desplegament i la seva avaluaci\u00f3 en els diferents nivells i cursos.<\/li>\n<li style=\"text-align: justify;\"><strong>Descripci\u00f3 dels serveis digitals que s\u2019ofereixen a alumnes, professorat i fam\u00edlies, i procediments de gesti\u00f3:<\/strong> Serveis digitals propis del centre \/ Serveis digitals externs al centre \/ Procediment d\u2019alta d\u2019usuaris (alumnat, professorat i fam\u00edlia) \/ Acords d\u2019\u00fas de la plataforma EVA \/ Organitzaci\u00f3 de la documentaci\u00f3 digital del centre \/ Gesti\u00f3 de les aules inform\u00e0tiques, dels carros d\u2019ordinadors i dels ordinadors de pr\u00e9stec, etc.<\/li>\n<li style=\"text-align: justify;\"><strong>Acolliment digital dels alumnes, docents i fam\u00edlies de nova incorporaci\u00f3:<\/strong> <span style=\"font-family: inherit; font-size: 1em;\">Planificaci\u00f3 de la incorporaci\u00f3 de nou alumnat al centre en temes digitals: usuaris, serveis que poden utilitzar, formaci\u00f3 inicial, normativa d\u2019\u00fas, etc. \/ <\/span><span style=\"font-family: inherit; font-size: 1em;\">Planificaci\u00f3 de la incorporaci\u00f3 de nous docents en temes digitals: usuaris, serveis que pot utilitzar, disponibilitat d\u2019ordinadors, formaci\u00f3 metodol\u00f2gica, etc. \/ <\/span><span style=\"font-family: inherit; font-size: 1em;\">Planificaci\u00f3 de la incorporaci\u00f3 de les fam\u00edlies en temes digitals: usuaris, serveis que pot utilitzar, formaci\u00f3 inicial, etc.<\/span><\/li>\n<li style=\"text-align: justify;\"><strong style=\"font-family: inherit; font-size: 1em;\">Comunicacions amb la comunitat educativa:<\/strong><span style=\"font-family: inherit; font-size: 1em;\"> Disseny de la comunicaci\u00f3 digital fam\u00edlies-centre (tutors, professorat, direcci\u00f3\u2026),\u00a0 alumnat-professorat i entre el mateix professorat.<\/span><\/li>\n<li style=\"text-align: justify;\"><strong>Portals web i xarxes socials:<\/strong> <span style=\"font-family: inherit; font-size: 1em;\">Organitzaci\u00f3 del manteniment de la informaci\u00f3 dels portals i de les xarxes socials del centre.<\/span><\/li>\n<li style=\"text-align: justify;\"><strong>Acords o protocols de centre referents a l\u2019EDC:<\/strong> <span style=\"font-family: inherit; font-size: 1em;\">Altres procediments o acords que el centre hagi definit respecte a l\u2019estrat\u00e8gia digital: \u00fas de m\u00f2bils al centre, \u00fas de l\u2019EVA, revisi\u00f3 i utilitzaci\u00f3 d\u2019aplicacions al n\u00favol, etc.<\/span><\/li>\n<\/ul>\n<p>No es tracta d&#8217;afegir m\u00e9s paperassa, sin\u00f3 que l&#8217;EDC sigui el document que reculli tota l&#8217;activitat del centre en l&#8217;\u00e0mbit digital. Per tant, es tracta de facilitar el seguiment de la transformaci\u00f3 digital del centre.<\/p>\n","protected":false},"excerpt":{"rendered":"<p>El document de l&#8217;EDC ser\u00e0 la refer\u00e8ncia del centre en l&#8217;\u00e0mbit de tecnologies digitals. Per tant, \u00e9s important que aquest document tamb\u00e9 reculli la gesti\u00f3 di\u00e0ria de l\u2019organitzaci\u00f3 digital del centre. Qu\u00e8 est\u00e0 fent el centre en temes digitals? Quines accions el centre ja t\u00e9&hellip;  <a href=\"https:\/\/projectes.xtec.cat\/edc-suport\/cultura-digital\/\" title=\"Read Cultura Digital\">Llegeix m\u00e9s\u00bb<\/a><\/p>\n","protected":false},"author":4,"featured_media":0,"parent":0,"menu_order":1,"comment_status":"closed","ping_status":"closed","template":"","meta":{"_bbp_topic_count":0,"_bbp_reply_count":0,"_bbp_total_topic_count":0,"_bbp_total_reply_count":0,"_bbp_voice_count":0,"_bbp_anonymous_reply_count":0,"_bbp_topic_count_hidden":0,"_bbp_reply_count_hidden":0,"_bbp_forum_subforum_count":0,"footnotes":""},"class_list":["post-8235","page","type-page","status-publish","hentry"],"post_mailing_queue_ids":[],"_links":{"self":[{"href":"https:\/\/projectes.xtec.cat\/edc-suport\/wp-json\/wp\/v2\/pages\/8235","targetHints":{"allow":["GET"]}}],"collection":[{"href":"https:\/\/projectes.xtec.cat\/edc-suport\/wp-json\/wp\/v2\/pages"}],"about":[{"href":"https:\/\/projectes.xtec.cat\/edc-suport\/wp-json\/wp\/v2\/types\/page"}],"author":[{"embeddable":true,"href":"https:\/\/projectes.xtec.cat\/edc-suport\/wp-json\/wp\/v2\/users\/4"}],"replies":[{"embeddable":true,"href":"https:\/\/projectes.xtec.cat\/edc-suport\/wp-json\/wp\/v2\/comments?post=8235"}],"version-history":[{"count":3,"href":"https:\/\/projectes.xtec.cat\/edc-suport\/wp-json\/wp\/v2\/pages\/8235\/revisions"}],"predecessor-version":[{"id":8770,"href":"https:\/\/projectes.xtec.cat\/edc-suport\/wp-json\/wp\/v2\/pages\/8235\/revisions\/8770"}],"wp:attachment":[{"href":"https:\/\/projectes.xtec.cat\/edc-suport\/wp-json\/wp\/v2\/media?parent=8235"}],"curies":[{"name":"wp","href":"https:\/\/api.w.org\/{rel}","templated":true}]}}