{"id":8237,"date":"2020-12-18T12:52:57","date_gmt":"2020-12-18T11:52:57","guid":{"rendered":"https:\/\/projectes.xtec.cat\/edc-suport\/?page_id=8237"},"modified":"2021-03-17T15:50:22","modified_gmt":"2021-03-17T14:50:22","slug":"guia-delaboracio-de-ledc","status":"publish","type":"page","link":"https:\/\/projectes.xtec.cat\/edc-suport\/guia-delaboracio-de-ledc\/","title":{"rendered":"Guia d&#8217;elaboraci\u00f3 de l&#8217;EDC"},"content":{"rendered":"<p style=\"text-align: justify;\">L&#8217;EDC compr\u00e8n dues parts, la part d&#8217;e<span style=\"font-family: inherit; font-size: 1em;\">strat\u00e8gia i la part de <\/span><span style=\"font-family: inherit; font-size: 1em;\">Cultura Digital del centre. Per arribar a elaborar la part estrat\u00e8gica, \u00e9s recomanable <\/span>seguir un proc\u00e9s marcat per quatre grans fases: <strong>diagnosi, objectius, planificaci\u00f3 i avaluaci\u00f3.<\/strong><\/p>\n<p style=\"text-align: justify;\">Com es pot veure en la figura, \u00e9s un proc\u00e9s circular. L&#8217;avaluaci\u00f3 pot fer replantejar les altres fases i per tant, pot fer repensar diferents aspectes de l&#8217;EDC. Per aquest motiu cal destacar que l&#8217;EDC \u00e9s un document viu, que va incorporant millores i propostes noves durant la seva implementaci\u00f3. En aquest web trobareu una guia per poder elaborar cada una d&#8217;aquestes fases.<\/p>\n<p style=\"text-align: center;\"><img loading=\"lazy\" decoding=\"async\" class=\"aligncenter wp-image-8676\" src=\"https:\/\/projectes.xtec.cat\/edc-suport\/wp-content\/uploads\/usu2435\/2021\/03\/edc2.jpg\" alt=\"Fases de l'EDC\" width=\"562\" height=\"282\" srcset=\"https:\/\/projectes.xtec.cat\/edc-suport\/wp-content\/uploads\/usu2435\/2021\/03\/edc2.jpg 1095w, https:\/\/projectes.xtec.cat\/edc-suport\/wp-content\/uploads\/usu2435\/2021\/03\/edc2-300x150.jpg 300w, https:\/\/projectes.xtec.cat\/edc-suport\/wp-content\/uploads\/usu2435\/2021\/03\/edc2-768x385.jpg 768w, https:\/\/projectes.xtec.cat\/edc-suport\/wp-content\/uploads\/usu2435\/2021\/03\/edc2-1024x513.jpg 1024w\" sizes=\"auto, (max-width: 562px) 100vw, 562px\" \/><\/p>\n","protected":false},"excerpt":{"rendered":"<p>L&#8217;EDC compr\u00e8n dues parts, la part d&#8217;estrat\u00e8gia i la part de Cultura Digital del centre. Per arribar a elaborar la part estrat\u00e8gica, \u00e9s recomanable seguir un proc\u00e9s marcat per quatre grans fases: diagnosi, objectius, planificaci\u00f3 i avaluaci\u00f3.<br \/>\nCom es pot veure en la figura, \u00e9s un&hellip;  <a href=\"https:\/\/projectes.xtec.cat\/edc-suport\/guia-delaboracio-de-ledc\/\" title=\"Read Guia d&#8217;elaboraci\u00f3 de l&#8217;EDC\">Llegeix m\u00e9s\u00bb<\/a><\/p>\n","protected":false},"author":4,"featured_media":0,"parent":0,"menu_order":0,"comment_status":"closed","ping_status":"closed","template":"","meta":{"_bbp_topic_count":0,"_bbp_reply_count":0,"_bbp_total_topic_count":0,"_bbp_total_reply_count":0,"_bbp_voice_count":0,"_bbp_anonymous_reply_count":0,"_bbp_topic_count_hidden":0,"_bbp_reply_count_hidden":0,"_bbp_forum_subforum_count":0,"footnotes":""},"class_list":["post-8237","page","type-page","status-publish","hentry"],"post_mailing_queue_ids":[],"_links":{"self":[{"href":"https:\/\/projectes.xtec.cat\/edc-suport\/wp-json\/wp\/v2\/pages\/8237","targetHints":{"allow":["GET"]}}],"collection":[{"href":"https:\/\/projectes.xtec.cat\/edc-suport\/wp-json\/wp\/v2\/pages"}],"about":[{"href":"https:\/\/projectes.xtec.cat\/edc-suport\/wp-json\/wp\/v2\/types\/page"}],"author":[{"embeddable":true,"href":"https:\/\/projectes.xtec.cat\/edc-suport\/wp-json\/wp\/v2\/users\/4"}],"replies":[{"embeddable":true,"href":"https:\/\/projectes.xtec.cat\/edc-suport\/wp-json\/wp\/v2\/comments?post=8237"}],"version-history":[{"count":3,"href":"https:\/\/projectes.xtec.cat\/edc-suport\/wp-json\/wp\/v2\/pages\/8237\/revisions"}],"predecessor-version":[{"id":8677,"href":"https:\/\/projectes.xtec.cat\/edc-suport\/wp-json\/wp\/v2\/pages\/8237\/revisions\/8677"}],"wp:attachment":[{"href":"https:\/\/projectes.xtec.cat\/edc-suport\/wp-json\/wp\/v2\/media?parent=8237"}],"curies":[{"name":"wp","href":"https:\/\/api.w.org\/{rel}","templated":true}]}}