{"id":8239,"date":"2020-12-18T12:53:17","date_gmt":"2020-12-18T11:53:17","guid":{"rendered":"https:\/\/projectes.xtec.cat\/edc-suport\/?page_id=8239"},"modified":"2021-03-17T15:51:48","modified_gmt":"2021-03-17T14:51:48","slug":"avaluacio-i-millora","status":"publish","type":"page","link":"https:\/\/projectes.xtec.cat\/edc-suport\/avaluacio-i-millora\/","title":{"rendered":"Avaluaci\u00f3 i millora"},"content":{"rendered":"<p style=\"text-align: justify;\"><span style=\"font-weight: 400;\">Almenys un cop al curs \u00e9s recomanable fer una avaluaci\u00f3 en profunditat de l&#8217;EDC. Cal revisar cada una de les <strong>activitats planificades<\/strong> i determinar el grau d&#8217;acompliment dels indicadors establerts a partir dels criteris d&#8217;acompliment.<\/span><\/p>\n<p style=\"text-align: justify;\">De la mateixa manera, cal revisar els <strong>objectius establerts<\/strong> pel curs i determinar-ne tamb\u00e9 el grau d&#8217;assoliment a partir dels indicadors d&#8217;impacte i els criteris d&#8217;acompliment.<\/p>\n<p style=\"text-align: justify;\">A partir d&#8217;aqu\u00ed, la Comissi\u00f3 d&#8217;Estrat\u00e8gia Digital del Centre ha d&#8217;encetar un proc\u00e9s de reflexi\u00f3. Si \u00e9s un dels primers cursos d&#8217;aplicaci\u00f3 de l&#8217;estrat\u00e8gia digital, \u00e9s possible que calgui revisar algun dels objectius, sigui la seva definici\u00f3 o la seva temporitzaci\u00f3, o algunes de les activitats.<\/p>\n<p style=\"text-align: justify;\">Si l&#8217;EDC est\u00e0 arribant al final de la seva planificaci\u00f3, caldr\u00e0 plantejar-se la diagnosi per actualitzar-la. Aquesta revisi\u00f3 i actualitzaci\u00f3 implicar\u00e0 un canvi en els objectius i en les activitats.<\/p>\n<p style=\"text-align: justify;\"><img loading=\"lazy\" decoding=\"async\" class=\"wp-image-8686 aligncenter\" src=\"https:\/\/projectes.xtec.cat\/edc-suport\/wp-content\/uploads\/usu2435\/2021\/03\/edc6.jpg\" alt=\"Avaluaci\u00f3 de l'EDC\" width=\"563\" height=\"326\" srcset=\"https:\/\/projectes.xtec.cat\/edc-suport\/wp-content\/uploads\/usu2435\/2021\/03\/edc6.jpg 1011w, https:\/\/projectes.xtec.cat\/edc-suport\/wp-content\/uploads\/usu2435\/2021\/03\/edc6-300x174.jpg 300w, https:\/\/projectes.xtec.cat\/edc-suport\/wp-content\/uploads\/usu2435\/2021\/03\/edc6-768x444.jpg 768w\" sizes=\"auto, (max-width: 563px) 100vw, 563px\" \/><\/p>\n","protected":false},"excerpt":{"rendered":"<p>Almenys un cop al curs \u00e9s recomanable fer una avaluaci\u00f3 en profunditat de l&#8217;EDC. Cal revisar cada una de les activitats planificades i determinar el grau d&#8217;acompliment dels indicadors establerts a partir dels criteris d&#8217;acompliment.<br \/>\nDe la mateixa manera, cal revisar els objectius establerts pel curs&hellip;  <a href=\"https:\/\/projectes.xtec.cat\/edc-suport\/avaluacio-i-millora\/\" title=\"Read Avaluaci\u00f3 i millora\">Llegeix m\u00e9s\u00bb<\/a><\/p>\n","protected":false},"author":4,"featured_media":0,"parent":0,"menu_order":3,"comment_status":"closed","ping_status":"closed","template":"","meta":{"_bbp_topic_count":0,"_bbp_reply_count":0,"_bbp_total_topic_count":0,"_bbp_total_reply_count":0,"_bbp_voice_count":0,"_bbp_anonymous_reply_count":0,"_bbp_topic_count_hidden":0,"_bbp_reply_count_hidden":0,"_bbp_forum_subforum_count":0,"footnotes":""},"class_list":["post-8239","page","type-page","status-publish","hentry"],"post_mailing_queue_ids":[],"_links":{"self":[{"href":"https:\/\/projectes.xtec.cat\/edc-suport\/wp-json\/wp\/v2\/pages\/8239","targetHints":{"allow":["GET"]}}],"collection":[{"href":"https:\/\/projectes.xtec.cat\/edc-suport\/wp-json\/wp\/v2\/pages"}],"about":[{"href":"https:\/\/projectes.xtec.cat\/edc-suport\/wp-json\/wp\/v2\/types\/page"}],"author":[{"embeddable":true,"href":"https:\/\/projectes.xtec.cat\/edc-suport\/wp-json\/wp\/v2\/users\/4"}],"replies":[{"embeddable":true,"href":"https:\/\/projectes.xtec.cat\/edc-suport\/wp-json\/wp\/v2\/comments?post=8239"}],"version-history":[{"count":3,"href":"https:\/\/projectes.xtec.cat\/edc-suport\/wp-json\/wp\/v2\/pages\/8239\/revisions"}],"predecessor-version":[{"id":8687,"href":"https:\/\/projectes.xtec.cat\/edc-suport\/wp-json\/wp\/v2\/pages\/8239\/revisions\/8687"}],"wp:attachment":[{"href":"https:\/\/projectes.xtec.cat\/edc-suport\/wp-json\/wp\/v2\/media?parent=8239"}],"curies":[{"name":"wp","href":"https:\/\/api.w.org\/{rel}","templated":true}]}}