{"id":8364,"date":"2021-01-20T11:25:14","date_gmt":"2021-01-20T10:25:14","guid":{"rendered":"https:\/\/projectes.xtec.cat\/edc-suport\/?page_id=8364"},"modified":"2021-04-07T10:09:42","modified_gmt":"2021-04-07T08:09:42","slug":"per-on-comencar-ledc","status":"publish","type":"page","link":"https:\/\/projectes.xtec.cat\/edc-suport\/per-on-comencar-ledc\/","title":{"rendered":"Per on comen\u00e7ar l&#8217;EDC?"},"content":{"rendered":"<p>En aquest web podreu trobar una guia amb tots aspectes a tenir en compte per elaborar l&#8217;Estrat\u00e8gia Digital de Centre (EDC). A continuaci\u00f3 trobareu una proposta ordenada de passos a seguir. \u00c9s nom\u00e9s una recomanaci\u00f3 que pot ajudar a orientar l&#8217;inici del disseny de l&#8217;EDC.<\/p>\n<p><a href=\"https:\/\/projectes.xtec.cat\/edc-suport\/wp-content\/uploads\/usu2435\/2021\/04\/EDC18-1@3x-1.png\"><img loading=\"lazy\" decoding=\"async\" class=\"alignnone wp-image-8806 size-large\" src=\"https:\/\/projectes.xtec.cat\/edc-suport\/wp-content\/uploads\/usu2435\/2021\/04\/EDC18-1@3x-1-1024x504.png\" alt=\"\" width=\"1024\" height=\"504\" srcset=\"https:\/\/projectes.xtec.cat\/edc-suport\/wp-content\/uploads\/usu2435\/2021\/04\/EDC18-1@3x-1-1024x504.png 1024w, https:\/\/projectes.xtec.cat\/edc-suport\/wp-content\/uploads\/usu2435\/2021\/04\/EDC18-1@3x-1-300x148.png 300w, https:\/\/projectes.xtec.cat\/edc-suport\/wp-content\/uploads\/usu2435\/2021\/04\/EDC18-1@3x-1-768x378.png 768w\" sizes=\"auto, (max-width: 1024px) 100vw, 1024px\" \/><\/a><\/p>\n<p>&nbsp;<\/p>\n<p>&nbsp;<\/p>\n<map name=\"image-map\">\n<area title=\"Diagnosi\" alt=\"Diagnosi\" coords=\"470,3,700,126\" shape=\"rect\" href=\"https:\/\/projectes.xtec.cat\/edc-suport\/?page_id=8227\" target=\"\" \/>\n<area title=\"Objectius\" alt=\"Objectius\" coords=\"750,3,950,126\" shape=\"rect\" href=\"https:\/\/projectes.xtec.cat\/edc-suport\/?page_id=8229\" target=\"\" \/>\n<area title=\"Planificaci\u00f3 i seguiment\" alt=\"Planificaci\u00f3 i seguiment\" coords=\"310,250,830,380\" shape=\"rect\" href=\"https:\/\/projectes.xtec.cat\/edc-suport\/?page_id=8231\" target=\"\" \/>\n<area title=\"Avaluaci\u00f3\" alt=\"Avaluaci\u00f3\" coords=\"4,250,266,380\" shape=\"rect\" href=\"https:\/\/projectes.xtec.cat\/edc-suport\/?page_id=8239\" target=\"\" \/> <\/map>\n","protected":false},"excerpt":{"rendered":"<p>En aquest web podreu trobar una guia amb tots aspectes a tenir en compte per elaborar l&#8217;Estrat\u00e8gia Digital de Centre (EDC). A continuaci\u00f3 trobareu una proposta ordenada de passos a seguir. \u00c9s nom\u00e9s una recomanaci\u00f3 que pot ajudar a orientar l&#8217;inici del disseny de l&#8217;EDC.<br \/>\n<a&hellip;  <a href=\"https:\/\/projectes.xtec.cat\/edc-suport\/per-on-comencar-ledc\/\" title=\"Read Per on comen\u00e7ar l&#8217;EDC?\">Llegeix m\u00e9s\u00bb<\/a><\/p>\n","protected":false},"author":4,"featured_media":0,"parent":0,"menu_order":0,"comment_status":"closed","ping_status":"closed","template":"","meta":{"_bbp_topic_count":0,"_bbp_reply_count":0,"_bbp_total_topic_count":0,"_bbp_total_reply_count":0,"_bbp_voice_count":0,"_bbp_anonymous_reply_count":0,"_bbp_topic_count_hidden":0,"_bbp_reply_count_hidden":0,"_bbp_forum_subforum_count":0,"footnotes":""},"class_list":["post-8364","page","type-page","status-publish","hentry"],"post_mailing_queue_ids":[],"_links":{"self":[{"href":"https:\/\/projectes.xtec.cat\/edc-suport\/wp-json\/wp\/v2\/pages\/8364","targetHints":{"allow":["GET"]}}],"collection":[{"href":"https:\/\/projectes.xtec.cat\/edc-suport\/wp-json\/wp\/v2\/pages"}],"about":[{"href":"https:\/\/projectes.xtec.cat\/edc-suport\/wp-json\/wp\/v2\/types\/page"}],"author":[{"embeddable":true,"href":"https:\/\/projectes.xtec.cat\/edc-suport\/wp-json\/wp\/v2\/users\/4"}],"replies":[{"embeddable":true,"href":"https:\/\/projectes.xtec.cat\/edc-suport\/wp-json\/wp\/v2\/comments?post=8364"}],"version-history":[{"count":3,"href":"https:\/\/projectes.xtec.cat\/edc-suport\/wp-json\/wp\/v2\/pages\/8364\/revisions"}],"predecessor-version":[{"id":8807,"href":"https:\/\/projectes.xtec.cat\/edc-suport\/wp-json\/wp\/v2\/pages\/8364\/revisions\/8807"}],"wp:attachment":[{"href":"https:\/\/projectes.xtec.cat\/edc-suport\/wp-json\/wp\/v2\/media?parent=8364"}],"curies":[{"name":"wp","href":"https:\/\/api.w.org\/{rel}","templated":true}]}}