{"id":8453,"date":"2021-01-21T12:33:01","date_gmt":"2021-01-21T11:33:01","guid":{"rendered":"https:\/\/projectes.xtec.cat\/edc-suport\/?page_id=8453"},"modified":"2021-03-18T13:39:07","modified_gmt":"2021-03-18T12:39:07","slug":"estrategia-2","status":"publish","type":"page","link":"https:\/\/projectes.xtec.cat\/edc-suport\/estrategia-2\/","title":{"rendered":"Estrat\u00e8gia"},"content":{"rendered":"<p>Per elaborar la part estrat\u00e8gica de l&#8217;EDC \u00e9s recomanable seguir uns procediments en un ordre cronol\u00f2gic concret. \u00c9s igualment recomanable que la realitzaci\u00f3 de cada un dels passos ens faci replantejar els anteriors i, si escau, modificar-los.<br \/>\nEn el seg\u00fcent esquema es mostra el procediment m\u00e9s aconsellable per elaborar la part estrat\u00e8gica de l&#8217;EDC.<\/p>\n<p>&nbsp;<\/p>\n<p><a href=\"https:\/\/projectes.xtec.cat\/edc-suport\/wp-content\/uploads\/usu2435\/2021\/03\/EDC19@3x-1.png\"><img loading=\"lazy\" decoding=\"async\" class=\"alignnone wp-image-8702\" src=\"https:\/\/projectes.xtec.cat\/edc-suport\/wp-content\/uploads\/usu2435\/2021\/03\/EDC19@3x-1-1024x71.png\" alt=\"\" width=\"1385\" height=\"96\" srcset=\"https:\/\/projectes.xtec.cat\/edc-suport\/wp-content\/uploads\/usu2435\/2021\/03\/EDC19@3x-1-1024x71.png 1024w, https:\/\/projectes.xtec.cat\/edc-suport\/wp-content\/uploads\/usu2435\/2021\/03\/EDC19@3x-1-300x21.png 300w, https:\/\/projectes.xtec.cat\/edc-suport\/wp-content\/uploads\/usu2435\/2021\/03\/EDC19@3x-1-768x53.png 768w\" sizes=\"auto, (max-width: 1385px) 100vw, 1385px\" \/><\/a><\/p>\n<p>&nbsp;<\/p>\n","protected":false},"excerpt":{"rendered":"<p>Per elaborar la part estrat\u00e8gica de l&#8217;EDC \u00e9s recomanable seguir uns procediments en un ordre cronol\u00f2gic concret. \u00c9s igualment recomanable que la realitzaci\u00f3 de cada un dels passos ens faci replantejar els anteriors i, si escau, modificar-los.<br \/>\nEn el seg\u00fcent esquema es mostra el procediment m\u00e9s&hellip;  <a href=\"https:\/\/projectes.xtec.cat\/edc-suport\/estrategia-2\/\" title=\"Read Estrat\u00e8gia\">Llegeix m\u00e9s\u00bb<\/a><\/p>\n","protected":false},"author":4,"featured_media":0,"parent":0,"menu_order":0,"comment_status":"closed","ping_status":"closed","template":"","meta":{"_bbp_topic_count":0,"_bbp_reply_count":0,"_bbp_total_topic_count":0,"_bbp_total_reply_count":0,"_bbp_voice_count":0,"_bbp_anonymous_reply_count":0,"_bbp_topic_count_hidden":0,"_bbp_reply_count_hidden":0,"_bbp_forum_subforum_count":0,"footnotes":""},"class_list":["post-8453","page","type-page","status-publish","hentry"],"post_mailing_queue_ids":[],"_links":{"self":[{"href":"https:\/\/projectes.xtec.cat\/edc-suport\/wp-json\/wp\/v2\/pages\/8453","targetHints":{"allow":["GET"]}}],"collection":[{"href":"https:\/\/projectes.xtec.cat\/edc-suport\/wp-json\/wp\/v2\/pages"}],"about":[{"href":"https:\/\/projectes.xtec.cat\/edc-suport\/wp-json\/wp\/v2\/types\/page"}],"author":[{"embeddable":true,"href":"https:\/\/projectes.xtec.cat\/edc-suport\/wp-json\/wp\/v2\/users\/4"}],"replies":[{"embeddable":true,"href":"https:\/\/projectes.xtec.cat\/edc-suport\/wp-json\/wp\/v2\/comments?post=8453"}],"version-history":[{"count":3,"href":"https:\/\/projectes.xtec.cat\/edc-suport\/wp-json\/wp\/v2\/pages\/8453\/revisions"}],"predecessor-version":[{"id":8781,"href":"https:\/\/projectes.xtec.cat\/edc-suport\/wp-json\/wp\/v2\/pages\/8453\/revisions\/8781"}],"wp:attachment":[{"href":"https:\/\/projectes.xtec.cat\/edc-suport\/wp-json\/wp\/v2\/media?parent=8453"}],"curies":[{"name":"wp","href":"https:\/\/api.w.org\/{rel}","templated":true}]}}