{"id":8460,"date":"2021-01-21T12:52:45","date_gmt":"2021-01-21T11:52:45","guid":{"rendered":"https:\/\/projectes.xtec.cat\/edc-suport\/?page_id=8460"},"modified":"2024-06-05T10:00:54","modified_gmt":"2024-06-05T08:00:54","slug":"pautes-per-fer-una-diagnosi","status":"publish","type":"page","link":"https:\/\/projectes.xtec.cat\/edc-suport\/pautes-per-fer-una-diagnosi\/","title":{"rendered":"Pautes per fer una diagnosi"},"content":{"rendered":"<p style=\"text-align: justify;\">Cada centre pot optar per fer la diagnosi amb les eines que cregui convenient depenent de la seva maduresa digital, circumst\u00e0ncies i entorn. Tanmateix, amb la voluntat d&#8217;ajudar en la tria d&#8217;aquestes eines, a<span style=\"font-family: inherit; font-size: 1em;\"> continuaci\u00f3 es proposen dues opcions per a fer aquesta diagnosi. L&#8217;opci\u00f3 a escollir pot dependre de:<\/span><\/p>\n<ol>\n<li style=\"list-style-type: none;\">\n<ol style=\"list-style-type: lower-alpha;\">\n<li>Si el centre vol realitzar una diagnosi completa, perqu\u00e8 no n&#8217;ha fet abans o perqu\u00e8 vol tenir dades exhaustives. En aquest cas, recomanar\u00edem una diagnosi completa.<\/li>\n<li><span style=\"font-family: inherit; font-size: 1em;\">Si el centre ja disposa d&#8217;una diagnosi anterior i nom\u00e9s ha de constatar l&#8217;evoluci\u00f3. En aquest cas el centre podria optar per la simplificada.<\/span><\/li>\n<\/ol>\n<\/li>\n<\/ol>\n<p><strong>Siguin quines siguin les eines que utilitzi el centre per a fer la diagnosi, un cop hagi recollit\u00a0 totes les dades, caldr\u00e0 fer una an\u00e0lisi per determinar els aspectes que el centre ha de mantenir i potenciar, i quins ha de millorar.<\/strong><\/p>\n<p>A continuaci\u00f3 s&#8217;expliquen les dues opcions de diagnosi esmentades anteriorment: diagnosi completa i diagnosi simplificada.<\/p>\n<h5 style=\"text-align: justify;\">a. Diagnosi completa<img loading=\"lazy\" decoding=\"async\" class=\"wp-image-9958 alignright\" src=\"https:\/\/projectes.xtec.cat\/edc-suport\/wp-content\/uploads\/usu2435\/2022\/02\/EDC20.png\" alt=\"\" width=\"210\" height=\"598\" srcset=\"https:\/\/projectes.xtec.cat\/edc-suport\/wp-content\/uploads\/usu2435\/2022\/02\/EDC20.png 238w, https:\/\/projectes.xtec.cat\/edc-suport\/wp-content\/uploads\/usu2435\/2022\/02\/EDC20-105x300.png 105w\" sizes=\"auto, (max-width: 210px) 100vw, 210px\" \/><\/h5>\n<p><strong>1.<\/strong> Utilitzar <a href=\"https:\/\/ec.europa.eu\/education\/schools-go-digital_es\" target=\"_blank\" rel=\"noopener noreferrer\"><strong>l&#8217;eina SELFIE<\/strong><\/a> per fer una primera diagnosi.<\/p>\n<ul>\n<li style=\"list-style-type: none;\">\n<ul style=\"list-style-type: disc;\">\n<li><strong>Qu\u00e8 cal fer per utilitzar-la?<\/strong> Donar-se d&#8217;alta a l&#8217;entorn, configurar les enquestes, enviar l&#8217;enlla\u00e7 de les enquestes a alumnes, professorat i equip directiu. Respondre l&#8217;enquesta comporta un temps aproximat de 30 minuts.<\/li>\n<li><strong>Qu\u00e8 obtenim?<\/strong> Un informe sobre l&#8217;\u00fas de la tecnologia al centre.<\/li>\n<li><strong>Per a qu\u00e8 ens pot ser \u00fatil?<\/strong> Ens dona una visi\u00f3 global del centre en termes digitals.<\/li>\n<\/ul>\n<\/li>\n<\/ul>\n<p><strong>2.<\/strong> Recollir els indicadors que el centre ja t\u00e9 sobre \u00fas de tecnologia: resultats dels alumnes en l&#8217;\u00e0mbit digital, nombre i periodicitat de publicacions al web, \u00fas dels port\u00e0tils o tauletes del centre (si se&#8217;n tenen), etc.<\/p>\n<p><strong>3.<\/strong> Per avaluar la Compet\u00e8ncia digital docent disposem de l&#8217;eina\u00a0<a href=\"https:\/\/education.ec.europa.eu\/news\/new-online-tool-to-support-teacher-digital-skills\" target=\"_blank\" rel=\"noopener\"><strong>Selfie for teachers<\/strong><\/a> que es pot utilitzar individualment o en grup. Selfie for teachers est\u00e0 enfocada a l&#8217;autoavaluaci\u00f3 individual, per\u00f2 l&#8217;eina tamb\u00e9 permet respondre l&#8217;enquesta de forma grupal per si el centre vol obtenir una visi\u00f3 global.<\/p>\n<p>Com que Selfie for teachers no avalua la compet\u00e8ncia instrumental, mantenim l&#8217;enlla\u00e7 a un formulari que es pot fer servir de forma complement\u00e0ria.<\/p>\n<ul>\n<li style=\"list-style-type: none;\">\n<ul style=\"list-style-type: disc;\">\n<li><strong>Per a qu\u00e8 ens pot ser \u00fatil? <\/strong>Per detectar les mancances i els punts forts del professorat de forma global en el nostre centre de la compet\u00e8ncia digital.<\/li>\n<\/ul>\n<\/li>\n<\/ul>\n<p><strong>4.<\/strong> Realitzar entrevistes als caps de departament\/\u00e0mbit, a representants de l&#8217;AFA, al coordinador digital i a membres del consell de delegats dels alumnes per verificar les dades obtingudes i per obtenir les que manquin.<\/p>\n<p>&nbsp;<\/p>\n<h5>b. Diagnosi simplificada<\/h5>\n<p><img loading=\"lazy\" decoding=\"async\" class=\"wp-image-9959 alignright\" src=\"https:\/\/projectes.xtec.cat\/edc-suport\/wp-content\/uploads\/usu2435\/2022\/02\/EDC21.png\" alt=\"\" width=\"202\" height=\"323\" srcset=\"https:\/\/projectes.xtec.cat\/edc-suport\/wp-content\/uploads\/usu2435\/2022\/02\/EDC21.png 236w, https:\/\/projectes.xtec.cat\/edc-suport\/wp-content\/uploads\/usu2435\/2022\/02\/EDC21-188x300.png 188w\" sizes=\"auto, (max-width: 202px) 100vw, 202px\" \/>Si el centre ja t\u00e9 dades i vol fer una diagnosi m\u00e9s senzilla, es recomana, almenys, utilitzar les seg\u00fcents eines:<\/p>\n<p><strong>1.<\/strong> Utilitzar l&#8217;<a href=\"https:\/\/ec.europa.eu\/education\/schools-go-digital_es\" target=\"_blank\" rel=\"noopener noreferrer\"><strong>eina SELFIE<\/strong><\/a> per fer una primera diagnosi.<\/p>\n<ul>\n<li style=\"list-style-type: none;\">\n<ul style=\"list-style-type: disc;\">\n<li><strong>Qu\u00e8 cal fer per utilitzar-la?<\/strong> Donar-se d&#8217;alta a l&#8217;entorn, configurar les enquestes, enviar l&#8217;enlla\u00e7 de les enquestes a alumnes, professorat i equip directiu. Respondre l&#8217;enquesta comporta un temps aproximat de 30 minuts.<\/li>\n<li><strong>Qu\u00e8 obtenim?<\/strong> Un informe sobre l&#8217;\u00fas de la tecnologia al centre.<\/li>\n<li><strong>Per a qu\u00e8 ens pot ser \u00fatil?<\/strong> Ens dona una visi\u00f3 global del centre en termes digitals.<\/li>\n<\/ul>\n<\/li>\n<\/ul>\n<p><strong>2.<\/strong> Recollir els indicadors que el centre ja t\u00e9 sobre \u00fas de tecnologia: resultats dels alumnes en l&#8217;\u00e0mbit digital, nombre i periodicitat de publicacions al web, \u00fas dels port\u00e0tils o tauletes del centre (si se&#8217;n tenen), etc.<\/p>\n<p><strong>3.<\/strong> Realitzar entrevistes als caps de departament\/\u00e0mbit, a representants de l&#8217;AFA, al coordinador digital i a membres del consell de delegats dels alumnes per verificar les dades obtingudes i per obtenir les que manquin.<\/p>\n","protected":false},"excerpt":{"rendered":"<p>Cada centre pot optar per fer la diagnosi amb les eines que cregui convenient depenent de la seva maduresa digital, circumst\u00e0ncies i entorn. Tanmateix, amb la voluntat d&#8217;ajudar en la tria d&#8217;aquestes eines, a continuaci\u00f3 es proposen dues opcions per a fer aquesta diagnosi. L&#8217;opci\u00f3&hellip;  <a href=\"https:\/\/projectes.xtec.cat\/edc-suport\/pautes-per-fer-una-diagnosi\/\" title=\"Read Pautes per fer una diagnosi\">Llegeix m\u00e9s\u00bb<\/a><\/p>\n","protected":false},"author":4,"featured_media":0,"parent":0,"menu_order":0,"comment_status":"closed","ping_status":"closed","template":"","meta":{"_bbp_topic_count":0,"_bbp_reply_count":0,"_bbp_total_topic_count":0,"_bbp_total_reply_count":0,"_bbp_voice_count":0,"_bbp_anonymous_reply_count":0,"_bbp_topic_count_hidden":0,"_bbp_reply_count_hidden":0,"_bbp_forum_subforum_count":0,"footnotes":""},"class_list":["post-8460","page","type-page","status-publish","hentry"],"post_mailing_queue_ids":[],"_links":{"self":[{"href":"https:\/\/projectes.xtec.cat\/edc-suport\/wp-json\/wp\/v2\/pages\/8460","targetHints":{"allow":["GET"]}}],"collection":[{"href":"https:\/\/projectes.xtec.cat\/edc-suport\/wp-json\/wp\/v2\/pages"}],"about":[{"href":"https:\/\/projectes.xtec.cat\/edc-suport\/wp-json\/wp\/v2\/types\/page"}],"author":[{"embeddable":true,"href":"https:\/\/projectes.xtec.cat\/edc-suport\/wp-json\/wp\/v2\/users\/4"}],"replies":[{"embeddable":true,"href":"https:\/\/projectes.xtec.cat\/edc-suport\/wp-json\/wp\/v2\/comments?post=8460"}],"version-history":[{"count":5,"href":"https:\/\/projectes.xtec.cat\/edc-suport\/wp-json\/wp\/v2\/pages\/8460\/revisions"}],"predecessor-version":[{"id":10564,"href":"https:\/\/projectes.xtec.cat\/edc-suport\/wp-json\/wp\/v2\/pages\/8460\/revisions\/10564"}],"wp:attachment":[{"href":"https:\/\/projectes.xtec.cat\/edc-suport\/wp-json\/wp\/v2\/media?parent=8460"}],"curies":[{"name":"wp","href":"https:\/\/api.w.org\/{rel}","templated":true}]}}