{"id":8543,"date":"2021-02-25T13:06:08","date_gmt":"2021-02-25T12:06:08","guid":{"rendered":"https:\/\/projectes.xtec.cat\/edc-suport\/?page_id=8543"},"modified":"2023-02-23T09:33:48","modified_gmt":"2023-02-23T08:33:48","slug":"desplegament-curricular","status":"publish","type":"page","link":"https:\/\/projectes.xtec.cat\/edc-suport\/desplegament-curricular\/","title":{"rendered":"Gradaci\u00f3 de la compet\u00e8ncia digital"},"content":{"rendered":"<p>Una de les accions que haur\u00e0 de contemplar l&#8217;Estrat\u00e8gia Digital de Centre \u00e9s el desplegament curricular de la compet\u00e8ncia digital dels alumnes. La compet\u00e8ncia digital \u00e9s una compet\u00e8ncia transversal i, per tant, cal treballar-la conjuntament en l&#8217;equip docent,<\/p>\n<p style=\"text-align: justify;\">En les actes de final de curs d&#8217;alguns cursos, a m\u00e9s, l&#8217;equip docent haur\u00e0 d\u2019atorgar una qualificaci\u00f3 a aquesta compet\u00e8ncia. S&#8217;haur\u00e0 d\u2019avaluar de forma col\u00b7legiada per tots i cadascun dels membres de l\u2019equip docent i s\u2019haur\u00e0 de generar una qualificaci\u00f3 consensuada. La qualificaci\u00f3 no ser\u00e0 funci\u00f3 exclusivament del tutor o tutora. Les programacions anuals de mat\u00e8ries o \u00e0mbits, les unitats did\u00e0ctiques i\/o els projectes hauran d\u2019incorporar les compet\u00e8ncies transversals que es prioritzaran al llarg del curs, d\u2019acord amb una perspectiva global que garanteixi que al llarg de l\u2019etapa es treballaran i s\u2019avaluaran totes les compet\u00e8ncies digitals.<\/p>\n<p style=\"text-align: justify;\">L&#8217;Estrat\u00e8gia Digital de Centre ha de contemplar la construcci\u00f3 d&#8217;aquesta perspectiva global. En cas que el centre ja l&#8217;hagi desenvolupada, s&#8217;ha d&#8217;incloure en l&#8217;apartat Cultura Digital de l&#8217;Estrat\u00e8gia. Si el centre no l&#8217;ha desenvolupat encara, caldr\u00e0 fixar-ho com un dels objectius de l&#8217;Estrat\u00e8gia.<\/p>\n<p>A continuaci\u00f3 exposem una via per construir aquesta perspectiva global, concretant-la en el desplegament curricular de la compet\u00e8ncia digital. \u00c9s nom\u00e9s una proposta a manera de guia i, per tant, els centres poden optar per altres vies si s&#8217;adiuen m\u00e9s amb el treball que ja han desenvolupat.<\/p>\n<ul>\n<li style=\"text-align: justify;\">Els \u00f2rgans de coordinaci\u00f3 did\u00e0ctica consensuen, <strong>per a cada curs de l\u2019etapa<\/strong>, la prioritzaci\u00f3 de les compet\u00e8ncies digitals.<\/li>\n<li style=\"text-align: justify;\">A partir d&#8217;aquesta prioritzaci\u00f3, es concreten continguts i habilitats concretes de la compet\u00e8ncia digital que es treballaran des de cada mat\u00e8ria, projecte o \u00e0mbit.<\/li>\n<li style=\"text-align: justify;\">Es defineixen els criteris i els instruments d\u2019avaluaci\u00f3 que es faran servir per a avaluar el nivell d\u2019assoliment de les compet\u00e8ncies de cada un dels alumnes.<br \/>\nAmb la publicaci\u00f3 del nou curr\u00edculum, el Departament actualitzar\u00e0 els documents que havia publicat per orientar aquest proc\u00e9s. Tot i aix\u00f2, els documents encara poden ser \u00fatils. Malgrat no seguir les compet\u00e8ncies tal com estan definides en el curr\u00edculum, contenen r\u00fabriques personalitzables que encara s\u00f3n v\u00e0lides per seq\u00fcenciar els continguts i habilitats d&#8217;aquesta compet\u00e8ncia digital en els diferents cursos:<a class=\"doc_link\" href=\"http:\/\/educacio.gencat.cat\/web\/.content\/home\/departament\/publicacions\/colleccions\/pla-educacio-digital\/orientacions-avaluacio-cda-primaria\/orientacions-avaluacio-cda-primaria.pdf\" target=\"_blank\" rel=\"noopener noreferrer\"><img loading=\"lazy\" decoding=\"async\" class=\"alignright wp-image-8825\" src=\"https:\/\/projectes.xtec.cat\/edc-suport\/wp-content\/uploads\/usu2435\/2021\/04\/portada_orientacions-primaria-210x300.jpg\" alt=\"\" width=\"149\" height=\"213\" srcset=\"https:\/\/projectes.xtec.cat\/edc-suport\/wp-content\/uploads\/usu2435\/2021\/04\/portada_orientacions-primaria-210x300.jpg 210w, https:\/\/projectes.xtec.cat\/edc-suport\/wp-content\/uploads\/usu2435\/2021\/04\/portada_orientacions-primaria.jpg 300w\" sizes=\"auto, (max-width: 149px) 100vw, 149px\" \/><\/a><\/p>\n<ul>\n<li><a href=\"http:\/\/educacio.gencat.cat\/web\/.content\/home\/departament\/publicacions\/colleccions\/pla-educacio-digital\/orientacions-avaluacio-cda-primaria\/orientacions-avaluacio-cda-primaria.pdf\" target=\"_blank\" rel=\"noopener noreferrer\">Orientacions per a l\u2019avaluaci\u00f3 de la compet\u00e8ncia digital de l\u2019alumnat a prim\u00e0ria<\/a>\n<ul>\n<li><a class=\"doc_link\" href=\"https:\/\/docs.google.com\/spreadsheets\/d\/17e4AQBtG_LpcHBX_4yDe1w4mK_OsFdixLch1dCe8-qk\/template\/preview\" target=\"_blank\" rel=\"noopener noreferrer\">R\u00fabriques competencials de Prim\u00e0ria<\/a><\/li>\n<li><a class=\"doc_link\" href=\"https:\/\/docs.google.com\/spreadsheets\/d\/1mgANU900ej3dsFTcRaXYsJG_gZt69VDc7zgQdXV63Ug\/template\/preview\" target=\"_blank\" rel=\"noopener noreferrer\">Proposta de distribuci\u00f3 de continguts digitals a prim\u00e0ria<\/a><\/li>\n<li><a class=\"doc_link\" href=\"https:\/\/youtu.be\/_-DeWFsra_Q\" target=\"_blank\" rel=\"noopener noreferrer\">V\u00eddeo Orientacions per a l&#8217;avaluaci\u00f3 de la compet\u00e8ncia digital de l&#8217;alumnat a prim\u00e0ria<\/a><\/li>\n<\/ul>\n<\/li>\n<li><a href=\"http:\/\/educacio.gencat.cat\/web\/.content\/home\/departament\/publicacions\/colleccions\/pla-educacio-digital\/orientacions-avaluacio-competencia-eso\/orientacions-avaluacio-cda-eso.pdf\" target=\"_blank\" rel=\"noopener noreferrer\">Orientacions per a l\u2019avaluaci\u00f3 de la compet\u00e8ncia digital de l\u2019alumnat a l\u2019ESO<\/a>\n<ul>\n<li><a class=\"doc_link\" href=\"https:\/\/docs.google.com\/spreadsheets\/d\/132aYJKNydWQCke7lUPuSCXqd75B47QNz\/template\/preview\" target=\"_blank\" rel=\"noopener noreferrer\">R\u00fabriques competencials de l&#8217;ESO<\/a><\/li>\n<li><a class=\"doc_link\" href=\"https:\/\/www.youtube.com\/watch?v=H8eGIt3-gSA&amp;feature=youtu.be\" target=\"_blank\" rel=\"noopener noreferrer\">V\u00eddeo Orientacions per a l&#8217;avaluaci\u00f3 de la compet\u00e8ncia digital de l&#8217;alumnat a l&#8217;ESO<\/a><a href=\"http:\/\/educacio.gencat.cat\/web\/.content\/home\/departament\/publicacions\/colleccions\/pla-educacio-digital\/orientacions-avaluacio-competencia-eso\/orientacions-avaluacio-cda-eso.pdf\" target=\"_blank\" rel=\"noopener noreferrer\"><img loading=\"lazy\" decoding=\"async\" class=\"alignright wp-image-8776\" src=\"https:\/\/projectes.xtec.cat\/edc-suport\/wp-content\/uploads\/usu2435\/2021\/04\/portada_orientacions-eso.jpg\" alt=\"Orientacions CD secund\u00e0ria\" width=\"151\" height=\"217\" \/><\/a><\/li>\n<\/ul>\n<\/li>\n<\/ul>\n<\/li>\n<li>Els acords presos en la distribuci\u00f3 curricular i els criteris d\u2019avaluaci\u00f3 han de quedar reflectits a les programacions did\u00e0ctiques que es concreten a les programacions d\u2019aula, a les actes de reunions i a la mem\u00f2ria anual.<\/li>\n<li style=\"text-align: justify;\">L\u2019equip docent, integrat pel professorat del grup d\u2019alumnes i liderat pel tutor o tutora, es reuneix peri\u00f2dicament per coordinar les accions educatives i per avaluar el proc\u00e9s d\u2019aprenentatge de l\u2019alumnat. Cada professor ha d\u2019aportar informaci\u00f3 sobre el proc\u00e9s d\u2019aprenentatge de l\u2019alumnat, sobre el progr\u00e9s en el grau d\u2019assoliment de les compet\u00e8ncies espec\u00edfiques de la mat\u00e8ria o mat\u00e8ries que imparteix i les compet\u00e8ncies transversals, i sobre l\u2019aplicaci\u00f3 de les mesures i els suports per a l\u2019atenci\u00f3 a tot l\u2019alumnat.<\/li>\n<li>En el marc del curr\u00edculum competencial, l\u2019alumne o alumna ha d\u2019esdevenir part activa del seu proc\u00e9s d\u2019aprenentatge, adre\u00e7at a l\u2019assoliment de les compet\u00e8ncies. Per tant, ha d\u2019apropiar-se dels objectius d\u2019aprenentatge i con\u00e8ixer els criteris i instruments d\u2019avaluaci\u00f3 per poder participar activament en el seu progr\u00e9s i en la millora dels seus resultats.<\/li>\n<\/ul>\n","protected":false},"excerpt":{"rendered":"<p>Una de les accions que haur\u00e0 de contemplar l&#8217;Estrat\u00e8gia Digital de Centre \u00e9s el desplegament curricular de la compet\u00e8ncia digital dels alumnes. La compet\u00e8ncia digital \u00e9s una compet\u00e8ncia transversal i, per tant, cal treballar-la conjuntament en l&#8217;equip docent,<br \/>\nEn les actes de final de curs d&#8217;alguns&hellip;  <a href=\"https:\/\/projectes.xtec.cat\/edc-suport\/desplegament-curricular\/\" title=\"Read Gradaci\u00f3 de la compet\u00e8ncia digital\">Llegeix m\u00e9s\u00bb<\/a><\/p>\n","protected":false},"author":4,"featured_media":0,"parent":0,"menu_order":0,"comment_status":"closed","ping_status":"closed","template":"","meta":{"_bbp_topic_count":0,"_bbp_reply_count":0,"_bbp_total_topic_count":0,"_bbp_total_reply_count":0,"_bbp_voice_count":0,"_bbp_anonymous_reply_count":0,"_bbp_topic_count_hidden":0,"_bbp_reply_count_hidden":0,"_bbp_forum_subforum_count":0,"footnotes":""},"class_list":["post-8543","page","type-page","status-publish","hentry"],"post_mailing_queue_ids":[],"_links":{"self":[{"href":"https:\/\/projectes.xtec.cat\/edc-suport\/wp-json\/wp\/v2\/pages\/8543","targetHints":{"allow":["GET"]}}],"collection":[{"href":"https:\/\/projectes.xtec.cat\/edc-suport\/wp-json\/wp\/v2\/pages"}],"about":[{"href":"https:\/\/projectes.xtec.cat\/edc-suport\/wp-json\/wp\/v2\/types\/page"}],"author":[{"embeddable":true,"href":"https:\/\/projectes.xtec.cat\/edc-suport\/wp-json\/wp\/v2\/users\/4"}],"replies":[{"embeddable":true,"href":"https:\/\/projectes.xtec.cat\/edc-suport\/wp-json\/wp\/v2\/comments?post=8543"}],"version-history":[{"count":4,"href":"https:\/\/projectes.xtec.cat\/edc-suport\/wp-json\/wp\/v2\/pages\/8543\/revisions"}],"predecessor-version":[{"id":10380,"href":"https:\/\/projectes.xtec.cat\/edc-suport\/wp-json\/wp\/v2\/pages\/8543\/revisions\/10380"}],"wp:attachment":[{"href":"https:\/\/projectes.xtec.cat\/edc-suport\/wp-json\/wp\/v2\/media?parent=8543"}],"curies":[{"name":"wp","href":"https:\/\/api.w.org\/{rel}","templated":true}]}}