{"id":8556,"date":"2021-03-03T11:16:11","date_gmt":"2021-03-03T10:16:11","guid":{"rendered":"https:\/\/projectes.xtec.cat\/edc-suport\/?page_id=8556"},"modified":"2021-03-17T15:45:50","modified_gmt":"2021-03-17T14:45:50","slug":"infografies","status":"publish","type":"page","link":"https:\/\/projectes.xtec.cat\/edc-suport\/per-on-comencar-ledc\/infografies\/","title":{"rendered":"Explicaci\u00f3 a trav\u00e9s d&#8217;infografies"},"content":{"rendered":"<p>A continuaci\u00f3 trobareu 5 infografies que poden ser \u00fatils per comprendre i transmetre l&#8217;Estrat\u00e8gia Digital de Centre. Feu-hi un clic per obrir-les en gran i en format pdf.<\/p>\n<p><a href=\"https:\/\/projectes.xtec.cat\/edc-suport\/wp-content\/uploads\/usu2435\/2021\/03\/1_Qu\u00e8-\u00e9s-lEDC_v3.pdf\" target=\"_blank\" rel=\"noopener noreferrer\"><img loading=\"lazy\" decoding=\"async\" class=\"aligncenter wp-image-8606\" src=\"https:\/\/projectes.xtec.cat\/edc-suport\/wp-content\/uploads\/usu2435\/2021\/03\/1_Qu\u00e8-\u00e9s-lEDC_v3-1-1024x724.jpg\" alt=\"\" width=\"622\" height=\"440\" srcset=\"https:\/\/projectes.xtec.cat\/edc-suport\/wp-content\/uploads\/usu2435\/2021\/03\/1_Qu\u00e8-\u00e9s-lEDC_v3-1-1024x724.jpg 1024w, https:\/\/projectes.xtec.cat\/edc-suport\/wp-content\/uploads\/usu2435\/2021\/03\/1_Qu\u00e8-\u00e9s-lEDC_v3-1-300x212.jpg 300w, https:\/\/projectes.xtec.cat\/edc-suport\/wp-content\/uploads\/usu2435\/2021\/03\/1_Qu\u00e8-\u00e9s-lEDC_v3-1-768x543.jpg 768w\" sizes=\"auto, (max-width: 622px) 100vw, 622px\" \/><\/a><\/p>\n<p>&nbsp;<\/p>\n<p><a href=\"https:\/\/projectes.xtec.cat\/edc-suport\/wp-content\/uploads\/usu2435\/2021\/03\/2_Qu\u00e8-\u00e9s-la-Cultura-digital-dun-centre_v3.pdf\" target=\"_blank\" rel=\"noopener noreferrer\"><img loading=\"lazy\" decoding=\"async\" class=\"aligncenter wp-image-8607\" src=\"https:\/\/projectes.xtec.cat\/edc-suport\/wp-content\/uploads\/usu2435\/2021\/03\/2_Qu\u00e8-\u00e9s-la-Cultura-Digital-dun-centre_v3-1024x724.jpg\" alt=\"\" width=\"622\" height=\"440\" srcset=\"https:\/\/projectes.xtec.cat\/edc-suport\/wp-content\/uploads\/usu2435\/2021\/03\/2_Qu\u00e8-\u00e9s-la-Cultura-Digital-dun-centre_v3-1024x724.jpg 1024w, https:\/\/projectes.xtec.cat\/edc-suport\/wp-content\/uploads\/usu2435\/2021\/03\/2_Qu\u00e8-\u00e9s-la-Cultura-Digital-dun-centre_v3-300x212.jpg 300w, https:\/\/projectes.xtec.cat\/edc-suport\/wp-content\/uploads\/usu2435\/2021\/03\/2_Qu\u00e8-\u00e9s-la-Cultura-Digital-dun-centre_v3-768x543.jpg 768w\" sizes=\"auto, (max-width: 622px) 100vw, 622px\" \/><\/a><\/p>\n<p>&nbsp;<\/p>\n<p><a href=\"https:\/\/projectes.xtec.cat\/edc-suport\/wp-content\/uploads\/usu2435\/2021\/03\/3_Fases-de-lEDC_v3.pdf\" target=\"_blank\" rel=\"noopener noreferrer\"><img loading=\"lazy\" decoding=\"async\" class=\"aligncenter wp-image-8609\" src=\"https:\/\/projectes.xtec.cat\/edc-suport\/wp-content\/uploads\/usu2435\/2021\/03\/3_Fases-de-lEDC_v3-1024x724.jpg\" alt=\"\" width=\"612\" height=\"432\" \/><\/a><\/p>\n<p>&nbsp;<\/p>\n<p><a href=\"https:\/\/projectes.xtec.cat\/edc-suport\/wp-content\/uploads\/usu2435\/2021\/03\/4_Comissi\u00f3-EDC_v3.pdf\" target=\"_blank\" rel=\"noopener noreferrer\"><img loading=\"lazy\" decoding=\"async\" class=\"aligncenter wp-image-8608\" src=\"https:\/\/projectes.xtec.cat\/edc-suport\/wp-content\/uploads\/usu2435\/2021\/03\/4_Comissi\u00f3-EDC_v3-1024x724.jpg\" alt=\"\" width=\"622\" height=\"440\" \/><\/a><\/p>\n<p>&nbsp;<\/p>\n<p><a href=\"https:\/\/projectes.xtec.cat\/edc-suport\/wp-content\/uploads\/usu2435\/2021\/03\/5_Eines-per-lEDC_v3.pdf\" target=\"_blank\" rel=\"noopener noreferrer\"><img loading=\"lazy\" decoding=\"async\" class=\"aligncenter wp-image-8610\" src=\"https:\/\/projectes.xtec.cat\/edc-suport\/wp-content\/uploads\/usu2435\/2021\/03\/5_Eines-per-lEDC_v3-1024x724.jpg\" alt=\"\" width=\"622\" height=\"440\" srcset=\"https:\/\/projectes.xtec.cat\/edc-suport\/wp-content\/uploads\/usu2435\/2021\/03\/5_Eines-per-lEDC_v3-1024x724.jpg 1024w, https:\/\/projectes.xtec.cat\/edc-suport\/wp-content\/uploads\/usu2435\/2021\/03\/5_Eines-per-lEDC_v3-300x212.jpg 300w, https:\/\/projectes.xtec.cat\/edc-suport\/wp-content\/uploads\/usu2435\/2021\/03\/5_Eines-per-lEDC_v3-768x543.jpg 768w\" sizes=\"auto, (max-width: 622px) 100vw, 622px\" \/><\/a><\/p>\n","protected":false},"excerpt":{"rendered":"<p>A continuaci\u00f3 trobareu 5 infografies que poden ser \u00fatils per comprendre i transmetre l&#8217;Estrat\u00e8gia Digital de Centre. Feu-hi un clic per obrir-les en gran i en format pdf.<br \/>\n<a href=\"https:\/\/projectes.xtec.cat\/edc-suport\/wp-content\/uploads\/usu2435\/2021\/03\/1_Qu\u00e8-\u00e9s-lEDC_v3.pdf\" target=\"_blank\" rel=\"noopener noreferrer\"><\/a><br \/>\n&nbsp;<br \/>\n<a href=\"https:\/\/projectes.xtec.cat\/edc-suport\/wp-content\/uploads\/usu2435\/2021\/03\/2_Qu\u00e8-\u00e9s-la-Cultura-digital-dun-centre_v3.pdf\" target=\"_blank\" rel=\"noopener noreferrer\"><\/a><br \/>\n&nbsp;<br \/>\n<a href=\"https:\/\/projectes.xtec.cat\/edc-suport\/wp-content\/uploads\/usu2435\/2021\/03\/3_Fases-de-lEDC_v3.pdf\" target=\"_blank\" rel=\"noopener noreferrer\"><\/a><br \/>\n&nbsp;<br \/>\n<a href=\"https:\/\/projectes.xtec.cat\/edc-suport\/wp-content\/uploads\/usu2435\/2021\/03\/4_Comissi\u00f3-EDC_v3.pdf\" target=\"_blank\" rel=\"noopener noreferrer\"><\/a><br \/>\n&nbsp;<br \/>\n<a href=\"https:\/\/projectes.xtec.cat\/edc-suport\/wp-content\/uploads\/usu2435\/2021\/03\/5_Eines-per-lEDC_v3.pdf\"&hellip;  <a href=\"https:\/\/projectes.xtec.cat\/edc-suport\/per-on-comencar-ledc\/infografies\/\" title=\"Read Explicaci\u00f3 a trav\u00e9s d&#8217;infografies\">Llegeix m\u00e9s\u00bb<\/a><\/p>\n","protected":false},"author":4,"featured_media":0,"parent":8364,"menu_order":0,"comment_status":"closed","ping_status":"closed","template":"","meta":{"_bbp_topic_count":0,"_bbp_reply_count":0,"_bbp_total_topic_count":0,"_bbp_total_reply_count":0,"_bbp_voice_count":0,"_bbp_anonymous_reply_count":0,"_bbp_topic_count_hidden":0,"_bbp_reply_count_hidden":0,"_bbp_forum_subforum_count":0,"footnotes":""},"class_list":["post-8556","page","type-page","status-publish","hentry"],"post_mailing_queue_ids":[],"_links":{"self":[{"href":"https:\/\/projectes.xtec.cat\/edc-suport\/wp-json\/wp\/v2\/pages\/8556","targetHints":{"allow":["GET"]}}],"collection":[{"href":"https:\/\/projectes.xtec.cat\/edc-suport\/wp-json\/wp\/v2\/pages"}],"about":[{"href":"https:\/\/projectes.xtec.cat\/edc-suport\/wp-json\/wp\/v2\/types\/page"}],"author":[{"embeddable":true,"href":"https:\/\/projectes.xtec.cat\/edc-suport\/wp-json\/wp\/v2\/users\/4"}],"replies":[{"embeddable":true,"href":"https:\/\/projectes.xtec.cat\/edc-suport\/wp-json\/wp\/v2\/comments?post=8556"}],"version-history":[{"count":5,"href":"https:\/\/projectes.xtec.cat\/edc-suport\/wp-json\/wp\/v2\/pages\/8556\/revisions"}],"predecessor-version":[{"id":8631,"href":"https:\/\/projectes.xtec.cat\/edc-suport\/wp-json\/wp\/v2\/pages\/8556\/revisions\/8631"}],"up":[{"embeddable":true,"href":"https:\/\/projectes.xtec.cat\/edc-suport\/wp-json\/wp\/v2\/pages\/8364"}],"wp:attachment":[{"href":"https:\/\/projectes.xtec.cat\/edc-suport\/wp-json\/wp\/v2\/media?parent=8556"}],"curies":[{"name":"wp","href":"https:\/\/api.w.org\/{rel}","templated":true}]}}