{"id":8635,"date":"2021-03-08T11:26:12","date_gmt":"2021-03-08T10:26:12","guid":{"rendered":"https:\/\/projectes.xtec.cat\/edc-suport\/?page_id=8635"},"modified":"2024-06-05T09:42:19","modified_gmt":"2024-06-05T07:42:19","slug":"coordinador-digital-de-centre","status":"publish","type":"page","link":"https:\/\/projectes.xtec.cat\/edc-suport\/coordinador-digital-de-centre\/","title":{"rendered":"Coordinaci\u00f3 digital de centre"},"content":{"rendered":"<p><img loading=\"lazy\" decoding=\"async\" class=\" wp-image-8649 alignright\" src=\"https:\/\/projectes.xtec.cat\/edc-suport\/wp-content\/uploads\/usu2435\/2021\/03\/coord.png\" alt=\"\" width=\"157\" height=\"199\" \/>El Coordinador digital de centre, com a figura clau dins l\u2019EDC, formar\u00e0 part de la Comissi\u00f3 digital de centre i tindr\u00e0 com a objectiu principal coordinar i dinamitzar les actuacions que determini la Comissi\u00f3 d\u2019estrat\u00e8gia digital de centre.<\/p>\n<p>El\u00a0Departament ha publicat un document amb <a href=\"http:\/\/educacio.gencat.cat\/web\/.content\/home\/departament\/publicacions\/colleccions\/pla-educacio-digital\/orientacions-coordinacio-digital-centre\/orientacions-coordinacio-digital-centre.pdf\" target=\"_blank\" rel=\"noopener noreferrer\">orientacions per a la coordinaci\u00f3 digital de centre<\/a> on es detallen les tasques i les funcions que t\u00e9 un coordinador\/a digital d&#8217;un centre educatiu.<\/p>\n<p><a href=\"http:\/\/educacio.gencat.cat\/web\/.content\/home\/departament\/publicacions\/colleccions\/pla-educacio-digital\/orientacions-coordinacio-digital-centre\/orientacions-coordinacio-digital-centre.pdf\" target=\"_blank\" rel=\"noopener noreferrer\"><img loading=\"lazy\" decoding=\"async\" class=\"aligncenter wp-image-8921 size-medium\" src=\"https:\/\/projectes.xtec.cat\/edc-suport\/wp-content\/uploads\/usu2435\/2021\/06\/orientacions_coord-215x300.png\" alt=\"\" width=\"215\" height=\"300\" \/><\/a><\/p>\n","protected":false},"excerpt":{"rendered":"<p>El Coordinador digital de centre, com a figura clau dins l\u2019EDC, formar\u00e0 part de la Comissi\u00f3 digital de centre i tindr\u00e0 com a objectiu principal coordinar i dinamitzar les actuacions que determini la Comissi\u00f3 d\u2019estrat\u00e8gia digital de centre.<br \/>\nEl\u00a0Departament ha publicat un document amb <a href=\"http:\/\/educacio.gencat.cat\/web\/.content\/home\/departament\/publicacions\/colleccions\/pla-educacio-digital\/orientacions-coordinacio-digital-centre\/orientacions-coordinacio-digital-centre.pdf\"&hellip;  <a href=\"https:\/\/projectes.xtec.cat\/edc-suport\/coordinador-digital-de-centre\/\" title=\"Read Coordinaci\u00f3 digital de centre\">Llegeix m\u00e9s\u00bb<\/a><\/p>\n","protected":false},"author":8,"featured_media":0,"parent":0,"menu_order":2,"comment_status":"closed","ping_status":"closed","template":"","meta":{"_bbp_topic_count":0,"_bbp_reply_count":0,"_bbp_total_topic_count":0,"_bbp_total_reply_count":0,"_bbp_voice_count":0,"_bbp_anonymous_reply_count":0,"_bbp_topic_count_hidden":0,"_bbp_reply_count_hidden":0,"_bbp_forum_subforum_count":0,"footnotes":""},"class_list":["post-8635","page","type-page","status-publish","hentry"],"post_mailing_queue_ids":[],"_links":{"self":[{"href":"https:\/\/projectes.xtec.cat\/edc-suport\/wp-json\/wp\/v2\/pages\/8635","targetHints":{"allow":["GET"]}}],"collection":[{"href":"https:\/\/projectes.xtec.cat\/edc-suport\/wp-json\/wp\/v2\/pages"}],"about":[{"href":"https:\/\/projectes.xtec.cat\/edc-suport\/wp-json\/wp\/v2\/types\/page"}],"author":[{"embeddable":true,"href":"https:\/\/projectes.xtec.cat\/edc-suport\/wp-json\/wp\/v2\/users\/8"}],"replies":[{"embeddable":true,"href":"https:\/\/projectes.xtec.cat\/edc-suport\/wp-json\/wp\/v2\/comments?post=8635"}],"version-history":[{"count":4,"href":"https:\/\/projectes.xtec.cat\/edc-suport\/wp-json\/wp\/v2\/pages\/8635\/revisions"}],"predecessor-version":[{"id":10562,"href":"https:\/\/projectes.xtec.cat\/edc-suport\/wp-json\/wp\/v2\/pages\/8635\/revisions\/10562"}],"wp:attachment":[{"href":"https:\/\/projectes.xtec.cat\/edc-suport\/wp-json\/wp\/v2\/media?parent=8635"}],"curies":[{"name":"wp","href":"https:\/\/api.w.org\/{rel}","templated":true}]}}