{"id":8797,"date":"2021-03-29T13:54:15","date_gmt":"2021-03-29T11:54:15","guid":{"rendered":"https:\/\/projectes.xtec.cat\/edc-suport\/?page_id=8797"},"modified":"2022-02-28T18:11:10","modified_gmt":"2022-02-28T17:11:10","slug":"aplicacio-selfie","status":"publish","type":"page","link":"https:\/\/projectes.xtec.cat\/edc-suport\/diagnosi\/aplicacio-selfie\/","title":{"rendered":"Eina SELFIE"},"content":{"rendered":"<p>&nbsp;<\/p>\n<p dir=\"ltr\"><img loading=\"lazy\" decoding=\"async\" class=\"wp-image-8872 alignright\" src=\"https:\/\/projectes.xtec.cat\/edc-suport\/wp-content\/uploads\/usu2435\/2021\/05\/Portada_guia-Selfie_2.jpg\" alt=\"\" width=\"202\" height=\"285\" srcset=\"https:\/\/projectes.xtec.cat\/edc-suport\/wp-content\/uploads\/usu2435\/2021\/05\/Portada_guia-Selfie_2.jpg 300w, https:\/\/projectes.xtec.cat\/edc-suport\/wp-content\/uploads\/usu2435\/2021\/05\/Portada_guia-Selfie_2-212x300.jpg 212w\" sizes=\"auto, (max-width: 202px) 100vw, 202px\" \/><span style=\"font-family: inherit; font-size: 1em;\">L&#8217;aplicaci\u00f3 SELFIE est\u00e0 desenvolupada per la Uni\u00f3 Europea i ajuda als centres a fer una diagnosi sobre l&#8217;\u00fas pedag\u00f2gic de la tecnologia en un centre.<\/span><\/p>\n<p dir=\"ltr\" style=\"text-align: left;\">En el<a href=\"https:\/\/ec.europa.eu\/education\/schools-go-digital_es\" target=\"_blank\" rel=\"noopener noreferrer\"> seg\u00fcent enlla\u00e7<\/a> trobareu el recurs <a href=\"https:\/\/ec.europa.eu\/education\/schools-go-digital_es\" target=\"_blank\" rel=\"noopener noreferrer\"><strong>Selfie<\/strong><\/a> i la informaci\u00f3 sobre el seu funcionament. En aquest altre, trobareu la <a href=\"https:\/\/drive.google.com\/file\/d\/1VYUSWWpG68LKkPddRyfYciJ6Woll2Vet\/view?usp=sharing\" target=\"_blank\" rel=\"noopener noreferrer\">guia de configuraci\u00f3<\/a> d&#8217;aquest recurs.<\/p>\n<p dir=\"ltr\"><strong>La interf\u00edcie de l&#8217;aplicaci\u00f3 no est\u00e0 tradu\u00efda al catal\u00e0. Malgrat aix\u00f2, un cop s&#8217;han creat els enlla\u00e7os a\u00a0 les enquestes per a docents, alumnes i equip directiu, s\u00ed que es pot seleccionar l&#8217;idioma catal\u00e0. D&#8217;aquesta manera, quan aquests col\u00b7lectiu accedeixin a les preguntes, les trobaran tots en catal\u00e0.<\/strong><\/p>\n<p dir=\"ltr\">L&#8217;aplicaci\u00f3 funciona durant tres per\u00edodes diferents:<\/p>\n<p dir=\"ltr\">Sessi\u00f3 1: de mitjans d&#8217;agost a desembre \/ Sessi\u00f3 2: de gener a abril \/ Sessi\u00f3 3: d&#8217;abril a juliol.<\/p>\n<p dir=\"ltr\">A continuaci\u00f3 trobareu un videotutorial per configurar l&#8217;aplicaci\u00f3:<\/p>\n<p dir=\"ltr\" align=\"center\"><iframe loading=\"lazy\" src=\"https:\/\/drive.google.com\/file\/d\/1UAQ5R6AoqLr5nJco4oSJVD2i_p5SIrdX\/preview\" width=\"640\" height=\"380\"><\/iframe><\/p>\n<h2 dir=\"ltr\" style=\"text-align: left;\" align=\"center\"><strong>Per a saber-ne m\u00e9s:<\/strong><\/h2>\n<p dir=\"ltr\" align=\"center\"><a href=\"https:\/\/sede.educacion.gob.es\/publiventa\/promocion-de-un-aprendizaje-eficaz-en-la-era-digital-un-marco-europeo-para-organizaciones-educativas-digitalmente-competentes\/ensenanza-recursos-digitales\/21199\" target=\"_blank\" rel=\"noopener noreferrer\"><img loading=\"lazy\" decoding=\"async\" class=\"alignright wp-image-8875\" src=\"https:\/\/projectes.xtec.cat\/edc-suport\/wp-content\/uploads\/usu2435\/2021\/05\/portada_DigCompOrg_cast.jpg\" alt=\"\" width=\"193\" height=\"265\" srcset=\"https:\/\/projectes.xtec.cat\/edc-suport\/wp-content\/uploads\/usu2435\/2021\/05\/portada_DigCompOrg_cast.jpg 631w, https:\/\/projectes.xtec.cat\/edc-suport\/wp-content\/uploads\/usu2435\/2021\/05\/portada_DigCompOrg_cast-218x300.jpg 218w\" sizes=\"auto, (max-width: 193px) 100vw, 193px\" \/><\/a><\/p>\n<p dir=\"ltr\" style=\"text-align: left;\" align=\"center\">L&#8217;eina Selfie es basa en el <a href=\"https:\/\/ec.europa.eu\/jrc\/en\/digcomporg\" target=\"_blank\" rel=\"noopener noreferrer\">Marc Europeu per a Organitzacions Educatives Digitalment Competents<\/a> (<a href=\"https:\/\/ec.europa.eu\/jrc\/en\/digcomporg\" target=\"_blank\" rel=\"noopener noreferrer\">DigCompOrg<\/a>) publicat el desembre de 2015. Actualment podeu trobar el document tradu\u00eft al castell\u00e0.\u00a0 La seva finalitat \u00e9s donar suport a les organitzacions educatives per procedir a la seva digitalitzaci\u00f3 d&#8217;una forma sistem\u00e0tica i estrat\u00e8gica i perqu\u00e8 els responsables d&#8217;elaboraci\u00f3 de pol\u00edtiques puguin dissenyar, implementar i avaluar intervencions de pol\u00edtiques per a la integraci\u00f3 i l&#8217;\u00fas efica\u00e7 de tecnologies d&#8217;aprenentatge digital en Educaci\u00f3 i Formaci\u00f3. \u00c9s el primer marc de refer\u00e8ncia paneuropeu per millorar la compet\u00e8ncia digital de les institucions educatives.<\/p>\n<p>&nbsp;<\/p>\n<p>Els objectius principals del marc <a href=\"https:\/\/ec.europa.eu\/jrc\/en\/digcomporg\" target=\"_blank\" rel=\"noopener noreferrer\">DigCompOrg<\/a> s\u00f3n: fomentar l&#8217;autoreflexi\u00f3 i autoavaluaci\u00f3 dins de les organitzacions educatives, a mesura que reforcen progressivament el seu comprom\u00eds amb l&#8217;aprenentatge i la pedagogia digitals, i permetre als responsables pol\u00edtics el disseny, implantaci\u00f3 i avaluaci\u00f3 de les pol\u00edtiques per a la integraci\u00f3 i l&#8217;\u00fas efica\u00e7 de les tecnologies digitals en l&#8217;aprenentatge.<\/p>\n<p>&nbsp;<\/p>\n<p dir=\"ltr\" align=\"center\"><img loading=\"lazy\" decoding=\"async\" class=\"alignnone wp-image-8874\" src=\"https:\/\/projectes.xtec.cat\/edc-suport\/wp-content\/uploads\/usu2435\/2021\/05\/DigCompOrg_esquema-1024x744.png\" alt=\"\" width=\"831\" height=\"604\" srcset=\"https:\/\/projectes.xtec.cat\/edc-suport\/wp-content\/uploads\/usu2435\/2021\/05\/DigCompOrg_esquema.png 1024w, https:\/\/projectes.xtec.cat\/edc-suport\/wp-content\/uploads\/usu2435\/2021\/05\/DigCompOrg_esquema-300x218.png 300w, https:\/\/projectes.xtec.cat\/edc-suport\/wp-content\/uploads\/usu2435\/2021\/05\/DigCompOrg_esquema-768x558.png 768w\" sizes=\"auto, (max-width: 831px) 100vw, 831px\" \/><\/p>\n<p dir=\"ltr\" align=\"center\">Font: <a href=\"http:\/\/educalab.es\/intef\/digcomp\/digcomporg\" target=\"_blank\" rel=\"noopener noreferrer\">http:\/\/educalab.es\/intef\/digcomp\/digcomporg<\/a><\/p>\n","protected":false},"excerpt":{"rendered":"<p>&nbsp;<br \/>\nL&#8217;aplicaci\u00f3 SELFIE est\u00e0 desenvolupada per la Uni\u00f3 Europea i ajuda als centres a fer una diagnosi sobre l&#8217;\u00fas pedag\u00f2gic de la tecnologia en un centre.<br \/>\nEn el<a href=\"https:\/\/ec.europa.eu\/education\/schools-go-digital_es\" target=\"_blank\" rel=\"noopener noreferrer\"> seg\u00fcent enlla\u00e7<\/a> trobareu el recurs <a href=\"https:\/\/ec.europa.eu\/education\/schools-go-digital_es\" target=\"_blank\" rel=\"noopener noreferrer\">Selfie<\/a> i la informaci\u00f3 sobre el&hellip;  <a href=\"https:\/\/projectes.xtec.cat\/edc-suport\/diagnosi\/aplicacio-selfie\/\" title=\"Read Eina SELFIE\">Llegeix m\u00e9s\u00bb<\/a><\/p>\n","protected":false},"author":4,"featured_media":0,"parent":8227,"menu_order":0,"comment_status":"closed","ping_status":"closed","template":"","meta":{"_bbp_topic_count":0,"_bbp_reply_count":0,"_bbp_total_topic_count":0,"_bbp_total_reply_count":0,"_bbp_voice_count":0,"_bbp_anonymous_reply_count":0,"_bbp_topic_count_hidden":0,"_bbp_reply_count_hidden":0,"_bbp_forum_subforum_count":0,"footnotes":""},"class_list":["post-8797","page","type-page","status-publish","hentry"],"post_mailing_queue_ids":[],"_links":{"self":[{"href":"https:\/\/projectes.xtec.cat\/edc-suport\/wp-json\/wp\/v2\/pages\/8797","targetHints":{"allow":["GET"]}}],"collection":[{"href":"https:\/\/projectes.xtec.cat\/edc-suport\/wp-json\/wp\/v2\/pages"}],"about":[{"href":"https:\/\/projectes.xtec.cat\/edc-suport\/wp-json\/wp\/v2\/types\/page"}],"author":[{"embeddable":true,"href":"https:\/\/projectes.xtec.cat\/edc-suport\/wp-json\/wp\/v2\/users\/4"}],"replies":[{"embeddable":true,"href":"https:\/\/projectes.xtec.cat\/edc-suport\/wp-json\/wp\/v2\/comments?post=8797"}],"version-history":[{"count":3,"href":"https:\/\/projectes.xtec.cat\/edc-suport\/wp-json\/wp\/v2\/pages\/8797\/revisions"}],"predecessor-version":[{"id":9966,"href":"https:\/\/projectes.xtec.cat\/edc-suport\/wp-json\/wp\/v2\/pages\/8797\/revisions\/9966"}],"up":[{"embeddable":true,"href":"https:\/\/projectes.xtec.cat\/edc-suport\/wp-json\/wp\/v2\/pages\/8227"}],"wp:attachment":[{"href":"https:\/\/projectes.xtec.cat\/edc-suport\/wp-json\/wp\/v2\/media?parent=8797"}],"curies":[{"name":"wp","href":"https:\/\/api.w.org\/{rel}","templated":true}]}}