{"id":9,"date":"2014-09-12T10:15:01","date_gmt":"2014-09-12T08:15:01","guid":{"rendered":"http:\/\/projectes.xtec.cat\/edc-suport\/?page_id=9"},"modified":"2021-09-15T18:10:41","modified_gmt":"2021-09-15T16:10:41","slug":"pagina-dinici-buida","status":"publish","type":"page","link":"https:\/\/projectes.xtec.cat\/edc-suport\/","title":{"rendered":"Inici"},"content":{"rendered":"<h3><strong><span style=\"font-size: large;\"><span style=\"color: #f66164;\">Benvinguts al web de suport a l&#8217;Estrat\u00e8gia Digital de Centre!<\/span><\/span><\/strong><\/h3>\n<p>Aquest web acompanya als centres en el disseny, la redacci\u00f3, la implementaci\u00f3 i l&#8217;avaluaci\u00f3 de la seva Estrat\u00e8gia Digital de Centre (EDC). \u00c9s un web en constant actualitzaci\u00f3 on s&#8217;afegeixen recursos que poden ser \u00fatils per\u00a0a la seva elaboraci\u00f3.<\/p>\n<div class=\"h5p-iframe-wrapper\"><iframe id=\"h5p-iframe-1\" class=\"h5p-iframe\" data-content-id=\"1\" style=\"height:1px\" src=\"about:blank\" frameBorder=\"0\" scrolling=\"no\" title=\"Inici\"><\/iframe><\/div>\n","protected":false},"excerpt":{"rendered":"<p>Benvinguts al web de suport a l&#8217;Estrat\u00e8gia Digital de Centre!<br \/>\nAquest web acompanya als centres en el disseny, la redacci\u00f3, la implementaci\u00f3 i l&#8217;avaluaci\u00f3 de la seva Estrat\u00e8gia Digital de Centre (EDC). \u00c9s un web en constant actualitzaci\u00f3 on s&#8217;afegeixen recursos que poden ser \u00fatils per\u00a0a&hellip;  <a href=\"https:\/\/projectes.xtec.cat\/edc-suport\/\" title=\"Read Inici\">Llegeix m\u00e9s\u00bb<\/a><\/p>\n","protected":false},"author":1,"featured_media":0,"parent":0,"menu_order":0,"comment_status":"closed","ping_status":"closed","template":"page-templates\/front-page.php","meta":{"_bbp_topic_count":0,"_bbp_reply_count":0,"_bbp_total_topic_count":0,"_bbp_total_reply_count":0,"_bbp_voice_count":0,"_bbp_anonymous_reply_count":0,"_bbp_topic_count_hidden":0,"_bbp_reply_count_hidden":0,"_bbp_forum_subforum_count":0,"footnotes":""},"class_list":["post-9","page","type-page","status-publish","hentry"],"post_mailing_queue_ids":[],"_links":{"self":[{"href":"https:\/\/projectes.xtec.cat\/edc-suport\/wp-json\/wp\/v2\/pages\/9","targetHints":{"allow":["GET"]}}],"collection":[{"href":"https:\/\/projectes.xtec.cat\/edc-suport\/wp-json\/wp\/v2\/pages"}],"about":[{"href":"https:\/\/projectes.xtec.cat\/edc-suport\/wp-json\/wp\/v2\/types\/page"}],"author":[{"embeddable":true,"href":"https:\/\/projectes.xtec.cat\/edc-suport\/wp-json\/wp\/v2\/users\/1"}],"replies":[{"embeddable":true,"href":"https:\/\/projectes.xtec.cat\/edc-suport\/wp-json\/wp\/v2\/comments?post=9"}],"version-history":[{"count":4,"href":"https:\/\/projectes.xtec.cat\/edc-suport\/wp-json\/wp\/v2\/pages\/9\/revisions"}],"predecessor-version":[{"id":9175,"href":"https:\/\/projectes.xtec.cat\/edc-suport\/wp-json\/wp\/v2\/pages\/9\/revisions\/9175"}],"wp:attachment":[{"href":"https:\/\/projectes.xtec.cat\/edc-suport\/wp-json\/wp\/v2\/media?parent=9"}],"curies":[{"name":"wp","href":"https:\/\/api.w.org\/{rel}","templated":true}]}}