{"id":9036,"date":"2021-09-08T13:38:18","date_gmt":"2021-09-08T11:38:18","guid":{"rendered":"https:\/\/projectes.xtec.cat\/edc-suport\/?page_id=9036"},"modified":"2022-07-22T12:41:50","modified_gmt":"2022-07-22T10:41:50","slug":"espai-del-mentor-a_pagina-dentrada","status":"publish","type":"page","link":"https:\/\/projectes.xtec.cat\/edc-suport\/espai-del-mentor-a_pagina-dentrada\/","title":{"rendered":"Espai del mentor\/a"},"content":{"rendered":"<p>Espai de recursos per a la mentoria restringit als mentors\/es.<\/p>\n<p><strong>Per accedir-hi cliqueu el bot\u00f3 despr\u00e9s d&#8217;haver-vos identificat a la p\u00e0gina amb el vostre usuari XTEC:<\/strong><\/p>\n<p>&nbsp;<\/p>\n<p><a href=\"https:\/\/projectes.xtec.cat\/edc-suport\/espai-del-mentor\/\"><img loading=\"lazy\" decoding=\"async\" class=\"aligncenter wp-image-10098 \" src=\"https:\/\/projectes.xtec.cat\/edc-suport\/wp-content\/uploads\/usu2435\/2022\/07\/Acces-a-lespai-del-mentora-1-1-300x106.png\" alt=\"\" width=\"275\" height=\"97\" srcset=\"https:\/\/projectes.xtec.cat\/edc-suport\/wp-content\/uploads\/usu2435\/2022\/07\/Acces-a-lespai-del-mentora-1-1-300x106.png 300w, https:\/\/projectes.xtec.cat\/edc-suport\/wp-content\/uploads\/usu2435\/2022\/07\/Acces-a-lespai-del-mentora-1-1-768x272.png 768w, https:\/\/projectes.xtec.cat\/edc-suport\/wp-content\/uploads\/usu2435\/2022\/07\/Acces-a-lespai-del-mentora-1-1.png 1024w\" sizes=\"auto, (max-width: 275px) 100vw, 275px\" \/><\/a><\/p>\n<p>&nbsp;<\/p>\n","protected":false},"excerpt":{"rendered":"<p>Espai de recursos per a la mentoria restringit als mentors\/es.<br \/>\nPer accedir-hi cliqueu el bot\u00f3 despr\u00e9s d&#8217;haver-vos identificat a la p\u00e0gina amb el vostre usuari XTEC:<br \/>\n&nbsp;<br \/>\n<a href=\"https:\/\/projectes.xtec.cat\/edc-suport\/espai-del-mentor\/\"><\/a><br \/>\n&nbsp;<\/p>\n","protected":false},"author":68,"featured_media":0,"parent":0,"menu_order":0,"comment_status":"closed","ping_status":"closed","template":"","meta":{"_bbp_topic_count":0,"_bbp_reply_count":0,"_bbp_total_topic_count":0,"_bbp_total_reply_count":0,"_bbp_voice_count":0,"_bbp_anonymous_reply_count":0,"_bbp_topic_count_hidden":0,"_bbp_reply_count_hidden":0,"_bbp_forum_subforum_count":0,"footnotes":""},"class_list":["post-9036","page","type-page","status-publish","hentry"],"post_mailing_queue_ids":[],"_links":{"self":[{"href":"https:\/\/projectes.xtec.cat\/edc-suport\/wp-json\/wp\/v2\/pages\/9036","targetHints":{"allow":["GET"]}}],"collection":[{"href":"https:\/\/projectes.xtec.cat\/edc-suport\/wp-json\/wp\/v2\/pages"}],"about":[{"href":"https:\/\/projectes.xtec.cat\/edc-suport\/wp-json\/wp\/v2\/types\/page"}],"author":[{"embeddable":true,"href":"https:\/\/projectes.xtec.cat\/edc-suport\/wp-json\/wp\/v2\/users\/68"}],"replies":[{"embeddable":true,"href":"https:\/\/projectes.xtec.cat\/edc-suport\/wp-json\/wp\/v2\/comments?post=9036"}],"version-history":[{"count":4,"href":"https:\/\/projectes.xtec.cat\/edc-suport\/wp-json\/wp\/v2\/pages\/9036\/revisions"}],"predecessor-version":[{"id":10101,"href":"https:\/\/projectes.xtec.cat\/edc-suport\/wp-json\/wp\/v2\/pages\/9036\/revisions\/10101"}],"wp:attachment":[{"href":"https:\/\/projectes.xtec.cat\/edc-suport\/wp-json\/wp\/v2\/media?parent=9036"}],"curies":[{"name":"wp","href":"https:\/\/api.w.org\/{rel}","templated":true}]}}