{"id":9342,"date":"2021-12-01T13:25:25","date_gmt":"2021-12-01T12:25:25","guid":{"rendered":"https:\/\/projectes.xtec.cat\/edc-suport\/?page_id=9342"},"modified":"2021-12-03T10:21:20","modified_gmt":"2021-12-03T09:21:20","slug":"edc-institut-del-cami","status":"publish","type":"page","link":"https:\/\/projectes.xtec.cat\/edc-suport\/edc-institut-del-cami\/","title":{"rendered":"EDC Institut del cam\u00ed (centre fictici)"},"content":{"rendered":"<p>En el PEC del centre es detallen les dades de contextualitzaci\u00f3 g<img loading=\"lazy\" decoding=\"async\" class=\"alignright wp-image-9395 size-medium\" src=\"https:\/\/projectes.xtec.cat\/edc-suport\/wp-content\/uploads\/usu2435\/2021\/12\/pec-211x300.png\" alt=\"PEC\" width=\"211\" height=\"300\" srcset=\"https:\/\/projectes.xtec.cat\/edc-suport\/wp-content\/uploads\/usu2435\/2021\/12\/pec-211x300.png 211w, https:\/\/projectes.xtec.cat\/edc-suport\/wp-content\/uploads\/usu2435\/2021\/12\/pec.png 459w\" sizes=\"auto, (max-width: 211px) 100vw, 211px\" \/>eneral del centre. Pel que fa als aspectes sobre tecnologia digital, cal tenir en compte que el centre fa anys que ha fet una clara aposta per la digitalitzaci\u00f3 del centre. Aix\u00ed, tot l&#8217;alumnat i professorat disposa d&#8217;un usuari de centre que els permet tenir serveis com s\u00f3n el correu electr\u00f2nic o l&#8217;emmagatzematge al n\u00favol. Amb aquests usuaris es realitza tota la comunicaci\u00f3 del centre.<\/p>\n<p>Des de fa m\u00e9s de cinc anys, el centre aposta pel model 1&#215;1. Cada alumne disposa d\u2019un ordinador de propietat que porta cada dia al centre. De la mateixa manera, el centre cedeix un ordinador port\u00e0til a cada professor que s&#8217;incorpora al centre.<\/p>\n<p>Podeu accedir a tota la informaci\u00f3 sobre la nostra Estrat\u00e8gia Digital de Centre mitjan\u00e7ant el men\u00fa de navegaci\u00f3 de l&#8217;esquerra.<\/p>\n","protected":false},"excerpt":{"rendered":"<p>En el PEC del centre es detallen les dades de contextualitzaci\u00f3 general del centre. Pel que fa als aspectes sobre tecnologia digital, cal tenir en compte que el centre fa anys que ha fet una clara aposta per la digitalitzaci\u00f3 del centre. Aix\u00ed, tot l&#8217;alumnat&hellip;  <a href=\"https:\/\/projectes.xtec.cat\/edc-suport\/edc-institut-del-cami\/\" title=\"Read EDC Institut del cam\u00ed (centre fictici)\">Llegeix m\u00e9s\u00bb<\/a><\/p>\n","protected":false},"author":68,"featured_media":0,"parent":0,"menu_order":0,"comment_status":"closed","ping_status":"closed","template":"page-templates\/side-menu.php","meta":{"_bbp_topic_count":0,"_bbp_reply_count":0,"_bbp_total_topic_count":0,"_bbp_total_reply_count":0,"_bbp_voice_count":0,"_bbp_anonymous_reply_count":0,"_bbp_topic_count_hidden":0,"_bbp_reply_count_hidden":0,"_bbp_forum_subforum_count":0,"footnotes":""},"class_list":["post-9342","page","type-page","status-publish","hentry"],"post_mailing_queue_ids":[],"_links":{"self":[{"href":"https:\/\/projectes.xtec.cat\/edc-suport\/wp-json\/wp\/v2\/pages\/9342","targetHints":{"allow":["GET"]}}],"collection":[{"href":"https:\/\/projectes.xtec.cat\/edc-suport\/wp-json\/wp\/v2\/pages"}],"about":[{"href":"https:\/\/projectes.xtec.cat\/edc-suport\/wp-json\/wp\/v2\/types\/page"}],"author":[{"embeddable":true,"href":"https:\/\/projectes.xtec.cat\/edc-suport\/wp-json\/wp\/v2\/users\/68"}],"replies":[{"embeddable":true,"href":"https:\/\/projectes.xtec.cat\/edc-suport\/wp-json\/wp\/v2\/comments?post=9342"}],"version-history":[{"count":3,"href":"https:\/\/projectes.xtec.cat\/edc-suport\/wp-json\/wp\/v2\/pages\/9342\/revisions"}],"predecessor-version":[{"id":9460,"href":"https:\/\/projectes.xtec.cat\/edc-suport\/wp-json\/wp\/v2\/pages\/9342\/revisions\/9460"}],"wp:attachment":[{"href":"https:\/\/projectes.xtec.cat\/edc-suport\/wp-json\/wp\/v2\/media?parent=9342"}],"curies":[{"name":"wp","href":"https:\/\/api.w.org\/{rel}","templated":true}]}}