{"id":9347,"date":"2021-12-01T13:29:04","date_gmt":"2021-12-01T12:29:04","guid":{"rendered":"https:\/\/projectes.xtec.cat\/edc-suport\/?page_id=9347"},"modified":"2021-12-09T13:54:56","modified_gmt":"2021-12-09T12:54:56","slug":"cultura-digital","status":"publish","type":"page","link":"https:\/\/projectes.xtec.cat\/edc-suport\/edc-institut-del-cami\/cultura-digital\/","title":{"rendered":"Cultura digital"},"content":{"rendered":"<p>En aquest apartat es recullen tots els documents del centre que fan refer\u00e8ncia a aspectes de la cultura digital. D&#8217;aquesta manera, es pot tenir una visi\u00f3 completa de l&#8217;assoliment d&#8217;aquesta cultura pel que fa a centre.<\/p>\n<div style=\"display: flex; background-color: #ff3257; font-size: 24pt; height: 40pt; justify-content: center; margin-top: 4pt; margin-bottom: 4 pt; color: white!important;\">\n<p>Plataforma digital<\/p>\n<\/div>\n<p>&nbsp;<\/p>\n<p>El centre disposa d&#8217;un domini G Suite for Education propi. D&#8217;aquesta manera, alumnat, professorat, personal d&#8217;administraci\u00f3 i fam\u00edlies disposen d&#8217;un usuari @insdelcami.cat.<\/p>\n<p style=\"text-align: center;\"><img loading=\"lazy\" decoding=\"async\" class=\"size-medium wp-image-9410 aligncenter\" src=\"https:\/\/projectes.xtec.cat\/edc-suport\/wp-content\/uploads\/usu2435\/2021\/12\/workspace-300x123.png\" alt=\"\" width=\"300\" height=\"123\" srcset=\"https:\/\/projectes.xtec.cat\/edc-suport\/wp-content\/uploads\/usu2435\/2021\/12\/workspace-300x123.png 300w, https:\/\/projectes.xtec.cat\/edc-suport\/wp-content\/uploads\/usu2435\/2021\/12\/workspace-1024x421.png 1024w, https:\/\/projectes.xtec.cat\/edc-suport\/wp-content\/uploads\/usu2435\/2021\/12\/workspace-768x316.png 768w, https:\/\/projectes.xtec.cat\/edc-suport\/wp-content\/uploads\/usu2435\/2021\/12\/workspace.png 1280w\" sizes=\"auto, (max-width: 300px) 100vw, 300px\" \/><\/p>\n<div style=\"display: flex; background-color: #ff3257; font-size: 24pt; height: 40pt; justify-content: center; margin-top: 4pt; margin-bottom: 4 pt; color: white!important;\">\n<p>Seguiment de l&#8217;alumnat<\/p>\n<\/div>\n<p>&nbsp;<\/p>\n<p>Tot el seguiment dels alumnes, acad\u00e8mic i personal, es fa a trav\u00e9s de fulls de c\u00e0lcul que el centre ha creat i que t\u00e9 organitzat en unitats compartides.<\/p>\n<table style=\"border-collapse: collapse; width: 100%;\">\n<tbody>\n<tr>\n<td style=\"width: 33.3333%;\"><img loading=\"lazy\" decoding=\"async\" class=\"alignright wp-image-9412 size-medium\" src=\"https:\/\/projectes.xtec.cat\/edc-suport\/wp-content\/uploads\/usu2435\/2021\/12\/qvic-300x103.png\" alt=\"\" width=\"300\" height=\"103\" srcset=\"https:\/\/projectes.xtec.cat\/edc-suport\/wp-content\/uploads\/usu2435\/2021\/12\/qvic-300x103.png 300w, https:\/\/projectes.xtec.cat\/edc-suport\/wp-content\/uploads\/usu2435\/2021\/12\/qvic.png 717w\" sizes=\"auto, (max-width: 300px) 100vw, 300px\" \/><\/td>\n<td style=\"width: 33.3333%;\"><span class=\" aw5Odc\"><a class=\"XqQF9c\" href=\"https:\/\/qvic.tecnocentres.org\/\" target=\"_blank\" rel=\"noopener\">qViC:<\/a><\/span> per fer el seguiment de les mat\u00e8ries, cada professor t\u00e9 un full de c\u00e0lcul per a cada un dels grups on fa classe.<\/td>\n<td style=\"width: 33.3333%;\"><img loading=\"lazy\" decoding=\"async\" class=\"alignright size-medium wp-image-9417\" src=\"https:\/\/projectes.xtec.cat\/edc-suport\/wp-content\/uploads\/usu2435\/2021\/12\/qvic2-300x93.png\" alt=\"\" width=\"300\" height=\"93\" srcset=\"https:\/\/projectes.xtec.cat\/edc-suport\/wp-content\/uploads\/usu2435\/2021\/12\/qvic2-300x93.png 300w, https:\/\/projectes.xtec.cat\/edc-suport\/wp-content\/uploads\/usu2435\/2021\/12\/qvic2-1024x318.png 1024w, https:\/\/projectes.xtec.cat\/edc-suport\/wp-content\/uploads\/usu2435\/2021\/12\/qvic2-768x239.png 768w, https:\/\/projectes.xtec.cat\/edc-suport\/wp-content\/uploads\/usu2435\/2021\/12\/qvic2.png 1206w\" sizes=\"auto, (max-width: 300px) 100vw, 300px\" \/><\/td>\n<\/tr>\n<tr>\n<td style=\"width: 33.3333%;\"><img loading=\"lazy\" decoding=\"async\" class=\"alignright size-medium wp-image-9414\" src=\"https:\/\/projectes.xtec.cat\/edc-suport\/wp-content\/uploads\/usu2435\/2021\/12\/qat-300x106.png\" alt=\"\" width=\"300\" height=\"106\" srcset=\"https:\/\/projectes.xtec.cat\/edc-suport\/wp-content\/uploads\/usu2435\/2021\/12\/qat-300x106.png 300w, https:\/\/projectes.xtec.cat\/edc-suport\/wp-content\/uploads\/usu2435\/2021\/12\/qat.png 625w\" sizes=\"auto, (max-width: 300px) 100vw, 300px\" \/><\/td>\n<td style=\"width: 33.3333%;\"><a href=\"https:\/\/qat.tecnocentres.org\/\" target=\"_blank\" rel=\"noopener\">qAT: <\/a>cada tutor t\u00e9 un full de c\u00e0lcul que recull les anotacions que el professorat ha introdu\u00eft en el seu qViC. D&#8217;aquesta manera, t\u00e9 la visi\u00f3 global i pot veure mitjanes globals d&#8217;assoliments de compet\u00e8ncies.<\/td>\n<td style=\"width: 33.3333%;\"><img loading=\"lazy\" decoding=\"async\" class=\"alignright size-medium wp-image-9416\" src=\"https:\/\/projectes.xtec.cat\/edc-suport\/wp-content\/uploads\/usu2435\/2021\/12\/quat2-300x164.png\" alt=\"\" width=\"300\" height=\"164\" srcset=\"https:\/\/projectes.xtec.cat\/edc-suport\/wp-content\/uploads\/usu2435\/2021\/12\/quat2-300x164.png 300w, https:\/\/projectes.xtec.cat\/edc-suport\/wp-content\/uploads\/usu2435\/2021\/12\/quat2.png 568w\" sizes=\"auto, (max-width: 300px) 100vw, 300px\" \/><\/td>\n<\/tr>\n<tr>\n<td style=\"width: 33.3333%;\"><\/td>\n<td style=\"width: 33.3333%;\"><a href=\"https:\/\/docs.google.com\/spreadsheets\/d\/142lJYQDyJdpqQTgadQeTY26h_wtyFMMIGfQqcoB4y_Y\/\" target=\"_blank\" rel=\"noopener\">qsT:<\/a> per cada alumne, en iniciar estudis en el centre, es crea un quadern de seguiment tutorial, on queden registrades totes les dades rellevants i entrevistes que s&#8217;han realitzat amb l&#8217;alumne\/a i amb la fam\u00edlia.<\/td>\n<td style=\"width: 33.3333%;\"><\/td>\n<\/tr>\n<\/tbody>\n<\/table>\n<p>&nbsp;<\/p>\n<div style=\"display: flex; background-color: #ff3257; font-size: 24pt; height: 40pt; justify-content: center; margin-top: 4pt; margin-bottom: 4 pt; color: white!important;\">\n<p>Documentaci\u00f3<\/p>\n<\/div>\n<p style=\"font-family: 'Helvetica Neue', Helvetica, Helvetica, Arial, sans-serif; font-size: 16px;\"><img loading=\"lazy\" decoding=\"async\" class=\"alignright size-medium wp-image-9418\" src=\"https:\/\/projectes.xtec.cat\/edc-suport\/wp-content\/uploads\/usu2435\/2021\/12\/drive-300x277.png\" alt=\"\" width=\"300\" height=\"277\" srcset=\"https:\/\/projectes.xtec.cat\/edc-suport\/wp-content\/uploads\/usu2435\/2021\/12\/drive-300x277.png 300w, https:\/\/projectes.xtec.cat\/edc-suport\/wp-content\/uploads\/usu2435\/2021\/12\/drive.png 523w\" sizes=\"auto, (max-width: 300px) 100vw, 300px\" \/><\/p>\n<p>&nbsp;<\/p>\n<p>El centre organitza tota la documentaci\u00f3 en unitats compartides. Aquestes unitats es comparteixen exclusivament amb\u00a0grups, de tal manera que en tot moment es controla qui t\u00e9 acc\u00e9s a la informaci\u00f3.<\/p>\n<p>A m\u00e9s dels fulls anteriors, en aquestes carpetes hi ha tota la resta d&#8217;informaci\u00f3 que necessita el centre<span style=\"font-family: inherit; font-size: 1em;\">. Des de la docu<\/span><span style=\"font-family: inherit; font-size: 1em;\">mentaci\u00f3 oficial (PEC, NOFC, projecte de direcci\u00f3, etc), passant per llistes d&#8217;alumnes, el PAT, fins als informes d&#8217;avaluaci\u00f3 de cada un dels alumnes durant tots els cursos que est\u00e0 al centre.<\/span><\/p>\n","protected":false},"excerpt":{"rendered":"<p>En aquest apartat es recullen tots els documents del centre que fan refer\u00e8ncia a aspectes de la cultura digital. D&#8217;aquesta manera, es pot tenir una visi\u00f3 completa de l&#8217;assoliment d&#8217;aquesta cultura pel que fa a centre.<\/p>\n<p>Plataforma digital<\/p>\n<p>&nbsp;<br \/>\nEl centre disposa d&#8217;un domini G Suite for Education&hellip;  <a href=\"https:\/\/projectes.xtec.cat\/edc-suport\/edc-institut-del-cami\/cultura-digital\/\" title=\"Read Cultura digital\">Llegeix m\u00e9s\u00bb<\/a><\/p>\n","protected":false},"author":68,"featured_media":0,"parent":9342,"menu_order":2,"comment_status":"closed","ping_status":"closed","template":"page-templates\/side-menu.php","meta":{"_bbp_topic_count":0,"_bbp_reply_count":0,"_bbp_total_topic_count":0,"_bbp_total_reply_count":0,"_bbp_voice_count":0,"_bbp_anonymous_reply_count":0,"_bbp_topic_count_hidden":0,"_bbp_reply_count_hidden":0,"_bbp_forum_subforum_count":0,"footnotes":""},"class_list":["post-9347","page","type-page","status-publish","hentry"],"post_mailing_queue_ids":[],"_links":{"self":[{"href":"https:\/\/projectes.xtec.cat\/edc-suport\/wp-json\/wp\/v2\/pages\/9347","targetHints":{"allow":["GET"]}}],"collection":[{"href":"https:\/\/projectes.xtec.cat\/edc-suport\/wp-json\/wp\/v2\/pages"}],"about":[{"href":"https:\/\/projectes.xtec.cat\/edc-suport\/wp-json\/wp\/v2\/types\/page"}],"author":[{"embeddable":true,"href":"https:\/\/projectes.xtec.cat\/edc-suport\/wp-json\/wp\/v2\/users\/68"}],"replies":[{"embeddable":true,"href":"https:\/\/projectes.xtec.cat\/edc-suport\/wp-json\/wp\/v2\/comments?post=9347"}],"version-history":[{"count":4,"href":"https:\/\/projectes.xtec.cat\/edc-suport\/wp-json\/wp\/v2\/pages\/9347\/revisions"}],"predecessor-version":[{"id":9486,"href":"https:\/\/projectes.xtec.cat\/edc-suport\/wp-json\/wp\/v2\/pages\/9347\/revisions\/9486"}],"up":[{"embeddable":true,"href":"https:\/\/projectes.xtec.cat\/edc-suport\/wp-json\/wp\/v2\/pages\/9342"}],"wp:attachment":[{"href":"https:\/\/projectes.xtec.cat\/edc-suport\/wp-json\/wp\/v2\/media?parent=9347"}],"curies":[{"name":"wp","href":"https:\/\/api.w.org\/{rel}","templated":true}]}}