{"id":9350,"date":"2021-12-01T13:32:01","date_gmt":"2021-12-01T12:32:01","guid":{"rendered":"https:\/\/projectes.xtec.cat\/edc-suport\/?page_id=9350"},"modified":"2021-12-09T13:48:32","modified_gmt":"2021-12-09T12:48:32","slug":"diagnosi","status":"publish","type":"page","link":"https:\/\/projectes.xtec.cat\/edc-suport\/edc-institut-del-cami\/part-estrategica\/diagnosi\/","title":{"rendered":"Diagnosi"},"content":{"rendered":"<table style=\"width: 100%;\">\n<tbody>\n<tr>\n<td style=\"width: 66.4824%; border-style: hidden;\">Per fer la diagnosi, la comissi\u00f3 digital del centre ha utilitzat tres recursos:<\/p>\n<ul>\n<li>Enquesta al professorat, a l&#8217;alumnat i a les fam\u00edlies: la participaci\u00f3 del professorat ha estat del 95%, la de l&#8217;alumnat del 85% i la de les fam\u00edlies del 50%. Per determinar les preguntes, s&#8217;han analitzat els\u00a0\u00edtems del pla TAC\u00a0i les \u00e0rees digitals que marca el PEDC (alumnat, professorat i centre).<\/li>\n<li>Entrevistes amb la direcci\u00f3 del centre i amb el coordinador digital.<\/li>\n<li>Valoraci\u00f3 dels resultats de l&#8217;enquesta en un claustre.<\/li>\n<li>Sistema d&#8217;indicadors que el centre ja recull anualment.<\/li>\n<\/ul>\n<p class=\"CDt4Ke zfr3Q\" dir=\"ltr\">A partir de l&#8217;an\u00e0lisi d&#8217;aquestes eines, es detecten els seg\u00fcents punts forts i punts febles segons diferents aspectes.<\/p>\n<\/td>\n<td style=\"width: 33.5176%; border-style: hidden;\">\n<div style=\"display: flex; background-color: #ff3257; font-size: 24pt; height: 40pt; justify-content: center;\"><a style=\"color: white!important; align-self: center; text-decoration: none; margin-top: 4pt; margin-bottom: 4pt;\" href=\"https:\/\/projectes.xtec.cat\/edc-suport\/edc-institut-del-cami\/part-estrategica\/diagnosi\/alumnat\/\">Alumnat<\/a><\/div>\n<div style=\"display: flex; background-color: #ff3257; font-size: 24pt; height: 40pt; justify-content: center; margin-top: 4pt; margin-bottom: 4pt;\"><a style=\"color: white!important; align-self: center; text-decoration: none;\" href=\"https:\/\/projectes.xtec.cat\/edc-suport\/edc-institut-del-cami\/part-estrategica\/diagnosi\/professorat\/\">Professorat<\/a><\/div>\n<div style=\"display: flex; background-color: #ff3257; font-size: 24pt; height: 40pt; justify-content: center; margin-top: 4pt; margin-bottom: 4pt;\"><a style=\"color: white!important; align-self: center; text-decoration: none;\" href=\"https:\/\/projectes.xtec.cat\/edc-suport\/edc-institut-del-cami\/part-estrategica\/diagnosi\/centre\/\">Centre<\/a><\/div>\n<\/td>\n<\/tr>\n<\/tbody>\n<\/table>\n","protected":false},"excerpt":{"rendered":"<p>Per fer la diagnosi, la comissi\u00f3 digital del centre ha utilitzat tres recursos:<\/p>\n<ul>\n<li>Enquesta al professorat, a l&#8217;alumnat i a les fam\u00edlies: la participaci\u00f3 del professorat ha estat del 95%, la de l&#8217;alumnat del 85% i la de les fam\u00edlies del 50%. Per determinar les preguntes,&hellip;  <a href=\"https:\/\/projectes.xtec.cat\/edc-suport\/edc-institut-del-cami\/part-estrategica\/diagnosi\/\" title=\"Read Diagnosi\">Llegeix m\u00e9s\u00bb<\/a><br \/>\n","protected":false},"author":68,"featured_media":0,"parent":9344,"menu_order":1,"comment_status":"closed","ping_status":"closed","template":"page-templates\/side-menu.php","meta":{"_bbp_topic_count":0,"_bbp_reply_count":0,"_bbp_total_topic_count":0,"_bbp_total_reply_count":0,"_bbp_voice_count":0,"_bbp_anonymous_reply_count":0,"_bbp_topic_count_hidden":0,"_bbp_reply_count_hidden":0,"_bbp_forum_subforum_count":0,"footnotes":""},"class_list":["post-9350","page","type-page","status-publish","hentry"],"post_mailing_queue_ids":[],"_links":{"self":[{"href":"https:\/\/projectes.xtec.cat\/edc-suport\/wp-json\/wp\/v2\/pages\/9350","targetHints":{"allow":["GET"]}}],"collection":[{"href":"https:\/\/projectes.xtec.cat\/edc-suport\/wp-json\/wp\/v2\/pages"}],"about":[{"href":"https:\/\/projectes.xtec.cat\/edc-suport\/wp-json\/wp\/v2\/types\/page"}],"author":[{"embeddable":true,"href":"https:\/\/projectes.xtec.cat\/edc-suport\/wp-json\/wp\/v2\/users\/68"}],"replies":[{"embeddable":true,"href":"https:\/\/projectes.xtec.cat\/edc-suport\/wp-json\/wp\/v2\/comments?post=9350"}],"version-history":[{"count":4,"href":"https:\/\/projectes.xtec.cat\/edc-suport\/wp-json\/wp\/v2\/pages\/9350\/revisions"}],"predecessor-version":[{"id":9484,"href":"https:\/\/projectes.xtec.cat\/edc-suport\/wp-json\/wp\/v2\/pages\/9350\/revisions\/9484"}],"up":[{"embeddable":true,"href":"https:\/\/projectes.xtec.cat\/edc-suport\/wp-json\/wp\/v2\/pages\/9344"}],"wp:attachment":[{"href":"https:\/\/projectes.xtec.cat\/edc-suport\/wp-json\/wp\/v2\/media?parent=9350"}],"curies":[{"name":"wp","href":"https:\/\/api.w.org\/{rel}","templated":true}]}}