{"id":9354,"date":"2021-12-01T13:34:34","date_gmt":"2021-12-01T12:34:34","guid":{"rendered":"https:\/\/projectes.xtec.cat\/edc-suport\/?page_id=9354"},"modified":"2021-12-14T13:10:47","modified_gmt":"2021-12-14T12:10:47","slug":"alumnat","status":"publish","type":"page","link":"https:\/\/projectes.xtec.cat\/edc-suport\/edc-institut-del-cami\/part-estrategica\/diagnosi\/alumnat\/","title":{"rendered":"Alumnat"},"content":{"rendered":"<div style=\"display: flex; background-color: #ff3257; font-size: 24pt; height: 40pt; justify-content: center; margin-top: 4pt; margin-bottom: 4 pt; color: white!important;\">\n<p>COMPET\u00c8NCIA DIGITAL<\/p>\n<\/div>\n<div>\n<h3><\/h3>\n<h3><strong>Punts forts<\/strong><\/h3>\n<ul>\n<li>El centre treballa amb 1&#215;1. Per tant, en acabar 4t els alumnes tenen un gran domini de les compet\u00e8ncies m\u00e9s instrumentals de l&#8217;\u00fas de tecnologies.<\/li>\n<\/ul>\n<\/div>\n<div>\n<h3><strong>Punts febles<\/strong><\/h3>\n<\/div>\n<ul>\n<li>Hi ha aspectes vinculats a la compet\u00e8ncia digital que no es vinculen directament a cap mat\u00e8ria o projecte i que, per tant, es treballen molt poc.<\/li>\n<\/ul>\n","protected":false},"excerpt":{"rendered":"<p>COMPET\u00c8NCIA DIGITAL<\/p>\n<p>Punts forts<\/p>\n<ul>\n<li>El centre treballa amb 1&#215;1. Per tant, en acabar 4t els alumnes tenen un gran domini de les compet\u00e8ncies m\u00e9s instrumentals de l&#8217;\u00fas de tecnologies.<\/li>\n<\/ul>\n<p>Punts febles<\/p>\n<ul>\n<li>Hi ha aspectes vinculats a la compet\u00e8ncia digital que no es vinculen directament a cap mat\u00e8ria o projecte&hellip;  <a href=\"https:\/\/projectes.xtec.cat\/edc-suport\/edc-institut-del-cami\/part-estrategica\/diagnosi\/alumnat\/\" title=\"Read Alumnat\">Llegeix m\u00e9s\u00bb<\/a><br \/>\n","protected":false},"author":68,"featured_media":0,"parent":9350,"menu_order":1,"comment_status":"closed","ping_status":"closed","template":"page-templates\/side-menu.php","meta":{"_bbp_topic_count":0,"_bbp_reply_count":0,"_bbp_total_topic_count":0,"_bbp_total_reply_count":0,"_bbp_voice_count":0,"_bbp_anonymous_reply_count":0,"_bbp_topic_count_hidden":0,"_bbp_reply_count_hidden":0,"_bbp_forum_subforum_count":0,"footnotes":""},"class_list":["post-9354","page","type-page","status-publish","hentry"],"post_mailing_queue_ids":[],"_links":{"self":[{"href":"https:\/\/projectes.xtec.cat\/edc-suport\/wp-json\/wp\/v2\/pages\/9354","targetHints":{"allow":["GET"]}}],"collection":[{"href":"https:\/\/projectes.xtec.cat\/edc-suport\/wp-json\/wp\/v2\/pages"}],"about":[{"href":"https:\/\/projectes.xtec.cat\/edc-suport\/wp-json\/wp\/v2\/types\/page"}],"author":[{"embeddable":true,"href":"https:\/\/projectes.xtec.cat\/edc-suport\/wp-json\/wp\/v2\/users\/68"}],"replies":[{"embeddable":true,"href":"https:\/\/projectes.xtec.cat\/edc-suport\/wp-json\/wp\/v2\/comments?post=9354"}],"version-history":[{"count":3,"href":"https:\/\/projectes.xtec.cat\/edc-suport\/wp-json\/wp\/v2\/pages\/9354\/revisions"}],"predecessor-version":[{"id":9539,"href":"https:\/\/projectes.xtec.cat\/edc-suport\/wp-json\/wp\/v2\/pages\/9354\/revisions\/9539"}],"up":[{"embeddable":true,"href":"https:\/\/projectes.xtec.cat\/edc-suport\/wp-json\/wp\/v2\/pages\/9350"}],"wp:attachment":[{"href":"https:\/\/projectes.xtec.cat\/edc-suport\/wp-json\/wp\/v2\/media?parent=9354"}],"curies":[{"name":"wp","href":"https:\/\/api.w.org\/{rel}","templated":true}]}}