{"id":9356,"date":"2021-12-01T13:35:20","date_gmt":"2021-12-01T12:35:20","guid":{"rendered":"https:\/\/projectes.xtec.cat\/edc-suport\/?page_id=9356"},"modified":"2021-12-14T13:18:34","modified_gmt":"2021-12-14T12:18:34","slug":"professorat","status":"publish","type":"page","link":"https:\/\/projectes.xtec.cat\/edc-suport\/edc-institut-del-cami\/part-estrategica\/diagnosi\/professorat\/","title":{"rendered":"Professorat"},"content":{"rendered":"<div style=\"display: flex; background-color: #ff3257; font-size: 24pt; height: 40pt; justify-content: center; margin-top: 4pt; margin-bottom: 4 pt; color: white!important;\">\n<p>USOS CURRICULARS<\/p>\n<\/div>\n<div>\n<h3><\/h3>\n<h3><strong>Punts forts<\/strong><\/h3>\n<\/div>\n<div>\n<ul>\n<li>L&#8217;\u00fas de les tecnologies per part del professorat \u00e9s divers i abasta des d&#8217;aplicacions instrumentals i d&#8217;exercitaci\u00f3 (per exemple programes d\u2019edici\u00f3 digital) fins a activitats de cerca, processament i presentaci\u00f3 de la informaci\u00f3 (per exemple els productes finals dels projectes) m\u00e9s enll\u00e0 de l&#8217;espai i l&#8217;horari de l&#8217;aula i fora de l&#8217;escola<\/li>\n<li>S&#8217;utilitzen eines digitals en l&#8217;avaluaci\u00f3 i el seguiment personalitzat de l&#8217;alumnat.<\/li>\n<\/ul>\n<h3><strong>Punts febles<\/strong><\/h3>\n<\/div>\n<ul>\n<li>No hi ha una coordinaci\u00f3 sobre les activitats digitals que cada professor planteja als seus alumnes.<\/li>\n<\/ul>\n<div style=\"display: flex; background-color: #ff3257; font-size: 24pt; height: 80pt; justify-content: center; margin-top: 4pt; margin-bottom: 4 pt; color: white!important;\">\n<p>COMPET\u00c8NCIA DIGITAL DOCENT I DESENVOLUPAMENT PROFESSIONAL<\/p>\n<\/div>\n<h3><\/h3>\n<h3><strong>Punts forts<\/strong><\/h3>\n<div>\n<ul>\n<li>El professorat \u00e9s competent per planificar i acompanyar l&#8217;alumnat en l&#8217;assoliment de la compet\u00e8ncia digital com a compet\u00e8ncia transversal, fer-ne el seguiment i avaluar-lo.<\/li>\n<li>El professorat \u00e9s competent per plantejar i participar en activitats col\u00b7laboratives interdisciplinars en entorns digitals. Cada trimestre, cada \u00e0mbit planteja un projecte amb aquestes caracter\u00edstiques.<\/li>\n<li>El professorat del centre usa eines digitals habitualment en la planificaci\u00f3 de les classes, registre de l\u2019activitat d\u2019aula i avaluaci\u00f3 dels alumnes.<\/li>\n<\/ul>\n<h3><strong>Punts febles<\/strong><\/h3>\n<\/div>\n<div>\n<ul>\n<li>El professorat no expressa les seves necessitats de formaci\u00f3 en tecnologies per manca evident de temps de coordinaci\u00f3.<\/li>\n<li>El professorat nou t\u00e9 dificultats els primers mesos per integrar l&#8217;\u00fas de les tecnologies en el centre.<\/li>\n<\/ul>\n<div><\/div>\n<\/div>\n","protected":false},"excerpt":{"rendered":"<p>USOS CURRICULARS<\/p>\n<p>Punts forts<\/p>\n<ul>\n<li>L&#8217;\u00fas de les tecnologies per part del professorat \u00e9s divers i abasta des d&#8217;aplicacions instrumentals i d&#8217;exercitaci\u00f3 (per exemple programes d\u2019edici\u00f3 digital) fins a activitats de cerca, processament i presentaci\u00f3 de la informaci\u00f3 (per exemple els productes finals dels projectes) m\u00e9s enll\u00e0 de&hellip;  <a href=\"https:\/\/projectes.xtec.cat\/edc-suport\/edc-institut-del-cami\/part-estrategica\/diagnosi\/professorat\/\" title=\"Read Professorat\">Llegeix m\u00e9s\u00bb<\/a><br \/>\n","protected":false},"author":68,"featured_media":0,"parent":9350,"menu_order":2,"comment_status":"closed","ping_status":"closed","template":"page-templates\/side-menu.php","meta":{"_bbp_topic_count":0,"_bbp_reply_count":0,"_bbp_total_topic_count":0,"_bbp_total_reply_count":0,"_bbp_voice_count":0,"_bbp_anonymous_reply_count":0,"_bbp_topic_count_hidden":0,"_bbp_reply_count_hidden":0,"_bbp_forum_subforum_count":0,"footnotes":""},"class_list":["post-9356","page","type-page","status-publish","hentry"],"post_mailing_queue_ids":[],"_links":{"self":[{"href":"https:\/\/projectes.xtec.cat\/edc-suport\/wp-json\/wp\/v2\/pages\/9356","targetHints":{"allow":["GET"]}}],"collection":[{"href":"https:\/\/projectes.xtec.cat\/edc-suport\/wp-json\/wp\/v2\/pages"}],"about":[{"href":"https:\/\/projectes.xtec.cat\/edc-suport\/wp-json\/wp\/v2\/types\/page"}],"author":[{"embeddable":true,"href":"https:\/\/projectes.xtec.cat\/edc-suport\/wp-json\/wp\/v2\/users\/68"}],"replies":[{"embeddable":true,"href":"https:\/\/projectes.xtec.cat\/edc-suport\/wp-json\/wp\/v2\/comments?post=9356"}],"version-history":[{"count":3,"href":"https:\/\/projectes.xtec.cat\/edc-suport\/wp-json\/wp\/v2\/pages\/9356\/revisions"}],"predecessor-version":[{"id":9542,"href":"https:\/\/projectes.xtec.cat\/edc-suport\/wp-json\/wp\/v2\/pages\/9356\/revisions\/9542"}],"up":[{"embeddable":true,"href":"https:\/\/projectes.xtec.cat\/edc-suport\/wp-json\/wp\/v2\/pages\/9350"}],"wp:attachment":[{"href":"https:\/\/projectes.xtec.cat\/edc-suport\/wp-json\/wp\/v2\/media?parent=9356"}],"curies":[{"name":"wp","href":"https:\/\/api.w.org\/{rel}","templated":true}]}}