{"id":9358,"date":"2021-12-01T13:35:42","date_gmt":"2021-12-01T12:35:42","guid":{"rendered":"https:\/\/projectes.xtec.cat\/edc-suport\/?page_id=9358"},"modified":"2021-12-14T13:28:47","modified_gmt":"2021-12-14T12:28:47","slug":"centre","status":"publish","type":"page","link":"https:\/\/projectes.xtec.cat\/edc-suport\/edc-institut-del-cami\/part-estrategica\/diagnosi\/centre\/","title":{"rendered":"Centre"},"content":{"rendered":"<div style=\"display: flex; background-color: #ff3257; font-size: 24pt; height: 40pt; justify-content: center; margin-top: 4pt; margin-bottom: 4 pt; color: white!important;\">\n<p>ESTRAT\u00c8GIA, LIDERATGE I GESTI\u00d3<\/p>\n<\/div>\n<h3><\/h3>\n<h3><strong>Punts forts<\/strong><\/h3>\n<ul>\n<li>El centre t\u00e9 definits els canals digitals per comunicar-se amb la comunitat educativa i l\u2019\u00fas de cada un. A m\u00e9s, tamb\u00e9 t\u00e9 definides les persones responsables de cada canal.<\/li>\n<li>El centre t\u00e9 escrits i aprovats els procediments per a la inclusi\u00f3 digital de tots els alumnes. Aquests procediments es revisen peri\u00f2dicament i se\u2019n fan modificacions.<\/li>\n<li>El centre t\u00e9 establert el procediment per fer l\u2019acollida digital dels alumnes nous al centre. A m\u00e9s, t\u00e9 dissenyat un pla de sessions perqu\u00e8 els alumnes siguin competents digitalment, en termes de seguretat i \u00fas responsable.<\/li>\n<li>El centre t\u00e9 formalitzats els procediments per garantir l&#8217;assoliment de la compet\u00e8ncia digital de tot l&#8217;alumnat com a compet\u00e8ncia transversal, fer-ne el seguiment i avaluar-la.<\/li>\n<\/ul>\n<h3 class=\"CDt4Ke zfr3Q\" dir=\"ltr\"><strong>Punts febles<\/strong><\/h3>\n<ul>\n<li>Un percentatge significatiu de les fam\u00edlies no utilitza de forma regular la plataforma de comunicaci\u00f3.<\/li>\n<\/ul>\n<div style=\"display: flex; background-color: #ff3257; font-size: 24pt; height: 40pt; justify-content: center; margin-top: 4pt; margin-bottom: 4 pt; color: white!important;\">\n<p>SEGUIMENT, AVALUACI\u00d3 I MILLORA<\/p>\n<\/div>\n<h3><\/h3>\n<h3><strong>Punts forts<\/strong><\/h3>\n<ul>\n<li>El centre vetlla perqu\u00e8 les seves bones pr\u00e0ctiques en tecnologies es difonguin a trav\u00e9s del seu web.<\/li>\n<li>\n<p class=\"CDt4Ke zfr3Q\" dir=\"ltr\">L&#8217;\u00fas de les tecnologies es troba reflectit en els diversos documents del centre (PEC, NOFC, PGA, programacions d\u2019aula\u2026).<\/p>\n<\/li>\n<li>El centre fa un seguiment dels usos d&#8217;Internet i, a partir d&#8217;aquesta informaci\u00f3 pren decisions com, per exemple aplicar les pertinents mesures de filtraci\u00f3 de contingut.<\/li>\n<\/ul>\n<h3><strong>Punts febles<\/strong><\/h3>\n<ul>\n<li>Un percentatge significatiu de les fam\u00edlies no \u00e9s prou competent digitalment per poder fer el seguiment de feines dels seus fills\/es (gesti\u00f3 del calendari, acc\u00e9s a tasques telem\u00e0tiques, etc.)<\/li>\n<\/ul>\n<div class=\"U26fgb mUbCce fKz7Od LRAOtb Znu9nd M9Bg4d\" role=\"presentation\" aria-describedby=\"h.m354s585648\" aria-label=\"Copia l'enlla\u00e7 del t\u00edtol\" aria-disabled=\"false\" data-tooltip=\"Copia l'enlla\u00e7 del t\u00edtol\" aria-hidden=\"true\" data-tooltip-position=\"top\" data-tooltip-vertical-offset=\"12\" data-tooltip-horizontal-offset=\"0\"><\/div>\n<div style=\"display: flex; background-color: #ff3257; font-size: 24pt; height: 40pt; justify-content: center; margin-top: 4pt; margin-bottom: 4 pt; color: white!important;\">\n<p>INFRAESTRUCTURES I SERVEIS DIGITALS<\/p>\n<\/div>\n<h3><\/h3>\n<h3><strong>Punts forts<\/strong><\/h3>\n<ul>\n<li>Tots els espais de treball del centre, molt especialment les aules, disposen de connectivitat a la xarxa del centre i a Internet.<\/li>\n<li>Les aules ordin\u00e0ries disposen d&#8217;un sistema de projecci\u00f3 amb un ordinador connectat a Internet.<\/li>\n<li>\n<p class=\"CDt4Ke zfr3Q\" dir=\"ltr\">El centre disposa d\u2019una Zona de professors, una Zona d\u2019alumnes i una Zona de fam\u00edlies a manera d\u2019intranet de centre.<\/p>\n<\/li>\n<li>El centre utilitza un sistema de gesti\u00f3 de seguiment dels alumnes (qViC i qAT), totalment adaptat a les necessitats del centre.<\/li>\n<li>El centre ha establert un protocol per a la resoluci\u00f3 d&#8217;incid\u00e8ncies t\u00e8cniques.<\/li>\n<\/ul>\n<h3><strong>Punts febles<\/strong><\/h3>\n<ul>\n<li>El centre encara no t\u00e9 un pla amb prioritats per a la renovaci\u00f3 de l&#8217;equipament TAC.<\/li>\n<li>El centre no t\u00e9 coneixement de l&#8217;equipament tecnol\u00f2gic de l&#8217;alumnat a la llar (connectivitat, ordinador i\/o d&#8217;altres dispositius equivalents).<\/li>\n<\/ul>\n<div class=\"U26fgb mUbCce fKz7Od LRAOtb Znu9nd M9Bg4d\" role=\"presentation\" aria-describedby=\"h.vhejr7s7bcst\" aria-label=\"Copia l'enlla\u00e7 del t\u00edtol\" aria-disabled=\"false\" data-tooltip=\"Copia l'enlla\u00e7 del t\u00edtol\" aria-hidden=\"true\" data-tooltip-position=\"top\" data-tooltip-vertical-offset=\"12\" data-tooltip-horizontal-offset=\"0\"><\/div>\n<div style=\"display: flex; background-color: #ff3257; font-size: 24pt; height: 40pt; justify-content: center; margin-top: 4pt; margin-bottom: 4 pt; color: white!important;\">\n<p>METODOLOGIES<\/p>\n<\/div>\n<h3><\/h3>\n<h3><strong>Punts forts<\/strong><\/h3>\n<ul>\n<li>La tecnologia \u00e9s present al centre de forma transparent. Se&#8217;n fa \u00fas per\u00f2 sempre amb una finalitat metodol\u00f2gica clara.<\/li>\n<\/ul>\n<h3><strong>Punts febles<\/strong><\/h3>\n<ul>\n<li>El centre t\u00e9 concretat<a href=\"https:\/\/docs.google.com\/document\/d\/1rOUMGQ4lw4CuBCSvtiV9ozzIreU4yp4jM1Bwa6JzsLw\/\" target=\"_blank\" rel=\"noopener\"> el <\/a><a href=\"https:\/\/docs.google.com\/document\/d\/1rOUMGQ4lw4CuBCSvtiV9ozzIreU4yp4jM1Bwa6JzsLw\/\" target=\"_blank\" rel=\"noopener\">desplegament de la compet\u00e8ncia digital<\/a> per cursos i per conceptes clau nom\u00e9s per a 1r d\u2019ESO.<\/li>\n<li>Hi ha mecanismes de valoraci\u00f3 global d\u2019adquisici\u00f3 de la compet\u00e8ncia digital, per\u00f2 no n\u2019hi ha d&#8217;avaluaci\u00f3 de les diferents dimensions de la compet\u00e8ncia.<\/li>\n<\/ul>\n","protected":false},"excerpt":{"rendered":"<p>ESTRAT\u00c8GIA, LIDERATGE I GESTI\u00d3<\/p>\n<p>Punts forts<\/p>\n<ul>\n<li>El centre t\u00e9 definits els canals digitals per comunicar-se amb la comunitat educativa i l\u2019\u00fas de cada un. A m\u00e9s, tamb\u00e9 t\u00e9 definides les persones responsables de cada canal.<\/li>\n<li>El centre t\u00e9 escrits i aprovats els procediments per a la inclusi\u00f3 digital&hellip;  <a href=\"https:\/\/projectes.xtec.cat\/edc-suport\/edc-institut-del-cami\/part-estrategica\/diagnosi\/centre\/\" title=\"Read Centre\">Llegeix m\u00e9s\u00bb<\/a><br \/>\n","protected":false},"author":68,"featured_media":0,"parent":9350,"menu_order":2,"comment_status":"closed","ping_status":"closed","template":"page-templates\/side-menu.php","meta":{"_bbp_topic_count":0,"_bbp_reply_count":0,"_bbp_total_topic_count":0,"_bbp_total_reply_count":0,"_bbp_voice_count":0,"_bbp_anonymous_reply_count":0,"_bbp_topic_count_hidden":0,"_bbp_reply_count_hidden":0,"_bbp_forum_subforum_count":0,"footnotes":""},"class_list":["post-9358","page","type-page","status-publish","hentry"],"post_mailing_queue_ids":[],"_links":{"self":[{"href":"https:\/\/projectes.xtec.cat\/edc-suport\/wp-json\/wp\/v2\/pages\/9358","targetHints":{"allow":["GET"]}}],"collection":[{"href":"https:\/\/projectes.xtec.cat\/edc-suport\/wp-json\/wp\/v2\/pages"}],"about":[{"href":"https:\/\/projectes.xtec.cat\/edc-suport\/wp-json\/wp\/v2\/types\/page"}],"author":[{"embeddable":true,"href":"https:\/\/projectes.xtec.cat\/edc-suport\/wp-json\/wp\/v2\/users\/68"}],"replies":[{"embeddable":true,"href":"https:\/\/projectes.xtec.cat\/edc-suport\/wp-json\/wp\/v2\/comments?post=9358"}],"version-history":[{"count":3,"href":"https:\/\/projectes.xtec.cat\/edc-suport\/wp-json\/wp\/v2\/pages\/9358\/revisions"}],"predecessor-version":[{"id":9543,"href":"https:\/\/projectes.xtec.cat\/edc-suport\/wp-json\/wp\/v2\/pages\/9358\/revisions\/9543"}],"up":[{"embeddable":true,"href":"https:\/\/projectes.xtec.cat\/edc-suport\/wp-json\/wp\/v2\/pages\/9350"}],"wp:attachment":[{"href":"https:\/\/projectes.xtec.cat\/edc-suport\/wp-json\/wp\/v2\/media?parent=9358"}],"curies":[{"name":"wp","href":"https:\/\/api.w.org\/{rel}","templated":true}]}}