{"id":9360,"date":"2021-12-02T08:27:48","date_gmt":"2021-12-02T07:27:48","guid":{"rendered":"https:\/\/projectes.xtec.cat\/edc-suport\/?page_id=9360"},"modified":"2021-12-03T08:49:38","modified_gmt":"2021-12-03T07:49:38","slug":"objectius-vinculats-al-pec","status":"publish","type":"page","link":"https:\/\/projectes.xtec.cat\/edc-suport\/edc-institut-del-cami\/part-estrategica\/objectius\/objectius-vinculats-al-pec\/","title":{"rendered":"Objectius vinculats al PEC"},"content":{"rendered":"<section id=\"h.1906351bdfe79e74_297\" class=\"yaqOZd lQAHbd\">\n<div class=\"mYVXT\">\n<div class=\"LS81yb VICjCf\" tabindex=\"-1\">\n<div class=\"hJDwNd-AhqUyc-uQSCkd purZT-AhqUyc-II5mzb pSzOP-AhqUyc-qWD73c JNdkSc\">\n<div class=\"JNdkSc-SmKAyb\">\n<div class=\"\">\n<div class=\"oKdM2c Kzv0Me\">\n<div id=\"h.1906351bdfe79e74_294\" class=\"hJDwNd-AhqUyc-uQSCkd jXK9ad D2fZ2 OjCsFc wHaque GNzUNc\">\n<div class=\"jXK9ad-SmKAyb\">\n<div class=\"tyJCtd mGzaTb baZpAe\">\n<h2 class=\"CjVfdc\"><span class=\" yZbIUe\">OBJECTI<\/span>U 1 <span class=\" yZbIUe\">DE<\/span> L&#8217;EDC<br \/>\nDEFINIR EL DESPLEGAMENT COMPLET DE LA COMPET\u00c8NCIA DIGITAL DE L\u2019ALUMNAT<\/h2>\n<\/div>\n<\/div>\n<\/div>\n<\/div>\n<\/div>\n<\/div>\n<\/div>\n<\/div>\n<\/div>\n<\/section>\n<section id=\"h.1906351bdfe79e74_293\" class=\"yaqOZd qeLZfd\">\n<div class=\"IFuOkc\"><\/div>\n<div class=\"mYVXT\">\n<div class=\"LS81yb VICjCf\" tabindex=\"-1\">\n<div class=\"hJDwNd-AhqUyc-R6PoUb JNdkSc L6cTce-purZT L6cTce-pSzOP\">\n<div class=\"JNdkSc-SmKAyb\">\n<div class=\"\"><\/div>\n<\/div>\n<\/div>\n<div class=\"hJDwNd-AhqUyc-II5mzb purZT-AhqUyc-II5mzb pSzOP-AhqUyc-qWD73c JNdkSc\">\n<div class=\"JNdkSc-SmKAyb\">\n<div class=\"\">\n<div class=\"oKdM2c Kzv0Me\">\n<div id=\"h.1906351bdfe79e74_290\" class=\"hJDwNd-AhqUyc-II5mzb pSzOP-AhqUyc-qWD73c jXK9ad D2fZ2 OjCsFc wHaque GNzUNc\">\n<div class=\"jXK9ad-SmKAyb\">\n<div class=\"tyJCtd mGzaTb baZpAe\">\n<p class=\"CDt4Ke zfr3Q\" dir=\"ltr\"><strong>Objectiu del PEC<\/strong><\/p>\n<\/div>\n<\/div>\n<\/div>\n<\/div>\n<\/div>\n<\/div>\n<\/div>\n<div class=\"hJDwNd-AhqUyc-OwsYgb purZT-AhqUyc-II5mzb pSzOP-AhqUyc-qWD73c JNdkSc\">\n<div class=\"JNdkSc-SmKAyb\">\n<div class=\"\">\n<div class=\"oKdM2c Kzv0Me\">\n<div id=\"h.1906351bdfe79e74_298\" class=\"hJDwNd-AhqUyc-OwsYgb jXK9ad D2fZ2 OjCsFc wHaque GNzUNc\">\n<div class=\"jXK9ad-SmKAyb\">\n<div class=\"tyJCtd mGzaTb baZpAe\">\n<p class=\"CDt4Ke zfr3Q\" dir=\"ltr\">OP1. Desenvolupar les compet\u00e8ncies de l\u2019alumnat i les habilitats socials a trav\u00e9s de metodologies actives d\u2019aula i de l\u2019\u00fas habitual de les TIC\/TAC.<\/p>\n<\/div>\n<\/div>\n<\/div>\n<\/div>\n<\/div>\n<\/div>\n<\/div>\n<\/div>\n<\/div>\n<\/section>\n<section id=\"h.1906351bdfe79e74_305\" class=\"yaqOZd qeLZfd\">\n<div class=\"IFuOkc\"><\/div>\n<div class=\"mYVXT\">\n<div class=\"LS81yb VICjCf\" tabindex=\"-1\">\n<div class=\"hJDwNd-AhqUyc-R6PoUb JNdkSc L6cTce-purZT L6cTce-pSzOP\">\n<div class=\"JNdkSc-SmKAyb\">\n<div class=\"\"><\/div>\n<\/div>\n<\/div>\n<div class=\"hJDwNd-AhqUyc-II5mzb purZT-AhqUyc-II5mzb pSzOP-AhqUyc-qWD73c JNdkSc\">\n<div class=\"JNdkSc-SmKAyb\">\n<div class=\"\">\n<div class=\"oKdM2c Kzv0Me\">\n<div id=\"h.1906351bdfe79e74_302\" class=\"hJDwNd-AhqUyc-II5mzb pSzOP-AhqUyc-qWD73c jXK9ad D2fZ2 OjCsFc wHaque GNzUNc\">\n<div class=\"jXK9ad-SmKAyb\">\n<div class=\"tyJCtd mGzaTb baZpAe\">\n<p class=\"CDt4Ke zfr3Q\" dir=\"ltr\"><strong>Diagnos<\/strong><strong>i<\/strong><\/p>\n<\/div>\n<\/div>\n<\/div>\n<\/div>\n<\/div>\n<\/div>\n<\/div>\n<div class=\"hJDwNd-AhqUyc-OwsYgb purZT-AhqUyc-II5mzb pSzOP-AhqUyc-qWD73c JNdkSc\">\n<div class=\"JNdkSc-SmKAyb\">\n<div class=\"\">\n<div class=\"oKdM2c Kzv0Me\">\n<div id=\"h.1906351bdfe79e74_306\" class=\"hJDwNd-AhqUyc-OwsYgb jXK9ad D2fZ2 OjCsFc wHaque GNzUNc\">\n<div class=\"jXK9ad-SmKAyb\">\n<div class=\"tyJCtd mGzaTb baZpAe\">\n<p class=\"CDt4Ke zfr3Q\" dir=\"ltr\">El centre t\u00e9 concretat el desplegament de la compet\u00e8ncia digital per cursos i per conceptes clau nom\u00e9s per a 1r d\u2019ESO<\/p>\n<p dir=\"ltr\">\n<\/div>\n<\/div>\n<\/div>\n<\/div>\n<\/div>\n<\/div>\n<\/div>\n<\/div>\n<\/div>\n<\/section>\n<section id=\"h.1906351bdfe79e74_314\" class=\"yaqOZd lQAHbd\">\n<div class=\"mYVXT\">\n<div class=\"LS81yb VICjCf\" tabindex=\"-1\">\n<div class=\"hJDwNd-AhqUyc-uQSCkd purZT-AhqUyc-II5mzb pSzOP-AhqUyc-qWD73c JNdkSc\">\n<div class=\"JNdkSc-SmKAyb\">\n<div class=\"\">\n<div class=\"oKdM2c Kzv0Me\">\n<div id=\"h.1906351bdfe79e74_317\" class=\"hJDwNd-AhqUyc-uQSCkd jXK9ad D2fZ2 OjCsFc wHaque GNzUNc\">\n<div class=\"jXK9ad-SmKAyb\">\n<div class=\"tyJCtd mGzaTb baZpAe\">\n<h2 class=\"CjVfdc\" style=\"text-align: left;\"><span class=\" yZbIUe\">OBJECTI<\/span>U 2 <span class=\" yZbIUe\">DE<\/span> L&#8217;EDC<br \/>\nMILLORAR EL SISTEMA DE SEGUIMENT D&#8217;ALUMNAT PER FER-LO M\u00c9S INCLUSIU<\/h2>\n<\/div>\n<\/div>\n<\/div>\n<\/div>\n<\/div>\n<\/div>\n<\/div>\n<\/div>\n<\/div>\n<\/section>\n<section id=\"h.1906351bdfe79e74_322\" class=\"yaqOZd qeLZfd\">\n<div class=\"IFuOkc\"><\/div>\n<div class=\"mYVXT\">\n<div class=\"LS81yb VICjCf\" tabindex=\"-1\">\n<div class=\"hJDwNd-AhqUyc-R6PoUb JNdkSc L6cTce-purZT L6cTce-pSzOP\">\n<div class=\"JNdkSc-SmKAyb\">\n<div class=\"\"><\/div>\n<\/div>\n<\/div>\n<div class=\"hJDwNd-AhqUyc-II5mzb purZT-AhqUyc-II5mzb pSzOP-AhqUyc-qWD73c JNdkSc\">\n<div class=\"JNdkSc-SmKAyb\">\n<div class=\"\">\n<div class=\"oKdM2c Kzv0Me\">\n<div id=\"h.1906351bdfe79e74_325\" class=\"hJDwNd-AhqUyc-II5mzb pSzOP-AhqUyc-qWD73c jXK9ad D2fZ2 OjCsFc wHaque GNzUNc\">\n<div class=\"jXK9ad-SmKAyb\">\n<div class=\"tyJCtd mGzaTb baZpAe\">\n<p class=\"CDt4Ke zfr3Q\" dir=\"ltr\"><strong>Objectiu del PEC<\/strong><\/p>\n<\/div>\n<\/div>\n<\/div>\n<\/div>\n<\/div>\n<\/div>\n<\/div>\n<div class=\"hJDwNd-AhqUyc-OwsYgb purZT-AhqUyc-II5mzb pSzOP-AhqUyc-qWD73c JNdkSc\">\n<div class=\"JNdkSc-SmKAyb\">\n<div class=\"\">\n<div class=\"oKdM2c Kzv0Me\">\n<div id=\"h.1906351bdfe79e74_328\" class=\"hJDwNd-AhqUyc-OwsYgb jXK9ad D2fZ2 OjCsFc wHaque GNzUNc\">\n<div class=\"jXK9ad-SmKAyb\">\n<div class=\"tyJCtd mGzaTb baZpAe\">\n<p class=\"CDt4Ke zfr3Q\" dir=\"ltr\">OP4.\u00a0Potenciar l\u2019atenci\u00f3 a la diversitat de l\u2019alumnat des del punt de vista inclusiu, tot facilitant eines per a l\u2019orientaci\u00f3 acad\u00e8mica i professional.<\/p>\n<\/div>\n<\/div>\n<\/div>\n<\/div>\n<\/div>\n<\/div>\n<\/div>\n<\/div>\n<\/div>\n<\/section>\n<section id=\"h.1906351bdfe79e74_340\" class=\"yaqOZd lQAHbd\">\n<div class=\"IFuOkc\"><\/div>\n<div class=\"mYVXT\">\n<div class=\"LS81yb VICjCf\" tabindex=\"-1\">\n<div class=\"hJDwNd-AhqUyc-uQSCkd purZT-AhqUyc-II5mzb pSzOP-AhqUyc-qWD73c JNdkSc\">\n<div class=\"JNdkSc-SmKAyb\">\n<div class=\"\">\n<div class=\"oKdM2c Kzv0Me\">\n<div id=\"h.1906351bdfe79e74_343\" class=\"hJDwNd-AhqUyc-uQSCkd jXK9ad D2fZ2 OjCsFc wHaque GNzUNc\">\n<div class=\"jXK9ad-SmKAyb\">\n<div class=\"tyJCtd mGzaTb baZpAe\">\n<div id=\"h.pygyt3ey1n3i\" class=\"CobnVe aP9Z7e\"><\/div>\n<div class=\"PPhIP rviiZ\">\n<div class=\"U26fgb mUbCce fKz7Od LRAOtb Znu9nd M9Bg4d\" role=\"presentation\" aria-describedby=\"h.pygyt3ey1n3i\" aria-label=\"Copia l'enlla\u00e7 del t\u00edtol\" aria-disabled=\"false\" data-tooltip=\"Copia l'enlla\u00e7 del t\u00edtol\" aria-hidden=\"true\" data-tooltip-position=\"top\" data-tooltip-vertical-offset=\"12\" data-tooltip-horizontal-offset=\"0\">\n<div class=\"VTBa7b MbhUzd\"><\/div>\n<\/div>\n<\/div>\n<h2 class=\"CjVfdc\" style=\"text-align: left;\"><span class=\" yZbIUe\">OBJECTI<\/span>U 3 <span class=\" yZbIUe\">DE<\/span> L&#8217;EDC<br \/>\nASSEGURAR L&#8217;ASSOLIMENT DELS CONCEPTES CLAU DE LA COMPET\u00c8NCIA DIGITAL M\u00c9S ALLUNYATS DE LES MAT\u00c8RIES I DELS PROJECTES<\/h2>\n<\/div>\n<\/div>\n<\/div>\n<\/div>\n<\/div>\n<\/div>\n<\/div>\n<\/div>\n<\/div>\n<\/section>\n<section id=\"h.1906351bdfe79e74_348\" class=\"yaqOZd qeLZfd\">\n<div class=\"IFuOkc\"><\/div>\n<div class=\"mYVXT\">\n<div class=\"LS81yb VICjCf\" tabindex=\"-1\">\n<div class=\"hJDwNd-AhqUyc-R6PoUb JNdkSc L6cTce-purZT L6cTce-pSzOP\">\n<div class=\"JNdkSc-SmKAyb\">\n<div class=\"\"><\/div>\n<\/div>\n<\/div>\n<div class=\"hJDwNd-AhqUyc-II5mzb purZT-AhqUyc-II5mzb pSzOP-AhqUyc-qWD73c JNdkSc\">\n<div class=\"JNdkSc-SmKAyb\">\n<div class=\"\">\n<div class=\"oKdM2c Kzv0Me\">\n<div id=\"h.1906351bdfe79e74_351\" class=\"hJDwNd-AhqUyc-II5mzb pSzOP-AhqUyc-qWD73c jXK9ad D2fZ2 OjCsFc wHaque GNzUNc\">\n<div class=\"jXK9ad-SmKAyb\">\n<div class=\"tyJCtd mGzaTb baZpAe\">\n<p class=\"CDt4Ke zfr3Q\" dir=\"ltr\"><strong>Objectiu del PEC<\/strong><\/p>\n<\/div>\n<\/div>\n<\/div>\n<\/div>\n<\/div>\n<\/div>\n<\/div>\n<div class=\"hJDwNd-AhqUyc-OwsYgb purZT-AhqUyc-II5mzb pSzOP-AhqUyc-qWD73c JNdkSc\">\n<div class=\"JNdkSc-SmKAyb\">\n<div class=\"\">\n<div class=\"oKdM2c Kzv0Me\">\n<div id=\"h.1906351bdfe79e74_354\" class=\"hJDwNd-AhqUyc-OwsYgb jXK9ad D2fZ2 OjCsFc wHaque GNzUNc\">\n<div class=\"jXK9ad-SmKAyb\">\n<div class=\"tyJCtd mGzaTb baZpAe\">\n<p class=\"CDt4Ke zfr3Q\" dir=\"ltr\">OO2. Potenciar l\u2019acci\u00f3 tutorial adequada a cada nivell promovent la coordinaci\u00f3 de l\u2019equip docent corresponent.<\/p>\n<\/div>\n<\/div>\n<\/div>\n<\/div>\n<\/div>\n<\/div>\n<\/div>\n<\/div>\n<\/div>\n<\/section>\n<section id=\"h.1906351bdfe79e74_381\" class=\"yaqOZd qeLZfd\">\n<div class=\"IFuOkc\"><\/div>\n<div class=\"mYVXT\">\n<div class=\"LS81yb VICjCf\" tabindex=\"-1\">\n<div class=\"hJDwNd-AhqUyc-R6PoUb JNdkSc L6cTce-purZT L6cTce-pSzOP\">\n<div class=\"JNdkSc-SmKAyb\">\n<div class=\"\"><\/div>\n<\/div>\n<\/div>\n<div class=\"hJDwNd-AhqUyc-II5mzb purZT-AhqUyc-II5mzb pSzOP-AhqUyc-qWD73c JNdkSc\">\n<div class=\"JNdkSc-SmKAyb\">\n<div class=\"\">\n<div class=\"oKdM2c Kzv0Me\">\n<div id=\"h.1906351bdfe79e74_384\" class=\"hJDwNd-AhqUyc-II5mzb pSzOP-AhqUyc-qWD73c jXK9ad D2fZ2 OjCsFc wHaque GNzUNc\">\n<div class=\"jXK9ad-SmKAyb\">\n<div class=\"tyJCtd mGzaTb baZpAe\">\n<p class=\"CDt4Ke zfr3Q\" dir=\"ltr\"><strong>Diagnos<\/strong><strong>i<\/strong><\/p>\n<\/div>\n<\/div>\n<\/div>\n<\/div>\n<\/div>\n<\/div>\n<\/div>\n<div class=\"hJDwNd-AhqUyc-OwsYgb purZT-AhqUyc-II5mzb pSzOP-AhqUyc-qWD73c JNdkSc\">\n<div class=\"JNdkSc-SmKAyb\">\n<div class=\"\">\n<div class=\"oKdM2c Kzv0Me\">\n<div id=\"h.1906351bdfe79e74_387\" class=\"hJDwNd-AhqUyc-OwsYgb jXK9ad D2fZ2 OjCsFc wHaque GNzUNc\">\n<div class=\"jXK9ad-SmKAyb\">\n<div class=\"tyJCtd mGzaTb baZpAe\">\n<p class=\"CDt4Ke zfr3Q\" dir=\"ltr\">Hi ha aspectes vinculats a la compet\u00e8ncia digital que no es vinculen directament a cap mat\u00e8ria o projecte i que, per tant, es treballen molt poc<\/p>\n<\/div>\n<\/div>\n<\/div>\n<\/div>\n<\/div>\n<\/div>\n<\/div>\n<\/div>\n<\/div>\n<\/section>\n<section id=\"h.1906351bdfe79e74_355\" class=\"yaqOZd lQAHbd\">\n<div class=\"IFuOkc\"><\/div>\n<div class=\"mYVXT\">\n<div class=\"LS81yb VICjCf\" tabindex=\"-1\">\n<div class=\"hJDwNd-AhqUyc-uQSCkd purZT-AhqUyc-II5mzb pSzOP-AhqUyc-qWD73c JNdkSc\">\n<div class=\"JNdkSc-SmKAyb\">\n<div class=\"\">\n<div class=\"oKdM2c Kzv0Me\">\n<div id=\"h.1906351bdfe79e74_358\" class=\"hJDwNd-AhqUyc-uQSCkd jXK9ad D2fZ2 OjCsFc wHaque GNzUNc\">\n<div class=\"jXK9ad-SmKAyb\">\n<div class=\"tyJCtd mGzaTb baZpAe\">\n<div id=\"h.wy38w4n6o942\" class=\"CobnVe aP9Z7e\"><\/div>\n<div class=\"PPhIP rviiZ\">\n<div class=\"U26fgb mUbCce fKz7Od LRAOtb Znu9nd M9Bg4d\" role=\"presentation\" aria-describedby=\"h.wy38w4n6o942\" aria-label=\"Copia l'enlla\u00e7 del t\u00edtol\" aria-disabled=\"false\" data-tooltip=\"Copia l'enlla\u00e7 del t\u00edtol\" aria-hidden=\"true\" data-tooltip-position=\"top\" data-tooltip-vertical-offset=\"12\" data-tooltip-horizontal-offset=\"0\">\n<div class=\"VTBa7b MbhUzd\"><\/div>\n<\/div>\n<\/div>\n<h2 class=\"CjVfdc\" style=\"text-align: left;\"><span class=\" yZbIUe\">OBJECTI<\/span>U 4 <span class=\" yZbIUe\">DE<\/span> L&#8217;EDC<br \/>\nMILLORAR L&#8217;ACOLLIDA DIGITAL DEL PROFESSORAT<\/h2>\n<\/div>\n<\/div>\n<\/div>\n<\/div>\n<\/div>\n<\/div>\n<\/div>\n<\/div>\n<\/div>\n<\/section>\n<section id=\"h.1906351bdfe79e74_363\" class=\"yaqOZd qeLZfd\">\n<div class=\"IFuOkc\"><\/div>\n<div class=\"mYVXT\">\n<div class=\"LS81yb VICjCf\" tabindex=\"-1\">\n<div class=\"hJDwNd-AhqUyc-R6PoUb JNdkSc L6cTce-purZT L6cTce-pSzOP\">\n<div class=\"JNdkSc-SmKAyb\">\n<div class=\"\"><\/div>\n<\/div>\n<\/div>\n<div class=\"hJDwNd-AhqUyc-II5mzb purZT-AhqUyc-II5mzb pSzOP-AhqUyc-qWD73c JNdkSc\">\n<div class=\"JNdkSc-SmKAyb\">\n<div class=\"\">\n<div class=\"oKdM2c Kzv0Me\">\n<div id=\"h.1906351bdfe79e74_366\" class=\"hJDwNd-AhqUyc-II5mzb pSzOP-AhqUyc-qWD73c jXK9ad D2fZ2 OjCsFc wHaque GNzUNc\">\n<div class=\"jXK9ad-SmKAyb\">\n<div class=\"tyJCtd mGzaTb baZpAe\">\n<p class=\"CDt4Ke zfr3Q\" dir=\"ltr\"><strong>Objectiu del PEC<\/strong><\/p>\n<\/div>\n<\/div>\n<\/div>\n<\/div>\n<\/div>\n<\/div>\n<\/div>\n<div class=\"hJDwNd-AhqUyc-OwsYgb purZT-AhqUyc-II5mzb pSzOP-AhqUyc-qWD73c JNdkSc\">\n<div class=\"JNdkSc-SmKAyb\">\n<div class=\"\">\n<div class=\"oKdM2c Kzv0Me\">\n<div id=\"h.1906351bdfe79e74_369\" class=\"hJDwNd-AhqUyc-OwsYgb jXK9ad D2fZ2 OjCsFc wHaque GNzUNc\">\n<div class=\"jXK9ad-SmKAyb\">\n<div class=\"tyJCtd mGzaTb baZpAe\">\n<p class=\"CDt4Ke zfr3Q\" dir=\"ltr\">OO3. Potenciar la col\u00b7laboraci\u00f3, la coordinaci\u00f3 i el treball en equip dels docents, promovent el treball dels \u00e0mbits.<\/p>\n<\/div>\n<\/div>\n<\/div>\n<\/div>\n<\/div>\n<\/div>\n<\/div>\n<\/div>\n<\/div>\n<\/section>\n<section id=\"h.1906351bdfe79e74_370\" class=\"yaqOZd qeLZfd\">\n<div class=\"IFuOkc\"><\/div>\n<div class=\"mYVXT\">\n<div class=\"LS81yb VICjCf\" tabindex=\"-1\">\n<div class=\"hJDwNd-AhqUyc-R6PoUb JNdkSc L6cTce-purZT L6cTce-pSzOP\">\n<div class=\"JNdkSc-SmKAyb\">\n<div class=\"\"><\/div>\n<\/div>\n<\/div>\n<div class=\"hJDwNd-AhqUyc-II5mzb purZT-AhqUyc-II5mzb pSzOP-AhqUyc-qWD73c JNdkSc\">\n<div class=\"JNdkSc-SmKAyb\">\n<div class=\"\">\n<div class=\"oKdM2c Kzv0Me\">\n<div id=\"h.1906351bdfe79e74_373\" class=\"hJDwNd-AhqUyc-II5mzb pSzOP-AhqUyc-qWD73c jXK9ad D2fZ2 OjCsFc wHaque GNzUNc\">\n<div class=\"jXK9ad-SmKAyb\">\n<div class=\"tyJCtd mGzaTb baZpAe\">\n<p class=\"CDt4Ke zfr3Q\" dir=\"ltr\"><strong>Diagnos<\/strong><strong>i<\/strong><\/p>\n<\/div>\n<\/div>\n<\/div>\n<\/div>\n<\/div>\n<\/div>\n<\/div>\n<div class=\"hJDwNd-AhqUyc-OwsYgb purZT-AhqUyc-II5mzb pSzOP-AhqUyc-qWD73c JNdkSc\">\n<div class=\"JNdkSc-SmKAyb\">\n<div class=\"\">\n<div class=\"oKdM2c Kzv0Me\">\n<div id=\"h.1906351bdfe79e74_376\" class=\"hJDwNd-AhqUyc-OwsYgb jXK9ad D2fZ2 OjCsFc wHaque GNzUNc\">\n<div class=\"jXK9ad-SmKAyb\">\n<div class=\"tyJCtd mGzaTb baZpAe\">\n<p class=\"CDt4Ke zfr3Q\" dir=\"ltr\">El professorat nou t\u00e9 dificultats els primers mesos per integrar l&#8217;\u00fas de les tecnologies en el centre.<\/p>\n<\/div>\n<\/div>\n<\/div>\n<\/div>\n<\/div>\n<\/div>\n<\/div>\n<\/div>\n<\/div>\n<\/section>\n","protected":false},"excerpt":{"rendered":"<p>OBJECTIU 1 DE L&#8217;EDC<br \/>\nDEFINIR EL DESPLEGAMENT COMPLET DE LA COMPET\u00c8NCIA DIGITAL DE L\u2019ALUMNAT<\/p>\n<p>Objectiu del PEC<\/p>\n<p>OP1. Desenvolupar les compet\u00e8ncies de l\u2019alumnat i les habilitats socials a trav\u00e9s de metodologies actives d\u2019aula i de l\u2019\u00fas habitual de les TIC\/TAC.<\/p>\n<p>Diagnosi<\/p>\n<p>El centre t\u00e9 concretat el desplegament de la compet\u00e8ncia&hellip;  <a href=\"https:\/\/projectes.xtec.cat\/edc-suport\/edc-institut-del-cami\/part-estrategica\/objectius\/objectius-vinculats-al-pec\/\" title=\"Read Objectius vinculats al PEC\">Llegeix m\u00e9s\u00bb<\/a><\/p>\n","protected":false},"author":68,"featured_media":0,"parent":9352,"menu_order":0,"comment_status":"closed","ping_status":"closed","template":"","meta":{"_bbp_topic_count":0,"_bbp_reply_count":0,"_bbp_total_topic_count":0,"_bbp_total_reply_count":0,"_bbp_voice_count":0,"_bbp_anonymous_reply_count":0,"_bbp_topic_count_hidden":0,"_bbp_reply_count_hidden":0,"_bbp_forum_subforum_count":0,"footnotes":""},"class_list":["post-9360","page","type-page","status-publish","hentry"],"post_mailing_queue_ids":[],"_links":{"self":[{"href":"https:\/\/projectes.xtec.cat\/edc-suport\/wp-json\/wp\/v2\/pages\/9360","targetHints":{"allow":["GET"]}}],"collection":[{"href":"https:\/\/projectes.xtec.cat\/edc-suport\/wp-json\/wp\/v2\/pages"}],"about":[{"href":"https:\/\/projectes.xtec.cat\/edc-suport\/wp-json\/wp\/v2\/types\/page"}],"author":[{"embeddable":true,"href":"https:\/\/projectes.xtec.cat\/edc-suport\/wp-json\/wp\/v2\/users\/68"}],"replies":[{"embeddable":true,"href":"https:\/\/projectes.xtec.cat\/edc-suport\/wp-json\/wp\/v2\/comments?post=9360"}],"version-history":[{"count":3,"href":"https:\/\/projectes.xtec.cat\/edc-suport\/wp-json\/wp\/v2\/pages\/9360\/revisions"}],"predecessor-version":[{"id":9431,"href":"https:\/\/projectes.xtec.cat\/edc-suport\/wp-json\/wp\/v2\/pages\/9360\/revisions\/9431"}],"up":[{"embeddable":true,"href":"https:\/\/projectes.xtec.cat\/edc-suport\/wp-json\/wp\/v2\/pages\/9352"}],"wp:attachment":[{"href":"https:\/\/projectes.xtec.cat\/edc-suport\/wp-json\/wp\/v2\/media?parent=9360"}],"curies":[{"name":"wp","href":"https:\/\/api.w.org\/{rel}","templated":true}]}}