{"id":9364,"date":"2021-12-02T08:29:30","date_gmt":"2021-12-02T07:29:30","guid":{"rendered":"https:\/\/projectes.xtec.cat\/edc-suport\/?page_id=9364"},"modified":"2021-12-03T09:35:20","modified_gmt":"2021-12-03T08:35:20","slug":"objectius-a-partir-de-la-diagnosi","status":"publish","type":"page","link":"https:\/\/projectes.xtec.cat\/edc-suport\/edc-institut-del-cami\/part-estrategica\/objectius\/objectius-a-partir-de-la-diagnosi\/","title":{"rendered":"Objectius a partir de la diagnosi"},"content":{"rendered":"<div class=\"UtePc RCETm yxgWrb\" dir=\"ltr\" role=\"main\" aria-hidden=\"false\">\n<section id=\"h.1906351bdfe79e74_388\" class=\"yaqOZd lQAHbd\">\n<div class=\"mYVXT\">\n<div class=\"LS81yb VICjCf\" tabindex=\"-1\">\n<div class=\"hJDwNd-AhqUyc-uQSCkd purZT-AhqUyc-II5mzb pSzOP-AhqUyc-qWD73c JNdkSc\">\n<div class=\"JNdkSc-SmKAyb\">\n<div class=\"\">\n<div class=\"oKdM2c Kzv0Me\">\n<div id=\"h.1906351bdfe79e74_391\" class=\"hJDwNd-AhqUyc-uQSCkd jXK9ad D2fZ2 OjCsFc wHaque GNzUNc\">\n<div class=\"jXK9ad-SmKAyb\">\n<div class=\"tyJCtd mGzaTb baZpAe\">\n<h1 class=\"CjVfdc\"><span class=\" yZbIUe\">OBJECTI<\/span>U 5 <span class=\" yZbIUe\">DE<\/span> L&#8217;EDC<br \/>\nMILLORAR L&#8217;ACOLLIMENT DIGITAL DE LES FAM\u00cdLIES<\/h1>\n<\/div>\n<\/div>\n<\/div>\n<\/div>\n<\/div>\n<\/div>\n<\/div>\n<\/div>\n<\/div>\n<\/section>\n<section id=\"h.1906351bdfe79e74_418\" class=\"yaqOZd qeLZfd\">\n<div class=\"IFuOkc\"><\/div>\n<div class=\"mYVXT\">\n<div class=\"LS81yb VICjCf\" tabindex=\"-1\">\n<div class=\"hJDwNd-AhqUyc-R6PoUb JNdkSc L6cTce-purZT L6cTce-pSzOP\">\n<div class=\"JNdkSc-SmKAyb\">\n<div class=\"\"><\/div>\n<\/div>\n<\/div>\n<div class=\"hJDwNd-AhqUyc-II5mzb purZT-AhqUyc-II5mzb pSzOP-AhqUyc-qWD73c JNdkSc\">\n<div class=\"JNdkSc-SmKAyb\">\n<div class=\"\">\n<div class=\"oKdM2c Kzv0Me\">\n<div id=\"h.1906351bdfe79e74_421\" class=\"hJDwNd-AhqUyc-II5mzb pSzOP-AhqUyc-qWD73c jXK9ad D2fZ2 OjCsFc wHaque GNzUNc\">\n<div class=\"jXK9ad-SmKAyb\">\n<div class=\"tyJCtd mGzaTb baZpAe\">\n<h3 class=\"CDt4Ke zfr3Q\" dir=\"ltr\"><strong>Diagnos<\/strong><strong>i<\/strong><\/h3>\n<\/div>\n<\/div>\n<\/div>\n<\/div>\n<\/div>\n<\/div>\n<\/div>\n<div class=\"hJDwNd-AhqUyc-OwsYgb purZT-AhqUyc-II5mzb pSzOP-AhqUyc-qWD73c JNdkSc\">\n<div class=\"JNdkSc-SmKAyb\">\n<div class=\"\">\n<div class=\"oKdM2c Kzv0Me\">\n<div id=\"h.1906351bdfe79e74_424\" class=\"hJDwNd-AhqUyc-OwsYgb jXK9ad D2fZ2 OjCsFc wHaque GNzUNc\">\n<div class=\"jXK9ad-SmKAyb\">\n<div class=\"tyJCtd mGzaTb baZpAe\">\n<p class=\"CDt4Ke zfr3Q\" dir=\"ltr\">Un percentatge significatiu de les fam\u00edlies no utilitza de forma regular la plataforma de comunicaci\u00f3.<\/p>\n<p class=\"CDt4Ke zfr3Q\" dir=\"ltr\">Un percentatge significatiu de les fam\u00edlies no \u00e9s prou competent digitalment per poder fer el seguiment de feines dels seus fills\/es (gesti\u00f3 del calendari, acc\u00e9s a tasques telem\u00e0tiques, etc.)<\/p>\n<p class=\"CDt4Ke zfr3Q\" dir=\"ltr\">El centre no t\u00e9 coneixement de l&#8217;equipament tecnol\u00f2gic de l&#8217;alumnat a la llar (connectivitat, ordinador o d&#8217;altres dispositius equivalents)<\/p>\n<\/div>\n<\/div>\n<\/div>\n<\/div>\n<\/div>\n<\/div>\n<\/div>\n<\/div>\n<\/div>\n<\/section>\n<section id=\"h.1906351bdfe79e74_432\" class=\"yaqOZd lQAHbd\">\n<div class=\"IFuOkc\"><\/div>\n<div class=\"mYVXT\">\n<div class=\"LS81yb VICjCf\" tabindex=\"-1\">\n<div class=\"hJDwNd-AhqUyc-uQSCkd purZT-AhqUyc-II5mzb pSzOP-AhqUyc-qWD73c JNdkSc\">\n<div class=\"JNdkSc-SmKAyb\">\n<div class=\"\">\n<div class=\"oKdM2c Kzv0Me\">\n<div id=\"h.1906351bdfe79e74_435\" class=\"hJDwNd-AhqUyc-uQSCkd jXK9ad D2fZ2 OjCsFc wHaque GNzUNc\">\n<div class=\"jXK9ad-SmKAyb\">\n<div class=\"tyJCtd mGzaTb baZpAe\">\n<div id=\"h.ww5cw8etx41n\" class=\"CobnVe aP9Z7e\"><\/div>\n<div class=\"PPhIP rviiZ\">\n<div class=\"U26fgb mUbCce fKz7Od LRAOtb Znu9nd M9Bg4d\" role=\"presentation\" aria-describedby=\"h.ww5cw8etx41n\" aria-label=\"Copia l'enlla\u00e7 del t\u00edtol\" aria-disabled=\"false\" data-tooltip=\"Copia l'enlla\u00e7 del t\u00edtol\" aria-hidden=\"true\" data-tooltip-position=\"top\" data-tooltip-vertical-offset=\"12\" data-tooltip-horizontal-offset=\"0\">\n<div class=\"VTBa7b MbhUzd\"><\/div>\n<\/div>\n<\/div>\n<h1 class=\"CjVfdc\"><span class=\" yZbIUe\">OBJECTI<\/span>U 6 <span class=\" yZbIUe\">DE<\/span> L&#8217;EDC<br \/>\nMILLORAR EL SEGUIMENT DE L&#8217;ADQUISICI\u00d3 DE LA COMPET\u00c8NCIA DIGITAL DE L&#8217;ALUMNAT<\/h1>\n<\/div>\n<\/div>\n<\/div>\n<\/div>\n<\/div>\n<\/div>\n<\/div>\n<\/div>\n<\/div>\n<\/section>\n<section id=\"h.1906351bdfe79e74_440\" class=\"yaqOZd qeLZfd\">\n<div class=\"IFuOkc\"><\/div>\n<div class=\"mYVXT\">\n<div class=\"LS81yb VICjCf\" tabindex=\"-1\">\n<div class=\"hJDwNd-AhqUyc-R6PoUb JNdkSc L6cTce-purZT L6cTce-pSzOP\">\n<div class=\"JNdkSc-SmKAyb\">\n<div class=\"\"><\/div>\n<\/div>\n<\/div>\n<div class=\"hJDwNd-AhqUyc-II5mzb purZT-AhqUyc-II5mzb pSzOP-AhqUyc-qWD73c JNdkSc\">\n<div class=\"JNdkSc-SmKAyb\">\n<div class=\"\">\n<div class=\"oKdM2c Kzv0Me\">\n<div id=\"h.1906351bdfe79e74_443\" class=\"hJDwNd-AhqUyc-II5mzb pSzOP-AhqUyc-qWD73c jXK9ad D2fZ2 OjCsFc wHaque GNzUNc\">\n<div class=\"jXK9ad-SmKAyb\">\n<div class=\"tyJCtd mGzaTb baZpAe\">\n<h3 class=\"CDt4Ke zfr3Q\" dir=\"ltr\"><strong>Diagnos<\/strong><strong>i<\/strong><\/h3>\n<\/div>\n<\/div>\n<\/div>\n<\/div>\n<\/div>\n<\/div>\n<\/div>\n<div class=\"hJDwNd-AhqUyc-OwsYgb purZT-AhqUyc-II5mzb pSzOP-AhqUyc-qWD73c JNdkSc\">\n<div class=\"JNdkSc-SmKAyb\">\n<div class=\"\">\n<div class=\"oKdM2c Kzv0Me\">\n<div id=\"h.1906351bdfe79e74_446\" class=\"hJDwNd-AhqUyc-OwsYgb jXK9ad D2fZ2 OjCsFc wHaque GNzUNc\">\n<div class=\"jXK9ad-SmKAyb\">\n<div class=\"tyJCtd mGzaTb baZpAe\">\n<p class=\"CDt4Ke zfr3Q\" dir=\"ltr\">Hi ha mecanismes de valoraci\u00f3 global d\u2019adquisici\u00f3 de la compet\u00e8ncia digital, per\u00f2 no n\u2019hi ha d&#8217;avaluaci\u00f3 de les diferents dimensions de la compet\u00e8ncia.<\/p>\n<\/div>\n<\/div>\n<\/div>\n<\/div>\n<\/div>\n<\/div>\n<\/div>\n<\/div>\n<\/div>\n<\/section>\n<\/div>\n<div class=\"Xpil1b\"><\/div>\n<div class=\"dZA9kd ynRLnc\" data-last-updated-at-time=\"1617278880044\">\n<div id=\"ow43\" class=\"U26fgb JRtysb WzwrXb I12f0b K2mXPb zXBiaf ynRLnc\" tabindex=\"0\" role=\"button\" aria-label=\"Accions al lloc web\" aria-disabled=\"false\" aria-haspopup=\"true\" aria-expanded=\"false\" data-menu-corner=\"bottom-start\" data-anchor-corner=\"top-start\">\n<div class=\"NWlf3e MbhUzd\"><\/div>\n<\/div>\n<\/div>\n<div class=\"LqzjUe\" data-last-updated-at-time=\"1617278880044\">\n<div class=\"Q0cSn\"><\/div>\n<div class=\"hBW7Hb\">\n<div class=\"U26fgb mUbCce fKz7Od kpPxtd QMuaBc M9Bg4d\" tabindex=\"-1\" role=\"button\" aria-label=\"Accions al lloc web\" aria-disabled=\"false\" aria-hidden=\"true\">\n<div class=\"VTBa7b MbhUzd\"><\/div>\n<\/div>\n<div class=\"hUphyc\">\n<div class=\"YkaBSd\">\n<div class=\"iBkmkf\"><\/div>\n<\/div>\n<div class=\"YkaBSd\" data-normalized-path=\"xtec.cat\/edc-ins-del-cami\/part-estrat\u00e8gica\/objectius\/objectius-a-partir-de-la-diagnosi\">\n<div class=\"U26fgb kpPxtd J7BuEb\" tabindex=\"0\" role=\"button\" aria-label=\"Contacte \" aria-disabled=\"false\"><\/div>\n<\/div>\n<\/div>\n<\/div>\n<\/div>\n<div>\n<div class=\"Qg1aof\">\n<div class=\"t5XhQc TE29zb F4C1ud-bMElCd\">\n<div tabindex=\"0\">\n<div class=\"U26fgb XHsn7e MAXCNe M9Bg4d\" role=\"presentation\" aria-label=\"Edita aquesta p\u00e0gina\" aria-disabled=\"false\" data-tooltip=\"Edita aquesta p\u00e0gina\" data-tooltip-vertical-offset=\"-12\" data-tooltip-horizontal-offset=\"0\"><\/div>\n<\/div>\n<\/div>\n<\/div>\n<\/div>\n","protected":false},"excerpt":{"rendered":"<p>OBJECTIU 5 DE L&#8217;EDC<br \/>\nMILLORAR L&#8217;ACOLLIMENT DIGITAL DE LES FAM\u00cdLIES<\/p>\n<p>Diagnosi<\/p>\n<p>Un percentatge significatiu de les fam\u00edlies no utilitza de forma regular la plataforma de comunicaci\u00f3.<br \/>\nUn percentatge significatiu de les fam\u00edlies no \u00e9s prou competent digitalment per poder fer el seguiment de feines dels seus fills\/es (gesti\u00f3 del&hellip;  <a href=\"https:\/\/projectes.xtec.cat\/edc-suport\/edc-institut-del-cami\/part-estrategica\/objectius\/objectius-a-partir-de-la-diagnosi\/\" title=\"Read Objectius a partir de la diagnosi\">Llegeix m\u00e9s\u00bb<\/a><\/p>\n","protected":false},"author":68,"featured_media":0,"parent":9352,"menu_order":1,"comment_status":"closed","ping_status":"closed","template":"","meta":{"_bbp_topic_count":0,"_bbp_reply_count":0,"_bbp_total_topic_count":0,"_bbp_total_reply_count":0,"_bbp_voice_count":0,"_bbp_anonymous_reply_count":0,"_bbp_topic_count_hidden":0,"_bbp_reply_count_hidden":0,"_bbp_forum_subforum_count":0,"footnotes":""},"class_list":["post-9364","page","type-page","status-publish","hentry"],"post_mailing_queue_ids":[],"_links":{"self":[{"href":"https:\/\/projectes.xtec.cat\/edc-suport\/wp-json\/wp\/v2\/pages\/9364","targetHints":{"allow":["GET"]}}],"collection":[{"href":"https:\/\/projectes.xtec.cat\/edc-suport\/wp-json\/wp\/v2\/pages"}],"about":[{"href":"https:\/\/projectes.xtec.cat\/edc-suport\/wp-json\/wp\/v2\/types\/page"}],"author":[{"embeddable":true,"href":"https:\/\/projectes.xtec.cat\/edc-suport\/wp-json\/wp\/v2\/users\/68"}],"replies":[{"embeddable":true,"href":"https:\/\/projectes.xtec.cat\/edc-suport\/wp-json\/wp\/v2\/comments?post=9364"}],"version-history":[{"count":2,"href":"https:\/\/projectes.xtec.cat\/edc-suport\/wp-json\/wp\/v2\/pages\/9364\/revisions"}],"predecessor-version":[{"id":9435,"href":"https:\/\/projectes.xtec.cat\/edc-suport\/wp-json\/wp\/v2\/pages\/9364\/revisions\/9435"}],"up":[{"embeddable":true,"href":"https:\/\/projectes.xtec.cat\/edc-suport\/wp-json\/wp\/v2\/pages\/9352"}],"wp:attachment":[{"href":"https:\/\/projectes.xtec.cat\/edc-suport\/wp-json\/wp\/v2\/media?parent=9364"}],"curies":[{"name":"wp","href":"https:\/\/api.w.org\/{rel}","templated":true}]}}