{"id":9370,"date":"2021-12-02T08:33:16","date_gmt":"2021-12-02T07:33:16","guid":{"rendered":"https:\/\/projectes.xtec.cat\/edc-suport\/?page_id=9370"},"modified":"2021-12-02T11:56:06","modified_gmt":"2021-12-02T10:56:06","slug":"avaluacio-i-millora","status":"publish","type":"page","link":"https:\/\/projectes.xtec.cat\/edc-suport\/edc-institut-del-cami\/part-estrategica\/avaluacio-i-millora\/","title":{"rendered":"Avaluaci\u00f3 i millora"},"content":{"rendered":"<p class=\"CDt4Ke zfr3Q\" dir=\"ltr\">Per tal d&#8217;avaluar la implementaci\u00f3 de l&#8217;Estrat\u00e8gia digital, a final de cada curs es reuneix la comissi\u00f3 digital i valora l&#8217;assoliment dels criteris dels indicadors de les activitats i dels objectius.<\/p>\n<p class=\"CDt4Ke zfr3Q\" dir=\"ltr\">Cada responsable fa una exposici\u00f3 del que s&#8217;ha assolit i del que no s&#8217;ha assolit, i exposa les propostes de millora.<\/p>\n<p class=\"CDt4Ke zfr3Q\" dir=\"ltr\">A partir d&#8217;aqu\u00ed, la comissi\u00f3 modifica l&#8217;ECD pel que queda de temps d&#8217;implementaci\u00f3, si s&#8217;escau.<\/p>\n<p class=\"CDt4Ke zfr3Q\" dir=\"ltr\">Per fer la valoraci\u00f3 dels criteris d&#8217;assoliment, s&#8217;utilitza aquest full:<\/p>\n<p><iframe loading=\"lazy\" src=\"https:\/\/docs.google.com\/spreadsheets\/d\/e\/2PACX-1vQymG237Z0N_ASBS-RPNlKubSzmgAfB8re911U6M_w-pqdJdcFl88tS_iKYuvOsebDAtDS9bBx6wrMq\/pubhtml?widget=true&amp;headers=false\" width=\"1000\" height=\"800\"><span data-mce-type=\"bookmark\" style=\"display: inline-block; width: 0px; overflow: hidden; line-height: 0;\" class=\"mce_SELRES_start\">\ufeff<\/span><\/iframe><\/p>\n","protected":false},"excerpt":{"rendered":"<p>Per tal d&#8217;avaluar la implementaci\u00f3 de l&#8217;Estrat\u00e8gia digital, a final de cada curs es reuneix la comissi\u00f3 digital i valora l&#8217;assoliment dels criteris dels indicadors de les activitats i dels objectius.<br \/>\nCada responsable fa una exposici\u00f3 del que s&#8217;ha assolit i del que no s&#8217;ha assolit,&hellip;  <a href=\"https:\/\/projectes.xtec.cat\/edc-suport\/edc-institut-del-cami\/part-estrategica\/avaluacio-i-millora\/\" title=\"Read Avaluaci\u00f3 i millora\">Llegeix m\u00e9s\u00bb<\/a><\/p>\n","protected":false},"author":68,"featured_media":0,"parent":9344,"menu_order":3,"comment_status":"closed","ping_status":"closed","template":"page-templates\/side-menu.php","meta":{"_bbp_topic_count":0,"_bbp_reply_count":0,"_bbp_total_topic_count":0,"_bbp_total_reply_count":0,"_bbp_voice_count":0,"_bbp_anonymous_reply_count":0,"_bbp_topic_count_hidden":0,"_bbp_reply_count_hidden":0,"_bbp_forum_subforum_count":0,"footnotes":""},"class_list":["post-9370","page","type-page","status-publish","hentry"],"post_mailing_queue_ids":[],"_links":{"self":[{"href":"https:\/\/projectes.xtec.cat\/edc-suport\/wp-json\/wp\/v2\/pages\/9370","targetHints":{"allow":["GET"]}}],"collection":[{"href":"https:\/\/projectes.xtec.cat\/edc-suport\/wp-json\/wp\/v2\/pages"}],"about":[{"href":"https:\/\/projectes.xtec.cat\/edc-suport\/wp-json\/wp\/v2\/types\/page"}],"author":[{"embeddable":true,"href":"https:\/\/projectes.xtec.cat\/edc-suport\/wp-json\/wp\/v2\/users\/68"}],"replies":[{"embeddable":true,"href":"https:\/\/projectes.xtec.cat\/edc-suport\/wp-json\/wp\/v2\/comments?post=9370"}],"version-history":[{"count":3,"href":"https:\/\/projectes.xtec.cat\/edc-suport\/wp-json\/wp\/v2\/pages\/9370\/revisions"}],"predecessor-version":[{"id":9409,"href":"https:\/\/projectes.xtec.cat\/edc-suport\/wp-json\/wp\/v2\/pages\/9370\/revisions\/9409"}],"up":[{"embeddable":true,"href":"https:\/\/projectes.xtec.cat\/edc-suport\/wp-json\/wp\/v2\/pages\/9344"}],"wp:attachment":[{"href":"https:\/\/projectes.xtec.cat\/edc-suport\/wp-json\/wp\/v2\/media?parent=9370"}],"curies":[{"name":"wp","href":"https:\/\/api.w.org\/{rel}","templated":true}]}}