{"id":9372,"date":"2021-12-02T08:34:28","date_gmt":"2021-12-02T07:34:28","guid":{"rendered":"https:\/\/projectes.xtec.cat\/edc-suport\/?page_id=9372"},"modified":"2021-12-09T13:46:25","modified_gmt":"2021-12-09T12:46:25","slug":"documentacio-basica","status":"publish","type":"page","link":"https:\/\/projectes.xtec.cat\/edc-suport\/edc-institut-del-cami\/cultura-digital\/documentacio-basica\/","title":{"rendered":"Documentaci\u00f3 b\u00e0sica"},"content":{"rendered":"<section id=\"h.33f495f2bfe93db2_216\" class=\"yaqOZd\">\n<div class=\"mYVXT\">\n<div class=\"LS81yb VICjCf\" tabindex=\"-1\">\n<div class=\"hJDwNd-AhqUyc-uQSCkd purZT-AhqUyc-II5mzb pSzOP-AhqUyc-qWD73c JNdkSc\">\n<div class=\"JNdkSc-SmKAyb\">\n<div class=\"\">\n<div class=\"oKdM2c Kzv0Me\">\n<div id=\"h.33f495f2bfe93db2_219\" class=\"hJDwNd-AhqUyc-uQSCkd jXK9ad D2fZ2 OjCsFc wHaque GNzUNc\">\n<div class=\"jXK9ad-SmKAyb\">\n<div class=\"tyJCtd mGzaTb baZpAe\">\n<p class=\"CDt4Ke zfr3Q\" dir=\"ltr\">La cultura digital apareix en pr\u00e0cticament tots els documents b\u00e0sics del centre. A continuaci\u00f3 es remarquen els aspectes m\u00e9s importants de cada un d&#8217;ells.<\/p>\n<\/div>\n<\/div>\n<\/div>\n<\/div>\n<\/div>\n<\/div>\n<\/div>\n<\/div>\n<\/div>\n<\/section>\n<section id=\"h.33f495f2bfe93db2_220\" class=\"yaqOZd lQAHbd\">\n<div class=\"IFuOkc\"><\/div>\n<div class=\"mYVXT\">\n<div class=\"LS81yb VICjCf\" tabindex=\"-1\">\n<div class=\"hJDwNd-AhqUyc-uQSCkd purZT-AhqUyc-II5mzb pSzOP-AhqUyc-qWD73c JNdkSc\">\n<div class=\"JNdkSc-SmKAyb\">\n<div class=\"\">\n<div class=\"oKdM2c Kzv0Me\">\n<div id=\"h.33f495f2bfe93db2_223\" class=\"hJDwNd-AhqUyc-uQSCkd jXK9ad D2fZ2 OjCsFc wHaque GNzUNc\">\n<div class=\"jXK9ad-SmKAyb\">\n<div class=\"tyJCtd mGzaTb baZpAe\">\n<div style=\"display: flex; background-color: #ff3257; font-size: 24pt; height: 40pt; justify-content: center; margin-top: 4pt; margin-bottom: 4 pt; color: white!important;\">\n<p>PEC<\/p>\n<\/div>\n<\/div>\n<\/div>\n<\/div>\n<\/div>\n<\/div>\n<\/div>\n<\/div>\n<\/div>\n<\/div>\n<\/section>\n<section id=\"h.33f495f2bfe93db2_224\" class=\"yaqOZd\">\n<div class=\"IFuOkc\"><\/div>\n<div class=\"mYVXT\">\n<div class=\"LS81yb VICjCf\" tabindex=\"-1\">\n<div class=\"hJDwNd-AhqUyc-uQSCkd purZT-AhqUyc-II5mzb pSzOP-AhqUyc-qWD73c JNdkSc\">\n<div class=\"JNdkSc-SmKAyb\">\n<div class=\"\">\n<div class=\"oKdM2c Kzv0Me\">\n<div id=\"h.33f495f2bfe93db2_227\" class=\"hJDwNd-AhqUyc-uQSCkd jXK9ad D2fZ2 OjCsFc wHaque GNzUNc\">\n<div class=\"jXK9ad-SmKAyb\">\n<div class=\"tyJCtd mGzaTb baZpAe\">\n<p dir=\"ltr\">\n<p class=\"CDt4Ke zfr3Q\" dir=\"ltr\">B\u00e0sicament, apareix en tres aspectes:<\/p>\n<ul class=\"n8H08c UVNKR\">\n<li class=\"TYR86d wXCUfe zfr3Q\" dir=\"ltr\">\n<p class=\"CDt4Ke zfr3Q\" dir=\"ltr\">Un dels <strong>plantejaments educatius<\/strong> del centre \u00e9s: &#8220;\u00das responsable de la tecnologia: per poder treballar i avaluar per compet\u00e8ncies, \u00e9s imprescindible que l\u2019alumne utilitzi una \u00e0mplia diversitat de recursos i de tecnologies, especialment per cercar i contrastar informaci\u00f3. Tamb\u00e9 cal que tingui criteris per classificar-la, ordenar-la, sintetitzar-la i processar-la. Nom\u00e9s aix\u00ed podr\u00e0 arribar a conclusions i presentar resultats. Les TIC, sens dubte, permeten que aquest proc\u00e9s sigui r\u00e0pid, per\u00f2 cal fer-ne un \u00fas responsable. El centre est\u00e0 totalment digitalitzat i el professorat vetlla pel seu \u00fas correcte, per\u00f2 tenint molt clar que les TIC s\u00f3n nom\u00e9s una eina per aconseguir l\u2019aprenentatge dels alumnes.&#8221;<\/p>\n<\/li>\n<li class=\"TYR86d wXCUfe zfr3Q\" dir=\"ltr\">\n<p class=\"CDt4Ke zfr3Q\" dir=\"ltr\">L&#8217;objectiu 4 del PEC \u00e9s: &#8220;OP1. Desenvolupar les compet\u00e8ncies de l\u2019alumnat i les habilitats socials a trav\u00e9s de metodologies actives d\u2019aula i de l\u2019\u00fas habitual de les TIC\/TAC.&#8221;<\/p>\n<\/li>\n<li class=\"TYR86d wXCUfe zfr3Q\" dir=\"ltr\">\n<p class=\"CDt4Ke zfr3Q\" dir=\"ltr\">Definici\u00f3 de perfils professionals. &#8220;A partir dels plantejaments educatius i dels objectius anomenats anteriorment, els seg\u00fcents perfils professionals s\u00f3n necessaris per a l\u2019acompliment d\u2019aquest projecte: Pluriling\u00fcisme, Diversitat, Treball per projectes, <strong>TIC\/TAC<\/strong>, Coordinaci\u00f3 tutorial.<\/p>\n<\/li>\n<\/ul>\n<\/div>\n<\/div>\n<\/div>\n<\/div>\n<\/div>\n<\/div>\n<\/div>\n<\/div>\n<\/div>\n<\/section>\n<section id=\"h.33f495f2bfe93db2_228\" class=\"yaqOZd lQAHbd\">\n<div class=\"IFuOkc\"><\/div>\n<div class=\"mYVXT\">\n<div class=\"LS81yb VICjCf\" tabindex=\"-1\">\n<div class=\"hJDwNd-AhqUyc-uQSCkd purZT-AhqUyc-II5mzb pSzOP-AhqUyc-qWD73c JNdkSc\">\n<div class=\"JNdkSc-SmKAyb\">\n<div class=\"\">\n<div class=\"oKdM2c Kzv0Me\">\n<div id=\"h.33f495f2bfe93db2_231\" class=\"hJDwNd-AhqUyc-uQSCkd jXK9ad D2fZ2 OjCsFc wHaque GNzUNc\">\n<div class=\"jXK9ad-SmKAyb\">\n<div class=\"tyJCtd mGzaTb baZpAe\">\n<div class=\"PPhIP rviiZ\">\n<div class=\"U26fgb mUbCce fKz7Od LRAOtb Znu9nd M9Bg4d\" role=\"presentation\" aria-describedby=\"h.gx0p08a8quww\" aria-label=\"Copia l'enlla\u00e7 del t\u00edtol\" aria-disabled=\"false\" data-tooltip=\"Copia l'enlla\u00e7 del t\u00edtol\" aria-hidden=\"true\" data-tooltip-position=\"top\" data-tooltip-vertical-offset=\"12\" data-tooltip-horizontal-offset=\"0\">\n<div class=\"VTBa7b MbhUzd\"><\/div>\n<\/div>\n<\/div>\n<div style=\"display: flex; background-color: #ff3257; font-size: 24pt; height: 40pt; justify-content: center; margin-top: 4pt; margin-bottom: 4 pt; color: white!important;\">\n<p>NOFC<\/p>\n<\/div>\n<\/div>\n<\/div>\n<\/div>\n<\/div>\n<\/div>\n<\/div>\n<\/div>\n<\/div>\n<\/div>\n<\/section>\n<section id=\"h.33f495f2bfe93db2_232\" class=\"yaqOZd\">\n<div class=\"IFuOkc\"><\/div>\n<div class=\"mYVXT\">\n<div class=\"LS81yb VICjCf\" tabindex=\"-1\">\n<div class=\"hJDwNd-AhqUyc-R6PoUb JNdkSc L6cTce-purZT L6cTce-pSzOP\">\n<div class=\"JNdkSc-SmKAyb\">\n<div class=\"\"><\/div>\n<\/div>\n<\/div>\n<div class=\"hJDwNd-AhqUyc-OwsYgb purZT-AhqUyc-II5mzb pSzOP-AhqUyc-qWD73c JNdkSc\">\n<div class=\"JNdkSc-SmKAyb\">\n<div class=\"\">\n<div class=\"oKdM2c Kzv0Me\">\n<div id=\"h.33f495f2bfe93db2_235\" class=\"hJDwNd-AhqUyc-OwsYgb jXK9ad D2fZ2 OjCsFc wHaque GNzUNc\">\n<div class=\"jXK9ad-SmKAyb\">\n<div class=\"tyJCtd mGzaTb baZpAe\">\n<p dir=\"ltr\">\n<p class=\"CDt4Ke zfr3Q\" dir=\"ltr\">B\u00e0sicament apareix en quatre apartats:<\/p>\n<ul class=\"n8H08c UVNKR\">\n<li class=\"TYR86d wXCUfe zfr3Q\" dir=\"ltr\">\n<p class=\"CDt4Ke zfr3Q\" dir=\"ltr\">Detalla les funcions del coordinador digital del centre i de la comissi\u00f3 digital del centre. En el seg\u00fcent enlla\u00e7 es poden consultar.<\/p>\n<\/li>\n<li class=\"TYR86d wXCUfe zfr3Q\" dir=\"ltr\">\n<p class=\"CDt4Ke zfr3Q\" dir=\"ltr\">Es detalla el projecte digital com a projecte d&#8217;innovaci\u00f3 de centre.<\/p>\n<\/li>\n<li class=\"TYR86d wXCUfe zfr3Q\" dir=\"ltr\">\n<p class=\"CDt4Ke zfr3Q\" dir=\"ltr\">Es designa la cultura digital com a \u00e0mbit prioritari de formaci\u00f3 del professorat.<\/p>\n<\/li>\n<li class=\"TYR86d wXCUfe zfr3Q\" dir=\"ltr\">\n<p class=\"CDt4Ke zfr3Q\" dir=\"ltr\">S&#8217;introdueix en la normativa de conviv\u00e8ncia, especialment pel que fa als m\u00f2bils.<\/p>\n<\/li>\n<\/ul>\n<h4 style=\"text-align: center;\">NOFC del nostre centre<\/h4>\n<\/div>\n<p><iframe loading=\"lazy\" src=\"https:\/\/docs.google.com\/document\/d\/e\/2PACX-1vTsOvn7gWeLybPtGuaBK5Y6Ku8W7Gc6-2MHgbhrIHKl7Ub3w5u7jFQ8M7xGcK1n075obnB3cKLkzS7h\/pub?embedded=true\" width=\"1000\" height=\"800\"><span data-mce-type=\"bookmark\" style=\"display: inline-block; width: 0px; overflow: hidden; line-height: 0;\" class=\"mce_SELRES_start\">\ufeff<\/span><\/iframe><\/p>\n<\/div>\n<\/div>\n<\/div>\n<\/div>\n<\/div>\n<\/div>\n<div class=\"hJDwNd-AhqUyc-c5RTEf purZT-AhqUyc-c5RTEf pSzOP-AhqUyc-c5RTEf JNdkSc\">\n<div class=\"JNdkSc-SmKAyb\">\n<div class=\"\">\n<div class=\"oKdM2c Kzv0Me\">\n<div id=\"h.33f495f2bfe93db2_236\" class=\"hJDwNd-AhqUyc-c5RTEf purZT-AhqUyc-c5RTEf pSzOP-AhqUyc-c5RTEf jXK9ad D2fZ2 OjCsFc wHaque\">\n<div class=\"jXK9ad-SmKAyb\">\n<div class=\"tyJCtd OWlOyc baZpAe\">\n<div class=\"WIdY2d M1aSXe\" data-embed-doc-id=\"116kySGy4szhw2lEpv0FV3zUYzXDTyY42_GgnI69Ul_U\" data-embed-open-url=\"https:\/\/drive.google.com\/open?authuser=0&amp;id=116kySGy4szhw2lEpv0FV3zUYzXDTyY42_GgnI69Ul_U\" data-embed-thumbnail-url=\"https:\/\/drive.google.com\/thumbnail?authuser=0&amp;id=116kySGy4szhw2lEpv0FV3zUYzXDTyY42_GgnI69Ul_U&amp;sz=w339-k-nu\">\n<div><\/div>\n<\/div>\n<\/div>\n<\/div>\n<\/div>\n<\/div>\n<\/div>\n<\/div>\n<\/div>\n<\/div>\n<\/div>\n<\/section>\n<section id=\"h.33f495f2bfe93db2_240\" class=\"yaqOZd lQAHbd\">\n<div class=\"mYVXT\">\n<div class=\"LS81yb VICjCf\" tabindex=\"-1\">\n<div class=\"hJDwNd-AhqUyc-uQSCkd purZT-AhqUyc-II5mzb pSzOP-AhqUyc-qWD73c JNdkSc\">\n<div class=\"JNdkSc-SmKAyb\">\n<div class=\"\">\n<div class=\"oKdM2c Kzv0Me\">\n<div id=\"h.33f495f2bfe93db2_243\" class=\"hJDwNd-AhqUyc-uQSCkd jXK9ad D2fZ2 OjCsFc wHaque GNzUNc\">\n<div class=\"jXK9ad-SmKAyb\">\n<div class=\"tyJCtd mGzaTb baZpAe\">\n<div style=\"display: flex; background-color: #ff3257; font-size: 24pt; height: 40pt; justify-content: center; margin-top: 4pt; margin-bottom: 4 pt; color: white!important;\">\n<p>PROJECTE DE DIRECCI\u00d3<\/p>\n<\/div>\n<\/div>\n<\/div>\n<\/div>\n<\/div>\n<\/div>\n<\/div>\n<\/div>\n<\/div>\n<\/div>\n<\/section>\n<section id=\"h.33f495f2bfe93db2_247\" class=\"yaqOZd\">\n<div class=\"IFuOkc\"><\/div>\n<div class=\"mYVXT\">\n<div class=\"LS81yb VICjCf\" tabindex=\"-1\">\n<div class=\"hJDwNd-AhqUyc-R6PoUb JNdkSc L6cTce-purZT L6cTce-pSzOP\">\n<div class=\"JNdkSc-SmKAyb\">\n<div class=\"\"><\/div>\n<\/div>\n<\/div>\n<div class=\"hJDwNd-AhqUyc-zQtlcf purZT-AhqUyc-II5mzb pSzOP-AhqUyc-qWD73c JNdkSc\">\n<div class=\"JNdkSc-SmKAyb\">\n<div class=\"\">\n<div class=\"oKdM2c Kzv0Me\">\n<div id=\"h.33f495f2bfe93db2_244\" class=\"hJDwNd-AhqUyc-zQtlcf jXK9ad D2fZ2 OjCsFc wHaque GNzUNc\">\n<div class=\"jXK9ad-SmKAyb\">\n<div class=\"tyJCtd mGzaTb baZpAe\">\n<p dir=\"ltr\">\n<p class=\"CDt4Ke zfr3Q\" dir=\"ltr\">El projecte de direcci\u00f3 nom\u00e9s cita l&#8217;objectiu del PEC respecte a la cultura digital i assumeix els objectius, accions i planificaci\u00f3 que ja est\u00e0 detallada en aquesta Estrat\u00e8gia Digital de Centre (EDC).<\/p>\n<\/div>\n<\/div>\n<\/div>\n<\/div>\n<\/div>\n<\/div>\n<\/div>\n<\/div>\n<\/div>\n<\/section>\n","protected":false},"excerpt":{"rendered":"<p>La cultura digital apareix en pr\u00e0cticament tots els documents b\u00e0sics del centre. A continuaci\u00f3 es remarquen els aspectes m\u00e9s importants de cada un d&#8217;ells.<\/p>\n<p>PEC<\/p>\n<p>B\u00e0sicament, apareix en tres aspectes:<\/p>\n<ul class=\"n8H08c UVNKR\">\n<li class=\"TYR86d wXCUfe zfr3Q\" dir=\"ltr\">\nUn dels plantejaments educatius del centre \u00e9s: &#8220;\u00das responsable de la tecnologia:&hellip;  <a href=\"https:\/\/projectes.xtec.cat\/edc-suport\/edc-institut-del-cami\/cultura-digital\/documentacio-basica\/\" title=\"Read Documentaci\u00f3 b\u00e0sica\">Llegeix m\u00e9s\u00bb<\/a><\/p>\n","protected":false},"author":68,"featured_media":0,"parent":9347,"menu_order":1,"comment_status":"closed","ping_status":"closed","template":"page-templates\/side-menu.php","meta":{"_bbp_topic_count":0,"_bbp_reply_count":0,"_bbp_total_topic_count":0,"_bbp_total_reply_count":0,"_bbp_voice_count":0,"_bbp_anonymous_reply_count":0,"_bbp_topic_count_hidden":0,"_bbp_reply_count_hidden":0,"_bbp_forum_subforum_count":0,"footnotes":""},"class_list":["post-9372","page","type-page","status-publish","hentry"],"post_mailing_queue_ids":[],"_links":{"self":[{"href":"https:\/\/projectes.xtec.cat\/edc-suport\/wp-json\/wp\/v2\/pages\/9372","targetHints":{"allow":["GET"]}}],"collection":[{"href":"https:\/\/projectes.xtec.cat\/edc-suport\/wp-json\/wp\/v2\/pages"}],"about":[{"href":"https:\/\/projectes.xtec.cat\/edc-suport\/wp-json\/wp\/v2\/types\/page"}],"author":[{"embeddable":true,"href":"https:\/\/projectes.xtec.cat\/edc-suport\/wp-json\/wp\/v2\/users\/68"}],"replies":[{"embeddable":true,"href":"https:\/\/projectes.xtec.cat\/edc-suport\/wp-json\/wp\/v2\/comments?post=9372"}],"version-history":[{"count":3,"href":"https:\/\/projectes.xtec.cat\/edc-suport\/wp-json\/wp\/v2\/pages\/9372\/revisions"}],"predecessor-version":[{"id":9483,"href":"https:\/\/projectes.xtec.cat\/edc-suport\/wp-json\/wp\/v2\/pages\/9372\/revisions\/9483"}],"up":[{"embeddable":true,"href":"https:\/\/projectes.xtec.cat\/edc-suport\/wp-json\/wp\/v2\/pages\/9347"}],"wp:attachment":[{"href":"https:\/\/projectes.xtec.cat\/edc-suport\/wp-json\/wp\/v2\/media?parent=9372"}],"curies":[{"name":"wp","href":"https:\/\/api.w.org\/{rel}","templated":true}]}}