{"id":9376,"date":"2021-12-02T08:35:27","date_gmt":"2021-12-02T07:35:27","guid":{"rendered":"https:\/\/projectes.xtec.cat\/edc-suport\/?page_id=9376"},"modified":"2021-12-09T14:40:46","modified_gmt":"2021-12-09T13:40:46","slug":"comunicacio","status":"publish","type":"page","link":"https:\/\/projectes.xtec.cat\/edc-suport\/edc-institut-del-cami\/cultura-digital\/comunicacio\/","title":{"rendered":"Comunicaci\u00f3"},"content":{"rendered":"<div style=\"display: flex; background-color: #ff3257; font-size: 24pt; height: 40pt; justify-content: center; margin-top: 4pt; margin-bottom: 4 pt; color: white!important;\">\n<p>PORTAL WEB<\/p>\n<\/div>\n<p>&nbsp;<\/p>\n<p>El centre disposa d&#8217;un web amb la informaci\u00f3 p\u00fablica. S&#8217;hi poden trobar informacions est\u00e0tiques,<img loading=\"lazy\" decoding=\"async\" class=\"alignright size-medium wp-image-9488\" src=\"https:\/\/projectes.xtec.cat\/edc-suport\/wp-content\/uploads\/usu2435\/2021\/12\/nodes-300x173.png\" alt=\"\" width=\"300\" height=\"173\" srcset=\"https:\/\/projectes.xtec.cat\/edc-suport\/wp-content\/uploads\/usu2435\/2021\/12\/nodes-300x173.png 300w, https:\/\/projectes.xtec.cat\/edc-suport\/wp-content\/uploads\/usu2435\/2021\/12\/nodes.png 580w\" sizes=\"auto, (max-width: 300px) 100vw, 300px\" \/><span style=\"font-family: inherit; font-size: 1em;\"> que es revisen <\/span>peri\u00f2dicament (documentaci\u00f3, claustre, dates del curs, etc.) i articles din\u00e0mics sobre el que va succeint al centre dia a dia.<\/p>\n<p>Aquest web est\u00e0 realitzat aprofitant el servei nodes que ofereix el Departament d&#8217;Educaci\u00f3.<\/p>\n<p>&nbsp;<\/p>\n<p>Per fer-ne l&#8217;actualitzaci\u00f3 se segueix el seg\u00fcent procediment:<\/p>\n<p><a href=\"https:\/\/docs.google.com\/document\/d\/13Pu1clpN1T5BGEiHiCmKvc6yLvj3G8gTVI17oBQvW8o\" target=\"_blank\" rel=\"noopener\">Actualitzaci\u00f3 del web del centre<\/a><\/p>\n<div style=\"display: flex; background-color: #ff3257; font-size: 24pt; height: 40pt; justify-content: center; margin-top: 4pt; margin-bottom: 4 pt; color: white!important;\">\n<p>INTRANET<\/p>\n<\/div>\n<p>&nbsp;<\/p>\n<p>Per centralitzar la informaci\u00f3, dins d&#8217;aquest web del centre, hi ha tres enlla\u00e7os a zones d&#8217;intranet<img loading=\"lazy\" decoding=\"async\" class=\"alignright size-medium wp-image-9489\" src=\"https:\/\/projectes.xtec.cat\/edc-suport\/wp-content\/uploads\/usu2435\/2021\/12\/quadres-300x218.png\" alt=\"\" width=\"300\" height=\"218\" srcset=\"https:\/\/projectes.xtec.cat\/edc-suport\/wp-content\/uploads\/usu2435\/2021\/12\/quadres-300x218.png 300w, https:\/\/projectes.xtec.cat\/edc-suport\/wp-content\/uploads\/usu2435\/2021\/12\/quadres.png 307w\" sizes=\"auto, (max-width: 300px) 100vw, 300px\" \/><span style=\"font-family: inherit; font-size: 1em;\">, una per a cadascun dels seg\u00fcents col\u00b7lectius: per alumnes, fam\u00edlies i professorat.<\/span><\/p>\n<p>Per accedir-hi, s&#8217;ha d&#8217;utilitzar l&#8217;usuari de centre.<\/p>\n<p><span style=\"font-family: inherit; font-size: 1em;\">En aquestes zones, cada un dels col\u00b7lectius troba la informaci\u00f3 i els enlla\u00e7os necessaris per accedir a tota la informaci\u00f3 i a tots els recursos.<\/span><\/p>\n<p>Especialment, l&#8217;alumnat i les fam\u00edlies poden consultar tots els butlletins d&#8217;avaluaci\u00f3 i totes les assist\u00e8ncies i faltes.<\/p>\n<div><\/div>\n<div><\/div>\n<div role=\"presentation\" aria-describedby=\"h.581myxd1gcqd\" aria-label=\"Copia l'enlla\u00e7 del t\u00edtol\" aria-disabled=\"false\" data-tooltip=\"Copia l'enlla\u00e7 del t\u00edtol\" aria-hidden=\"true\" data-tooltip-position=\"top\" data-tooltip-vertical-offset=\"12\" data-tooltip-horizontal-offset=\"0\">\n<table style=\"width: 100%; border-collapse: collapse; border-style: none;\">\n<tbody>\n<tr>\n<td style=\"width: 33.3333%; border-style: none;\"><img loading=\"lazy\" decoding=\"async\" class=\"alignright size-medium wp-image-9491\" style=\"font-size: 16px;\" src=\"https:\/\/projectes.xtec.cat\/edc-suport\/wp-content\/uploads\/usu2435\/2021\/12\/zprofessorat-300x126.png\" alt=\"\" width=\"300\" height=\"126\" srcset=\"https:\/\/projectes.xtec.cat\/edc-suport\/wp-content\/uploads\/usu2435\/2021\/12\/zprofessorat-300x126.png 300w, https:\/\/projectes.xtec.cat\/edc-suport\/wp-content\/uploads\/usu2435\/2021\/12\/zprofessorat-768x322.png 768w, https:\/\/projectes.xtec.cat\/edc-suport\/wp-content\/uploads\/usu2435\/2021\/12\/zprofessorat.png 943w\" sizes=\"auto, (max-width: 300px) 100vw, 300px\" \/><\/td>\n<td style=\"width: 33.3333%; border-style: none;\"><img loading=\"lazy\" decoding=\"async\" class=\"alignright size-medium wp-image-9493\" src=\"https:\/\/projectes.xtec.cat\/edc-suport\/wp-content\/uploads\/usu2435\/2021\/12\/zfamilies-300x126.png\" alt=\"\" width=\"300\" height=\"126\" srcset=\"https:\/\/projectes.xtec.cat\/edc-suport\/wp-content\/uploads\/usu2435\/2021\/12\/zfamilies-300x126.png 300w, https:\/\/projectes.xtec.cat\/edc-suport\/wp-content\/uploads\/usu2435\/2021\/12\/zfamilies-768x322.png 768w, https:\/\/projectes.xtec.cat\/edc-suport\/wp-content\/uploads\/usu2435\/2021\/12\/zfamilies.png 943w\" sizes=\"auto, (max-width: 300px) 100vw, 300px\" \/><\/td>\n<td style=\"width: 33.3333%; border-style: none;\"><img loading=\"lazy\" decoding=\"async\" class=\"alignright size-medium wp-image-9492\" src=\"https:\/\/projectes.xtec.cat\/edc-suport\/wp-content\/uploads\/usu2435\/2021\/12\/zalumnat-300x126.png\" alt=\"\" width=\"300\" height=\"126\" srcset=\"https:\/\/projectes.xtec.cat\/edc-suport\/wp-content\/uploads\/usu2435\/2021\/12\/zalumnat-300x126.png 300w, https:\/\/projectes.xtec.cat\/edc-suport\/wp-content\/uploads\/usu2435\/2021\/12\/zalumnat-768x322.png 768w, https:\/\/projectes.xtec.cat\/edc-suport\/wp-content\/uploads\/usu2435\/2021\/12\/zalumnat.png 943w\" sizes=\"auto, (max-width: 300px) 100vw, 300px\" \/><\/td>\n<\/tr>\n<\/tbody>\n<\/table>\n<\/div>\n<div style=\"display: flex; background-color: #ff3257; font-size: 24pt; height: 40pt; justify-content: center; margin-top: 4pt; margin-bottom: 4 pt; color: white!important;\">\n<p>COMUNICACIONS AMB LES FAM\u00cdLIES<\/p>\n<\/div>\n<p>&nbsp;<\/p>\n<p>Totes les informacions amb les fam\u00edlies es realitzaran per un dels seg\u00fcents canals:<\/p>\n<ul>\n<li>per correu electr\u00f2nic, exclusivament amb l&#8217;adre\u00e7a que el centre ha subministrat a cada fam\u00edlia.<\/li>\n<li>per tel\u00e8fon, als indicats per la fam\u00edlia en els fulls de renovaci\u00f3 de matr\u00edcula.<\/li>\n<li>per videotrucada, exclusivament amb l&#8217;adre\u00e7a que el centre ha subministrat a cada fam\u00edlia.<\/li>\n<li>en persona, amb cita pr\u00e8via.<\/li>\n<\/ul>\n","protected":false},"excerpt":{"rendered":"<p>PORTAL WEB<\/p>\n<p>&nbsp;<br \/>\nEl centre disposa d&#8217;un web amb la informaci\u00f3 p\u00fablica. S&#8217;hi poden trobar informacions est\u00e0tiques, que es revisen peri\u00f2dicament (documentaci\u00f3, claustre, dates del curs, etc.) i articles din\u00e0mics sobre el que va succeint al centre dia a dia.<br \/>\nAquest web est\u00e0 realitzat aprofitant el servei nodes&hellip;  <a href=\"https:\/\/projectes.xtec.cat\/edc-suport\/edc-institut-del-cami\/cultura-digital\/comunicacio\/\" title=\"Read Comunicaci\u00f3\">Llegeix m\u00e9s\u00bb<\/a><\/p>\n","protected":false},"author":68,"featured_media":0,"parent":9347,"menu_order":3,"comment_status":"closed","ping_status":"closed","template":"page-templates\/side-menu.php","meta":{"_bbp_topic_count":0,"_bbp_reply_count":0,"_bbp_total_topic_count":0,"_bbp_total_reply_count":0,"_bbp_voice_count":0,"_bbp_anonymous_reply_count":0,"_bbp_topic_count_hidden":0,"_bbp_reply_count_hidden":0,"_bbp_forum_subforum_count":0,"footnotes":""},"class_list":["post-9376","page","type-page","status-publish","hentry"],"post_mailing_queue_ids":[],"_links":{"self":[{"href":"https:\/\/projectes.xtec.cat\/edc-suport\/wp-json\/wp\/v2\/pages\/9376","targetHints":{"allow":["GET"]}}],"collection":[{"href":"https:\/\/projectes.xtec.cat\/edc-suport\/wp-json\/wp\/v2\/pages"}],"about":[{"href":"https:\/\/projectes.xtec.cat\/edc-suport\/wp-json\/wp\/v2\/types\/page"}],"author":[{"embeddable":true,"href":"https:\/\/projectes.xtec.cat\/edc-suport\/wp-json\/wp\/v2\/users\/68"}],"replies":[{"embeddable":true,"href":"https:\/\/projectes.xtec.cat\/edc-suport\/wp-json\/wp\/v2\/comments?post=9376"}],"version-history":[{"count":4,"href":"https:\/\/projectes.xtec.cat\/edc-suport\/wp-json\/wp\/v2\/pages\/9376\/revisions"}],"predecessor-version":[{"id":9499,"href":"https:\/\/projectes.xtec.cat\/edc-suport\/wp-json\/wp\/v2\/pages\/9376\/revisions\/9499"}],"up":[{"embeddable":true,"href":"https:\/\/projectes.xtec.cat\/edc-suport\/wp-json\/wp\/v2\/pages\/9347"}],"wp:attachment":[{"href":"https:\/\/projectes.xtec.cat\/edc-suport\/wp-json\/wp\/v2\/media?parent=9376"}],"curies":[{"name":"wp","href":"https:\/\/api.w.org\/{rel}","templated":true}]}}