{"id":9386,"date":"2021-12-02T08:39:15","date_gmt":"2021-12-02T07:39:15","guid":{"rendered":"https:\/\/projectes.xtec.cat\/edc-suport\/?page_id=9386"},"modified":"2021-12-14T13:04:06","modified_gmt":"2021-12-14T12:04:06","slug":"maquinari","status":"publish","type":"page","link":"https:\/\/projectes.xtec.cat\/edc-suport\/edc-institut-del-cami\/cultura-digital\/maquinari\/","title":{"rendered":"Maquinari"},"content":{"rendered":"<div style=\"display: flex; background-color: #ff3257; font-size: 24pt; height: 40pt; justify-content: center; margin-top: 4pt; margin-bottom: 4 pt; color: white!important;\">\n<p>CHROMEBOOKS<\/p>\n<\/div>\n<p>A l&#8217;INS del cam\u00ed cada alumne i cada professor\/a disposa d&#8217;un Chromebook. El de l&#8217;alumne \u00e9s adquirit per la fam\u00edlia, que pot fer-ho a trav\u00e9s de l&#8217;AMPA.<\/p>\n<p style=\"font-family: 'Helvetica Neue', Helvetica, Helvetica, Arial, sans-serif; font-size: 16px;\"><img loading=\"lazy\" decoding=\"async\" class=\"alignright\" src=\"https:\/\/projectes.xtec.cat\/edc-suport\/wp-content\/uploads\/usu2435\/2021\/12\/laptop.png\" alt=\"\" width=\"304\" height=\"229\" \/><\/p>\n<p>&nbsp;<\/p>\n<p>El del professorat \u00e9s subministrat pel centre.<\/p>\n<p><span style=\"font-family: inherit; font-size: 1em;\">A continuaci\u00f3 hi ha enlla\u00e7at alguns documents per fer la gesti\u00f3 d&#8217;aquests Chromebooks.<\/span><\/p>\n<ul>\n<li><a href=\"https:\/\/docs.google.com\/document\/d\/1oTaABFyXGp5ro3PBgk9uwgizfty3eR_eSbSFs_6KZWU\" target=\"_blank\" rel=\"noopener\">Enrolar i eliminar dades de Chromebooks<\/a><\/li>\n<li><a href=\"https:\/\/docs.google.com\/document\/d\/1dCT7IOeOw_IlL1qdHN1oDdrCexQWAJNROUNRDYyFtpc\" target=\"_blank\" rel=\"noopener\">Desenrolar dispositius Chromebook<\/a><\/li>\n<li><a href=\"https:\/\/docs.google.com\/document\/d\/1TnmBgrcCB8nccz-DtQHplc8Q4_lojS1VPYyemE4qcCo\" target=\"_blank\" rel=\"noopener\">Restaurar Chromebooks amb SO espatllat<\/a><\/li>\n<\/ul>\n<p>&nbsp;<\/p>\n<div style=\"display: flex; background-color: #ff3257; font-size: 24pt; height: 40pt; justify-content: center; margin-top: 4pt; margin-bottom: 4 pt; color: white!important;\">\n<p>IMPRESSI\u00d3<\/p>\n<\/div>\n<p>&nbsp;<\/p>\n<p>El centre disposa d\u2019una sola impressora.\u00a0Cada professor hi t\u00e9 una quota de fotoc\u00f2pies m\u00e0xima. Per imprimir, l\u2019administrador ha de realitzar dues tasques:<\/p>\n<ul>\n<li><a href=\"https:\/\/docs.google.com\/document\/d\/13-OZ53cyNgMw8h72_Skro0fR-GawcspHSdfNZX-WcPk\/edit?usp=sharing\" target=\"_blank\" rel=\"noopener\">Crear l\u2019usuari a la fotocopiadora i assignar-li el nombre m\u00e0xim de c\u00f2pies<\/a>\u00a0que pot realitzar. L\u2019usuari sempre s\u00f3n les inicials del professor.<\/li>\n<\/ul>\n","protected":false},"excerpt":{"rendered":"<p>CHROMEBOOKS<\/p>\n<p>A l&#8217;INS del cam\u00ed cada alumne i cada professor\/a disposa d&#8217;un Chromebook. El de l&#8217;alumne \u00e9s adquirit per la fam\u00edlia, que pot fer-ho a trav\u00e9s de l&#8217;AMPA.<\/p>\n<p>&nbsp;<br \/>\nEl del professorat \u00e9s subministrat pel centre.<br \/>\nA continuaci\u00f3 hi ha enlla\u00e7at alguns documents per fer la gesti\u00f3 d&#8217;aquests Chromebooks.<\/p>\n<ul>\n<li><a&hellip;  <a href=\"https:\/\/projectes.xtec.cat\/edc-suport\/edc-institut-del-cami\/cultura-digital\/maquinari\/\" title=\"Read Maquinari\">Llegeix m\u00e9s\u00bb<\/a><br \/>\n","protected":false},"author":68,"featured_media":0,"parent":9347,"menu_order":8,"comment_status":"closed","ping_status":"closed","template":"page-templates\/side-menu.php","meta":{"_bbp_topic_count":0,"_bbp_reply_count":0,"_bbp_total_topic_count":0,"_bbp_total_reply_count":0,"_bbp_voice_count":0,"_bbp_anonymous_reply_count":0,"_bbp_topic_count_hidden":0,"_bbp_reply_count_hidden":0,"_bbp_forum_subforum_count":0,"footnotes":""},"class_list":["post-9386","page","type-page","status-publish","hentry"],"post_mailing_queue_ids":[],"_links":{"self":[{"href":"https:\/\/projectes.xtec.cat\/edc-suport\/wp-json\/wp\/v2\/pages\/9386","targetHints":{"allow":["GET"]}}],"collection":[{"href":"https:\/\/projectes.xtec.cat\/edc-suport\/wp-json\/wp\/v2\/pages"}],"about":[{"href":"https:\/\/projectes.xtec.cat\/edc-suport\/wp-json\/wp\/v2\/types\/page"}],"author":[{"embeddable":true,"href":"https:\/\/projectes.xtec.cat\/edc-suport\/wp-json\/wp\/v2\/users\/68"}],"replies":[{"embeddable":true,"href":"https:\/\/projectes.xtec.cat\/edc-suport\/wp-json\/wp\/v2\/comments?post=9386"}],"version-history":[{"count":3,"href":"https:\/\/projectes.xtec.cat\/edc-suport\/wp-json\/wp\/v2\/pages\/9386\/revisions"}],"predecessor-version":[{"id":9536,"href":"https:\/\/projectes.xtec.cat\/edc-suport\/wp-json\/wp\/v2\/pages\/9386\/revisions\/9536"}],"up":[{"embeddable":true,"href":"https:\/\/projectes.xtec.cat\/edc-suport\/wp-json\/wp\/v2\/pages\/9347"}],"wp:attachment":[{"href":"https:\/\/projectes.xtec.cat\/edc-suport\/wp-json\/wp\/v2\/media?parent=9386"}],"curies":[{"name":"wp","href":"https:\/\/api.w.org\/{rel}","templated":true}]}}