{"id":9388,"date":"2021-12-02T08:39:36","date_gmt":"2021-12-02T07:39:36","guid":{"rendered":"https:\/\/projectes.xtec.cat\/edc-suport\/?page_id=9388"},"modified":"2021-12-14T13:07:47","modified_gmt":"2021-12-14T12:07:47","slug":"secretaria","status":"publish","type":"page","link":"https:\/\/projectes.xtec.cat\/edc-suport\/edc-institut-del-cami\/cultura-digital\/secretaria\/","title":{"rendered":"Secretaria"},"content":{"rendered":"<div style=\"display: flex; background-color: #ff3257; font-size: 24pt; height: 40pt; justify-content: center; margin-top: 4pt; margin-bottom: 4 pt; color: white!important;\">\n<p>INFORMES D&#8217;AVALUACI\u00d3<\/p>\n<\/div>\n<p>&nbsp;<\/p>\n<p>El centre treballa en algunes hores per projectes interdisciplinaris. Quan un projecte finalitza, es crea un informe d&#8217;avaluaci\u00f3 per a &#8216;alumnat i per a la fam\u00edlia per poder detectar els aspectes que s&#8217;han realitzat correctament i cal mantenir i potenciar en propers projectes i quins aspectes cal millorar.<\/p>\n<p>El seg\u00fcent document explica el procediment per a la creaci\u00f3 d&#8217;aquests informes:<\/p>\n<ul>\n<li><a href=\"https:\/\/docs.google.com\/document\/d\/1L1QRStEUQoQ4PurK76DtPzaNZ1mpv7_lYWK2N-PQv4M\/\" target=\"_blank\" rel=\"noopener\">Creaci\u00f3 d&#8217;informes de projectes d&#8217;\u00e0mbit<\/a><\/li>\n<\/ul>\n<p class=\"CDt4Ke zfr3Q\" dir=\"ltr\">De la mateixa manera, els informes competencials d&#8217;avaluaci\u00f3 trimestrals, els realitza el centre amb un model propi, a partir de la informaci\u00f3 recollida en els qAT. A m\u00e9s, hi incorporen un comentari del mateix alumne\/a valorant el treball que ha realitzat.<\/p>\n<p class=\"CDt4Ke zfr3Q\" dir=\"ltr\">El seg\u00fcent document explica el procediment per a la creaci\u00f3 d&#8217;aquests informes:<\/p>\n<ul class=\"n8H08c UVNKR\">\n<li class=\"TYR86d wXCUfe zfr3Q\" dir=\"ltr\">\n<p class=\"CDt4Ke zfr3Q\" dir=\"ltr\"><span class=\" aw5Odc\"><a class=\"XqQF9c\" href=\"https:\/\/docs.google.com\/document\/d\/1ezlvoLvMxqW288csBHcWMrWwL4v7Ul3W_Rz5poAJzTU\/\" target=\"_blank\" rel=\"noopener\">Creaci\u00f3 d&#8217;informes d&#8217;avaluaci\u00f3 i col\u00b7locaci\u00f3 a la Zona de fam\u00edlies<\/a><\/span><\/p>\n<\/li>\n<\/ul>\n<div style=\"display: flex; background-color: #ff3257; font-size: 24pt; height: 40pt; justify-content: center; margin-top: 4pt; margin-bottom: 4 pt; color: white!important;\">\n<p>QVIC I QAT<\/p>\n<\/div>\n<p>&nbsp;<\/p>\n<p>En el seg\u00fcent document s&#8217;explica el procediment per crear i gestionar els qViC i els qAT<\/p>\n<p><a href=\"https:\/\/docs.google.com\/document\/d\/1LACVAuR-bSV_kpm5uZUFXxkPfTu9_aZIs7fTUhwy1XY\" target=\"_blank\" rel=\"noopener\">Creaci\u00f3 i gesti\u00f3 de qAT i qViC<\/a><\/p>\n","protected":false},"excerpt":{"rendered":"<p>INFORMES D&#8217;AVALUACI\u00d3<\/p>\n<p>&nbsp;<br \/>\nEl centre treballa en algunes hores per projectes interdisciplinaris. Quan un projecte finalitza, es crea un informe d&#8217;avaluaci\u00f3 per a &#8216;alumnat i per a la fam\u00edlia per poder detectar els aspectes que s&#8217;han realitzat correctament i cal mantenir i potenciar en propers projectes i&hellip;  <a href=\"https:\/\/projectes.xtec.cat\/edc-suport\/edc-institut-del-cami\/cultura-digital\/secretaria\/\" title=\"Read Secretaria\">Llegeix m\u00e9s\u00bb<\/a><\/p>\n","protected":false},"author":68,"featured_media":0,"parent":9347,"menu_order":9,"comment_status":"closed","ping_status":"closed","template":"page-templates\/side-menu.php","meta":{"_bbp_topic_count":0,"_bbp_reply_count":0,"_bbp_total_topic_count":0,"_bbp_total_reply_count":0,"_bbp_voice_count":0,"_bbp_anonymous_reply_count":0,"_bbp_topic_count_hidden":0,"_bbp_reply_count_hidden":0,"_bbp_forum_subforum_count":0,"footnotes":""},"class_list":["post-9388","page","type-page","status-publish","hentry"],"post_mailing_queue_ids":[],"_links":{"self":[{"href":"https:\/\/projectes.xtec.cat\/edc-suport\/wp-json\/wp\/v2\/pages\/9388","targetHints":{"allow":["GET"]}}],"collection":[{"href":"https:\/\/projectes.xtec.cat\/edc-suport\/wp-json\/wp\/v2\/pages"}],"about":[{"href":"https:\/\/projectes.xtec.cat\/edc-suport\/wp-json\/wp\/v2\/types\/page"}],"author":[{"embeddable":true,"href":"https:\/\/projectes.xtec.cat\/edc-suport\/wp-json\/wp\/v2\/users\/68"}],"replies":[{"embeddable":true,"href":"https:\/\/projectes.xtec.cat\/edc-suport\/wp-json\/wp\/v2\/comments?post=9388"}],"version-history":[{"count":3,"href":"https:\/\/projectes.xtec.cat\/edc-suport\/wp-json\/wp\/v2\/pages\/9388\/revisions"}],"predecessor-version":[{"id":9537,"href":"https:\/\/projectes.xtec.cat\/edc-suport\/wp-json\/wp\/v2\/pages\/9388\/revisions\/9537"}],"up":[{"embeddable":true,"href":"https:\/\/projectes.xtec.cat\/edc-suport\/wp-json\/wp\/v2\/pages\/9347"}],"wp:attachment":[{"href":"https:\/\/projectes.xtec.cat\/edc-suport\/wp-json\/wp\/v2\/media?parent=9388"}],"curies":[{"name":"wp","href":"https:\/\/api.w.org\/{rel}","templated":true}]}}