{"id":9880,"date":"2022-02-19T10:18:13","date_gmt":"2022-02-19T09:18:13","guid":{"rendered":"https:\/\/projectes.xtec.cat\/edc-suport\/?page_id=9880"},"modified":"2022-02-28T18:44:35","modified_gmt":"2022-02-28T17:44:35","slug":"eina-selfie-for-teachers","status":"publish","type":"page","link":"https:\/\/projectes.xtec.cat\/edc-suport\/eina-selfie-for-teachers\/","title":{"rendered":"Eina SELFIE FOR TEACHERS"},"content":{"rendered":"<h2>Qu\u00e8 \u00e9s <em>Selfie for teachers<\/em>?<\/h2>\n<p><a href=\"https:\/\/educators-go-digital.jrc.ec.europa.eu\/\" target=\"_blank\" rel=\"noopener\"><img loading=\"lazy\" decoding=\"async\" class=\" wp-image-9881 alignright\" src=\"https:\/\/projectes.xtec.cat\/edc-suport\/wp-content\/uploads\/usu2435\/2022\/02\/selfie4teachers-300x169.png\" alt=\"\" width=\"444\" height=\"249\" srcset=\"https:\/\/projectes.xtec.cat\/edc-suport\/wp-content\/uploads\/usu2435\/2022\/02\/selfie4teachers-300x169.png 300w, https:\/\/projectes.xtec.cat\/edc-suport\/wp-content\/uploads\/usu2435\/2022\/02\/selfie4teachers-1024x576.png 1024w, https:\/\/projectes.xtec.cat\/edc-suport\/wp-content\/uploads\/usu2435\/2022\/02\/selfie4teachers-768x432.png 768w, https:\/\/projectes.xtec.cat\/edc-suport\/wp-content\/uploads\/usu2435\/2022\/02\/selfie4teachers.png 1380w\" sizes=\"auto, (max-width: 444px) 100vw, 444px\" \/>SELFIE FOR TEACHERS<\/a> o SELFIE PER A DOCENTS \u00e9s una eina elaborada i gestionada des de la Comissi\u00f3 Europea per donar suport a les compet\u00e8ncies digitals dels professors. L&#8217;eina est\u00e0 dissenyada per ajudar els professors de prim\u00e0ria i secund\u00e0ria a comprendre la seva situaci\u00f3 actual respecte a com utilitzen la tecnologia digital en la seva feina. Els resultats de la revisi\u00f3 poden ajudar els professors a identificar on necessiten m\u00e9s formaci\u00f3 i suport. Alineada\u00a0amb SELFIE eina que ens ajuda a fer una diagnosi de la maduresa digital d&#8217;un centre educatiu, SELFIE FOR TEACHERS s&#8217;enfoca en la compet\u00e8ncia digital dels docents i \u00e9s un complement imprescindible per a fer una diagnosi de centre en el marc de l&#8217;Estrat\u00e8gia digital de centre.<\/p>\n<p>SELFIE for TEACHERS es basa en el\u00a0<a class=\" eac-external-link\" href=\"https:\/\/publications.jrc.ec.europa.eu\/repository\/handle\/JRC98209\" target=\"_blank\" rel=\"noopener\">Marc Europeu per a la Compet\u00e8ncia Digital dels Educadors (DigCompEdu)<\/a>\u00a0que defineix les diferents habilitats digitals que els educadors requereixen cada cop m\u00e9s.\u00a0Estableix 22 compet\u00e8ncies en sis \u00e0rees amb sis nivells de compet\u00e8ncia, des de principiant fins a pioner.<\/p>\n<h2>Com funciona Selfie for teachers?<\/h2>\n<p>Qualsevol professor pot registrar-se per utilitzar l&#8217;eina. Per utilitzar l&#8217;eina, els professors hauran de crear un\u00a0<a class=\" eac-external-link\" href=\"https:\/\/webgate.ec.europa.eu\/cas\" target=\"_blank\" rel=\"noopener\">compte d&#8217;acc\u00e9s a la UE<\/a>\u00a0.<\/p>\n<p>Un cop registrats a EU Login, els professors poden utilitzar SELFIE per a PROFESSORS.\u00a0Responen una s\u00e8rie d&#8217;afirmacions reflexives sobre com utilitzen la tecnologia que triguen uns 25 minuts a completar-se.\u00a0Les preguntes i les declaracions es troben en sis \u00e0rees diferents on es pot utilitzar la tecnologia:<\/p>\n<ul>\n<li>Ensenyament i aprenentatge<\/li>\n<li>Trobar, utilitzar i crear recursos digitals<\/li>\n<li>Personalitzar l&#8217;aprenentatge i implicar els estudiants amb l&#8217;aprenentatge pr\u00e0ctic<\/li>\n<li>Avaluaci\u00f3 i retroalimentaci\u00f3 dels estudiants<\/li>\n<li>Comunicaci\u00f3 i col\u00b7laboraci\u00f3 amb alumnes, fam\u00edlies i companys<\/li>\n<li>Desenvolupament de les compet\u00e8ncies digitals dels estudiants<\/li>\n<\/ul>\n<p>Aleshores, el professor rep un informe automatitzat amb els seus resultats (des de &#8220;principiant&#8221; fins a &#8220;innovador&#8221;) amb suggeriments sobre com podrien pujar de nivell.<\/p>\n<p>L&#8217;\u00fas de l&#8217;eina pot ser un bon primer pas per identificar els punts forts i identificar on es necessita m\u00e9s desenvolupament i suport professional.\u00a0Tots els professors que completen la seva autoreflexi\u00f3 poden rebre un certificat i un distintiu digital per participar-hi.<\/p>\n<p>A continuaci\u00f3 trobareu un videotutorial per configurar l\u2019aplicaci\u00f3:<\/p>\n<p dir=\"ltr\" align=\"center\"><iframe loading=\"lazy\" src=\"https:\/\/drive.google.com\/file\/d\/1ylgtu_8sc7E4_ADrh8b0zFV8fl-AFCwk\/preview\" width=\"640\" height=\"380\"><\/iframe><\/p>\n<h2>Reflexi\u00f3 personal o d&#8217;equip<\/h2>\n<p>Els professors poden utilitzar l&#8217;eina individualment o com a part d&#8217;un equip, per exemple amb un grup de professors dins de la seva escola o amb un equip de professors de la mateixa assignatures o \u00e0rea. Aix\u00f2 pot ajudar a planificar dins d&#8217;una escola, xarxa d&#8217;escoles, instituci\u00f3 de formaci\u00f3 de professors&#8230;<\/p>\n<p>Totes les respostes a SELFIE for TEACHERS s\u00f3n an\u00f2nimes i no es comparteixen dades personals.\u00a0Les dades no estan dissenyades per classificar o avaluar el rendiment del professor, sin\u00f3 per capacitar els professors perqu\u00e8 aprenguin com poden utilitzar la tecnologia de manera efica\u00e7 en el seu treball i com poden fomentar les habilitats digitals dels seus estudiants.<\/p>\n<h2>Cites dels professors que han utilitzat l&#8217;eina<\/h2>\n<blockquote><p>L&#8217;\u00fas de SELFIE per a PROFESSORS va ser molt \u00fatil a causa de l&#8217;enfocament individual.\u00a0Tens una imatge \u00fanica d&#8217;on et trobes com a aprenent, no nom\u00e9s com a professor.<\/p><\/blockquote>\n<blockquote><p>L&#8217;informe de comentaris em va donar una visi\u00f3 clara d&#8217;on he d&#8217;estar.\u00a0Em va facilitar la planificaci\u00f3 del meu itinerari d&#8217;aprenentatge ara que en s\u00f3c conscient.\u00a0A la meva escola estem planificant tallers per discutir els resultats.<\/p><\/blockquote>\n<blockquote><p>Vaig veure els meus punts forts i febles.\u00a0Va ser una experi\u00e8ncia interessant i gratificant per a mi.\u00a0L&#8217;informe de comentaris em va mostrar qu\u00e8 puc millorar en el futur.\u00a0Aix\u00f2 em va ajudar a planificar les meves activitats per a l&#8217;any vinent.<\/p><\/blockquote>\n<blockquote><p>Ara s\u00e9 on em situo: quan vaig rebre l&#8217;informe de comentaris, em va emocionar veure que estava al nivell de &#8220;l\u00edder&#8221;.\u00a0Em va sentir b\u00e9 veure que vaig pel bon cam\u00ed.<\/p><\/blockquote>\n<h2>Selfie for teachers + Selfie<\/h2>\n<p>SELFIE for TEACHERS, que est\u00e0 finan\u00e7at a trav\u00e9s del programa Erasmus+, va ser desenvolupat per la Comissi\u00f3 en cooperaci\u00f3 amb experts en educaci\u00f3 d&#8217;arreu d&#8217;Europa, inclosos els ministeris d&#8217;educaci\u00f3 dels estats membres.<\/p>\n<p>SELFIE for TEACHERS es pot utilitzar juntament amb l&#8217;<a href=\"https:\/\/education.ec.europa.eu\/selfie\" target=\"_blank\" rel=\"noopener\">eina SELFIE<\/a> per\u00a0a la planificaci\u00f3 digital de tota l&#8217;escola.\u00a0SELFIE, que ha estat utilitzat per m\u00e9s de 13.000 escoles de 82 pa\u00efsos des del seu llan\u00e7ament fa tres anys, se centra en l&#8217;escola en el seu conjunt.\u00a0Reuneix opinions del professorat, estudiants i l\u00edders escolars sobre l&#8217;\u00fas de la tecnologia.\u00a0La nova eina SELFIE for TEACHERS permet aprofundir en les habilitats digitals del personal i els resultats es poden utilitzar per identificar i prioritzar on es necessita formaci\u00f3 i suport addicionals.<\/p>\n<p>La Comissi\u00f3 tamb\u00e9 est\u00e0 treballant en l&#8217;elaboraci\u00f3 de recursos i material de suport per als professors, inclosa l&#8217;intercanvi de pr\u00e0ctiques dels professors que han utilitzat l&#8217;eina per al seu aprenentatge professional.<\/p>\n<h3>Complint el Pla d&#8217;Acci\u00f3 d&#8217;Educaci\u00f3 Digital<\/h3>\n<p>SELFIE per a DOCENTS, \u00e9s una de les 13 accions del\u00a0<a href=\"https:\/\/education.ec.europa.eu\/focus-topics\/digital\/education-action-plan\">Pla d&#8217;Acci\u00f3 d&#8217;Educaci\u00f3 Digital<\/a>\u00a0.\u00a0El Pla que va comen\u00e7ar aquest any i s&#8217;allargar\u00e0 fins al 2027 t\u00e9 com a objectiu donar suport als sistemes educatius d&#8217;Europa en l&#8217;adaptaci\u00f3 al canvi digital.\u00a0Un objectiu clau del pla d&#8217;acci\u00f3 \u00e9s donar suport a l&#8217;\u00fas efectiu de la tecnologia per a l&#8217;ensenyament i l&#8217;aprenentatge i, per aix\u00f2, \u00e9s fonamental capacitar els educadors perqu\u00e8 utilitzin la tecnologia en la seva pr\u00e0ctica.<\/p>\n","protected":false},"excerpt":{"rendered":"<p>Qu\u00e8 \u00e9s Selfie for teachers?<br \/>\n<a href=\"https:\/\/educators-go-digital.jrc.ec.europa.eu\/\" target=\"_blank\" rel=\"noopener\">SELFIE FOR TEACHERS<\/a> o SELFIE PER A DOCENTS \u00e9s una eina elaborada i gestionada des de la Comissi\u00f3 Europea per donar suport a les compet\u00e8ncies digitals dels professors. L&#8217;eina est\u00e0 dissenyada per ajudar els professors de prim\u00e0ria i&hellip;  <a href=\"https:\/\/projectes.xtec.cat\/edc-suport\/eina-selfie-for-teachers\/\" title=\"Read Eina SELFIE FOR TEACHERS\">Llegeix m\u00e9s\u00bb<\/a><\/p>\n","protected":false},"author":68,"featured_media":0,"parent":0,"menu_order":0,"comment_status":"closed","ping_status":"closed","template":"","meta":{"_bbp_topic_count":0,"_bbp_reply_count":0,"_bbp_total_topic_count":0,"_bbp_total_reply_count":0,"_bbp_voice_count":0,"_bbp_anonymous_reply_count":0,"_bbp_topic_count_hidden":0,"_bbp_reply_count_hidden":0,"_bbp_forum_subforum_count":0,"footnotes":""},"class_list":["post-9880","page","type-page","status-publish","hentry"],"post_mailing_queue_ids":[],"_links":{"self":[{"href":"https:\/\/projectes.xtec.cat\/edc-suport\/wp-json\/wp\/v2\/pages\/9880","targetHints":{"allow":["GET"]}}],"collection":[{"href":"https:\/\/projectes.xtec.cat\/edc-suport\/wp-json\/wp\/v2\/pages"}],"about":[{"href":"https:\/\/projectes.xtec.cat\/edc-suport\/wp-json\/wp\/v2\/types\/page"}],"author":[{"embeddable":true,"href":"https:\/\/projectes.xtec.cat\/edc-suport\/wp-json\/wp\/v2\/users\/68"}],"replies":[{"embeddable":true,"href":"https:\/\/projectes.xtec.cat\/edc-suport\/wp-json\/wp\/v2\/comments?post=9880"}],"version-history":[{"count":4,"href":"https:\/\/projectes.xtec.cat\/edc-suport\/wp-json\/wp\/v2\/pages\/9880\/revisions"}],"predecessor-version":[{"id":9973,"href":"https:\/\/projectes.xtec.cat\/edc-suport\/wp-json\/wp\/v2\/pages\/9880\/revisions\/9973"}],"wp:attachment":[{"href":"https:\/\/projectes.xtec.cat\/edc-suport\/wp-json\/wp\/v2\/media?parent=9880"}],"curies":[{"name":"wp","href":"https:\/\/api.w.org\/{rel}","templated":true}]}}