{"id":10106,"date":"2021-08-30T13:00:39","date_gmt":"2021-08-30T11:00:39","guid":{"rendered":"https:\/\/projectes.xtec.cat\/edc\/?page_id=10106"},"modified":"2023-03-16T21:04:21","modified_gmt":"2023-03-16T20:04:21","slug":"videos","status":"publish","type":"page","link":"https:\/\/projectes.xtec.cat\/edc\/videos\/","title":{"rendered":"V\u00eddeos"},"content":{"rendered":"<div class=\"wp-block-columns subratllat\">\n<div class=\"wp-block-column\">\n<h2>Ecosistema d&#8217;aplicacions<\/h2>\n<p>En aquest videotutorial es mostra una panor\u00e0mica de quines s\u00f3n les aplicacions que ajuden a gestionar el pla d&#8217;educaci\u00f3 digital de Catalunya.<\/p>\n<p><a class=\"button\" href=\"https:\/\/projectes.xtec.cat\/edc\/videos\/ecosistema-daplicacions\/\" rel=\"noopener\">Veure v\u00eddeotutorial<\/a><\/p>\n<\/div>\n<div class=\"wp-block-column\">\n<h2>INDIC<\/h2>\n<p>En aquest videotutorial es mostra una panor\u00e0mica de quines s\u00f3n les aplicacions que ajuden a gestionar el pla d&#8217;educaci\u00f3 digital de Catalunya.<\/p>\n<p><a class=\"button\" href=\"https:\/\/projectes.xtec.cat\/edc\/videos\/indic\/\" rel=\"noopener\">Veure v\u00eddeotutorial<\/a><br \/>\nRecurs relacionat: <a href=\"https:\/\/docs.google.com\/document\/d\/1nk9gL6yr61svkk4PlOeAva5wot04xnttD9nB0U1spiY\/view\" target=\"_blank\" rel=\"noopener\">Manual d&#8217;INDIC<\/a><\/p>\n<\/div>\n<\/div>\n<div class=\"wp-block-columns subratllat\">\n<div class=\"wp-block-column\">\n<h2>Pla d&#8217;acollida<\/h2>\n<p>En aquest videotutorial es mostra una panor\u00e0mica de quines s\u00f3n les aplicacions que ajuden a gestionar el pla d&#8217;educaci\u00f3 digital de Catalunya.<\/p>\n<p><a class=\"button\" href=\"https:\/\/projectes.xtec.cat\/edc\/videos\/pla-dacollida\/\" rel=\"noopener\">Veure v\u00eddeotutorial<\/a><\/p>\n<\/div>\n<div class=\"wp-block-column\">\n<\/div>\n<\/div>\n","protected":false},"excerpt":{"rendered":"<p>Ecosistema d&#8217;aplicacions<br \/>\nEn aquest videotutorial es mostra una panor\u00e0mica de quines s\u00f3n les aplicacions que ajuden a gestionar el pla d&#8217;educaci\u00f3 digital de Catalunya.<br \/>\n<a class=\"button\" href=\"https:\/\/projectes.xtec.cat\/edc\/videos\/ecosistema-daplicacions\/\" rel=\"noopener\">Veure v\u00eddeotutorial<\/a><\/p>\n<p>INDIC<br \/>\nEn aquest videotutorial es mostra una panor\u00e0mica de quines s\u00f3n les aplicacions que ajuden a gestionar el pla d&#8217;educaci\u00f3&hellip;  <a href=\"https:\/\/projectes.xtec.cat\/edc\/videos\/\" title=\"Read V\u00eddeos\">Llegeix m\u00e9s\u00bb<\/a><\/p>\n","protected":false},"author":2,"featured_media":0,"parent":0,"menu_order":0,"comment_status":"closed","ping_status":"closed","template":"page-templates\/side-menu.php","meta":{"_bbp_topic_count":0,"_bbp_reply_count":0,"_bbp_total_topic_count":0,"_bbp_total_reply_count":0,"_bbp_voice_count":0,"_bbp_anonymous_reply_count":0,"_bbp_topic_count_hidden":0,"_bbp_reply_count_hidden":0,"_bbp_forum_subforum_count":0,"footnotes":""},"class_list":["post-10106","page","type-page","status-publish","hentry"],"post_mailing_queue_ids":[],"_links":{"self":[{"href":"https:\/\/projectes.xtec.cat\/edc\/wp-json\/wp\/v2\/pages\/10106","targetHints":{"allow":["GET"]}}],"collection":[{"href":"https:\/\/projectes.xtec.cat\/edc\/wp-json\/wp\/v2\/pages"}],"about":[{"href":"https:\/\/projectes.xtec.cat\/edc\/wp-json\/wp\/v2\/types\/page"}],"author":[{"embeddable":true,"href":"https:\/\/projectes.xtec.cat\/edc\/wp-json\/wp\/v2\/users\/2"}],"replies":[{"embeddable":true,"href":"https:\/\/projectes.xtec.cat\/edc\/wp-json\/wp\/v2\/comments?post=10106"}],"version-history":[{"count":3,"href":"https:\/\/projectes.xtec.cat\/edc\/wp-json\/wp\/v2\/pages\/10106\/revisions"}],"predecessor-version":[{"id":11114,"href":"https:\/\/projectes.xtec.cat\/edc\/wp-json\/wp\/v2\/pages\/10106\/revisions\/11114"}],"wp:attachment":[{"href":"https:\/\/projectes.xtec.cat\/edc\/wp-json\/wp\/v2\/media?parent=10106"}],"curies":[{"name":"wp","href":"https:\/\/api.w.org\/{rel}","templated":true}]}}