{"id":10114,"date":"2021-08-30T15:52:52","date_gmt":"2021-08-30T13:52:52","guid":{"rendered":"https:\/\/projectes.xtec.cat\/edc\/?page_id=10114"},"modified":"2021-09-01T00:02:49","modified_gmt":"2021-08-31T22:02:49","slug":"alliberament-equips","status":"publish","type":"page","link":"https:\/\/projectes.xtec.cat\/edc\/videos\/inici-i-final-de-curs\/alliberament-equips\/","title":{"rendered":"Alliberament dels equips"},"content":{"rendered":"<p>Per &#8220;alliberament&#8221; s&#8217;ent\u00e9n el proc\u00e9s d&#8217;esborrat de les dades de l&#8217;usuari que deixa d&#8217;utilitzar l&#8217;equip. \u00c9s un proc\u00e9s necessari per garantir la privacitat de les dades dels usuaris.<\/p>\n<p>\u26a0 Aquest procediment no \u00e9s necessari si els t\u00e8cnics de suport ja han estat al vostre centre fent l&#8217;esborrat massiu (Juny-Setembre 2021) o si l&#8217;anterior coordinador\/a digital ja ha fet l&#8217;esborrat.<\/p>\n<div class=\"h5p-iframe-wrapper\"><iframe id=\"h5p-iframe-16\" class=\"h5p-iframe\" data-content-id=\"16\" style=\"height:1px\" src=\"about:blank\" frameBorder=\"0\" scrolling=\"no\" title=\"Alliberament d&#039;equips\"><\/iframe><\/div>\n","protected":false},"excerpt":{"rendered":"<p>Per &#8220;alliberament&#8221; s&#8217;ent\u00e9n el proc\u00e9s d&#8217;esborrat de les dades de l&#8217;usuari que deixa d&#8217;utilitzar l&#8217;equip. \u00c9s un proc\u00e9s necessari per garantir la privacitat de les dades dels usuaris.<br \/>\n\u26a0 Aquest procediment no \u00e9s necessari si els t\u00e8cnics de suport ja han estat al vostre centre fent&hellip;  <a href=\"https:\/\/projectes.xtec.cat\/edc\/videos\/inici-i-final-de-curs\/alliberament-equips\/\" title=\"Read Alliberament dels equips\">Llegeix m\u00e9s\u00bb<\/a><\/p>\n","protected":false},"author":2,"featured_media":0,"parent":9953,"menu_order":0,"comment_status":"closed","ping_status":"closed","template":"page-templates\/side-menu.php","meta":{"_bbp_topic_count":0,"_bbp_reply_count":0,"_bbp_total_topic_count":0,"_bbp_total_reply_count":0,"_bbp_voice_count":0,"_bbp_anonymous_reply_count":0,"_bbp_topic_count_hidden":0,"_bbp_reply_count_hidden":0,"_bbp_forum_subforum_count":0,"footnotes":""},"class_list":["post-10114","page","type-page","status-publish","hentry"],"post_mailing_queue_ids":[],"_links":{"self":[{"href":"https:\/\/projectes.xtec.cat\/edc\/wp-json\/wp\/v2\/pages\/10114","targetHints":{"allow":["GET"]}}],"collection":[{"href":"https:\/\/projectes.xtec.cat\/edc\/wp-json\/wp\/v2\/pages"}],"about":[{"href":"https:\/\/projectes.xtec.cat\/edc\/wp-json\/wp\/v2\/types\/page"}],"author":[{"embeddable":true,"href":"https:\/\/projectes.xtec.cat\/edc\/wp-json\/wp\/v2\/users\/2"}],"replies":[{"embeddable":true,"href":"https:\/\/projectes.xtec.cat\/edc\/wp-json\/wp\/v2\/comments?post=10114"}],"version-history":[{"count":4,"href":"https:\/\/projectes.xtec.cat\/edc\/wp-json\/wp\/v2\/pages\/10114\/revisions"}],"predecessor-version":[{"id":10192,"href":"https:\/\/projectes.xtec.cat\/edc\/wp-json\/wp\/v2\/pages\/10114\/revisions\/10192"}],"up":[{"embeddable":true,"href":"https:\/\/projectes.xtec.cat\/edc\/wp-json\/wp\/v2\/pages\/9953"}],"wp:attachment":[{"href":"https:\/\/projectes.xtec.cat\/edc\/wp-json\/wp\/v2\/media?parent=10114"}],"curies":[{"name":"wp","href":"https:\/\/api.w.org\/{rel}","templated":true}]}}