{"id":10457,"date":"2021-11-12T18:04:58","date_gmt":"2021-11-12T17:04:58","guid":{"rendered":"https:\/\/projectes.xtec.cat\/edc\/?page_id=10457"},"modified":"2023-03-22T08:53:46","modified_gmt":"2023-03-22T07:53:46","slug":"intune","status":"publish","type":"page","link":"https:\/\/projectes.xtec.cat\/edc\/intune\/","title":{"rendered":"Intune"},"content":{"rendered":"<p>En aquest v\u00eddeo, veureu les funcionalitats del portal <em><strong>Intune<\/strong><\/em> que permet l&#8217;administraci\u00f3 remota dels ordinadors windows del Pla Digital:<\/p>\n<div><\/div>\n<div><\/div>\n<div class=\"video-responsive\"><iframe loading=\"lazy\" title=\"YouTube video player\" src=\"https:\/\/www.youtube.com\/embed\/iEkavClDbIs?rel=0\" width=\"560\" height=\"315\" frameborder=\"0\" allowfullscreen=\"allowfullscreen\"><\/iframe><\/div>\n<div><\/div>\n<div>\n<table style=\"border-collapse: collapse; width: 100%;\">\n<tbody>\n<tr>\n<td style=\"width: 100%; border-style: solid; border-color: #ff0018; text-align: center;\">\n<h3><a href=\"https:\/\/intuneeducation.portal.azure.com\"><span style=\"color: #ff0000;\">Acc\u00e9s al portal <span style=\"text-decoration: underline;\"><strong><em>Intune for Education<\/em><\/strong><\/span><\/span><\/a><\/h3>\n<\/td>\n<\/tr>\n<\/tbody>\n<\/table>\n<\/div>\n<hr \/>\n<p><span style=\"color: #ff0000;\"><strong>\u26a0\ufe0f ATENCI\u00d3:<\/strong><\/span><\/p>\n<ul>\n<li style=\"list-style-type: none;\">\n<ul>\n<li style=\"list-style-type: none;\">\n<ul>\n<li>L&#8217;acc\u00e9s al portal <strong><em>Intune for Education<\/em><\/strong> est\u00e0 reservat a les persones a qui la direcci\u00f3 del centre educatiu hagi assignat el rol d&#8217;administraci\u00f3 dels equips Windows, tal com s&#8217;explica en <a href=\"https:\/\/projectes.xtec.cat\/edc\/pmf\/com-es-designen-les-persones-amb-rol-dadministracio-dels-equips-amb-windows-10\/\">aquesta pregunta freq\u00fcent<\/a>.<\/li>\n<li>Per accedir al portal <em><strong>Intune for Education<\/strong><\/em> s&#8217;ha d&#8217;escriure al navegador web l&#8217;adre\u00e7a: <a href=\"https:\/\/intuneeducation.portal.azure.com\">intuneeducation.portal.azure.com<\/a><\/li>\n<li>Les accions de restauraci\u00f3 d&#8217;equips <strong>factory reset<\/strong> i <strong>autopilot reset<\/strong> no tenen marxa enrere! Abans d&#8217;aplicar-les, assegureu-vos que ho esteu fent sobre el dispositiu que realment ho necessita, i assegureu-vos que les persones usu\u00e0ries dels equips hagin fet c\u00f2pia de seguretat de totes les dades que vulguin conservar.<\/li>\n<li><span style=\"font-weight: 400;\">L&#8217;oficina t\u00e8cnica del projecte recomana fer un <strong>factory reset<\/strong> per dur a terme una neteja a fons dels equips, o quan s&#8217;hagi de reassignar un equip a un altre usuari\/\u00e0ria. Durant el proc\u00e9s de restabliment, cal que els dispositius estiguin <strong>connectats a la xarxa el\u00e8ctrica i a Internet<\/strong>. Els processos de neteja poden durar m\u00e9s de <strong>30 minuts<\/strong>. Si heu programat un <strong>factory reset<\/strong>, caldr\u00e0 tornar a enrolar l&#8217;equip a <strong>Intune <\/strong>un cop finalitzat el proc\u00e9s. Aquest enrolament es far\u00e0 de manera autom\u00e0tica quan el nou usuari o usu\u00e0ria de l\u2019equip hi introdueixi les seves credencials.<\/span><\/li>\n<\/ul>\n<\/li>\n<\/ul>\n<\/li>\n<\/ul>\n","protected":false},"excerpt":{"rendered":"<p>En aquest v\u00eddeo, veureu les funcionalitats del portal Intune que permet l&#8217;administraci\u00f3 remota dels ordinadors windows del Pla Digital:<\/p>\n<p><a href=\"https:\/\/intuneeducation.portal.azure.com\">Acc\u00e9s al portal Intune for Education<\/a><\/p>\n<p>\u26a0\ufe0f ATENCI\u00d3:<\/p>\n<ul>\n<li style=\"list-style-type: none;\">\n<ul>\n<li style=\"list-style-type: none;\">\n<ul>\n<li>L&#8217;acc\u00e9s al portal Intune for Education est\u00e0 reservat a les persones a qui la direcci\u00f3 del&hellip;  <a href=\"https:\/\/projectes.xtec.cat\/edc\/intune\/\" title=\"Read Intune\">Llegeix m\u00e9s\u00bb<\/a><br \/>\n","protected":false},"author":1,"featured_media":0,"parent":0,"menu_order":0,"comment_status":"closed","ping_status":"closed","template":"","meta":{"_bbp_topic_count":0,"_bbp_reply_count":0,"_bbp_total_topic_count":0,"_bbp_total_reply_count":0,"_bbp_voice_count":0,"_bbp_anonymous_reply_count":0,"_bbp_topic_count_hidden":0,"_bbp_reply_count_hidden":0,"_bbp_forum_subforum_count":0,"footnotes":""},"class_list":["post-10457","page","type-page","status-publish","hentry"],"post_mailing_queue_ids":[],"_links":{"self":[{"href":"https:\/\/projectes.xtec.cat\/edc\/wp-json\/wp\/v2\/pages\/10457","targetHints":{"allow":["GET"]}}],"collection":[{"href":"https:\/\/projectes.xtec.cat\/edc\/wp-json\/wp\/v2\/pages"}],"about":[{"href":"https:\/\/projectes.xtec.cat\/edc\/wp-json\/wp\/v2\/types\/page"}],"author":[{"embeddable":true,"href":"https:\/\/projectes.xtec.cat\/edc\/wp-json\/wp\/v2\/users\/1"}],"replies":[{"embeddable":true,"href":"https:\/\/projectes.xtec.cat\/edc\/wp-json\/wp\/v2\/comments?post=10457"}],"version-history":[{"count":3,"href":"https:\/\/projectes.xtec.cat\/edc\/wp-json\/wp\/v2\/pages\/10457\/revisions"}],"predecessor-version":[{"id":11121,"href":"https:\/\/projectes.xtec.cat\/edc\/wp-json\/wp\/v2\/pages\/10457\/revisions\/11121"}],"wp:attachment":[{"href":"https:\/\/projectes.xtec.cat\/edc\/wp-json\/wp\/v2\/media?parent=10457"}],"curies":[{"name":"wp","href":"https:\/\/api.w.org\/{rel}","templated":true}]}}