{"id":10530,"date":"2022-03-29T17:48:12","date_gmt":"2022-03-29T15:48:12","guid":{"rendered":"https:\/\/projectes.xtec.cat\/edc\/?page_id=10530"},"modified":"2022-09-29T13:14:45","modified_gmt":"2022-09-29T11:14:45","slug":"canvis-microsoft-365-xtec-cat","status":"publish","type":"page","link":"https:\/\/projectes.xtec.cat\/edc\/canvis-microsoft-365-xtec-cat\/","title":{"rendered":"Canvis en l\u2019acc\u00e9s als serveis \u201cMicrosoft 365\u201d amb identificador \u201c@xtec.cat\u201d"},"content":{"rendered":"<p class=\"destacat\"><strong>IMPORTANT:<\/strong> Les actuacions anunciades en aquesta p\u00e0gina, que s&#8217;havien comunicat tamb\u00e9 mitjan\u00e7ant el correu corporatiu XTEC a totes les persones afectades, van ser executades d&#8217;acord amb el calendari previst. Tal com es va anunciar en el seu moment, la inst\u00e0ncia &#8220;Microsoft 365&#8221; del domini &#8220;xtec.cat&#8221; ha estat totalment eliminada i ja no \u00e9s possible accedir-hi.<\/p>\n<p class=\"destacat\"><strong>IMPORTANT:<\/strong> Aquesta informaci\u00f3 fa refer\u00e8ncia \u00fanicament als serveis \u201cMicrosoft 365\u201d vinculats actualment per error al domini \u201cxtec.cat\u201d. Els serveis corporatius Google Workspace de la XTEC (Drive, correu electr\u00f2nic, calendaris, etc.) segueixen funcionant sense cap alteraci\u00f3.<\/p>\n<p><span class=\"TextRun SCXW116296882 BCX9\" lang=\"CA-ES\" xml:lang=\"CA-ES\" data-contrast=\"auto\"><span class=\"NormalTextRun SCXW116296882 BCX9\">S&#8217;ha detectat l\u2019exist\u00e8ncia d\u2019una inst\u00e0ncia de serveis \u201cMicrosoft 365\u201d vinculada al domini d\u2019Internet \u201c<\/span><span class=\"NormalTextRun SCXW116296882 BCX9\">xtec<\/span><span class=\"NormalTextRun SCXW116296882 BCX9\">.cat\u201d. Aquesta inst\u00e0ncia no \u00e9s administrada ni t\u00e9 cap relaci\u00f3 directa amb la Generalitat de Catalunya, titular i responsable legal del domini<\/span><span class=\"NormalTextRun SCXW116296882 BCX9\">.<\/span><\/span><\/p>\n<p>El Departament d\u2019Educaci\u00f3 ha sol\u00b7licitat el control d\u2019aquesta inst\u00e0ncia, que havia estat creada sense que Microsoft, com a prove\u00efdor del servei, en verifiqu\u00e9s la titularitat real del domini.<\/p>\n<p>Est\u00e0 previst activar pr\u00f2ximament els serveis \u201cOffice 365\u201d i \u201cOneDrive\u201d per a tots els docents de Catalunya que desitgin utilitzar-los. L\u2019activaci\u00f3 d\u2019aquests serveis es far\u00e0 sobre el domini \u201cedu.gencat.cat\u201d, i funcionar\u00e0 amb les mateixes credencials utilitzades actualment per a iniciar sessi\u00f3 als port\u00e0tils del Pla d\u2019Educaci\u00f3 Digital de Catalunya. L\u2019activaci\u00f3 d\u2019aquest nou servei \u00e9s incompatible amb l\u2019exist\u00e8ncia de l\u2019actual inst\u00e0ncia de \u201cMicrosoft 365\u201d sobre el domini \u201cxtec.cat\u201d.<\/p>\n<p>Per aquest motiu, durant el curs 2021-2022 es duran a terme tres actuacions:<\/p>\n<h4>Canvi del domini d&#8217;acc\u00e9s<\/h4>\n<p>A partir del <strong>divendres 8 d\u2019abril de 2022<\/strong>, l\u2019acc\u00e9s als serveis \u201cMicrosoft 365\u201d (<em>Office365<\/em>, <em>OneDrive<\/em>, <em>Teams<\/em>, etc.) que fins ara f\u00e8ieu amb el vostre identificador \u201c<strong>@xtec.cat<\/strong>\u201d s\u2019haur\u00e0 de fer amb el mateix nom d\u2019usuari seguit de: \u201c<strong>@xteccat.onmicrosoft.com<\/strong>\u201d.<\/p>\n<p>Per exemple, si fins ara utilitz\u00e0veu l\u2019identificador \u201c<em>ncognom123@xtec.cat<\/em>\u201d, a partir del 8 d\u2019abril haureu de fer servir: \u201c<em>ncognom123@xteccat.onmicrosoft.com<\/em>\u201d.<\/p>\n<p>La contrasenya no canvia, podeu seguir utilitzant la mateixa.<\/p>\n<h4>Tancament de l&#8217;actual inst\u00e0ncia de serveis MS365 sobre &#8220;xtec.cat&#8221;<\/h4>\n<p>Els serveis &#8220;Microsoft 365\u201d fins ara vinculats al domini \u201cxtec.cat\u201d <strong>deixaran d\u2019estar operatius en acabar el curs escolar 2021-22<\/strong>. La data aproximada de finalitzaci\u00f3 del servei ser\u00e0 el 15 de juliol de 2022.<\/p>\n<p>Us preguem doncs que abans d\u2019aquesta data us descarregueu i guardeu els documents que tingueu actualment emmagatzemats en aquests serveis. Una bona opci\u00f3 pot ser pujar-los a una carpeta del servei &#8220;Google Drive&#8221; associat al vostre usuari XTEC.<\/p>\n<h4>Activaci\u00f3 de la nova inst\u00e0ncia de serveis MS365 sobre &#8220;edu.gencat.cat&#8221;<\/h4>\n<p>El Departament d&#8217;Educaci\u00f3 t\u00e9 previst activar a principis del curs 2022-2023 la nova inst\u00e0ncia de serveis \u201cMicrosoft 365\u201d sobre el domini \u201cedu.gencat.cat\u201d. Quan s&#8217;activi, podreu pujar a aquesta plataforma els documents que heu guardat en el pas anterior.<\/p>\n<p><strong>IMPORTANT:<\/strong> No es far\u00e0 cap migraci\u00f3 de documents entre els dos dominis. Cal que cada\u00a0 usuari descarregui els documents de la inst\u00e0ncia actual, els guardi i els pugi al nou domini quan estigui disponible.<\/p>\n","protected":false},"excerpt":{"rendered":"<p>IMPORTANT: Les actuacions anunciades en aquesta p\u00e0gina, que s&#8217;havien comunicat tamb\u00e9 mitjan\u00e7ant el correu corporatiu XTEC a totes les persones afectades, van ser executades d&#8217;acord amb el calendari previst. Tal com es va anunciar en el seu moment, la inst\u00e0ncia &#8220;Microsoft 365&#8221; del domini &#8220;xtec.cat&#8221;&hellip;  <a href=\"https:\/\/projectes.xtec.cat\/edc\/canvis-microsoft-365-xtec-cat\/\" title=\"Read Canvis en l\u2019acc\u00e9s als serveis \u201cMicrosoft 365\u201d amb identificador \u201c@xtec.cat\u201d\">Llegeix m\u00e9s\u00bb<\/a><\/p>\n","protected":false},"author":143,"featured_media":0,"parent":0,"menu_order":0,"comment_status":"closed","ping_status":"closed","template":"","meta":{"_bbp_topic_count":0,"_bbp_reply_count":0,"_bbp_total_topic_count":0,"_bbp_total_reply_count":0,"_bbp_voice_count":0,"_bbp_anonymous_reply_count":0,"_bbp_topic_count_hidden":0,"_bbp_reply_count_hidden":0,"_bbp_forum_subforum_count":0,"footnotes":""},"class_list":["post-10530","page","type-page","status-publish","hentry"],"post_mailing_queue_ids":[],"_links":{"self":[{"href":"https:\/\/projectes.xtec.cat\/edc\/wp-json\/wp\/v2\/pages\/10530","targetHints":{"allow":["GET"]}}],"collection":[{"href":"https:\/\/projectes.xtec.cat\/edc\/wp-json\/wp\/v2\/pages"}],"about":[{"href":"https:\/\/projectes.xtec.cat\/edc\/wp-json\/wp\/v2\/types\/page"}],"author":[{"embeddable":true,"href":"https:\/\/projectes.xtec.cat\/edc\/wp-json\/wp\/v2\/users\/143"}],"replies":[{"embeddable":true,"href":"https:\/\/projectes.xtec.cat\/edc\/wp-json\/wp\/v2\/comments?post=10530"}],"version-history":[{"count":3,"href":"https:\/\/projectes.xtec.cat\/edc\/wp-json\/wp\/v2\/pages\/10530\/revisions"}],"predecessor-version":[{"id":10933,"href":"https:\/\/projectes.xtec.cat\/edc\/wp-json\/wp\/v2\/pages\/10530\/revisions\/10933"}],"wp:attachment":[{"href":"https:\/\/projectes.xtec.cat\/edc\/wp-json\/wp\/v2\/media?parent=10530"}],"curies":[{"name":"wp","href":"https:\/\/api.w.org\/{rel}","templated":true}]}}