{"id":10552,"date":"2022-05-19T08:02:38","date_gmt":"2022-05-19T06:02:38","guid":{"rendered":"https:\/\/projectes.xtec.cat\/edc\/?page_id=10552"},"modified":"2022-05-31T12:56:23","modified_gmt":"2022-05-31T10:56:23","slug":"creacio-del-llistat-dequips-de-docents-a-restablir","status":"publish","type":"page","link":"https:\/\/projectes.xtec.cat\/edc\/restabliment-dequips-per-al-canvi-de-curs\/windows\/creacio-del-llistat-dequips-de-docents-a-restablir\/","title":{"rendered":"2. Creaci\u00f3 del llistat d&#8217;equips de docents a restablir"},"content":{"rendered":"<p><em>\ud83d\udc49 Aquesta tasca ha de ser realitzada per alg\u00fa amb permisos d&#8217;acc\u00e9s a INDIC (normalment algun membre de l&#8217;equip directiu, un coordinador\/a digital o un membre de la comissi\u00f3 digital)<\/em><\/p>\n<p>Aquest pas est\u00e0 format per dos accions:<\/p>\n<h2>Filtratge dels equips amb INDIC<\/h2>\n<p>Aneu a <strong>INDIC <\/strong>&#8211;&gt; <strong>Equipaments<\/strong> i seleccioneu els filtres desitjats. Per exemple, si voleu restablir els port\u00e0tils de docents:<\/p>\n<ul>\n<li>Perfil: Docent<\/li>\n<li>Tipus: Port\u00e0til<\/li>\n<\/ul>\n<p>En pr\u00e9mer el bot\u00f3 <strong>Filtra <\/strong>us apareixeran tots els port\u00e0tils Windows dels docents del centre.<\/p>\n<h2>Selecci\u00f3 dels equips a restablir<\/h2>\n<p>INDIC permet seleccionar els equips un a un mitjan\u00e7ant les <strong>caselles de selecci\u00f3<\/strong> ubicades a l&#8217;esquerra de la taula.<\/p>\n<p><a href=\"https:\/\/projectes.xtec.cat\/edc\/wp-content\/uploads\/usu2268\/2022\/05\/indic-docents.png\"><img loading=\"lazy\" decoding=\"async\" class=\"alignnone size-large wp-image-10656 ambvora\" src=\"https:\/\/projectes.xtec.cat\/edc\/wp-content\/uploads\/usu2268\/2022\/05\/indic-docents-1024x550.png\" alt=\"\" width=\"1024\" height=\"550\" srcset=\"https:\/\/projectes.xtec.cat\/edc\/wp-content\/uploads\/usu2268\/2022\/05\/indic-docents-1024x550.png 1024w, https:\/\/projectes.xtec.cat\/edc\/wp-content\/uploads\/usu2268\/2022\/05\/indic-docents-300x161.png 300w, https:\/\/projectes.xtec.cat\/edc\/wp-content\/uploads\/usu2268\/2022\/05\/indic-docents-768x413.png 768w, https:\/\/projectes.xtec.cat\/edc\/wp-content\/uploads\/usu2268\/2022\/05\/indic-docents-1536x825.png 1536w, https:\/\/projectes.xtec.cat\/edc\/wp-content\/uploads\/usu2268\/2022\/05\/indic-docents.png 1677w\" sizes=\"auto, (max-width: 1024px) 100vw, 1024px\" \/><\/a><\/p>\n<p>\u26a0\ufe0f Si teniu m\u00e9s de 10 equips a restablir, seleccioneu el nombre de registres a mostrar en &#8220;Tots&#8221;.<\/p>\n<p><a href=\"https:\/\/projectes.xtec.cat\/edc\/wp-content\/uploads\/usu2268\/2022\/05\/indic-docents2.png\"><img loading=\"lazy\" decoding=\"async\" class=\"alignnone size-large wp-image-10657 ambvora\" src=\"https:\/\/projectes.xtec.cat\/edc\/wp-content\/uploads\/usu2268\/2022\/05\/indic-docents2-1024x209.png\" alt=\"\" width=\"1024\" height=\"209\" srcset=\"https:\/\/projectes.xtec.cat\/edc\/wp-content\/uploads\/usu2268\/2022\/05\/indic-docents2-1024x209.png 1024w, https:\/\/projectes.xtec.cat\/edc\/wp-content\/uploads\/usu2268\/2022\/05\/indic-docents2-300x61.png 300w, https:\/\/projectes.xtec.cat\/edc\/wp-content\/uploads\/usu2268\/2022\/05\/indic-docents2-768x156.png 768w, https:\/\/projectes.xtec.cat\/edc\/wp-content\/uploads\/usu2268\/2022\/05\/indic-docents2-1536x313.png 1536w, https:\/\/projectes.xtec.cat\/edc\/wp-content\/uploads\/usu2268\/2022\/05\/indic-docents2.png 1654w\" sizes=\"auto, (max-width: 1024px) 100vw, 1024px\" \/><\/a><\/p>\n<p>En fer clic al bot\u00f3 d&#8217;exportaci\u00f3 de selecci\u00f3 es genera un fitxer amb els equips a restablir, \u00e9s el fitxer que cal adjuntar a la <a href=\"https:\/\/projectes.xtec.cat\/edc\/restabliment-dequips-amb-canvi-de-curs\/4-peticio-restabliment-dels-equips-dels-alumnes\/\" rel=\"noopener\">petici\u00f3 de restabliment d&#8217;equips<\/a>.<\/p>\n","protected":false},"excerpt":{"rendered":"<p>\ud83d\udc49 Aquesta tasca ha de ser realitzada per alg\u00fa amb permisos d&#8217;acc\u00e9s a INDIC (normalment algun membre de l&#8217;equip directiu, un coordinador\/a digital o un membre de la comissi\u00f3 digital)<br \/>\nAquest pas est\u00e0 format per dos accions:<br \/>\nFiltratge dels equips amb INDIC<br \/>\nAneu a INDIC &#8211;&gt; Equipaments i&hellip;  <a href=\"https:\/\/projectes.xtec.cat\/edc\/restabliment-dequips-per-al-canvi-de-curs\/windows\/creacio-del-llistat-dequips-de-docents-a-restablir\/\" title=\"Read 2. Creaci\u00f3 del llistat d&#8217;equips de docents a restablir\">Llegeix m\u00e9s\u00bb<\/a><\/p>\n","protected":false},"author":2,"featured_media":0,"parent":10687,"menu_order":20,"comment_status":"closed","ping_status":"closed","template":"page-templates\/side-menu.php","meta":{"_bbp_topic_count":0,"_bbp_reply_count":0,"_bbp_total_topic_count":0,"_bbp_total_reply_count":0,"_bbp_voice_count":0,"_bbp_anonymous_reply_count":0,"_bbp_topic_count_hidden":0,"_bbp_reply_count_hidden":0,"_bbp_forum_subforum_count":0,"footnotes":""},"class_list":["post-10552","page","type-page","status-publish","hentry"],"post_mailing_queue_ids":[],"_links":{"self":[{"href":"https:\/\/projectes.xtec.cat\/edc\/wp-json\/wp\/v2\/pages\/10552","targetHints":{"allow":["GET"]}}],"collection":[{"href":"https:\/\/projectes.xtec.cat\/edc\/wp-json\/wp\/v2\/pages"}],"about":[{"href":"https:\/\/projectes.xtec.cat\/edc\/wp-json\/wp\/v2\/types\/page"}],"author":[{"embeddable":true,"href":"https:\/\/projectes.xtec.cat\/edc\/wp-json\/wp\/v2\/users\/2"}],"replies":[{"embeddable":true,"href":"https:\/\/projectes.xtec.cat\/edc\/wp-json\/wp\/v2\/comments?post=10552"}],"version-history":[{"count":4,"href":"https:\/\/projectes.xtec.cat\/edc\/wp-json\/wp\/v2\/pages\/10552\/revisions"}],"predecessor-version":[{"id":10761,"href":"https:\/\/projectes.xtec.cat\/edc\/wp-json\/wp\/v2\/pages\/10552\/revisions\/10761"}],"up":[{"embeddable":true,"href":"https:\/\/projectes.xtec.cat\/edc\/wp-json\/wp\/v2\/pages\/10687"}],"wp:attachment":[{"href":"https:\/\/projectes.xtec.cat\/edc\/wp-json\/wp\/v2\/media?parent=10552"}],"curies":[{"name":"wp","href":"https:\/\/api.w.org\/{rel}","templated":true}]}}