{"id":10559,"date":"2022-05-19T09:30:40","date_gmt":"2022-05-19T07:30:40","guid":{"rendered":"https:\/\/projectes.xtec.cat\/edc\/?page_id=10559"},"modified":"2022-07-12T12:16:34","modified_gmt":"2022-07-12T10:16:34","slug":"5-peticio-desborrat-i-posada-a-punt-dels-equips-dels-docents","status":"publish","type":"page","link":"https:\/\/projectes.xtec.cat\/edc\/restabliment-dequips-per-al-canvi-de-curs\/windows\/5-peticio-desborrat-i-posada-a-punt-dels-equips-dels-docents\/","title":{"rendered":"5. Petici\u00f3 de restabliment dels equips dels docents"},"content":{"rendered":"<h2>Obrir petici\u00f3 al portal d&#8217;autoservei<\/h2>\n<p><em>\ud83d\udc49 Aquesta tasca ha de ser realitzada per la coordinaci\u00f3 digital, l&#8217;equip directiu o algun membre de la comissi\u00f3 digital amb permisos d&#8217;acc\u00e9s al portal d&#8217;autoservei<\/em><\/p>\n<p>Obriu una petici\u00f3 al <a href=\"https:\/\/pautic.gencat.cat\" target=\"_blank\" rel=\"noopener\">portal d&#8217;autoservei<\/a> (Remedy, Pautic) a<strong> Necessito Demanar<\/strong> &#8211;&gt; <strong>Configuraci\u00f3 de l&#8217;ordinador CISE<\/strong> amb les seg\u00fcents dades:<\/p>\n<ul>\n<li><strong>Indiqui a qui pertany l&#8217;equipament:<\/strong> Assignat a docent o \u00fas del centre educatiu.<\/li>\n<li><strong>\u00c9s un equip o m\u00e9s d&#8217;un equip:<\/strong> M\u00e9s d&#8217;un equip.<\/li>\n<li>Adjunteu el fitxer amb els equips a restablir a la part superior fent clic al signe &#8220;+&#8221;.<br \/>\nEl fitxer ha de contenir una columna <strong>SACE<\/strong>, que contingui els n\u00fameros SACE. Podeu adjuntar el fitxer generat per l&#8217;INDIC (pas 2). La resta de columnes diferents de la columna SACE s&#8217;ignoraran.<\/li>\n<\/ul>\n<p><a href=\"https:\/\/projectes.xtec.cat\/edc\/wp-content\/uploads\/usu2268\/2022\/05\/remedy_rest_doc.png\"><img loading=\"lazy\" decoding=\"async\" class=\"ambvora alignnone wp-image-10640 size-full\" src=\"https:\/\/projectes.xtec.cat\/edc\/wp-content\/uploads\/usu2268\/2022\/05\/remedy_rest_doc-e1652965222843.png\" alt=\"\" width=\"781\" height=\"628\" srcset=\"https:\/\/projectes.xtec.cat\/edc\/wp-content\/uploads\/usu2268\/2022\/05\/remedy_rest_doc-e1652965222843.png 781w, https:\/\/projectes.xtec.cat\/edc\/wp-content\/uploads\/usu2268\/2022\/05\/remedy_rest_doc-e1652965222843-300x241.png 300w, https:\/\/projectes.xtec.cat\/edc\/wp-content\/uploads\/usu2268\/2022\/05\/remedy_rest_doc-e1652965222843-768x618.png 768w\" sizes=\"auto, (max-width: 781px) 100vw, 781px\" \/><\/a><\/p>\n<p>\u26a0\ufe0f La data l\u00edmit per realitzar aquesta petici\u00f3 \u00e9s el <strong>15 de juliol<\/strong> de 2022.<\/p>\n","protected":false},"excerpt":{"rendered":"<p>Obrir petici\u00f3 al portal d&#8217;autoservei<br \/>\n\ud83d\udc49 Aquesta tasca ha de ser realitzada per la coordinaci\u00f3 digital, l&#8217;equip directiu o algun membre de la comissi\u00f3 digital amb permisos d&#8217;acc\u00e9s al portal d&#8217;autoservei<br \/>\nObriu una petici\u00f3 al <a href=\"https:\/\/pautic.gencat.cat\" target=\"_blank\" rel=\"noopener\">portal d&#8217;autoservei<\/a> (Remedy, Pautic) a Necessito Demanar &#8211;&gt; Configuraci\u00f3&hellip;  <a href=\"https:\/\/projectes.xtec.cat\/edc\/restabliment-dequips-per-al-canvi-de-curs\/windows\/5-peticio-desborrat-i-posada-a-punt-dels-equips-dels-docents\/\" title=\"Read 5. Petici\u00f3 de restabliment dels equips dels docents\">Llegeix m\u00e9s\u00bb<\/a><\/p>\n","protected":false},"author":2,"featured_media":0,"parent":10687,"menu_order":50,"comment_status":"closed","ping_status":"closed","template":"page-templates\/side-menu.php","meta":{"_bbp_topic_count":0,"_bbp_reply_count":0,"_bbp_total_topic_count":0,"_bbp_total_reply_count":0,"_bbp_voice_count":0,"_bbp_anonymous_reply_count":0,"_bbp_topic_count_hidden":0,"_bbp_reply_count_hidden":0,"_bbp_forum_subforum_count":0,"footnotes":""},"class_list":["post-10559","page","type-page","status-publish","hentry"],"post_mailing_queue_ids":[],"_links":{"self":[{"href":"https:\/\/projectes.xtec.cat\/edc\/wp-json\/wp\/v2\/pages\/10559","targetHints":{"allow":["GET"]}}],"collection":[{"href":"https:\/\/projectes.xtec.cat\/edc\/wp-json\/wp\/v2\/pages"}],"about":[{"href":"https:\/\/projectes.xtec.cat\/edc\/wp-json\/wp\/v2\/types\/page"}],"author":[{"embeddable":true,"href":"https:\/\/projectes.xtec.cat\/edc\/wp-json\/wp\/v2\/users\/2"}],"replies":[{"embeddable":true,"href":"https:\/\/projectes.xtec.cat\/edc\/wp-json\/wp\/v2\/comments?post=10559"}],"version-history":[{"count":3,"href":"https:\/\/projectes.xtec.cat\/edc\/wp-json\/wp\/v2\/pages\/10559\/revisions"}],"predecessor-version":[{"id":10845,"href":"https:\/\/projectes.xtec.cat\/edc\/wp-json\/wp\/v2\/pages\/10559\/revisions\/10845"}],"up":[{"embeddable":true,"href":"https:\/\/projectes.xtec.cat\/edc\/wp-json\/wp\/v2\/pages\/10687"}],"wp:attachment":[{"href":"https:\/\/projectes.xtec.cat\/edc\/wp-json\/wp\/v2\/media?parent=10559"}],"curies":[{"name":"wp","href":"https:\/\/api.w.org\/{rel}","templated":true}]}}