{"id":10563,"date":"2022-05-19T09:33:17","date_gmt":"2022-05-19T07:33:17","guid":{"rendered":"https:\/\/projectes.xtec.cat\/edc\/?page_id=10563"},"modified":"2022-07-12T12:18:20","modified_gmt":"2022-07-12T10:18:20","slug":"restabliment-equips","status":"publish","type":"page","link":"https:\/\/projectes.xtec.cat\/edc\/restabliment-dequips-per-al-canvi-de-curs\/windows\/restabliment-equips\/","title":{"rendered":"6. Restabliment dels equips"},"content":{"rendered":"<p><em>\ud83d\udc49 Aquesta tasca \u00e9s executada per l&#8217;oficina t\u00e8cnica del projecte (no cal intervenci\u00f3 per part del centre)<\/em><\/p>\n<p>Es comen\u00e7aran a processar les peticions de restabliment a partir del 30 de juny.<\/p>\n<p>Des de l&#8217;oficina t\u00e8cnica del projecte:<\/p>\n<ol>\n<li>S\u2019enviar\u00e0 una ordre remota de restabliment a tots els equips definits en el llistat d&#8217;equips a restablir (veure apartat <a href=\"https:\/\/projectes.xtec.cat\/edc\/restabliment-dequips-amb-canvi-de-curs\/creacio-del-llistat-dequips-dalumnes-a-restablir\/\">alumnat<\/a> o <a href=\"https:\/\/projectes.xtec.cat\/edc\/restabliment-dequips-amb-canvi-de-curs\/creacio-del-llistat-dequips-de-docents-a-restablir\/\">docents<\/a>).<\/li>\n<li>En la petici\u00f3 de restabliment feta al portal d&#8217;autoservei (Remedy\/Pautic) es notificar\u00e0 que s&#8217;ha tram\u00e8s l&#8217;ordre de restabliment als equips demanats.<\/li>\n<li>Una vegada feta la neteja i posada a punt dels equips, es tancar\u00e0 la petici\u00f3 amb l&#8217;estat de restabliment dels equips (avisant de quins equips no s&#8217;han pogut restablir).<\/li>\n<\/ol>\n<h2>Docents<\/h2>\n<p>Una vegada feta la petici\u00f3, es programar\u00e0 una ordre remota de restabliment de l&#8217;equip que fa una <strong>neteja completa<\/strong> de l&#8217;equip. Una vegada rebuda, l&#8217;ordre s&#8217;executa en el seg\u00fcent inici de sessi\u00f3 de l&#8217;equip (de manera similar a les actualitzacions de Windows). <span style=\"font-weight: 400;\">En aquest tipus de restabliment:<\/span><\/p>\n<ul>\n<li><span style=\"font-weight: 400;\">No es conserva la configuraci\u00f3 WiFi. <\/span><\/li>\n<li><span style=\"font-weight: 400;\">El proc\u00e9s dura 30 minuts aproximadament. <\/span><\/li>\n<li><span style=\"font-weight: 400;\">Durant el proc\u00e9s, c<\/span><span style=\"font-weight: 400;\">al tenir l&#8217;equip connectat al corrent o amb la bateria carregada (&gt;90%).\u00a0<\/span><\/li>\n<\/ul>\n<h2>Alumnes<\/h2>\n<p><span style=\"font-weight: 400;\">A partir del<strong> 12 de setembre<\/strong> i amb els primers inicis de sessi\u00f3 dels nous alumnes,<\/span> es far\u00e0 la<strong> neteja de les dades dels usuaris antics<\/strong>. En aquest tipus de restabliment:<\/p>\n<ul>\n<li>Es mantenen les aplicacions instal\u00b7lades i la configuraci\u00f3 Wifi de l&#8217;equip.<\/li>\n<li>La neteja es fa en segon pla (l&#8217;usuari actiu no percep res).<\/li>\n<li>El proc\u00e9s dura uns pocs minuts i, per tant, amb un 10% de bateria o m\u00e9s, no cal tenir l&#8217;equip connectat al corrent.<\/li>\n<\/ul>\n<p>\u26a0\ufe0f \u00c9s necessari iniciar sessi\u00f3 amb els usuaris dels nous alumnes en els equips a restablir abans del<strong> 7 d&#8217;octubre<\/strong> de 2022. A partir d&#8217;aquesta data, l&#8217;ordre de restabliment tramesa als equips quedar\u00e0 inactiva.<\/p>\n<p>&nbsp;<\/p>\n","protected":false},"excerpt":{"rendered":"<p>\ud83d\udc49 Aquesta tasca \u00e9s executada per l&#8217;oficina t\u00e8cnica del projecte (no cal intervenci\u00f3 per part del centre)<br \/>\nEs comen\u00e7aran a processar les peticions de restabliment a partir del 30 de juny.<br \/>\nDes de l&#8217;oficina t\u00e8cnica del projecte:<\/p>\n<ol>\n<li>S\u2019enviar\u00e0 una ordre remota de restabliment a tots els equips definits&hellip;  <a href=\"https:\/\/projectes.xtec.cat\/edc\/restabliment-dequips-per-al-canvi-de-curs\/windows\/restabliment-equips\/\" title=\"Read 6. Restabliment dels equips\">Llegeix m\u00e9s\u00bb<\/a><br \/>\n","protected":false},"author":2,"featured_media":0,"parent":10687,"menu_order":60,"comment_status":"closed","ping_status":"closed","template":"page-templates\/side-menu.php","meta":{"_bbp_topic_count":0,"_bbp_reply_count":0,"_bbp_total_topic_count":0,"_bbp_total_reply_count":0,"_bbp_voice_count":0,"_bbp_anonymous_reply_count":0,"_bbp_topic_count_hidden":0,"_bbp_reply_count_hidden":0,"_bbp_forum_subforum_count":0,"footnotes":""},"class_list":["post-10563","page","type-page","status-publish","hentry"],"post_mailing_queue_ids":[],"_links":{"self":[{"href":"https:\/\/projectes.xtec.cat\/edc\/wp-json\/wp\/v2\/pages\/10563","targetHints":{"allow":["GET"]}}],"collection":[{"href":"https:\/\/projectes.xtec.cat\/edc\/wp-json\/wp\/v2\/pages"}],"about":[{"href":"https:\/\/projectes.xtec.cat\/edc\/wp-json\/wp\/v2\/types\/page"}],"author":[{"embeddable":true,"href":"https:\/\/projectes.xtec.cat\/edc\/wp-json\/wp\/v2\/users\/2"}],"replies":[{"embeddable":true,"href":"https:\/\/projectes.xtec.cat\/edc\/wp-json\/wp\/v2\/comments?post=10563"}],"version-history":[{"count":4,"href":"https:\/\/projectes.xtec.cat\/edc\/wp-json\/wp\/v2\/pages\/10563\/revisions"}],"predecessor-version":[{"id":10847,"href":"https:\/\/projectes.xtec.cat\/edc\/wp-json\/wp\/v2\/pages\/10563\/revisions\/10847"}],"up":[{"embeddable":true,"href":"https:\/\/projectes.xtec.cat\/edc\/wp-json\/wp\/v2\/pages\/10687"}],"wp:attachment":[{"href":"https:\/\/projectes.xtec.cat\/edc\/wp-json\/wp\/v2\/media?parent=10563"}],"curies":[{"name":"wp","href":"https:\/\/api.w.org\/{rel}","templated":true}]}}