{"id":10568,"date":"2022-05-19T12:03:27","date_gmt":"2022-05-19T10:03:27","guid":{"rendered":"https:\/\/projectes.xtec.cat\/edc\/?page_id=10568"},"modified":"2022-06-01T09:57:51","modified_gmt":"2022-06-01T07:57:51","slug":"repartiment-dequips-i-dispositius-als-nous-usuaris","status":"publish","type":"page","link":"https:\/\/projectes.xtec.cat\/edc\/restabliment-dequips-per-al-canvi-de-curs\/windows\/repartiment-dequips-i-dispositius-als-nous-usuaris\/","title":{"rendered":"7. Repartiment d&#8217;equips i dispositius als nous usuaris"},"content":{"rendered":"<h2>Docents<\/h2>\n<p><em>\ud83d\udc49 Aquesta tasca ha de ser realitzada per algun membre de l&#8217;equip directiu o membre de la comissi\u00f3 digital de centre.\u00a0<\/em><\/p>\n<p>Repartir els equips als nous docents.<\/p>\n<h2>Alumnes<\/h2>\n<p><em>\ud83d\udc49 Aquesta tasca ha de ser realitzada pels tutors de cada grup tutoria.<\/em><\/p>\n<p>Repartir els equips als alumnes amb les seves credencials d&#8217;acc\u00e9s. No cal fer una assignaci\u00f3 pr\u00e8via a l&#8217;INDIC.<\/p>\n<h4>Com obtenir les credencials dels alumnes?<\/h4>\n<p><em>\ud83d\udc49 Aquesta tasca ha de ser realitzada per l&#8217;equip directiu o algun membre de la comissi\u00f3 digital.\u00a0<\/em><\/p>\n<p>La gesti\u00f3 de credencials (usuari i contrasenya) es fa mitjan\u00e7ant l&#8217;aplicaci\u00f3 IDI. Aix\u00ed, en cas d\u2019oblit o p\u00e8rdua, el centre pot restablir el servei, de manera que l\u2019alumne\/a pot tornar a accedir al seu dispositiu. La direcci\u00f3 del centre, mitjan\u00e7ant l&#8217;aplicaci\u00f3 GUAC, pot atorgar permisos de gesti\u00f3 a qualsevol docent del centre.<\/p>\n<div style=\"text-align: center;\"><a class=\"button normal\" style=\"padding: 1em; font-weight: 400; margin: 0.1em; color: white !important; background-color: #fc5f60;\" href=\"https:\/\/aplicacions.gestioeducativa.gencat.cat\/pls\/apex\/f?p=idi\" target=\"_blank\" rel=\"noopener noreferrer\">Entra a IDI<\/a><\/div>\n<p>&nbsp;<\/p>\n","protected":false},"excerpt":{"rendered":"<p>Docents<br \/>\n\ud83d\udc49 Aquesta tasca ha de ser realitzada per algun membre de l&#8217;equip directiu o membre de la comissi\u00f3 digital de centre.\u00a0<br \/>\nRepartir els equips als nous docents.<br \/>\nAlumnes<br \/>\n\ud83d\udc49 Aquesta tasca ha de ser realitzada pels tutors de cada grup tutoria.<br \/>\nRepartir els equips als alumnes amb les seves&hellip;  <a href=\"https:\/\/projectes.xtec.cat\/edc\/restabliment-dequips-per-al-canvi-de-curs\/windows\/repartiment-dequips-i-dispositius-als-nous-usuaris\/\" title=\"Read 7. Repartiment d&#8217;equips i dispositius als nous usuaris\">Llegeix m\u00e9s\u00bb<\/a><\/p>\n","protected":false},"author":2,"featured_media":0,"parent":10687,"menu_order":70,"comment_status":"closed","ping_status":"closed","template":"page-templates\/side-menu.php","meta":{"_bbp_topic_count":0,"_bbp_reply_count":0,"_bbp_total_topic_count":0,"_bbp_total_reply_count":0,"_bbp_voice_count":0,"_bbp_anonymous_reply_count":0,"_bbp_topic_count_hidden":0,"_bbp_reply_count_hidden":0,"_bbp_forum_subforum_count":0,"footnotes":""},"class_list":["post-10568","page","type-page","status-publish","hentry"],"post_mailing_queue_ids":[],"_links":{"self":[{"href":"https:\/\/projectes.xtec.cat\/edc\/wp-json\/wp\/v2\/pages\/10568","targetHints":{"allow":["GET"]}}],"collection":[{"href":"https:\/\/projectes.xtec.cat\/edc\/wp-json\/wp\/v2\/pages"}],"about":[{"href":"https:\/\/projectes.xtec.cat\/edc\/wp-json\/wp\/v2\/types\/page"}],"author":[{"embeddable":true,"href":"https:\/\/projectes.xtec.cat\/edc\/wp-json\/wp\/v2\/users\/2"}],"replies":[{"embeddable":true,"href":"https:\/\/projectes.xtec.cat\/edc\/wp-json\/wp\/v2\/comments?post=10568"}],"version-history":[{"count":4,"href":"https:\/\/projectes.xtec.cat\/edc\/wp-json\/wp\/v2\/pages\/10568\/revisions"}],"predecessor-version":[{"id":10779,"href":"https:\/\/projectes.xtec.cat\/edc\/wp-json\/wp\/v2\/pages\/10568\/revisions\/10779"}],"up":[{"embeddable":true,"href":"https:\/\/projectes.xtec.cat\/edc\/wp-json\/wp\/v2\/pages\/10687"}],"wp:attachment":[{"href":"https:\/\/projectes.xtec.cat\/edc\/wp-json\/wp\/v2\/media?parent=10568"}],"curies":[{"name":"wp","href":"https:\/\/api.w.org\/{rel}","templated":true}]}}