{"id":10577,"date":"2022-05-19T12:19:02","date_gmt":"2022-05-19T10:19:02","guid":{"rendered":"https:\/\/projectes.xtec.cat\/edc\/?page_id=10577"},"modified":"2022-06-01T09:57:37","modified_gmt":"2022-06-01T07:57:37","slug":"enrolat-i-assignacio-automatica-a-indic","status":"publish","type":"page","link":"https:\/\/projectes.xtec.cat\/edc\/restabliment-dequips-per-al-canvi-de-curs\/windows\/enrolat-i-assignacio-automatica-a-indic\/","title":{"rendered":"8. Enrolat i assignaci\u00f3 autom\u00e0tica a INDIC"},"content":{"rendered":"<h2>Docents<\/h2>\n<p><em>\ud83d\udc49 Aquesta tasca ha de ser realitzada pels docents.<\/em><\/p>\n<p>Cada nou docent que rep un equip ha d&#8217;iniciar sessi\u00f3 amb les seves credencials, que son:<\/p>\n<ul>\n<li>Usuari: <strong>&lt;usuari_xtec&gt;<\/strong><span class=\"\">@edu.<\/span>gencat.cat<\/li>\n<li>Contrasenya: (la mateixa contrasenya que es fa servir\u00a0 a l&#8217;ATRI)<\/li>\n<\/ul>\n<p><em>\ud83d\udc49 Tasca autom\u00e0tica<\/em><\/p>\n<p>A partir del primer inici de sessi\u00f3, el docent es convertir\u00e0 en l&#8217;usuari principal de l&#8217;equip i en pocs dies es far\u00e0 l&#8217;assignaci\u00f3 autom\u00e0tica a INDIC.<\/p>\n<h2>Alumnes<\/h2>\n<p><em>\ud83d\udc49 Aquesta tasca ha de ser realitzada pels alumnes.<\/em><\/p>\n<p>Cada nou alumne que rep un equip ha d&#8217;iniciar sessi\u00f3 amb les seves credencials abans del<strong> 7 d&#8217;octubre.<\/strong><\/p>\n<p><em>\ud83d\udc49 Tasca autom\u00e0tica<\/em><\/p>\n<p>A partir del <strong>12\u00a0de setembre,<\/strong> amb els primers inicis de sessi\u00f3 en els equips, es definir\u00e0 <strong>autom\u00e0ticament<\/strong> quin \u00e9s l&#8217;<strong>usuari principal<\/strong> de cada equip. En el cas de Windows, ser usuari principal permet<span style=\"font-family: inherit; font-size: 1em;\">\u00a0instal\u00b7lar aplicacions fent servir el <\/span><strong style=\"font-family: inherit; font-size: 1em;\">Company Portal.<\/strong><\/p>\n<p><em>\ud83d\udc49 Tasca autom\u00e0tica<\/em><\/p>\n<ul>\n<li>Una vegada definit l&#8217;usuari principal, en pocs dies, es far\u00e0 una assignaci\u00f3 <strong>autom\u00e0tica<\/strong> a INDIC, vinculant l&#8217;equip amb l&#8217;usuari i establint l&#8217;estat a <strong>Entregat<\/strong>.<\/li>\n<li>En cas que l&#8217;usuari assignat a un equip no sigui correcte, podeu fer un <a href=\"https:\/\/docs.google.com\/document\/d\/1nk9gL6yr61svkk4PlOeAva5wot04xnttD9nB0U1spiY\/edit#heading=h.ae5y2vccdsgt\" target=\"_blank\" rel=\"noopener\">canvi d&#8217;assignaci\u00f3<\/a> de la manera habitual.<\/li>\n<\/ul>\n","protected":false},"excerpt":{"rendered":"<p>Docents<br \/>\n\ud83d\udc49 Aquesta tasca ha de ser realitzada pels docents.<br \/>\nCada nou docent que rep un equip ha d&#8217;iniciar sessi\u00f3 amb les seves credencials, que son:<\/p>\n<ul>\n<li>Usuari: &lt;usuari_xtec&gt;@edu.gencat.cat<\/li>\n<li>Contrasenya: (la mateixa contrasenya que es fa servir\u00a0 a l&#8217;ATRI)<\/li>\n<\/ul>\n<p>\ud83d\udc49 Tasca autom\u00e0tica<br \/>\nA partir del primer inici de sessi\u00f3, el docent es&hellip;  <a href=\"https:\/\/projectes.xtec.cat\/edc\/restabliment-dequips-per-al-canvi-de-curs\/windows\/enrolat-i-assignacio-automatica-a-indic\/\" title=\"Read 8. Enrolat i assignaci\u00f3 autom\u00e0tica a INDIC\">Llegeix m\u00e9s\u00bb<\/a><\/p>\n","protected":false},"author":2,"featured_media":0,"parent":10687,"menu_order":80,"comment_status":"closed","ping_status":"closed","template":"page-templates\/side-menu.php","meta":{"_bbp_topic_count":0,"_bbp_reply_count":0,"_bbp_total_topic_count":0,"_bbp_total_reply_count":0,"_bbp_voice_count":0,"_bbp_anonymous_reply_count":0,"_bbp_topic_count_hidden":0,"_bbp_reply_count_hidden":0,"_bbp_forum_subforum_count":0,"footnotes":""},"class_list":["post-10577","page","type-page","status-publish","hentry"],"post_mailing_queue_ids":[],"_links":{"self":[{"href":"https:\/\/projectes.xtec.cat\/edc\/wp-json\/wp\/v2\/pages\/10577","targetHints":{"allow":["GET"]}}],"collection":[{"href":"https:\/\/projectes.xtec.cat\/edc\/wp-json\/wp\/v2\/pages"}],"about":[{"href":"https:\/\/projectes.xtec.cat\/edc\/wp-json\/wp\/v2\/types\/page"}],"author":[{"embeddable":true,"href":"https:\/\/projectes.xtec.cat\/edc\/wp-json\/wp\/v2\/users\/2"}],"replies":[{"embeddable":true,"href":"https:\/\/projectes.xtec.cat\/edc\/wp-json\/wp\/v2\/comments?post=10577"}],"version-history":[{"count":4,"href":"https:\/\/projectes.xtec.cat\/edc\/wp-json\/wp\/v2\/pages\/10577\/revisions"}],"predecessor-version":[{"id":10778,"href":"https:\/\/projectes.xtec.cat\/edc\/wp-json\/wp\/v2\/pages\/10577\/revisions\/10778"}],"up":[{"embeddable":true,"href":"https:\/\/projectes.xtec.cat\/edc\/wp-json\/wp\/v2\/pages\/10687"}],"wp:attachment":[{"href":"https:\/\/projectes.xtec.cat\/edc\/wp-json\/wp\/v2\/media?parent=10577"}],"curies":[{"name":"wp","href":"https:\/\/api.w.org\/{rel}","templated":true}]}}